{"id":4519,"date":"2025-10-19T09:07:32","date_gmt":"2025-10-19T09:07:32","guid":{"rendered":"https:\/\/wavexia.com\/product\/now-foods-l-glutamine-500-mg-120-veg-capsules\/"},"modified":"2026-03-10T07:31:03","modified_gmt":"2026-03-10T07:31:03","slug":"now-foods-l-glutamine-500-mg-120-veg-capsules","status":"publish","type":"product","link":"https:\/\/wavexia.com\/?product=now-foods-l-glutamine-500-mg-120-veg-capsules","title":{"rendered":"Now Foods L-Glutamine 500 mg 120 Veg Capsules"},"content":{"rendered":"<h2>Description<\/h2>\n<p>La glutamine est consid\u00e9r\u00e9e comme un acide amin\u00e9 conditionnellement indispensable, c\u2019est-\u00e0-dire que sous certaines conditions, le corps peut n\u00e9cessiter davantage de glutamine qu\u2019il n\u2019en produit. Dans l\u2019organisme, la glutamine est l\u2019un des principaux transporteurs d\u2019azote et est indispensable au maintien d\u2019un bilan azot\u00e9 sain. La glutamine agit \u00e9galement comme carburant principal des cellules \u00e0 croissance rapide du syst\u00e8me immunitaire et du tube digestif.<\/p>\n<p><strong>&nbsp;ingr\u00e9dients :<\/strong><\/p>\n<p>Hypromellose (capsule de cellulose), farine de riz et palmitate d\u2019ascorbyle.<\/p>\n<h5>CONSEILS D\u2019UTILISATION:<\/h5>\n<p>Prenez 1&nbsp;capsule 1 \u00e0 3&nbsp;fois par jour, de pr\u00e9f\u00e9rence entre les repas.<\/p>\n","protected":false},"excerpt":{"rendered":"<p>Description La glutamine est consid\u00e9r\u00e9e comme un acide amin\u00e9 conditionnellement indispensable, c\u2019est-\u00e0-dire que sous certaines conditions, le corps peut n\u00e9cessiter davantage de glutamine qu\u2019il n\u2019en produit. Dans l\u2019organisme, la glutamine est l\u2019un des principaux transporteurs d\u2019azote et est indispensable au maintien d\u2019un bilan azot\u00e9 sain. La glutamine agit \u00e9galement comme carburant principal des cellules \u00e0 [&hellip;]<\/p>\n","protected":false},"featured_media":4518,"comment_status":"open","ping_status":"closed","template":"","meta":{"content-type":"","_uag_custom_page_level_css":""},"pwb-brand":[],"product_brand":[],"product_cat":[330],"product_tag":[],"class_list":{"0":"post-4519","1":"product","2":"type-product","3":"status-publish","4":"has-post-thumbnail","6":"product_cat-complements-alimentaires","8":"first","9":"instock","10":"sale","11":"shipping-taxable","12":"purchasable","13":"product-type-simple"},"aioseo_notices":[],"uagb_featured_image_src":{"full":["https:\/\/wavexia.com\/wp-content\/uploads\/2025\/10\/1-6-1.jpg",500,500,false],"thumbnail":["https:\/\/wavexia.com\/wp-content\/uploads\/2025\/10\/1-6-1-150x150.jpg",150,150,true],"medium":["https:\/\/wavexia.com\/wp-content\/uploads\/2025\/10\/1-6-1-300x300.jpg",300,300,true],"medium_large":["https:\/\/wavexia.com\/wp-content\/uploads\/2025\/10\/1-6-1.jpg",500,500,false],"large":["https:\/\/wavexia.com\/wp-content\/uploads\/2025\/10\/1-6-1.jpg",500,500,false],"1536x1536":["https:\/\/wavexia.com\/wp-content\/uploads\/2025\/10\/1-6-1.jpg",500,500,false],"2048x2048":["https:\/\/wavexia.com\/wp-content\/uploads\/2025\/10\/1-6-1.jpg",500,500,false],"woocommerce_archive_thumbnail":["https:\/\/wavexia.com\/wp-content\/uploads\/2025\/10\/1-6-1-300x300.jpg",300,300,true],"woocommerce_thumbnail":["https:\/\/wavexia.com\/wp-content\/uploads\/2025\/10\/1-6-1-300x300.jpg",300,300,true],"woocommerce_single":["https:\/\/wavexia.com\/wp-content\/uploads\/2025\/10\/1-6-1.jpg",500,500,false],"woocommerce_gallery_thumbnail":["https:\/\/wavexia.com\/wp-content\/uploads\/2025\/10\/1-6-1-100x100.jpg",100,100,true]},"uagb_author_info":{"display_name":"zineddine.ayoub98@gmail.com","author_link":"https:\/\/wavexia.com\/?author=0"},"uagb_comment_info":0,"uagb_excerpt":"Description La glutamine est consid\u00e9r\u00e9e comme un acide amin\u00e9 conditionnellement indispensable, c\u2019est-\u00e0-dire que sous certaines conditions, le corps peut n\u00e9cessiter davantage de glutamine qu\u2019il n\u2019en produit. Dans l\u2019organisme, la glutamine est l\u2019un des principaux transporteurs d\u2019azote et est indispensable au maintien d\u2019un bilan azot\u00e9 sain. La glutamine agit \u00e9galement comme carburant principal des cellules \u00e0&hellip;","brands":[],"_links":{"self":[{"href":"https:\/\/wavexia.com\/index.php?rest_route=\/wp\/v2\/product\/4519","targetHints":{"allow":["GET"]}}],"collection":[{"href":"https:\/\/wavexia.com\/index.php?rest_route=\/wp\/v2\/product"}],"about":[{"href":"https:\/\/wavexia.com\/index.php?rest_route=\/wp\/v2\/types\/product"}],"replies":[{"embeddable":true,"href":"https:\/\/wavexia.com\/index.php?rest_route=%2Fwp%2Fv2%2Fcomments&post=4519"}],"wp:featuredmedia":[{"embeddable":true,"href":"https:\/\/wavexia.com\/index.php?rest_route=\/wp\/v2\/media\/4518"}],"wp:attachment":[{"href":"https:\/\/wavexia.com\/index.php?rest_route=%2Fwp%2Fv2%2Fmedia&parent=4519"}],"wp:term":[{"taxonomy":"pwb-brand","embeddable":true,"href":"https:\/\/wavexia.com\/index.php?rest_route=%2Fwp%2Fv2%2Fpwb-brand&post=4519"},{"taxonomy":"product_brand","embeddable":true,"href":"https:\/\/wavexia.com\/index.php?rest_route=%2Fwp%2Fv2%2Fproduct_brand&post=4519"},{"taxonomy":"product_cat","embeddable":true,"href":"https:\/\/wavexia.com\/index.php?rest_route=%2Fwp%2Fv2%2Fproduct_cat&post=4519"},{"taxonomy":"product_tag","embeddable":true,"href":"https:\/\/wavexia.com\/index.php?rest_route=%2Fwp%2Fv2%2Fproduct_tag&post=4519"}],"curies":[{"name":"wp","href":"https:\/\/api.w.org\/{rel}","templated":true}]}}