{"id":4517,"date":"2025-10-19T09:07:31","date_gmt":"2025-10-19T09:07:31","guid":{"rendered":"https:\/\/wavexia.com\/product\/now-milk-thistle-extract-double-strength-300-mg-100veg-capsules\/"},"modified":"2026-03-10T07:31:03","modified_gmt":"2026-03-10T07:31:03","slug":"now-milk-thistle-extract-double-strength-300-mg-100veg-capsules","status":"publish","type":"product","link":"https:\/\/wavexia.com\/?product=now-milk-thistle-extract-double-strength-300-mg-100veg-capsules","title":{"rendered":"NOW Milk Thistle Extract, Double Strength 300 mg 100Veg Capsules"},"content":{"rendered":"<h2>Description<\/h2>\n<h5 class=\"a-size-base-plus a-text-bold\">\u00c0 propos de cet article<\/h5>\n<ul class=\"a-unordered-list a-vertical a-spacing-mini\">\n<li class=\"a-spacing-mini\"><span class=\"a-list-item\">DOUBLE FORCE&nbsp;: La silymarine double concentration contient deux fois plus d\u2019extrait de chardon-Marie (300 mg par capsule) que dans notre produit r\u00e9gulier (150 mg par capsule).<\/span><\/li>\n<li class=\"a-spacing-mini\"><span class=\"a-list-item\">AVEC UN SOUTIEN SUPPL\u00c9MENTAIRE : Cette formule v\u00e9g\u00e9tarienne comprend \u00e9galement de l\u2019artichaut et du pissenlit pour un soutien suppl\u00e9mentaire*<\/span><\/li>\n<li class=\"a-spacing-mini\"><span class=\"a-list-item\">CERTIFICATIONS\/\u00c9VALUATIONS : Sans soja, Sans OGM, V\u00e9g\u00e9talien, Sans noix, Sans gluten, Sans produits laitiers, Sans \u0153ufs, Halal, Casher<\/span><\/li>\n<li class=\"a-spacing-mini\"><span class=\"a-list-item\">Qualit\u00e9 garantie GMP : La certification BPF not\u00e9e A de NPA signifie que tous les aspects du processus de fabrication de NOW ont \u00e9t\u00e9 examin\u00e9s, y compris nos m\u00e9thodes de laboratoire\/test (pour la stabilit\u00e9, la puissance et la formulation du produit).<\/span><\/li>\n<li class=\"a-spacing-mini\"><span class=\"a-list-item\">Conditionn\u00e9 aux \u00c9tats-Unis par une entreprise familiale depuis 1968<\/span><\/li>\n<li class=\"a-spacing-mini\"><span class=\"a-list-item\">Pendant les mois d\u2019\u00e9t\u00e9, les produits peuvent arriver chauds, mais Amazon stocke et exp\u00e9die les produits selon les recommandations des fabricants, le cas \u00e9ch\u00e9ant.<\/span><\/li>\n<\/ul>\n","protected":false},"excerpt":{"rendered":"<p>Description \u00c0 propos de cet article DOUBLE FORCE&nbsp;: La silymarine double concentration contient deux fois plus d\u2019extrait de chardon-Marie (300 mg par capsule) que dans notre produit r\u00e9gulier (150 mg par capsule). AVEC UN SOUTIEN SUPPL\u00c9MENTAIRE : Cette formule v\u00e9g\u00e9tarienne comprend \u00e9galement de l\u2019artichaut et du pissenlit pour un soutien suppl\u00e9mentaire* CERTIFICATIONS\/\u00c9VALUATIONS : Sans soja, [&hellip;]<\/p>\n","protected":false},"featured_media":4516,"comment_status":"open","ping_status":"closed","template":"","meta":{"content-type":"","_uag_custom_page_level_css":""},"pwb-brand":[],"product_brand":[],"product_cat":[330],"product_tag":[],"class_list":{"0":"post-4517","1":"product","2":"type-product","3":"status-publish","4":"has-post-thumbnail","6":"product_cat-complements-alimentaires","8":"first","9":"instock","10":"shipping-taxable","11":"purchasable","12":"product-type-simple"},"aioseo_notices":[],"uagb_featured_image_src":{"full":["https:\/\/wavexia.com\/wp-content\/uploads\/2025\/10\/71xnE-bjNDL._UF10001000_QL80_.jpg",1000,1000,false],"thumbnail":["https:\/\/wavexia.com\/wp-content\/uploads\/2025\/10\/71xnE-bjNDL._UF10001000_QL80_-150x150.jpg",150,150,true],"medium":["https:\/\/wavexia.com\/wp-content\/uploads\/2025\/10\/71xnE-bjNDL._UF10001000_QL80_-300x300.jpg",300,300,true],"medium_large":["https:\/\/wavexia.com\/wp-content\/uploads\/2025\/10\/71xnE-bjNDL._UF10001000_QL80_-768x768.jpg",768,768,true],"large":["https:\/\/wavexia.com\/wp-content\/uploads\/2025\/10\/71xnE-bjNDL._UF10001000_QL80_.jpg",1000,1000,false],"1536x1536":["https:\/\/wavexia.com\/wp-content\/uploads\/2025\/10\/71xnE-bjNDL._UF10001000_QL80_.jpg",1000,1000,false],"2048x2048":["https:\/\/wavexia.com\/wp-content\/uploads\/2025\/10\/71xnE-bjNDL._UF10001000_QL80_.jpg",1000,1000,false],"woocommerce_archive_thumbnail":["https:\/\/wavexia.com\/wp-content\/uploads\/2025\/10\/71xnE-bjNDL._UF10001000_QL80_-300x300.jpg",300,300,true],"woocommerce_thumbnail":["https:\/\/wavexia.com\/wp-content\/uploads\/2025\/10\/71xnE-bjNDL._UF10001000_QL80_-300x300.jpg",300,300,true],"woocommerce_single":["https:\/\/wavexia.com\/wp-content\/uploads\/2025\/10\/71xnE-bjNDL._UF10001000_QL80_-600x600.jpg",600,600,true],"woocommerce_gallery_thumbnail":["https:\/\/wavexia.com\/wp-content\/uploads\/2025\/10\/71xnE-bjNDL._UF10001000_QL80_-100x100.jpg",100,100,true]},"uagb_author_info":{"display_name":"zineddine.ayoub98@gmail.com","author_link":"https:\/\/wavexia.com\/?author=0"},"uagb_comment_info":0,"uagb_excerpt":"Description \u00c0 propos de cet article DOUBLE FORCE&nbsp;: La silymarine double concentration contient deux fois plus d\u2019extrait de chardon-Marie (300 mg par capsule) que dans notre produit r\u00e9gulier (150 mg par capsule). AVEC UN SOUTIEN SUPPL\u00c9MENTAIRE : Cette formule v\u00e9g\u00e9tarienne comprend \u00e9galement de l\u2019artichaut et du pissenlit pour un soutien suppl\u00e9mentaire* CERTIFICATIONS\/\u00c9VALUATIONS : Sans soja,&hellip;","brands":[],"_links":{"self":[{"href":"https:\/\/wavexia.com\/index.php?rest_route=\/wp\/v2\/product\/4517","targetHints":{"allow":["GET"]}}],"collection":[{"href":"https:\/\/wavexia.com\/index.php?rest_route=\/wp\/v2\/product"}],"about":[{"href":"https:\/\/wavexia.com\/index.php?rest_route=\/wp\/v2\/types\/product"}],"replies":[{"embeddable":true,"href":"https:\/\/wavexia.com\/index.php?rest_route=%2Fwp%2Fv2%2Fcomments&post=4517"}],"wp:featuredmedia":[{"embeddable":true,"href":"https:\/\/wavexia.com\/index.php?rest_route=\/wp\/v2\/media\/4516"}],"wp:attachment":[{"href":"https:\/\/wavexia.com\/index.php?rest_route=%2Fwp%2Fv2%2Fmedia&parent=4517"}],"wp:term":[{"taxonomy":"pwb-brand","embeddable":true,"href":"https:\/\/wavexia.com\/index.php?rest_route=%2Fwp%2Fv2%2Fpwb-brand&post=4517"},{"taxonomy":"product_brand","embeddable":true,"href":"https:\/\/wavexia.com\/index.php?rest_route=%2Fwp%2Fv2%2Fproduct_brand&post=4517"},{"taxonomy":"product_cat","embeddable":true,"href":"https:\/\/wavexia.com\/index.php?rest_route=%2Fwp%2Fv2%2Fproduct_cat&post=4517"},{"taxonomy":"product_tag","embeddable":true,"href":"https:\/\/wavexia.com\/index.php?rest_route=%2Fwp%2Fv2%2Fproduct_tag&post=4517"}],"curies":[{"name":"wp","href":"https:\/\/api.w.org\/{rel}","templated":true}]}}