{"id":4513,"date":"2025-10-19T09:07:29","date_gmt":"2025-10-19T09:07:29","guid":{"rendered":"https:\/\/wavexia.com\/product\/now-5-htp-100mg-60-veg-capsules\/"},"modified":"2026-03-10T07:31:03","modified_gmt":"2026-03-10T07:31:03","slug":"now-5-htp-100mg-60-veg-capsules","status":"publish","type":"product","link":"https:\/\/wavexia.com\/?product=now-5-htp-100mg-60-veg-capsules","title":{"rendered":"NOW \u2013 5-HTP 100MG \u2013 60 VEG CAPSULES"},"content":{"rendered":"<h2>Description<\/h2>\n<div class=\"row item-row\">\n<div class=\"col-xs-24\">\n<div>\n<p>Le 5-HTP, le m\u00e9tabolite interm\u00e9diaire entre l\u2019acide amin\u00e9 L-tryptophane et la s\u00e9rotonine, est extrait de la graine d\u2019une plante africaine (Griffonia simplicifolia).<\/p>\n<div>\n<ul>\n<li>Stimule les neurotransmetteurs<\/li>\n<li>Favorise la bonne humeur<\/li>\n<li>Sans OGM<\/li>\n<\/ul>\n<\/div>\n<\/div>\n<\/div>\n<div class=\"row item-row\">\n<div class=\"col-xs-24\">\n<h5>Usage Sugg\u00e9r\u00e9<\/h5>\n<div class=\"prodOverviewDetail\">\n<p>Prenez 1 capsule par jour, de pr\u00e9f\u00e9rence&nbsp; au moment du coucher.<\/p>\n<\/div>\n<\/div>\n<\/div>\n<\/div>\n","protected":false},"excerpt":{"rendered":"<p>Description Le 5-HTP, le m\u00e9tabolite interm\u00e9diaire entre l\u2019acide amin\u00e9 L-tryptophane et la s\u00e9rotonine, est extrait de la graine d\u2019une plante africaine (Griffonia simplicifolia). Stimule les neurotransmetteurs Favorise la bonne humeur Sans OGM Usage Sugg\u00e9r\u00e9 Prenez 1 capsule par jour, de pr\u00e9f\u00e9rence&nbsp; au moment du coucher.<\/p>\n","protected":false},"featured_media":4512,"comment_status":"open","ping_status":"closed","template":"","meta":{"content-type":"","_uag_custom_page_level_css":""},"pwb-brand":[],"product_brand":[],"product_cat":[330],"product_tag":[],"class_list":{"0":"post-4513","1":"product","2":"type-product","3":"status-publish","4":"has-post-thumbnail","6":"product_cat-complements-alimentaires","8":"first","9":"instock","10":"shipping-taxable","11":"purchasable","12":"product-type-simple"},"aioseo_notices":[],"uagb_featured_image_src":{"full":["https:\/\/wavexia.com\/wp-content\/uploads\/2025\/10\/now-5-htp-100mg-60-veg-capsules.jpg",600,600,false],"thumbnail":["https:\/\/wavexia.com\/wp-content\/uploads\/2025\/10\/now-5-htp-100mg-60-veg-capsules-150x150.jpg",150,150,true],"medium":["https:\/\/wavexia.com\/wp-content\/uploads\/2025\/10\/now-5-htp-100mg-60-veg-capsules-300x300.jpg",300,300,true],"medium_large":["https:\/\/wavexia.com\/wp-content\/uploads\/2025\/10\/now-5-htp-100mg-60-veg-capsules.jpg",600,600,false],"large":["https:\/\/wavexia.com\/wp-content\/uploads\/2025\/10\/now-5-htp-100mg-60-veg-capsules.jpg",600,600,false],"1536x1536":["https:\/\/wavexia.com\/wp-content\/uploads\/2025\/10\/now-5-htp-100mg-60-veg-capsules.jpg",600,600,false],"2048x2048":["https:\/\/wavexia.com\/wp-content\/uploads\/2025\/10\/now-5-htp-100mg-60-veg-capsules.jpg",600,600,false],"woocommerce_archive_thumbnail":["https:\/\/wavexia.com\/wp-content\/uploads\/2025\/10\/now-5-htp-100mg-60-veg-capsules-300x300.jpg",300,300,true],"woocommerce_thumbnail":["https:\/\/wavexia.com\/wp-content\/uploads\/2025\/10\/now-5-htp-100mg-60-veg-capsules-300x300.jpg",300,300,true],"woocommerce_single":["https:\/\/wavexia.com\/wp-content\/uploads\/2025\/10\/now-5-htp-100mg-60-veg-capsules.jpg",600,600,false],"woocommerce_gallery_thumbnail":["https:\/\/wavexia.com\/wp-content\/uploads\/2025\/10\/now-5-htp-100mg-60-veg-capsules-100x100.jpg",100,100,true]},"uagb_author_info":{"display_name":"zineddine.ayoub98@gmail.com","author_link":"https:\/\/wavexia.com\/?author=0"},"uagb_comment_info":0,"uagb_excerpt":"Description Le 5-HTP, le m\u00e9tabolite interm\u00e9diaire entre l\u2019acide amin\u00e9 L-tryptophane et la s\u00e9rotonine, est extrait de la graine d\u2019une plante africaine (Griffonia simplicifolia). Stimule les neurotransmetteurs Favorise la bonne humeur Sans OGM Usage Sugg\u00e9r\u00e9 Prenez 1 capsule par jour, de pr\u00e9f\u00e9rence&nbsp; au moment du coucher.","brands":[],"_links":{"self":[{"href":"https:\/\/wavexia.com\/index.php?rest_route=\/wp\/v2\/product\/4513","targetHints":{"allow":["GET"]}}],"collection":[{"href":"https:\/\/wavexia.com\/index.php?rest_route=\/wp\/v2\/product"}],"about":[{"href":"https:\/\/wavexia.com\/index.php?rest_route=\/wp\/v2\/types\/product"}],"replies":[{"embeddable":true,"href":"https:\/\/wavexia.com\/index.php?rest_route=%2Fwp%2Fv2%2Fcomments&post=4513"}],"wp:featuredmedia":[{"embeddable":true,"href":"https:\/\/wavexia.com\/index.php?rest_route=\/wp\/v2\/media\/4512"}],"wp:attachment":[{"href":"https:\/\/wavexia.com\/index.php?rest_route=%2Fwp%2Fv2%2Fmedia&parent=4513"}],"wp:term":[{"taxonomy":"pwb-brand","embeddable":true,"href":"https:\/\/wavexia.com\/index.php?rest_route=%2Fwp%2Fv2%2Fpwb-brand&post=4513"},{"taxonomy":"product_brand","embeddable":true,"href":"https:\/\/wavexia.com\/index.php?rest_route=%2Fwp%2Fv2%2Fproduct_brand&post=4513"},{"taxonomy":"product_cat","embeddable":true,"href":"https:\/\/wavexia.com\/index.php?rest_route=%2Fwp%2Fv2%2Fproduct_cat&post=4513"},{"taxonomy":"product_tag","embeddable":true,"href":"https:\/\/wavexia.com\/index.php?rest_route=%2Fwp%2Fv2%2Fproduct_tag&post=4513"}],"curies":[{"name":"wp","href":"https:\/\/api.w.org\/{rel}","templated":true}]}}