{"id":4511,"date":"2025-10-19T09:07:29","date_gmt":"2025-10-19T09:07:29","guid":{"rendered":"https:\/\/wavexia.com\/product\/dr-mercola-chlorelle-fermentee-450-comprimes\/"},"modified":"2026-03-10T07:31:02","modified_gmt":"2026-03-10T07:31:02","slug":"dr-mercola-chlorelle-fermentee-450-comprimes","status":"publish","type":"product","link":"https:\/\/wavexia.com\/?product=dr-mercola-chlorelle-fermentee-450-comprimes","title":{"rendered":"Dr. Mercola, Chlorelle ferment\u00e9e, 450 comprim\u00e9s"},"content":{"rendered":"<h2>Description<\/h2>\n<ul>\n<li>Aidez \u00e0 maintenir votre taux de sucre dans le sang d\u00e9j\u00e0 dans la fourchette normale<\/li>\n<li>Aide \u00e0 soutenir une fonction h\u00e9patique normale<\/li>\n<li>Aider \u00e0 maintenir une pression art\u00e9rielle normale d\u00e9j\u00e0 dans la plage normale<\/li>\n<li>Soutenez vos processus de d\u00e9sintoxication normaux<\/li>\n<\/ul>\n<p>Qu\u2019est-ce qui rend ma chlorella ferment\u00e9e diff\u00e9rente ? Il\u2026<\/p>\n<ul>\n<li>Utilise un processus de culture en int\u00e9rieur pour que vous n\u2019ayez pas \u00e0 vous soucier des contaminants et des polluants environnementaux<\/li>\n<li>Offre une formule sans ingr\u00e9dients synth\u00e9tiques<\/li>\n<li>Fournit une forme de chlorelle hautement biodisponible gr\u00e2ce \u00e0 des m\u00e9thodes de s\u00e9chage et de culture uniques<\/li>\n<\/ul>\n<p><strong>Conseils d\u2019utilisation:<\/strong><\/p>\n<p>Comme compl\u00e9ment alimentaire pour adulte, prenez cinq (5)&nbsp;comprim\u00e9s par portion. Ce produit peut \u00eatre pris une \u00e0 trois&nbsp;fois par jour.<\/p>\n<h5><strong>Avertissements<\/strong><\/h5>\n<p>Tenir hors de port\u00e9e des enfants.<\/p>\n<p>Ne pas utiliser si l\u2019opercule de protection est perc\u00e9.<\/p>\n<p>En cas d\u2019allaitement, de grossesse, de traitement m\u00e9dical ou d\u2019affection m\u00e9dicale, consulter un m\u00e9decin avant d\u2019utiliser ce produit.<\/p>\n","protected":false},"excerpt":{"rendered":"<p>Description Aidez \u00e0 maintenir votre taux de sucre dans le sang d\u00e9j\u00e0 dans la fourchette normale Aide \u00e0 soutenir une fonction h\u00e9patique normale Aider \u00e0 maintenir une pression art\u00e9rielle normale d\u00e9j\u00e0 dans la plage normale Soutenez vos processus de d\u00e9sintoxication normaux Qu\u2019est-ce qui rend ma chlorella ferment\u00e9e diff\u00e9rente ? Il\u2026 Utilise un processus de culture [&hellip;]<\/p>\n","protected":false},"featured_media":4510,"comment_status":"open","ping_status":"closed","template":"","meta":{"content-type":"","_uag_custom_page_level_css":""},"pwb-brand":[],"product_brand":[],"product_cat":[330],"product_tag":[],"class_list":{"0":"post-4511","1":"product","2":"type-product","3":"status-publish","4":"has-post-thumbnail","6":"product_cat-complements-alimentaires","8":"first","9":"instock","10":"sale","11":"shipping-taxable","12":"purchasable","13":"product-type-simple"},"aioseo_notices":[],"uagb_featured_image_src":{"full":["https:\/\/wavexia.com\/wp-content\/uploads\/2025\/10\/Mercola_fermented_chlorella_1024x1024.webp",800,800,false],"thumbnail":["https:\/\/wavexia.com\/wp-content\/uploads\/2025\/10\/Mercola_fermented_chlorella_1024x1024-150x150.webp",150,150,true],"medium":["https:\/\/wavexia.com\/wp-content\/uploads\/2025\/10\/Mercola_fermented_chlorella_1024x1024-300x300.webp",300,300,true],"medium_large":["https:\/\/wavexia.com\/wp-content\/uploads\/2025\/10\/Mercola_fermented_chlorella_1024x1024-768x768.webp",768,768,true],"large":["https:\/\/wavexia.com\/wp-content\/uploads\/2025\/10\/Mercola_fermented_chlorella_1024x1024.webp",800,800,false],"1536x1536":["https:\/\/wavexia.com\/wp-content\/uploads\/2025\/10\/Mercola_fermented_chlorella_1024x1024.webp",800,800,false],"2048x2048":["https:\/\/wavexia.com\/wp-content\/uploads\/2025\/10\/Mercola_fermented_chlorella_1024x1024.webp",800,800,false],"woocommerce_archive_thumbnail":["https:\/\/wavexia.com\/wp-content\/uploads\/2025\/10\/Mercola_fermented_chlorella_1024x1024-300x300.webp",300,300,true],"woocommerce_thumbnail":["https:\/\/wavexia.com\/wp-content\/uploads\/2025\/10\/Mercola_fermented_chlorella_1024x1024-300x300.webp",300,300,true],"woocommerce_single":["https:\/\/wavexia.com\/wp-content\/uploads\/2025\/10\/Mercola_fermented_chlorella_1024x1024-600x600.webp",600,600,true],"woocommerce_gallery_thumbnail":["https:\/\/wavexia.com\/wp-content\/uploads\/2025\/10\/Mercola_fermented_chlorella_1024x1024-100x100.webp",100,100,true]},"uagb_author_info":{"display_name":"zineddine.ayoub98@gmail.com","author_link":"https:\/\/wavexia.com\/?author=0"},"uagb_comment_info":0,"uagb_excerpt":"Description Aidez \u00e0 maintenir votre taux de sucre dans le sang d\u00e9j\u00e0 dans la fourchette normale Aide \u00e0 soutenir une fonction h\u00e9patique normale Aider \u00e0 maintenir une pression art\u00e9rielle normale d\u00e9j\u00e0 dans la plage normale Soutenez vos processus de d\u00e9sintoxication normaux Qu\u2019est-ce qui rend ma chlorella ferment\u00e9e diff\u00e9rente ? Il\u2026 Utilise un processus de culture&hellip;","brands":[],"_links":{"self":[{"href":"https:\/\/wavexia.com\/index.php?rest_route=\/wp\/v2\/product\/4511","targetHints":{"allow":["GET"]}}],"collection":[{"href":"https:\/\/wavexia.com\/index.php?rest_route=\/wp\/v2\/product"}],"about":[{"href":"https:\/\/wavexia.com\/index.php?rest_route=\/wp\/v2\/types\/product"}],"replies":[{"embeddable":true,"href":"https:\/\/wavexia.com\/index.php?rest_route=%2Fwp%2Fv2%2Fcomments&post=4511"}],"wp:featuredmedia":[{"embeddable":true,"href":"https:\/\/wavexia.com\/index.php?rest_route=\/wp\/v2\/media\/4510"}],"wp:attachment":[{"href":"https:\/\/wavexia.com\/index.php?rest_route=%2Fwp%2Fv2%2Fmedia&parent=4511"}],"wp:term":[{"taxonomy":"pwb-brand","embeddable":true,"href":"https:\/\/wavexia.com\/index.php?rest_route=%2Fwp%2Fv2%2Fpwb-brand&post=4511"},{"taxonomy":"product_brand","embeddable":true,"href":"https:\/\/wavexia.com\/index.php?rest_route=%2Fwp%2Fv2%2Fproduct_brand&post=4511"},{"taxonomy":"product_cat","embeddable":true,"href":"https:\/\/wavexia.com\/index.php?rest_route=%2Fwp%2Fv2%2Fproduct_cat&post=4511"},{"taxonomy":"product_tag","embeddable":true,"href":"https:\/\/wavexia.com\/index.php?rest_route=%2Fwp%2Fv2%2Fproduct_tag&post=4511"}],"curies":[{"name":"wp","href":"https:\/\/api.w.org\/{rel}","templated":true}]}}