{"id":4496,"date":"2025-10-19T09:07:11","date_gmt":"2025-10-19T09:07:11","guid":{"rendered":"https:\/\/wavexia.com\/product\/biodance-collagen-gel-toner-pads-60-pads\/"},"modified":"2026-03-10T07:31:02","modified_gmt":"2026-03-10T07:31:02","slug":"biodance-collagen-gel-toner-pads-60-pads","status":"publish","type":"product","link":"https:\/\/wavexia.com\/?product=biodance-collagen-gel-toner-pads-60-pads","title":{"rendered":"Biodance Collagen Gel Toner Pads (60 pads)"},"content":{"rendered":"<h2>Description<\/h2>\n<p><strong>BIODANCE Collagen Gel Toner Pads sont des tampons toniques innovants \u00e0 base de gel<\/strong>&nbsp;qui combinent les avantages d\u2019un masque hydrogel et la commodit\u00e9 des tampons toniques pour offrir des soins de la peau rapides et efficaces. Ces tampons sont enrichis de collag\u00e8ne \u00e0 ultra-faible poids mol\u00e9culaire de 243 Dalton, d\u2019oligo acide hyaluronique et de filtrat de fermentation de galactomyces, qui aident ensemble \u00e0 affiner les pores, augmenter l\u2019\u00e9lasticit\u00e9 de la peau et am\u00e9liorer le teint.<\/p>\n<p>La formule contient 100,000 ppm d\u2019eau de collag\u00e8ne, ce qui procure une hydratation intense et contribue \u00e0 une peau plus ferme. La texture l\u00e9g\u00e8re du gel est rapidement absorb\u00e9e et laisse la peau douce et rafra\u00eechie sans irritation, ce qui rend le produit adapt\u00e9 \u00e0 une utilisation quotidienne m\u00eame sur les peaux sensibles.<\/p>\n<h5>les avantages:<\/h5>\n<ul>\n<li><strong>Hydratation intense :&nbsp;<\/strong>Contient 100,000 ppm d\u2019eau de collag\u00e8ne et d\u2019oligo acide hyaluronique pour hydrater la peau en profondeur.<\/li>\n<li><strong>Am\u00e9lioration de l\u2019\u00e9lasticit\u00e9 :<\/strong>&nbsp;Le collag\u00e8ne et le filtrat de fermentation de galactomyces aident \u00e0 raffermir la peau et \u00e0 augmenter sa fermet\u00e9.<\/li>\n<li><strong>Teint plus uniforme :<\/strong>&nbsp;Favorise un teint plus clair et plus \u00e9quilibr\u00e9.<\/li>\n<li><strong>Utilisation multifonctionnelle :<\/strong>&nbsp;Peut \u00eatre utilis\u00e9 comme toner ou comme mini-masque pour une hydratation suppl\u00e9mentaire.<\/li>\n<li><strong>Absorption rapide :<\/strong>&nbsp;Texture l\u00e9g\u00e8re de gel qui ne laisse pas de r\u00e9sidu collant et convient parfaitement sous le maquillage.<\/li>\n<li><strong>Formule douce :<\/strong>&nbsp;Sans alcool et sans parfum, ce qui la rend adapt\u00e9e aux peaux sensibles.<\/li>\n<\/ul>\n<h5>utilisation:<\/h5>\n<ol>\n<li>Nettoyez soigneusement le visage avant utilisation.<\/li>\n<li>Prenez un tampon du pot et passez-le d\u00e9licatement sur le visage, en \u00e9vitant la zone des yeux.<\/li>\n<li>Pour les zones n\u00e9cessitant une hydratation suppl\u00e9mentaire, placez le tampon sur la peau comme un mini-masque pendant 3 \u00e0 5 minutes.<\/li>\n<li>Laissez la peau absorber compl\u00e8tement le produit avant de poursuivre votre routine de soins de la peau ou d\u2019appliquer du maquillage.<\/li>\n<\/ol>\n<h5>ingr\u00e9dients:<\/h5>\n<p>Eau, eau de collag\u00e8ne, butyl\u00e8ne glycol, 1,2-hexanediol, polyglyc\u00e9ryl-10 larate, glyc\u00e9rine, \u00e9thylhexylglyc\u00e9rine, arginine, allanto\u00efne, carbom\u00e8re, gomme xanthane, EDTA disodique, polyacrylate de sodium, cyanocobalamine, palmitoyl tripeptide-5, acide hyaluronique hydrolys\u00e9, extrait de collag\u00e8ne, \u00e9lastine hydrolys\u00e9e, filtrat de ferment de Galactomyces, acide hyaluronique, sh-polypeptide-22, sh-oligopeptide-1, sh-polypeptide-1, sh-oligopeptide-2, sh-polypeptide-3.<\/p>\n","protected":false},"excerpt":{"rendered":"<p>Description BIODANCE Collagen Gel Toner Pads sont des tampons toniques innovants \u00e0 base de gel&nbsp;qui combinent les avantages d\u2019un masque hydrogel et la commodit\u00e9 des tampons toniques pour offrir des soins de la peau rapides et efficaces. Ces tampons sont enrichis de collag\u00e8ne \u00e0 ultra-faible poids mol\u00e9culaire de 243 Dalton, d\u2019oligo acide hyaluronique et de [&hellip;]<\/p>\n","protected":false},"featured_media":4495,"comment_status":"open","ping_status":"closed","template":"","meta":{"content-type":"","_uag_custom_page_level_css":""},"pwb-brand":[],"product_brand":[],"product_cat":[342,328,334,345],"product_tag":[],"class_list":{"0":"post-4496","1":"product","2":"type-product","3":"status-publish","4":"has-post-thumbnail","6":"product_cat-biodance","7":"product_cat-nouveautes","8":"product_cat-produits-coreens","9":"product_cat-toner-pads","11":"first","12":"instock","13":"sale","14":"shipping-taxable","15":"purchasable","16":"product-type-simple"},"aioseo_notices":[],"uagb_featured_image_src":{"full":["https:\/\/wavexia.com\/wp-content\/uploads\/2025\/10\/BIODANCE_CollagenGelTonerPads60Pads.webp",900,900,false],"thumbnail":["https:\/\/wavexia.com\/wp-content\/uploads\/2025\/10\/BIODANCE_CollagenGelTonerPads60Pads-150x150.webp",150,150,true],"medium":["https:\/\/wavexia.com\/wp-content\/uploads\/2025\/10\/BIODANCE_CollagenGelTonerPads60Pads-300x300.webp",300,300,true],"medium_large":["https:\/\/wavexia.com\/wp-content\/uploads\/2025\/10\/BIODANCE_CollagenGelTonerPads60Pads-768x768.webp",768,768,true],"large":["https:\/\/wavexia.com\/wp-content\/uploads\/2025\/10\/BIODANCE_CollagenGelTonerPads60Pads.webp",900,900,false],"1536x1536":["https:\/\/wavexia.com\/wp-content\/uploads\/2025\/10\/BIODANCE_CollagenGelTonerPads60Pads.webp",900,900,false],"2048x2048":["https:\/\/wavexia.com\/wp-content\/uploads\/2025\/10\/BIODANCE_CollagenGelTonerPads60Pads.webp",900,900,false],"woocommerce_archive_thumbnail":["https:\/\/wavexia.com\/wp-content\/uploads\/2025\/10\/BIODANCE_CollagenGelTonerPads60Pads-300x300.webp",300,300,true],"woocommerce_thumbnail":["https:\/\/wavexia.com\/wp-content\/uploads\/2025\/10\/BIODANCE_CollagenGelTonerPads60Pads-300x300.webp",300,300,true],"woocommerce_single":["https:\/\/wavexia.com\/wp-content\/uploads\/2025\/10\/BIODANCE_CollagenGelTonerPads60Pads-600x600.webp",600,600,true],"woocommerce_gallery_thumbnail":["https:\/\/wavexia.com\/wp-content\/uploads\/2025\/10\/BIODANCE_CollagenGelTonerPads60Pads-100x100.webp",100,100,true]},"uagb_author_info":{"display_name":"zineddine.ayoub98@gmail.com","author_link":"https:\/\/wavexia.com\/?author=0"},"uagb_comment_info":0,"uagb_excerpt":"Description BIODANCE Collagen Gel Toner Pads sont des tampons toniques innovants \u00e0 base de gel&nbsp;qui combinent les avantages d\u2019un masque hydrogel et la commodit\u00e9 des tampons toniques pour offrir des soins de la peau rapides et efficaces. Ces tampons sont enrichis de collag\u00e8ne \u00e0 ultra-faible poids mol\u00e9culaire de 243 Dalton, d\u2019oligo acide hyaluronique et de&hellip;","brands":[],"_links":{"self":[{"href":"https:\/\/wavexia.com\/index.php?rest_route=\/wp\/v2\/product\/4496","targetHints":{"allow":["GET"]}}],"collection":[{"href":"https:\/\/wavexia.com\/index.php?rest_route=\/wp\/v2\/product"}],"about":[{"href":"https:\/\/wavexia.com\/index.php?rest_route=\/wp\/v2\/types\/product"}],"replies":[{"embeddable":true,"href":"https:\/\/wavexia.com\/index.php?rest_route=%2Fwp%2Fv2%2Fcomments&post=4496"}],"wp:featuredmedia":[{"embeddable":true,"href":"https:\/\/wavexia.com\/index.php?rest_route=\/wp\/v2\/media\/4495"}],"wp:attachment":[{"href":"https:\/\/wavexia.com\/index.php?rest_route=%2Fwp%2Fv2%2Fmedia&parent=4496"}],"wp:term":[{"taxonomy":"pwb-brand","embeddable":true,"href":"https:\/\/wavexia.com\/index.php?rest_route=%2Fwp%2Fv2%2Fpwb-brand&post=4496"},{"taxonomy":"product_brand","embeddable":true,"href":"https:\/\/wavexia.com\/index.php?rest_route=%2Fwp%2Fv2%2Fproduct_brand&post=4496"},{"taxonomy":"product_cat","embeddable":true,"href":"https:\/\/wavexia.com\/index.php?rest_route=%2Fwp%2Fv2%2Fproduct_cat&post=4496"},{"taxonomy":"product_tag","embeddable":true,"href":"https:\/\/wavexia.com\/index.php?rest_route=%2Fwp%2Fv2%2Fproduct_tag&post=4496"}],"curies":[{"name":"wp","href":"https:\/\/api.w.org\/{rel}","templated":true}]}}