{"id":4481,"date":"2025-10-19T09:07:01","date_gmt":"2025-10-19T09:07:01","guid":{"rendered":"https:\/\/wavexia.com\/product\/eqqualberry-collagen-glow-up-hydrogel-mask\/"},"modified":"2026-03-10T07:31:02","modified_gmt":"2026-03-10T07:31:02","slug":"eqqualberry-collagen-glow-up-hydrogel-mask","status":"publish","type":"product","link":"https:\/\/wavexia.com\/?product=eqqualberry-collagen-glow-up-hydrogel-mask","title":{"rendered":"Eqqualberry Collagen Glow Up Hydrogel Mask"},"content":{"rendered":"<h2>Description<\/h2>\n<p>Le Eqqualberry Collagen Glow Up Hydrogel Mask est votre alli\u00e9 id\u00e9al pour un glow-up express en seulement 1 heure\u202f! Ce masque en tissu luxueux est enrichi en collag\u00e8ne \u00e0 faible poids mol\u00e9culaire, qui p\u00e9n\u00e8tre plus profond\u00e9ment dans la peau que le collag\u00e8ne classique, sans obstruer les pores. Parfait pour les peaux sensibles et id\u00e9al si vous souhaitez des r\u00e9sultats rapides.<\/p>\n<p>Avec 30\u202f000 ppm de niacinamide et 99\u202f% de glutathion pur, ce masque illumine le teint, r\u00e9duit les taches et uniformise la peau. Gr\u00e2ce aux 10 couches d\u2019acide hyaluronique et \u00e0 l\u2019eau de glacier d\u2019Alaska, la peau est intens\u00e9ment hydrat\u00e9e et apais\u00e9e. Le masque hydrogel \u00e9pouse parfaitement le visage, tient bien en place et reste tr\u00e8s confortable \u2013 m\u00eame pendant vos activit\u00e9s quotidiennes.<\/p>\n<p>Contenance : 30g d\u2019actifs<\/p>\n<h5>les avantages:<\/h5>\n<ul data-start=\"1471\" data-end=\"1775\">\n<li data-start=\"1471\" data-end=\"1533\">\n<p data-start=\"1473\" data-end=\"1533\">Masque hydrogel en deux parties pour un effet seconde peau,<\/p>\n<\/li>\n<li data-start=\"1534\" data-end=\"1604\">\n<p data-start=\"1536\" data-end=\"1604\">Efficace contre le teint terne, les ridules et l\u2019hyperpigmentation,<\/p>\n<\/li>\n<li data-start=\"1605\" data-end=\"1661\">\n<p data-start=\"1607\" data-end=\"1661\">\u00c9claircit et raffermit tout en hydratant durablement,<\/p>\n<\/li>\n<li data-start=\"1662\" data-end=\"1715\">\n<p data-start=\"1664\" data-end=\"1715\">Convient \u00e0 tous les types de peau, m\u00eame sensibles,<\/p>\n<\/li>\n<li data-start=\"1716\" data-end=\"1775\">\n<p data-start=\"1718\" data-end=\"1775\">Sensation de fra\u00eecheur et de confort, sans r\u00e9sidu collant.<\/p>\n<\/li>\n<\/ul>\n<h5>comment utiliser:<\/h5>\n<p>En fin de routine, appliquez la partie sup\u00e9rieure, puis inf\u00e9rieure du masque sur le visage.<\/p>\n<p>Alignez soigneusement avec les yeux et la bouche pour cibler les zones marqu\u00e9es.<\/p>\n<p>Laissez poser 1 heure, jusqu\u2019\u00e0 ce que le masque devienne transparent.<\/p>\n<p>Retirez-le d\u00e9licatement, puis tapotez l\u2019exc\u00e9dent de s\u00e9rum pour favoriser l\u2019absorption.<\/p>\n<h5>les ingr\u00e9dients:<\/h5>\n<p>Aqua\/Water\/Eau, Glycerin, Butylene Glycol, Cocos Nucifera (Coconut) Oil, Niacinamide, Glycereth-26, Chondrus Crispus Powder, 1,2-Hexanediol, Ceratonia Siliqua (Carob) Gum, Panthenol, Glutathione, Collagen, Glyceryl Glucoside, Sodium PCA, Hydroxyacetophenone, Algin, Polyglyceryl-3 Methylglucose Distearate, Portulaca Oleracea Extract, Glucomannan, Sucrose, Allantoin, Gellan Gum, Polyglyceryl-10 Laurate, Polysorbate 80, Propanediol, Sorbitol, Xanthan Gum, Potassium Chloride, Dipotassium Glycyrrhizate, Sodium Polyacryloyldimethyl Taurate, Adenosine, Sodium Hyaluronate, Ethylhexylglycerin, Glucose, Maltodextrin, Sodium Polyacrylate, Gardenia Florida Fruit Extract, Tocopherol, Caprylyl Glycol, Dimethylsilanol Hyaluronate, Hydrolyzed Hyaluronic Acid, Hydrolyzed Sodium Hyaluronate, Hyaluronic Acid, Potassium Hyaluronate, Hydroxypropyltrimonium Hyaluronate, Sodium Hyaluronate Crosspolymer, Sodium Hyaluronate Dimethylsilanol, Sodium Acetylated Hyaluronate.<\/p>\n","protected":false},"excerpt":{"rendered":"<p>Description Le Eqqualberry Collagen Glow Up Hydrogel Mask est votre alli\u00e9 id\u00e9al pour un glow-up express en seulement 1 heure\u202f! Ce masque en tissu luxueux est enrichi en collag\u00e8ne \u00e0 faible poids mol\u00e9culaire, qui p\u00e9n\u00e8tre plus profond\u00e9ment dans la peau que le collag\u00e8ne classique, sans obstruer les pores. Parfait pour les peaux sensibles et id\u00e9al [&hellip;]<\/p>\n","protected":false},"featured_media":4480,"comment_status":"open","ping_status":"closed","template":"","meta":{"content-type":"","_uag_custom_page_level_css":""},"pwb-brand":[],"product_brand":[],"product_cat":[337,343,328,334],"product_tag":[],"class_list":{"0":"post-4481","1":"product","2":"type-product","3":"status-publish","4":"has-post-thumbnail","6":"product_cat-eqqualberry","7":"product_cat-masque","8":"product_cat-nouveautes","9":"product_cat-produits-coreens","11":"first","12":"instock","13":"sale","14":"shipping-taxable","15":"purchasable","16":"product-type-simple"},"aioseo_notices":[],"uagb_featured_image_src":{"full":["https:\/\/wavexia.com\/wp-content\/uploads\/2025\/10\/eqqualberry-collagen-glow-up-hydrogel-mask-65320153678207.webp",600,600,false],"thumbnail":["https:\/\/wavexia.com\/wp-content\/uploads\/2025\/10\/eqqualberry-collagen-glow-up-hydrogel-mask-65320153678207-150x150.webp",150,150,true],"medium":["https:\/\/wavexia.com\/wp-content\/uploads\/2025\/10\/eqqualberry-collagen-glow-up-hydrogel-mask-65320153678207-300x300.webp",300,300,true],"medium_large":["https:\/\/wavexia.com\/wp-content\/uploads\/2025\/10\/eqqualberry-collagen-glow-up-hydrogel-mask-65320153678207.webp",600,600,false],"large":["https:\/\/wavexia.com\/wp-content\/uploads\/2025\/10\/eqqualberry-collagen-glow-up-hydrogel-mask-65320153678207.webp",600,600,false],"1536x1536":["https:\/\/wavexia.com\/wp-content\/uploads\/2025\/10\/eqqualberry-collagen-glow-up-hydrogel-mask-65320153678207.webp",600,600,false],"2048x2048":["https:\/\/wavexia.com\/wp-content\/uploads\/2025\/10\/eqqualberry-collagen-glow-up-hydrogel-mask-65320153678207.webp",600,600,false],"woocommerce_archive_thumbnail":["https:\/\/wavexia.com\/wp-content\/uploads\/2025\/10\/eqqualberry-collagen-glow-up-hydrogel-mask-65320153678207-300x300.webp",300,300,true],"woocommerce_thumbnail":["https:\/\/wavexia.com\/wp-content\/uploads\/2025\/10\/eqqualberry-collagen-glow-up-hydrogel-mask-65320153678207-300x300.webp",300,300,true],"woocommerce_single":["https:\/\/wavexia.com\/wp-content\/uploads\/2025\/10\/eqqualberry-collagen-glow-up-hydrogel-mask-65320153678207.webp",600,600,false],"woocommerce_gallery_thumbnail":["https:\/\/wavexia.com\/wp-content\/uploads\/2025\/10\/eqqualberry-collagen-glow-up-hydrogel-mask-65320153678207-100x100.webp",100,100,true]},"uagb_author_info":{"display_name":"zineddine.ayoub98@gmail.com","author_link":"https:\/\/wavexia.com\/?author=0"},"uagb_comment_info":0,"uagb_excerpt":"Description Le Eqqualberry Collagen Glow Up Hydrogel Mask est votre alli\u00e9 id\u00e9al pour un glow-up express en seulement 1 heure\u202f! Ce masque en tissu luxueux est enrichi en collag\u00e8ne \u00e0 faible poids mol\u00e9culaire, qui p\u00e9n\u00e8tre plus profond\u00e9ment dans la peau que le collag\u00e8ne classique, sans obstruer les pores. Parfait pour les peaux sensibles et id\u00e9al&hellip;","brands":[],"_links":{"self":[{"href":"https:\/\/wavexia.com\/index.php?rest_route=\/wp\/v2\/product\/4481","targetHints":{"allow":["GET"]}}],"collection":[{"href":"https:\/\/wavexia.com\/index.php?rest_route=\/wp\/v2\/product"}],"about":[{"href":"https:\/\/wavexia.com\/index.php?rest_route=\/wp\/v2\/types\/product"}],"replies":[{"embeddable":true,"href":"https:\/\/wavexia.com\/index.php?rest_route=%2Fwp%2Fv2%2Fcomments&post=4481"}],"wp:featuredmedia":[{"embeddable":true,"href":"https:\/\/wavexia.com\/index.php?rest_route=\/wp\/v2\/media\/4480"}],"wp:attachment":[{"href":"https:\/\/wavexia.com\/index.php?rest_route=%2Fwp%2Fv2%2Fmedia&parent=4481"}],"wp:term":[{"taxonomy":"pwb-brand","embeddable":true,"href":"https:\/\/wavexia.com\/index.php?rest_route=%2Fwp%2Fv2%2Fpwb-brand&post=4481"},{"taxonomy":"product_brand","embeddable":true,"href":"https:\/\/wavexia.com\/index.php?rest_route=%2Fwp%2Fv2%2Fproduct_brand&post=4481"},{"taxonomy":"product_cat","embeddable":true,"href":"https:\/\/wavexia.com\/index.php?rest_route=%2Fwp%2Fv2%2Fproduct_cat&post=4481"},{"taxonomy":"product_tag","embeddable":true,"href":"https:\/\/wavexia.com\/index.php?rest_route=%2Fwp%2Fv2%2Fproduct_tag&post=4481"}],"curies":[{"name":"wp","href":"https:\/\/api.w.org\/{rel}","templated":true}]}}