{"id":4477,"date":"2025-10-19T09:06:58","date_gmt":"2025-10-19T09:06:58","guid":{"rendered":"https:\/\/wavexia.com\/product\/eqqualberry-purple-rice-pore-smoothing-cleansing-oil\/"},"modified":"2026-03-10T07:31:02","modified_gmt":"2026-03-10T07:31:02","slug":"eqqualberry-purple-rice-pore-smoothing-cleansing-oil","status":"publish","type":"product","link":"https:\/\/wavexia.com\/?product=eqqualberry-purple-rice-pore-smoothing-cleansing-oil","title":{"rendered":"Eqqualberry Purple Rice Pore Smoothing Cleansing Oil"},"content":{"rendered":"<h2>Description<\/h2>\n<p>L\u2019huile nettoyante lissante pour les pores de riz violet Eqqualberry est votre premi\u00e8re \u00e9tape vers une peau douce et lisse sans stress des pores ! Cette huile d\u00e9maquillante \u00e0 base de plantes \u00e9limine sans effort le maquillage lourd, l\u2019exc\u00e8s de s\u00e9bum et les impuret\u00e9s en un seul lavage. Parfait pour les peaux sensibles et sujettes \u00e0 l\u2019acn\u00e9, car il est non com\u00e9dog\u00e8ne et ne laisse aucun r\u00e9sidu.<\/p>\n<p>Gr\u00e2ce au syst\u00e8me unique de nettoyage du riz violet, vos pores sont non seulement nettoy\u00e9s, mais aussi nourris et resserr\u00e9s. La formule contient des c\u00e9ramides d\u00e9riv\u00e9s du riz, des antioxydants et des huiles v\u00e9g\u00e9tales hydratantes pour un fini soyeux. Il est cliniquement prouv\u00e9 qu\u2019il r\u00e9duit les points noirs de 21,76 % et am\u00e9liore visiblement la texture de la peau. Bonus : votre peau reste hydrat\u00e9e jusqu\u2019\u00e0 24 heures !<\/p>\n<p><strong>Cette huile d\u00e9maquillante :<\/strong><\/p>\n<ul>\n<li>\u00e9limine le maquillage, le s\u00e9bum et les impuret\u00e9s en une seule \u00e9tape<\/li>\n<li>affine visiblement les pores<\/li>\n<li>raffermit la peau et booste le collag\u00e8ne<\/li>\n<li>contient de l\u2019huile de riz violet, des c\u00e9ramides et des antioxydants<\/li>\n<li>S\u2019\u00e9mulsionne rapidement et ne laisse aucun r\u00e9sidu gras<\/li>\n<li>Augmente l\u2019hydratation de 45,6 % imm\u00e9diatement apr\u00e8s utilisation<\/li>\n<li>maintient la peau hydrat\u00e9e jusqu\u2019\u00e0 24 heures<\/li>\n<li>apaise, calme et nourrit sans irriter<\/li>\n<li>Convient aux peaux sensibles<\/li>\n<li>Sans parfum<\/li>\n<li>sans cruaut\u00e9<\/li>\n<\/ul>\n<p><strong>Mode d\u2019emploi :<\/strong><\/p>\n<ul>\n<li>Appliquer sur peau s\u00e8che et masser doucement pour dissoudre le maquillage et les impuret\u00e9s.<\/li>\n<li>Ajoutez un peu d\u2019eau pour \u00e9mulsionner et continuez \u00e0 masser.<\/li>\n<li>Rincez abondamment \u00e0 l\u2019eau ti\u00e8de et appliquez ensuite un nettoyant \u00e0 base d\u2019eau si n\u00e9cessaire.<\/li>\n<\/ul>\n<h5>ingr\u00e9dients:<\/h5>\n<p>Palmitate d\u2019\u00e9thylhexyle, T\u00e9traol\u00e9ate de Sorbeth-30, Tri\u00e9thylhexano\u00efne, \u00c9thylhexanoate de c\u00e9tyle, Sesquiol\u00e9ate de sorbitan, Malate de diisost\u00e9aryle, Triglyc\u00e9ride caprylique\/caprique, Huile de bois de Cedrus Deodar, \u00c9thylhexylglyc\u00e9rine, Caprylyl glycol, Huile d\u2019\u00e9corce de Cinnamomum camphra (camphre), eau, butyl\u00e8ne glycol, huile de graines d\u2019Helianthus Annuus (tournesol), huile de graines de Macadamia ternifolia, huile de fruit d\u2019Olea Europaea (olive), huile de son d\u2019Oryza sativa (riz), huile de graines de Simmondsia Chinensis (jojoba), Vitis Huile de p\u00e9pins de Vinifera (raisin), maltodextrine, glyc\u00e9rine, glycosphingolipides, extrait de lie d\u2019Oryza Sativa (riz), 1,2-hexanediol, propanediol, ferment de lactobacille\/riz, extrait d\u2019Oryza sativa (riz), filtrat de ferment de racine de leuconostoc\/radis, extrait de Centella Asiatica, extrait de Houttuynia Cordata, extrait de Verbena Officinalis, extrait de Kummerowia Striata, extrait d\u2019\u00e9corce de Cinchona Pubescens, extrait de feuille de Leptospermum Scoparium.<\/p>\n","protected":false},"excerpt":{"rendered":"<p>Description L\u2019huile nettoyante lissante pour les pores de riz violet Eqqualberry est votre premi\u00e8re \u00e9tape vers une peau douce et lisse sans stress des pores ! Cette huile d\u00e9maquillante \u00e0 base de plantes \u00e9limine sans effort le maquillage lourd, l\u2019exc\u00e8s de s\u00e9bum et les impuret\u00e9s en un seul lavage. Parfait pour les peaux sensibles et [&hellip;]<\/p>\n","protected":false},"featured_media":4476,"comment_status":"open","ping_status":"closed","template":"","meta":{"content-type":"","_uag_custom_page_level_css":""},"pwb-brand":[],"product_brand":[],"product_cat":[337,367,334],"product_tag":[],"class_list":{"0":"post-4477","1":"product","2":"type-product","3":"status-publish","4":"has-post-thumbnail","6":"product_cat-eqqualberry","7":"product_cat-huile-baume-nettoyante","8":"product_cat-produits-coreens","10":"first","11":"instock","12":"sale","13":"shipping-taxable","14":"purchasable","15":"product-type-simple"},"aioseo_notices":[],"uagb_featured_image_src":{"full":["https:\/\/wavexia.com\/wp-content\/uploads\/2025\/10\/51fvB1NKtJL._UF10001000_QL80_.jpg",1000,1000,false],"thumbnail":["https:\/\/wavexia.com\/wp-content\/uploads\/2025\/10\/51fvB1NKtJL._UF10001000_QL80_-150x150.jpg",150,150,true],"medium":["https:\/\/wavexia.com\/wp-content\/uploads\/2025\/10\/51fvB1NKtJL._UF10001000_QL80_-300x300.jpg",300,300,true],"medium_large":["https:\/\/wavexia.com\/wp-content\/uploads\/2025\/10\/51fvB1NKtJL._UF10001000_QL80_-768x768.jpg",768,768,true],"large":["https:\/\/wavexia.com\/wp-content\/uploads\/2025\/10\/51fvB1NKtJL._UF10001000_QL80_.jpg",1000,1000,false],"1536x1536":["https:\/\/wavexia.com\/wp-content\/uploads\/2025\/10\/51fvB1NKtJL._UF10001000_QL80_.jpg",1000,1000,false],"2048x2048":["https:\/\/wavexia.com\/wp-content\/uploads\/2025\/10\/51fvB1NKtJL._UF10001000_QL80_.jpg",1000,1000,false],"woocommerce_archive_thumbnail":["https:\/\/wavexia.com\/wp-content\/uploads\/2025\/10\/51fvB1NKtJL._UF10001000_QL80_-300x300.jpg",300,300,true],"woocommerce_thumbnail":["https:\/\/wavexia.com\/wp-content\/uploads\/2025\/10\/51fvB1NKtJL._UF10001000_QL80_-300x300.jpg",300,300,true],"woocommerce_single":["https:\/\/wavexia.com\/wp-content\/uploads\/2025\/10\/51fvB1NKtJL._UF10001000_QL80_-600x600.jpg",600,600,true],"woocommerce_gallery_thumbnail":["https:\/\/wavexia.com\/wp-content\/uploads\/2025\/10\/51fvB1NKtJL._UF10001000_QL80_-100x100.jpg",100,100,true]},"uagb_author_info":{"display_name":"zineddine.ayoub98@gmail.com","author_link":"https:\/\/wavexia.com\/?author=0"},"uagb_comment_info":0,"uagb_excerpt":"Description L\u2019huile nettoyante lissante pour les pores de riz violet Eqqualberry est votre premi\u00e8re \u00e9tape vers une peau douce et lisse sans stress des pores ! Cette huile d\u00e9maquillante \u00e0 base de plantes \u00e9limine sans effort le maquillage lourd, l\u2019exc\u00e8s de s\u00e9bum et les impuret\u00e9s en un seul lavage. Parfait pour les peaux sensibles et&hellip;","brands":[],"_links":{"self":[{"href":"https:\/\/wavexia.com\/index.php?rest_route=\/wp\/v2\/product\/4477","targetHints":{"allow":["GET"]}}],"collection":[{"href":"https:\/\/wavexia.com\/index.php?rest_route=\/wp\/v2\/product"}],"about":[{"href":"https:\/\/wavexia.com\/index.php?rest_route=\/wp\/v2\/types\/product"}],"replies":[{"embeddable":true,"href":"https:\/\/wavexia.com\/index.php?rest_route=%2Fwp%2Fv2%2Fcomments&post=4477"}],"wp:featuredmedia":[{"embeddable":true,"href":"https:\/\/wavexia.com\/index.php?rest_route=\/wp\/v2\/media\/4476"}],"wp:attachment":[{"href":"https:\/\/wavexia.com\/index.php?rest_route=%2Fwp%2Fv2%2Fmedia&parent=4477"}],"wp:term":[{"taxonomy":"pwb-brand","embeddable":true,"href":"https:\/\/wavexia.com\/index.php?rest_route=%2Fwp%2Fv2%2Fpwb-brand&post=4477"},{"taxonomy":"product_brand","embeddable":true,"href":"https:\/\/wavexia.com\/index.php?rest_route=%2Fwp%2Fv2%2Fproduct_brand&post=4477"},{"taxonomy":"product_cat","embeddable":true,"href":"https:\/\/wavexia.com\/index.php?rest_route=%2Fwp%2Fv2%2Fproduct_cat&post=4477"},{"taxonomy":"product_tag","embeddable":true,"href":"https:\/\/wavexia.com\/index.php?rest_route=%2Fwp%2Fv2%2Fproduct_tag&post=4477"}],"curies":[{"name":"wp","href":"https:\/\/api.w.org\/{rel}","templated":true}]}}