{"id":4473,"date":"2025-10-19T09:06:55","date_gmt":"2025-10-19T09:06:55","guid":{"rendered":"https:\/\/wavexia.com\/product\/numbuzin-no-2-rose-pdrn-collagen-2x-plumping-serum-30ml\/"},"modified":"2026-03-10T07:31:02","modified_gmt":"2026-03-10T07:31:02","slug":"numbuzin-no-2-rose-pdrn-collagen-2x-plumping-serum-30ml","status":"publish","type":"product","link":"https:\/\/wavexia.com\/?product=numbuzin-no-2-rose-pdrn-collagen-2x-plumping-serum-30ml","title":{"rendered":"Numbuzin No.2 Rose PDRN Collagen 2X Plumping Serum 30ml"},"content":{"rendered":"<h2>Description<\/h2>\n<div class=\"pro_infor_content_style\">Un s\u00e9rum \u00e0 la texture g\u00e9latineuse inonde votre peau d\u2019une hydratation profonde et juteuse, la laissant visiblement rebondie, ros\u00e9e et \u00e9clatante.<\/p>\n<div class=\"pro_infor_content_style\"><span>Faites l\u2019exp\u00e9rience d\u2019un picotement menthol\u00e9 rafra\u00eechissant alors que la formule repulpante aide \u00e0 favoriser la production naturelle de collag\u00e8ne et \u00e0 am\u00e9liorer l\u2019\u00e9lasticit\u00e9 de la peau.<\/span><\/p>\n<div>Il est cliniquement prouv\u00e9 qu\u2019il am\u00e9liore l\u2019\u00e9lasticit\u00e9 de la peau en profondeur en 15 couches et qu\u2019il repulpe visiblement les zones cl\u00e9s, notamment les joues, le front, les sillons nasog\u00e9niens et le dessous des yeux.<\/div>\n<div>Les r\u00e9sultats cliniques montrent des am\u00e9liorations notables du teint et de l\u2019hydratation de la peau, avec des effets repulpants pouvant durer jusqu\u2019\u00e0 une semaine.<\/div>\n<div>Test primaire d\u2019irritation cutan\u00e9e termin\u00e9, sans colorants artificiels et adapt\u00e9 aux peaux sensibles.<\/div>\n<div>Convient \u00e0 tous les types de peau, y compris les peaux s\u00e8ches, rugueuses et in\u00e9gales.<\/div>\n<div><span>Particuli\u00e8rement b\u00e9n\u00e9fique pour les peaux fatigu\u00e9es, ternes ou d\u00e9shydrat\u00e9es, offrant une rondeur visible et un \u00e9clat ros\u00e9 et jeune.<\/span><\/p>\n<div class=\"pro_infor_title_style\">Mode d\u2019emploi<\/div>\n<p>Appliquez une quantit\u00e9 d\u2019un quart de s\u00e9rum g\u00e9lifi\u00e9 sur votre visage matin et soir.<\/p>\n<p><span>Pour un maximum d\u2019\u00e9clat, appliquez avant d\u2019utiliser un masque au collag\u00e8ne de nuit.<\/span><\/p>\n<\/div>\n<\/div>\n<\/div>\n","protected":false},"excerpt":{"rendered":"<p>Description Un s\u00e9rum \u00e0 la texture g\u00e9latineuse inonde votre peau d\u2019une hydratation profonde et juteuse, la laissant visiblement rebondie, ros\u00e9e et \u00e9clatante. Faites l\u2019exp\u00e9rience d\u2019un picotement menthol\u00e9 rafra\u00eechissant alors que la formule repulpante aide \u00e0 favoriser la production naturelle de collag\u00e8ne et \u00e0 am\u00e9liorer l\u2019\u00e9lasticit\u00e9 de la peau. Il est cliniquement prouv\u00e9 qu\u2019il am\u00e9liore l\u2019\u00e9lasticit\u00e9 [&hellip;]<\/p>\n","protected":false},"featured_media":4472,"comment_status":"open","ping_status":"closed","template":"","meta":{"content-type":"","_uag_custom_page_level_css":""},"pwb-brand":[],"product_brand":[],"product_cat":[328,346,334,338],"product_tag":[],"class_list":{"0":"post-4473","1":"product","2":"type-product","3":"status-publish","4":"has-post-thumbnail","6":"product_cat-nouveautes","7":"product_cat-numbuzin","8":"product_cat-produits-coreens","9":"product_cat-serum-ampoule","11":"first","12":"instock","13":"sale","14":"shipping-taxable","15":"purchasable","16":"product-type-simple"},"aioseo_notices":[],"uagb_featured_image_src":{"full":["https:\/\/wavexia.com\/wp-content\/uploads\/2025\/10\/712NQrWW6vL._UF10001000_QL80_.jpg",1000,1000,false],"thumbnail":["https:\/\/wavexia.com\/wp-content\/uploads\/2025\/10\/712NQrWW6vL._UF10001000_QL80_-150x150.jpg",150,150,true],"medium":["https:\/\/wavexia.com\/wp-content\/uploads\/2025\/10\/712NQrWW6vL._UF10001000_QL80_-300x300.jpg",300,300,true],"medium_large":["https:\/\/wavexia.com\/wp-content\/uploads\/2025\/10\/712NQrWW6vL._UF10001000_QL80_-768x768.jpg",768,768,true],"large":["https:\/\/wavexia.com\/wp-content\/uploads\/2025\/10\/712NQrWW6vL._UF10001000_QL80_.jpg",1000,1000,false],"1536x1536":["https:\/\/wavexia.com\/wp-content\/uploads\/2025\/10\/712NQrWW6vL._UF10001000_QL80_.jpg",1000,1000,false],"2048x2048":["https:\/\/wavexia.com\/wp-content\/uploads\/2025\/10\/712NQrWW6vL._UF10001000_QL80_.jpg",1000,1000,false],"woocommerce_archive_thumbnail":["https:\/\/wavexia.com\/wp-content\/uploads\/2025\/10\/712NQrWW6vL._UF10001000_QL80_-300x300.jpg",300,300,true],"woocommerce_thumbnail":["https:\/\/wavexia.com\/wp-content\/uploads\/2025\/10\/712NQrWW6vL._UF10001000_QL80_-300x300.jpg",300,300,true],"woocommerce_single":["https:\/\/wavexia.com\/wp-content\/uploads\/2025\/10\/712NQrWW6vL._UF10001000_QL80_-600x600.jpg",600,600,true],"woocommerce_gallery_thumbnail":["https:\/\/wavexia.com\/wp-content\/uploads\/2025\/10\/712NQrWW6vL._UF10001000_QL80_-100x100.jpg",100,100,true]},"uagb_author_info":{"display_name":"zineddine.ayoub98@gmail.com","author_link":"https:\/\/wavexia.com\/?author=0"},"uagb_comment_info":0,"uagb_excerpt":"Description Un s\u00e9rum \u00e0 la texture g\u00e9latineuse inonde votre peau d\u2019une hydratation profonde et juteuse, la laissant visiblement rebondie, ros\u00e9e et \u00e9clatante. Faites l\u2019exp\u00e9rience d\u2019un picotement menthol\u00e9 rafra\u00eechissant alors que la formule repulpante aide \u00e0 favoriser la production naturelle de collag\u00e8ne et \u00e0 am\u00e9liorer l\u2019\u00e9lasticit\u00e9 de la peau. Il est cliniquement prouv\u00e9 qu\u2019il am\u00e9liore l\u2019\u00e9lasticit\u00e9&hellip;","brands":[],"_links":{"self":[{"href":"https:\/\/wavexia.com\/index.php?rest_route=\/wp\/v2\/product\/4473","targetHints":{"allow":["GET"]}}],"collection":[{"href":"https:\/\/wavexia.com\/index.php?rest_route=\/wp\/v2\/product"}],"about":[{"href":"https:\/\/wavexia.com\/index.php?rest_route=\/wp\/v2\/types\/product"}],"replies":[{"embeddable":true,"href":"https:\/\/wavexia.com\/index.php?rest_route=%2Fwp%2Fv2%2Fcomments&post=4473"}],"wp:featuredmedia":[{"embeddable":true,"href":"https:\/\/wavexia.com\/index.php?rest_route=\/wp\/v2\/media\/4472"}],"wp:attachment":[{"href":"https:\/\/wavexia.com\/index.php?rest_route=%2Fwp%2Fv2%2Fmedia&parent=4473"}],"wp:term":[{"taxonomy":"pwb-brand","embeddable":true,"href":"https:\/\/wavexia.com\/index.php?rest_route=%2Fwp%2Fv2%2Fpwb-brand&post=4473"},{"taxonomy":"product_brand","embeddable":true,"href":"https:\/\/wavexia.com\/index.php?rest_route=%2Fwp%2Fv2%2Fproduct_brand&post=4473"},{"taxonomy":"product_cat","embeddable":true,"href":"https:\/\/wavexia.com\/index.php?rest_route=%2Fwp%2Fv2%2Fproduct_cat&post=4473"},{"taxonomy":"product_tag","embeddable":true,"href":"https:\/\/wavexia.com\/index.php?rest_route=%2Fwp%2Fv2%2Fproduct_tag&post=4473"}],"curies":[{"name":"wp","href":"https:\/\/api.w.org\/{rel}","templated":true}]}}