{"id":4460,"date":"2025-10-19T09:06:46","date_gmt":"2025-10-19T09:06:46","guid":{"rendered":"https:\/\/wavexia.com\/product\/tocobo-juicy-berry-plumping-lip-oil-12-cherry-ade\/"},"modified":"2026-03-10T07:31:02","modified_gmt":"2026-03-10T07:31:02","slug":"tocobo-juicy-berry-plumping-lip-oil-12-cherry-ade","status":"publish","type":"product","link":"https:\/\/wavexia.com\/?product=tocobo-juicy-berry-plumping-lip-oil-12-cherry-ade","title":{"rendered":"TOCOBO JUICY BERRY PLUMPING LIP OIL 12 CHERRY ADE"},"content":{"rendered":"<h2>Description<\/h2>\n<p>Est une huile pour les l\u00e8vres qui offre des l\u00e8vres pulpeuses et brillantes. Cette huile pour les l\u00e8vres offre une brillance semblable \u00e0 celle du verre, sans collant ni gras.<\/p>\n<p>Gr\u00e2ce au complexe d\u2019huile Shine Essence, enrichi d\u2019extrait de cerise sauvage, de myrtilles et d\u2019extraits de saphir, cette huile pour les l\u00e8vres hydrate, adoucit et nourrit les l\u00e8vres en profondeur. La formule \u00e0 double repulpage am\u00e9liore le volume des l\u00e8vres pour une apparence plus pulpeuse et glamour, parfaite pour toutes les occasions.<\/p>\n<p><strong>Cette huile pour les l\u00e8vres :<\/strong><\/p>\n<ul>\n<li>rose baie vibrant<\/li>\n<li>Cr\u00e9e un look de l\u00e8vres pleines et brillantes<\/li>\n<li>Offre une brillance semblable \u00e0 celle du verre sans collant<\/li>\n<li>contient le complexe d\u2019huile Shine Essence pour une hydratation en profondeur<\/li>\n<li>Am\u00e9liore le volume des l\u00e8vres gr\u00e2ce \u00e0 une formule \u00e0 double repulpage<\/li>\n<li>enrichi d\u2019extrait de cerise sauvage, de myrtilles et d\u2019extraits de saphir<\/li>\n<li>Forme une barri\u00e8re protectrice contre l\u2019humidit\u00e9<\/li>\n<li>Convient pour un usage quotidien et les occasions sp\u00e9ciales<\/li>\n<li>v\u00e9g\u00e9talien<\/li>\n<li>sans cruaut\u00e9<\/li>\n<\/ul>\n<p><strong>Mode d\u2019emploi :<\/strong><\/p>\n<ul>\n<li>Appliquez une quantit\u00e9 appropri\u00e9e sur les l\u00e8vres \u00e0 l\u2019aide de l\u2019applicateur.<\/li>\n<li>Commencez par la partie interne des l\u00e8vres et travaillez vers l\u2019ext\u00e9rieur.<\/li>\n<li>Estompez doucement les bords pour une finition uniforme.<\/li>\n<\/ul>\n<p><strong>Ingr\u00e9dients :<br \/><\/strong>Polyisobut\u00e8ne hydrog\u00e9n\u00e9, Malate de diisost\u00e9aryle, Octyldod\u00e9canol, Silylate de dim\u00e9thyle de silice, Poly hydrog\u00e9n\u00e9, Menthoxypropanediol, \u00c9ther vanillylique-butylique, Huile de graines de Simmondsia Chinensis, 1,2-hexanediol, Isost\u00e9arate de sorbitan, Borosilicate de titane de calcium, Parfum, Benzoate de benzyle, Dioxyde de titane, Huile d\u2019Oenothera Biennis, Huile de fruit d\u2019Olea Europaea, Huile de Prunus Amygdalus Dulcis, Huile de noyau de Prunus Armeniaca, Beurre de Butyrospermum Parkii, Huile de graines de Camellia Japonica, Triglyc\u00e9ride caprylique\/caprique, huile de noyau d\u2019Argania spinosa, bleu brillant fcf, extrait de fruit de Rosa Canina, extrait de fruit de Mangifera indica, tartrazine, linalol, limon\u00e8ne, oxyde d\u2019\u00e9tain, tocoph\u00e9rol, eau, extrait de fruit de Vaccinium angustifolium, extrait de tourmaline, extrait de rubis, extrait de saphir, extrait d\u2019am\u00e9thyste, extrait de n\u00e9phrite<\/p>\n","protected":false},"excerpt":{"rendered":"<p>Description Est une huile pour les l\u00e8vres qui offre des l\u00e8vres pulpeuses et brillantes. Cette huile pour les l\u00e8vres offre une brillance semblable \u00e0 celle du verre, sans collant ni gras. Gr\u00e2ce au complexe d\u2019huile Shine Essence, enrichi d\u2019extrait de cerise sauvage, de myrtilles et d\u2019extraits de saphir, cette huile pour les l\u00e8vres hydrate, adoucit [&hellip;]<\/p>\n","protected":false},"featured_media":4459,"comment_status":"open","ping_status":"closed","template":"","meta":{"content-type":"","_uag_custom_page_level_css":""},"pwb-brand":[],"product_brand":[],"product_cat":[392,328,334,394],"product_tag":[],"class_list":{"0":"post-4460","1":"product","2":"type-product","3":"status-publish","4":"has-post-thumbnail","6":"product_cat-baume-a-levres","7":"product_cat-nouveautes","8":"product_cat-produits-coreens","9":"product_cat-tocobo","11":"first","12":"instock","13":"sale","14":"shipping-taxable","15":"purchasable","16":"product-type-simple"},"aioseo_notices":[],"uagb_featured_image_src":{"full":["https:\/\/wavexia.com\/wp-content\/uploads\/2025\/10\/TOCOBOJUICYBERRYPlumpingLipOil-12CHERRYADE.webp",1080,1080,false],"thumbnail":["https:\/\/wavexia.com\/wp-content\/uploads\/2025\/10\/TOCOBOJUICYBERRYPlumpingLipOil-12CHERRYADE-150x150.webp",150,150,true],"medium":["https:\/\/wavexia.com\/wp-content\/uploads\/2025\/10\/TOCOBOJUICYBERRYPlumpingLipOil-12CHERRYADE-300x300.webp",300,300,true],"medium_large":["https:\/\/wavexia.com\/wp-content\/uploads\/2025\/10\/TOCOBOJUICYBERRYPlumpingLipOil-12CHERRYADE-768x768.webp",768,768,true],"large":["https:\/\/wavexia.com\/wp-content\/uploads\/2025\/10\/TOCOBOJUICYBERRYPlumpingLipOil-12CHERRYADE-1024x1024.webp",1024,1024,true],"1536x1536":["https:\/\/wavexia.com\/wp-content\/uploads\/2025\/10\/TOCOBOJUICYBERRYPlumpingLipOil-12CHERRYADE.webp",1080,1080,false],"2048x2048":["https:\/\/wavexia.com\/wp-content\/uploads\/2025\/10\/TOCOBOJUICYBERRYPlumpingLipOil-12CHERRYADE.webp",1080,1080,false],"woocommerce_archive_thumbnail":["https:\/\/wavexia.com\/wp-content\/uploads\/2025\/10\/TOCOBOJUICYBERRYPlumpingLipOil-12CHERRYADE-300x300.webp",300,300,true],"woocommerce_thumbnail":["https:\/\/wavexia.com\/wp-content\/uploads\/2025\/10\/TOCOBOJUICYBERRYPlumpingLipOil-12CHERRYADE-300x300.webp",300,300,true],"woocommerce_single":["https:\/\/wavexia.com\/wp-content\/uploads\/2025\/10\/TOCOBOJUICYBERRYPlumpingLipOil-12CHERRYADE-600x600.webp",600,600,true],"woocommerce_gallery_thumbnail":["https:\/\/wavexia.com\/wp-content\/uploads\/2025\/10\/TOCOBOJUICYBERRYPlumpingLipOil-12CHERRYADE-100x100.webp",100,100,true]},"uagb_author_info":{"display_name":"zineddine.ayoub98@gmail.com","author_link":"https:\/\/wavexia.com\/?author=0"},"uagb_comment_info":0,"uagb_excerpt":"Description Est une huile pour les l\u00e8vres qui offre des l\u00e8vres pulpeuses et brillantes. Cette huile pour les l\u00e8vres offre une brillance semblable \u00e0 celle du verre, sans collant ni gras. Gr\u00e2ce au complexe d\u2019huile Shine Essence, enrichi d\u2019extrait de cerise sauvage, de myrtilles et d\u2019extraits de saphir, cette huile pour les l\u00e8vres hydrate, adoucit&hellip;","brands":[],"_links":{"self":[{"href":"https:\/\/wavexia.com\/index.php?rest_route=\/wp\/v2\/product\/4460","targetHints":{"allow":["GET"]}}],"collection":[{"href":"https:\/\/wavexia.com\/index.php?rest_route=\/wp\/v2\/product"}],"about":[{"href":"https:\/\/wavexia.com\/index.php?rest_route=\/wp\/v2\/types\/product"}],"replies":[{"embeddable":true,"href":"https:\/\/wavexia.com\/index.php?rest_route=%2Fwp%2Fv2%2Fcomments&post=4460"}],"wp:featuredmedia":[{"embeddable":true,"href":"https:\/\/wavexia.com\/index.php?rest_route=\/wp\/v2\/media\/4459"}],"wp:attachment":[{"href":"https:\/\/wavexia.com\/index.php?rest_route=%2Fwp%2Fv2%2Fmedia&parent=4460"}],"wp:term":[{"taxonomy":"pwb-brand","embeddable":true,"href":"https:\/\/wavexia.com\/index.php?rest_route=%2Fwp%2Fv2%2Fpwb-brand&post=4460"},{"taxonomy":"product_brand","embeddable":true,"href":"https:\/\/wavexia.com\/index.php?rest_route=%2Fwp%2Fv2%2Fproduct_brand&post=4460"},{"taxonomy":"product_cat","embeddable":true,"href":"https:\/\/wavexia.com\/index.php?rest_route=%2Fwp%2Fv2%2Fproduct_cat&post=4460"},{"taxonomy":"product_tag","embeddable":true,"href":"https:\/\/wavexia.com\/index.php?rest_route=%2Fwp%2Fv2%2Fproduct_tag&post=4460"}],"curies":[{"name":"wp","href":"https:\/\/api.w.org\/{rel}","templated":true}]}}