{"id":4445,"date":"2025-10-19T09:06:35","date_gmt":"2025-10-19T09:06:35","guid":{"rendered":"https:\/\/wavexia.com\/product\/hismile-watermelon-toothpaste-60g\/"},"modified":"2026-03-10T07:31:02","modified_gmt":"2026-03-10T07:31:02","slug":"hismile-watermelon-toothpaste-60g","status":"publish","type":"product","link":"https:\/\/wavexia.com\/?product=hismile-watermelon-toothpaste-60g","title":{"rendered":"hismile Watermelon Toothpaste 60g"},"content":{"rendered":"<h2>Description<\/h2>\n<p>Le dentifrice Hismile est agr\u00e9able au toucher et au go\u00fbt d\u2019un r\u00e9gal pour vos dents \u2013 2 minutes ne suffiront jamais. Protection multiple \u2013 notre formule Fluoride+ a \u00e9t\u00e9 d\u00e9velopp\u00e9e avec des ingr\u00e9dients pour un sourire durable.<\/p>\n<p class=\"product-description__blurb body-text\">D\u00e8s la seconde o\u00f9 elle fond dans la bouche, une vague de past\u00e8que vous emportera vers le haut vers les plus hauts sommets d\u2019hydratation. Alors prenez une tranche, attachez-vous et attendez-vous \u00e0 ce que les saveurs coulent \u00e0 flot. Vous vous demanderez comment vous avez pu vous en passer.<\/p>\n<ul class=\"product-description__list\">\n<li class=\"body-text\">Saveur avec une explosion de fra\u00eecheur<\/li>\n<li class=\"body-text\">Formule Fluoride+ pour un nettoyage efficace<\/li>\n<li class=\"body-text\">Soin du sourire longue dur\u00e9e<\/li>\n<\/ul>\n<p>Le dentifrice le plus d\u00e9licieux et le plus joli que vous ayez jamais vu ! Les enfants l\u2019adorent aussi !<\/p>\n<div>\n<div class=\"component-accordion-head\">\n<h5 class=\"product-accordion-title\">Liste des ingr\u00e9dient<\/h5>\n<\/div>\n<div class=\"component-accordion-body\">\n<div class=\"body-container\">\n<p class=\"body-text\">Aqua (eau), sorbitol, silice hydrat\u00e9e, xylitol, glyc\u00e9rine, ar\u00f4me (ar\u00f4me), phosphate disodique, lauroyl sarcosinate de sodium, glyc\u00e9rophosphate de calcium, gomme de xanthane, gomme de cellulose, pyrophosphate t\u00e9trapotassique, alcool benzylique, caprylyl glycol, sucralose, menthol, fluorure de sodium, gluconate de sodium, pentyl\u00e8ne glycol, lactate de zinc, propionamide de m\u00e9thyl diisopropyle, acide benzo\u00efque.<\/p>\n<\/div>\n<div class=\"body-container\">\n<p class=\"body-text\">Contient : Fluorure de sodium 0,243 % p\/p (\u00e9q. 1100 ppm f.)<\/p>\n<\/div>\n<\/div>\n<\/div>\n","protected":false},"excerpt":{"rendered":"<p>Description Le dentifrice Hismile est agr\u00e9able au toucher et au go\u00fbt d\u2019un r\u00e9gal pour vos dents \u2013 2 minutes ne suffiront jamais. Protection multiple \u2013 notre formule Fluoride+ a \u00e9t\u00e9 d\u00e9velopp\u00e9e avec des ingr\u00e9dients pour un sourire durable. D\u00e8s la seconde o\u00f9 elle fond dans la bouche, une vague de past\u00e8que vous emportera vers le [&hellip;]<\/p>\n","protected":false},"featured_media":4444,"comment_status":"open","ping_status":"closed","template":"","meta":{"content-type":"","_uag_custom_page_level_css":""},"pwb-brand":[],"product_brand":[],"product_cat":[328,329,374],"product_tag":[],"class_list":{"0":"post-4445","1":"product","2":"type-product","3":"status-publish","4":"has-post-thumbnail","6":"product_cat-nouveautes","7":"product_cat-produits-americains","8":"product_cat-soins-dentaires","10":"first","11":"instock","12":"sale","13":"shipping-taxable","14":"purchasable","15":"product-type-simple"},"aioseo_notices":[],"uagb_featured_image_src":{"full":["https:\/\/wavexia.com\/wp-content\/uploads\/2025\/10\/Watermelon_Toothpaste_-_Collections.webp",900,900,false],"thumbnail":["https:\/\/wavexia.com\/wp-content\/uploads\/2025\/10\/Watermelon_Toothpaste_-_Collections-150x150.webp",150,150,true],"medium":["https:\/\/wavexia.com\/wp-content\/uploads\/2025\/10\/Watermelon_Toothpaste_-_Collections-300x300.webp",300,300,true],"medium_large":["https:\/\/wavexia.com\/wp-content\/uploads\/2025\/10\/Watermelon_Toothpaste_-_Collections-768x768.webp",768,768,true],"large":["https:\/\/wavexia.com\/wp-content\/uploads\/2025\/10\/Watermelon_Toothpaste_-_Collections.webp",900,900,false],"1536x1536":["https:\/\/wavexia.com\/wp-content\/uploads\/2025\/10\/Watermelon_Toothpaste_-_Collections.webp",900,900,false],"2048x2048":["https:\/\/wavexia.com\/wp-content\/uploads\/2025\/10\/Watermelon_Toothpaste_-_Collections.webp",900,900,false],"woocommerce_archive_thumbnail":["https:\/\/wavexia.com\/wp-content\/uploads\/2025\/10\/Watermelon_Toothpaste_-_Collections-300x300.webp",300,300,true],"woocommerce_thumbnail":["https:\/\/wavexia.com\/wp-content\/uploads\/2025\/10\/Watermelon_Toothpaste_-_Collections-300x300.webp",300,300,true],"woocommerce_single":["https:\/\/wavexia.com\/wp-content\/uploads\/2025\/10\/Watermelon_Toothpaste_-_Collections-600x600.webp",600,600,true],"woocommerce_gallery_thumbnail":["https:\/\/wavexia.com\/wp-content\/uploads\/2025\/10\/Watermelon_Toothpaste_-_Collections-100x100.webp",100,100,true]},"uagb_author_info":{"display_name":"zineddine.ayoub98@gmail.com","author_link":"https:\/\/wavexia.com\/?author=0"},"uagb_comment_info":0,"uagb_excerpt":"Description Le dentifrice Hismile est agr\u00e9able au toucher et au go\u00fbt d\u2019un r\u00e9gal pour vos dents \u2013 2 minutes ne suffiront jamais. Protection multiple \u2013 notre formule Fluoride+ a \u00e9t\u00e9 d\u00e9velopp\u00e9e avec des ingr\u00e9dients pour un sourire durable. D\u00e8s la seconde o\u00f9 elle fond dans la bouche, une vague de past\u00e8que vous emportera vers le&hellip;","brands":[],"_links":{"self":[{"href":"https:\/\/wavexia.com\/index.php?rest_route=\/wp\/v2\/product\/4445","targetHints":{"allow":["GET"]}}],"collection":[{"href":"https:\/\/wavexia.com\/index.php?rest_route=\/wp\/v2\/product"}],"about":[{"href":"https:\/\/wavexia.com\/index.php?rest_route=\/wp\/v2\/types\/product"}],"replies":[{"embeddable":true,"href":"https:\/\/wavexia.com\/index.php?rest_route=%2Fwp%2Fv2%2Fcomments&post=4445"}],"wp:featuredmedia":[{"embeddable":true,"href":"https:\/\/wavexia.com\/index.php?rest_route=\/wp\/v2\/media\/4444"}],"wp:attachment":[{"href":"https:\/\/wavexia.com\/index.php?rest_route=%2Fwp%2Fv2%2Fmedia&parent=4445"}],"wp:term":[{"taxonomy":"pwb-brand","embeddable":true,"href":"https:\/\/wavexia.com\/index.php?rest_route=%2Fwp%2Fv2%2Fpwb-brand&post=4445"},{"taxonomy":"product_brand","embeddable":true,"href":"https:\/\/wavexia.com\/index.php?rest_route=%2Fwp%2Fv2%2Fproduct_brand&post=4445"},{"taxonomy":"product_cat","embeddable":true,"href":"https:\/\/wavexia.com\/index.php?rest_route=%2Fwp%2Fv2%2Fproduct_cat&post=4445"},{"taxonomy":"product_tag","embeddable":true,"href":"https:\/\/wavexia.com\/index.php?rest_route=%2Fwp%2Fv2%2Fproduct_tag&post=4445"}],"curies":[{"name":"wp","href":"https:\/\/api.w.org\/{rel}","templated":true}]}}