{"id":4436,"date":"2025-10-19T09:06:28","date_gmt":"2025-10-19T09:06:28","guid":{"rendered":"https:\/\/wavexia.com\/product\/round-lab-birch-moisturizing-mild-up-sunscreen-spf-50-pa\/"},"modified":"2026-03-10T07:31:02","modified_gmt":"2026-03-10T07:31:02","slug":"round-lab-birch-moisturizing-mild-up-sunscreen-spf-50-pa","status":"publish","type":"product","link":"https:\/\/wavexia.com\/?product=round-lab-birch-moisturizing-mild-up-sunscreen-spf-50-pa","title":{"rendered":"ROUND LAB Birch Moisturizing Mild-Up Sunscreen SPF 50+, PA++++"},"content":{"rendered":"<h2>Description<\/h2>\n<ul>\n<li><span>Un \u00e9cran solaire hydratant qui prot\u00e8ge la peau des dommages caus\u00e9s par les UV gr\u00e2ce \u00e0 un filtre physique SPF 50+ PA++++ tout en offrant hydratation et soin apaisant.<\/span><br \/>&nbsp;<\/li>\n<li><span>Contient de la s\u00e8ve de bouleau et des ingr\u00e9dients de n\u00e9nuphar ainsi que du glyc\u00e9ryl glucoside et de l\u2019acide Vita Hyaluroni pour hydrater, apaiser et rafra\u00eechir la peau irrit\u00e9e par les rayons UV.<\/span><br \/>&nbsp;<\/li>\n<li><span>Utilise l\u2019oxyde de zinc comme principal filtre physique qui est \u00e9galement calmant et hydratant sur la peau.<\/span><br \/>&nbsp;<\/li>\n<li><span>Texture cr\u00e8me humide qui hydrate la peau mais ne la rend pas \u00e9touffante.<\/span><\/li>\n<\/ul>\n<h5 aria-expanded=\"true\" aria-controls=\"\u00abRhkeh6htrndnb\u00bb\"><b>Mode d\u2019emploi :<\/b><\/h5>\n<p>&nbsp;<\/p>\n<ul>\n<li><span>Appliquez une quantit\u00e9 mod\u00e9r\u00e9e sur la peau au dernier stade des soins de base.<\/span><\/li>\n<\/ul>\n<p><b>Contenance : 1,69 fl. oz (50 ml)<\/b><\/p>\n<h5 class=\"accordion_title__igE6o MuiBox-root mui-0\" aria-expanded=\"true\" aria-controls=\"\u00abRhkeh6htrndnb\u00bb\">Ingr\u00e9dients:<\/h5>\n<h5 class=\"accordion_title__igE6o MuiBox-root mui-0\" aria-expanded=\"true\" aria-controls=\"\u00abRhkeh6htrndnb\u00bb\"><span style=\"font-family: 'Open Sans', sans-serif; font-weight: normal;\">Eau, oxyde de zinc, cyclohexasiloxane, salicylate de butyloctyle, propanediol, caprylate de propylheptyle, isodod\u00e9cane, caprylyl m\u00e9thicone, polyglyc\u00e9ryl-3 polydim\u00e9thylsiloxy\u00e9thyl dim\u00e9thicone, polym\u00e8re crois\u00e9 de m\u00e9thacrylate de m\u00e9thyle, trim\u00e9thicone de m\u00e9thyle, jus de Betula platyphylla Japonica, extrait de feuille de Cryptomeria Japonica, extrait de feuille de Nelumbo Nucifera, filtrat de ferment de Saccharomyces, glyc\u00e9ryl glucoside, hyaluronate de sodium, acide hyaluronique, glyc\u00e9rine, butyl\u00e8ne glycol, tri\u00e9thoxycaprylylsilane, artemisia annua Extrait, huile de fleur d\u2019Anthemis Nobilis, huile de feuille de Pinus Sylvestris, \u00e9thylhexylglyc\u00e9rine, acide ascorbique, tocoph\u00e9rol, caprylate de glyc\u00e9ryle, caprylyl glycol, polym\u00e9thylsilsesquioxane, lauryl polyglyc\u00e9ryl-3 polydim\u00e9thylsiloxy\u00e9thyl dim\u00e9thicone, 1,2-hexanediol, polyglyc\u00e9ryl-2 dipolyhydroxyst\u00e9arate, hectorite de disteardimonium, sulfate de magn\u00e9sium<\/span><\/h5>\n<p>&nbsp;<\/p>\n","protected":false},"excerpt":{"rendered":"<p>Description Un \u00e9cran solaire hydratant qui prot\u00e8ge la peau des dommages caus\u00e9s par les UV gr\u00e2ce \u00e0 un filtre physique SPF 50+ PA++++ tout en offrant hydratation et soin apaisant.&nbsp; Contient de la s\u00e8ve de bouleau et des ingr\u00e9dients de n\u00e9nuphar ainsi que du glyc\u00e9ryl glucoside et de l\u2019acide Vita Hyaluroni pour hydrater, apaiser et [&hellip;]<\/p>\n","protected":false},"featured_media":4435,"comment_status":"open","ping_status":"closed","template":"","meta":{"content-type":"","_uag_custom_page_level_css":""},"pwb-brand":[],"product_brand":[],"product_cat":[327,328,334,340,341],"product_tag":[],"class_list":{"0":"post-4436","1":"product","2":"type-product","3":"status-publish","4":"has-post-thumbnail","6":"product_cat-hmizat","7":"product_cat-nouveautes","8":"product_cat-produits-coreens","9":"product_cat-protection-solaire","10":"product_cat-round-lab","12":"first","13":"instock","14":"sale","15":"shipping-taxable","16":"purchasable","17":"product-type-simple"},"aioseo_notices":[],"uagb_featured_image_src":{"full":["https:\/\/wavexia.com\/wp-content\/uploads\/2025\/10\/51rQe3Nwh2L._UF10001000_QL80_.jpg",1000,1000,false],"thumbnail":["https:\/\/wavexia.com\/wp-content\/uploads\/2025\/10\/51rQe3Nwh2L._UF10001000_QL80_-150x150.jpg",150,150,true],"medium":["https:\/\/wavexia.com\/wp-content\/uploads\/2025\/10\/51rQe3Nwh2L._UF10001000_QL80_-300x300.jpg",300,300,true],"medium_large":["https:\/\/wavexia.com\/wp-content\/uploads\/2025\/10\/51rQe3Nwh2L._UF10001000_QL80_-768x768.jpg",768,768,true],"large":["https:\/\/wavexia.com\/wp-content\/uploads\/2025\/10\/51rQe3Nwh2L._UF10001000_QL80_.jpg",1000,1000,false],"1536x1536":["https:\/\/wavexia.com\/wp-content\/uploads\/2025\/10\/51rQe3Nwh2L._UF10001000_QL80_.jpg",1000,1000,false],"2048x2048":["https:\/\/wavexia.com\/wp-content\/uploads\/2025\/10\/51rQe3Nwh2L._UF10001000_QL80_.jpg",1000,1000,false],"woocommerce_archive_thumbnail":["https:\/\/wavexia.com\/wp-content\/uploads\/2025\/10\/51rQe3Nwh2L._UF10001000_QL80_-300x300.jpg",300,300,true],"woocommerce_thumbnail":["https:\/\/wavexia.com\/wp-content\/uploads\/2025\/10\/51rQe3Nwh2L._UF10001000_QL80_-300x300.jpg",300,300,true],"woocommerce_single":["https:\/\/wavexia.com\/wp-content\/uploads\/2025\/10\/51rQe3Nwh2L._UF10001000_QL80_-600x600.jpg",600,600,true],"woocommerce_gallery_thumbnail":["https:\/\/wavexia.com\/wp-content\/uploads\/2025\/10\/51rQe3Nwh2L._UF10001000_QL80_-100x100.jpg",100,100,true]},"uagb_author_info":{"display_name":"zineddine.ayoub98@gmail.com","author_link":"https:\/\/wavexia.com\/?author=0"},"uagb_comment_info":0,"uagb_excerpt":"Description Un \u00e9cran solaire hydratant qui prot\u00e8ge la peau des dommages caus\u00e9s par les UV gr\u00e2ce \u00e0 un filtre physique SPF 50+ PA++++ tout en offrant hydratation et soin apaisant.&nbsp; Contient de la s\u00e8ve de bouleau et des ingr\u00e9dients de n\u00e9nuphar ainsi que du glyc\u00e9ryl glucoside et de l\u2019acide Vita Hyaluroni pour hydrater, apaiser et&hellip;","brands":[],"_links":{"self":[{"href":"https:\/\/wavexia.com\/index.php?rest_route=\/wp\/v2\/product\/4436","targetHints":{"allow":["GET"]}}],"collection":[{"href":"https:\/\/wavexia.com\/index.php?rest_route=\/wp\/v2\/product"}],"about":[{"href":"https:\/\/wavexia.com\/index.php?rest_route=\/wp\/v2\/types\/product"}],"replies":[{"embeddable":true,"href":"https:\/\/wavexia.com\/index.php?rest_route=%2Fwp%2Fv2%2Fcomments&post=4436"}],"wp:featuredmedia":[{"embeddable":true,"href":"https:\/\/wavexia.com\/index.php?rest_route=\/wp\/v2\/media\/4435"}],"wp:attachment":[{"href":"https:\/\/wavexia.com\/index.php?rest_route=%2Fwp%2Fv2%2Fmedia&parent=4436"}],"wp:term":[{"taxonomy":"pwb-brand","embeddable":true,"href":"https:\/\/wavexia.com\/index.php?rest_route=%2Fwp%2Fv2%2Fpwb-brand&post=4436"},{"taxonomy":"product_brand","embeddable":true,"href":"https:\/\/wavexia.com\/index.php?rest_route=%2Fwp%2Fv2%2Fproduct_brand&post=4436"},{"taxonomy":"product_cat","embeddable":true,"href":"https:\/\/wavexia.com\/index.php?rest_route=%2Fwp%2Fv2%2Fproduct_cat&post=4436"},{"taxonomy":"product_tag","embeddable":true,"href":"https:\/\/wavexia.com\/index.php?rest_route=%2Fwp%2Fv2%2Fproduct_tag&post=4436"}],"curies":[{"name":"wp","href":"https:\/\/api.w.org\/{rel}","templated":true}]}}