{"id":4429,"date":"2025-10-19T09:06:23","date_gmt":"2025-10-19T09:06:23","guid":{"rendered":"https:\/\/wavexia.com\/product\/solaray-vitamine-d3-k2-125mcg-50mcg-60-veg-capsules\/"},"modified":"2026-03-10T07:31:02","modified_gmt":"2026-03-10T07:31:02","slug":"solaray-vitamine-d3-k2-125mcg-50mcg-60-veg-capsules","status":"publish","type":"product","link":"https:\/\/wavexia.com\/?product=solaray-vitamine-d3-k2-125mcg-50mcg-60-veg-capsules","title":{"rendered":"Solaray Vitamine D3 + K2 125mcg\/50mcg 60 Veg Capsules"},"content":{"rendered":"<h2>Description<\/h2>\n<h6><span style=\"font-family: Montserrat, var(--global-fallback-font); font-size: 28px; font-weight: bold;\">Vitamine D3 + K2 60 Veg Capsules Solaray<\/span><\/h6>\n<div id=\"description\" class=\"col-12 px-0 py-2 dv_details_pr collapse in\" aria-expanded=\"true\">\n<p>Les vitamines D3 + K2 de combinent deux nutriments essentiels dans une formule synergique. La vitamine D3 facilite l\u2019absorption du calcium et du phosphore pour des os solides, tandis que la vitamine K2 soutient \u00e0 la fois la sant\u00e9 osseuse et cardiovasculaire en contribuant \u00e0 une coagulation sanguine saine.<\/p>\n<h2>BIENFAITS<\/h2>\n<ul>\n<li>Compl\u00e9ment alimentaire<\/li>\n<li>Contiennent un m\u00e9lange de vitamines&nbsp;D3 et K2<\/li>\n<li>Vitamine&nbsp;D3 (125&nbsp;\u00b5g)<\/li>\n<li>Vitamine&nbsp;K2 (50&nbsp;\u00b5g)<\/li>\n<li>Soutien osseux et cardiovasculaire*<\/li>\n<li>Produit test\u00e9 en laboratoire<\/li>\n<\/ul>\n<h2>CONSEILS D\u2019UTILISATION<\/h2>\n<p>Utiliser uniquement comme indiqu\u00e9.<\/p>\n<p>Prenez une capsule v\u00e9g\u00e9tarienne chaque jour pendant un repas ou avec un verre d\u2019eau.<\/p>\n<\/div>\n","protected":false},"excerpt":{"rendered":"<p>Description Vitamine D3 + K2 60 Veg Capsules Solaray Les vitamines D3 + K2 de combinent deux nutriments essentiels dans une formule synergique. La vitamine D3 facilite l\u2019absorption du calcium et du phosphore pour des os solides, tandis que la vitamine K2 soutient \u00e0 la fois la sant\u00e9 osseuse et cardiovasculaire en contribuant \u00e0 une [&hellip;]<\/p>\n","protected":false},"featured_media":4428,"comment_status":"open","ping_status":"closed","template":"","meta":{"content-type":"","_uag_custom_page_level_css":""},"pwb-brand":[],"product_brand":[],"product_cat":[330],"product_tag":[],"class_list":{"0":"post-4429","1":"product","2":"type-product","3":"status-publish","4":"has-post-thumbnail","6":"product_cat-complements-alimentaires","8":"first","9":"instock","10":"shipping-taxable","11":"purchasable","12":"product-type-simple"},"aioseo_notices":[],"uagb_featured_image_src":{"full":["https:\/\/wavexia.com\/wp-content\/uploads\/2025\/10\/vitamine-d3-k2-60-veg-capsules-solaray.jpg",1200,1000,false],"thumbnail":["https:\/\/wavexia.com\/wp-content\/uploads\/2025\/10\/vitamine-d3-k2-60-veg-capsules-solaray-150x150.jpg",150,150,true],"medium":["https:\/\/wavexia.com\/wp-content\/uploads\/2025\/10\/vitamine-d3-k2-60-veg-capsules-solaray-300x250.jpg",300,250,true],"medium_large":["https:\/\/wavexia.com\/wp-content\/uploads\/2025\/10\/vitamine-d3-k2-60-veg-capsules-solaray-768x640.jpg",768,640,true],"large":["https:\/\/wavexia.com\/wp-content\/uploads\/2025\/10\/vitamine-d3-k2-60-veg-capsules-solaray-1024x853.jpg",1024,853,true],"1536x1536":["https:\/\/wavexia.com\/wp-content\/uploads\/2025\/10\/vitamine-d3-k2-60-veg-capsules-solaray.jpg",1200,1000,false],"2048x2048":["https:\/\/wavexia.com\/wp-content\/uploads\/2025\/10\/vitamine-d3-k2-60-veg-capsules-solaray.jpg",1200,1000,false],"woocommerce_archive_thumbnail":["https:\/\/wavexia.com\/wp-content\/uploads\/2025\/10\/vitamine-d3-k2-60-veg-capsules-solaray-300x250.jpg",300,250,true],"woocommerce_thumbnail":["https:\/\/wavexia.com\/wp-content\/uploads\/2025\/10\/vitamine-d3-k2-60-veg-capsules-solaray-300x300.jpg",300,300,true],"woocommerce_single":["https:\/\/wavexia.com\/wp-content\/uploads\/2025\/10\/vitamine-d3-k2-60-veg-capsules-solaray-600x500.jpg",600,500,true],"woocommerce_gallery_thumbnail":["https:\/\/wavexia.com\/wp-content\/uploads\/2025\/10\/vitamine-d3-k2-60-veg-capsules-solaray-100x100.jpg",100,100,true]},"uagb_author_info":{"display_name":"zineddine.ayoub98@gmail.com","author_link":"https:\/\/wavexia.com\/?author=0"},"uagb_comment_info":0,"uagb_excerpt":"Description Vitamine D3 + K2 60 Veg Capsules Solaray Les vitamines D3 + K2 de combinent deux nutriments essentiels dans une formule synergique. La vitamine D3 facilite l\u2019absorption du calcium et du phosphore pour des os solides, tandis que la vitamine K2 soutient \u00e0 la fois la sant\u00e9 osseuse et cardiovasculaire en contribuant \u00e0 une&hellip;","brands":[],"_links":{"self":[{"href":"https:\/\/wavexia.com\/index.php?rest_route=\/wp\/v2\/product\/4429","targetHints":{"allow":["GET"]}}],"collection":[{"href":"https:\/\/wavexia.com\/index.php?rest_route=\/wp\/v2\/product"}],"about":[{"href":"https:\/\/wavexia.com\/index.php?rest_route=\/wp\/v2\/types\/product"}],"replies":[{"embeddable":true,"href":"https:\/\/wavexia.com\/index.php?rest_route=%2Fwp%2Fv2%2Fcomments&post=4429"}],"wp:featuredmedia":[{"embeddable":true,"href":"https:\/\/wavexia.com\/index.php?rest_route=\/wp\/v2\/media\/4428"}],"wp:attachment":[{"href":"https:\/\/wavexia.com\/index.php?rest_route=%2Fwp%2Fv2%2Fmedia&parent=4429"}],"wp:term":[{"taxonomy":"pwb-brand","embeddable":true,"href":"https:\/\/wavexia.com\/index.php?rest_route=%2Fwp%2Fv2%2Fpwb-brand&post=4429"},{"taxonomy":"product_brand","embeddable":true,"href":"https:\/\/wavexia.com\/index.php?rest_route=%2Fwp%2Fv2%2Fproduct_brand&post=4429"},{"taxonomy":"product_cat","embeddable":true,"href":"https:\/\/wavexia.com\/index.php?rest_route=%2Fwp%2Fv2%2Fproduct_cat&post=4429"},{"taxonomy":"product_tag","embeddable":true,"href":"https:\/\/wavexia.com\/index.php?rest_route=%2Fwp%2Fv2%2Fproduct_tag&post=4429"}],"curies":[{"name":"wp","href":"https:\/\/api.w.org\/{rel}","templated":true}]}}