{"id":4427,"date":"2025-10-19T09:06:22","date_gmt":"2025-10-19T09:06:22","guid":{"rendered":"https:\/\/wavexia.com\/product\/now-foods-zinc-picolinate-50mg-60-veg-capsules\/"},"modified":"2026-03-10T07:31:02","modified_gmt":"2026-03-10T07:31:02","slug":"now-foods-zinc-picolinate-50mg-60-veg-capsules","status":"publish","type":"product","link":"https:\/\/wavexia.com\/?product=now-foods-zinc-picolinate-50mg-60-veg-capsules","title":{"rendered":"Now Foods ZINC PICOLINATE, 50mg, 60 Veg Capsules"},"content":{"rendered":"<h2>Description<\/h2>\n<p>Le zinc est un min\u00e9ral essentiel qui joue un r\u00f4le important dans de nombreuses fonctions enzymatiques.* Pr\u00e9sent principalement dans les reins, le foie, le pancr\u00e9as et le cerveau, le zinc aide \u00e9galement \u00e0 soutenir les fonctions saines du syst\u00e8me immunitaire et est un composant important des syst\u00e8mes antioxydants corporels.* Le picolinate de zinc est form\u00e9 par la liaison du zinc avec l\u2019acide picolinique. Cette forme sp\u00e9ciale de zinc a \u00e9t\u00e9 utilis\u00e9e parce qu\u2019elle est mieux absorb\u00e9e que de nombreuses autres formes.<\/p>\n<h5>mode d\u2019emploi:<\/h5>\n<p>Prendre 1 g\u00e9lule par jour avec un repas.<\/p>\n<p>&nbsp;<\/p>\n","protected":false},"excerpt":{"rendered":"<p>Description Le zinc est un min\u00e9ral essentiel qui joue un r\u00f4le important dans de nombreuses fonctions enzymatiques.* Pr\u00e9sent principalement dans les reins, le foie, le pancr\u00e9as et le cerveau, le zinc aide \u00e9galement \u00e0 soutenir les fonctions saines du syst\u00e8me immunitaire et est un composant important des syst\u00e8mes antioxydants corporels.* Le picolinate de zinc est [&hellip;]<\/p>\n","protected":false},"featured_media":4426,"comment_status":"open","ping_status":"closed","template":"","meta":{"content-type":"","_uag_custom_page_level_css":""},"pwb-brand":[],"product_brand":[],"product_cat":[330,329],"product_tag":[],"class_list":{"0":"post-4427","1":"product","2":"type-product","3":"status-publish","4":"has-post-thumbnail","6":"product_cat-complements-alimentaires","7":"product_cat-produits-americains","9":"first","10":"instock","11":"sale","12":"shipping-taxable","13":"purchasable","14":"product-type-simple"},"aioseo_notices":[],"uagb_featured_image_src":{"full":["https:\/\/wavexia.com\/wp-content\/uploads\/2025\/10\/71dVu8U9IxL.jpg",1600,1600,false],"thumbnail":["https:\/\/wavexia.com\/wp-content\/uploads\/2025\/10\/71dVu8U9IxL-150x150.jpg",150,150,true],"medium":["https:\/\/wavexia.com\/wp-content\/uploads\/2025\/10\/71dVu8U9IxL-300x300.jpg",300,300,true],"medium_large":["https:\/\/wavexia.com\/wp-content\/uploads\/2025\/10\/71dVu8U9IxL-768x768.jpg",768,768,true],"large":["https:\/\/wavexia.com\/wp-content\/uploads\/2025\/10\/71dVu8U9IxL-1024x1024.jpg",1024,1024,true],"1536x1536":["https:\/\/wavexia.com\/wp-content\/uploads\/2025\/10\/71dVu8U9IxL-1536x1536.jpg",1536,1536,true],"2048x2048":["https:\/\/wavexia.com\/wp-content\/uploads\/2025\/10\/71dVu8U9IxL.jpg",1600,1600,false],"woocommerce_archive_thumbnail":["https:\/\/wavexia.com\/wp-content\/uploads\/2025\/10\/71dVu8U9IxL-300x300.jpg",300,300,true],"woocommerce_thumbnail":["https:\/\/wavexia.com\/wp-content\/uploads\/2025\/10\/71dVu8U9IxL-300x300.jpg",300,300,true],"woocommerce_single":["https:\/\/wavexia.com\/wp-content\/uploads\/2025\/10\/71dVu8U9IxL-600x600.jpg",600,600,true],"woocommerce_gallery_thumbnail":["https:\/\/wavexia.com\/wp-content\/uploads\/2025\/10\/71dVu8U9IxL-100x100.jpg",100,100,true]},"uagb_author_info":{"display_name":"zineddine.ayoub98@gmail.com","author_link":"https:\/\/wavexia.com\/?author=0"},"uagb_comment_info":0,"uagb_excerpt":"Description Le zinc est un min\u00e9ral essentiel qui joue un r\u00f4le important dans de nombreuses fonctions enzymatiques.* Pr\u00e9sent principalement dans les reins, le foie, le pancr\u00e9as et le cerveau, le zinc aide \u00e9galement \u00e0 soutenir les fonctions saines du syst\u00e8me immunitaire et est un composant important des syst\u00e8mes antioxydants corporels.* Le picolinate de zinc est&hellip;","brands":[],"_links":{"self":[{"href":"https:\/\/wavexia.com\/index.php?rest_route=\/wp\/v2\/product\/4427","targetHints":{"allow":["GET"]}}],"collection":[{"href":"https:\/\/wavexia.com\/index.php?rest_route=\/wp\/v2\/product"}],"about":[{"href":"https:\/\/wavexia.com\/index.php?rest_route=\/wp\/v2\/types\/product"}],"replies":[{"embeddable":true,"href":"https:\/\/wavexia.com\/index.php?rest_route=%2Fwp%2Fv2%2Fcomments&post=4427"}],"wp:featuredmedia":[{"embeddable":true,"href":"https:\/\/wavexia.com\/index.php?rest_route=\/wp\/v2\/media\/4426"}],"wp:attachment":[{"href":"https:\/\/wavexia.com\/index.php?rest_route=%2Fwp%2Fv2%2Fmedia&parent=4427"}],"wp:term":[{"taxonomy":"pwb-brand","embeddable":true,"href":"https:\/\/wavexia.com\/index.php?rest_route=%2Fwp%2Fv2%2Fpwb-brand&post=4427"},{"taxonomy":"product_brand","embeddable":true,"href":"https:\/\/wavexia.com\/index.php?rest_route=%2Fwp%2Fv2%2Fproduct_brand&post=4427"},{"taxonomy":"product_cat","embeddable":true,"href":"https:\/\/wavexia.com\/index.php?rest_route=%2Fwp%2Fv2%2Fproduct_cat&post=4427"},{"taxonomy":"product_tag","embeddable":true,"href":"https:\/\/wavexia.com\/index.php?rest_route=%2Fwp%2Fv2%2Fproduct_tag&post=4427"}],"curies":[{"name":"wp","href":"https:\/\/api.w.org\/{rel}","templated":true}]}}