{"id":4425,"date":"2025-10-19T09:06:19","date_gmt":"2025-10-19T09:06:19","guid":{"rendered":"https:\/\/wavexia.com\/product\/now-foods-selenium-100-%c2%b5g-100-comprimes\/"},"modified":"2026-03-10T07:31:02","modified_gmt":"2026-03-10T07:31:02","slug":"now-foods-selenium-100-%c2%b5g-100-comprimes","status":"publish","type":"product","link":"https:\/\/wavexia.com\/?product=now-foods-selenium-100-%c2%b5g-100-comprimes","title":{"rendered":"NOW Foods S\u00e9l\u00e9nium 100 \u00b5g 100 comprim\u00e9s"},"content":{"rendered":"<h2>Description<\/h2>\n<div class=\"row item-row\">\n<div class=\"col-xs-24\">\n<div>\n<ul>\n<li>Min\u00e9raux essentiels<\/li>\n<li>Sans levure<\/li>\n<li>Sans OGM<\/li>\n<li>Compl\u00e9ment alimentaire<\/li>\n<li>V\u00e9g\u00e9tarien\/Vegan<\/li>\n<li>Casher<\/li>\n<li>Min\u00e9raux<\/li>\n<li>Entreprise familiale depuis 1968<\/li>\n<li>Qualit\u00e9 BPF garantie<\/li>\n<\/ul>\n<p>Le s\u00e9l\u00e9nium est un oligo\u00e9l\u00e9ment essentiel que l\u2019on trouve naturellement dans les noix du Br\u00e9sil, les abats, les fruits de mer et le germe de bl\u00e9.<\/p>\n<\/div>\n<\/div>\n<div class=\"row item-row\">\n<div class=\"col-xs-24\">\n<h5>Usage sugg\u00e9r\u00e9<\/h5>\n<div class=\"prodOverviewDetail\">Prenez 1&nbsp;comprim\u00e9 1&nbsp;\u00e0&nbsp;2&nbsp;fois par jour au moment des repas.<\/div>\n<\/div>\n<\/div>\n<\/div>\n","protected":false},"excerpt":{"rendered":"<p>Description Min\u00e9raux essentiels Sans levure Sans OGM Compl\u00e9ment alimentaire V\u00e9g\u00e9tarien\/Vegan Casher Min\u00e9raux Entreprise familiale depuis 1968 Qualit\u00e9 BPF garantie Le s\u00e9l\u00e9nium est un oligo\u00e9l\u00e9ment essentiel que l\u2019on trouve naturellement dans les noix du Br\u00e9sil, les abats, les fruits de mer et le germe de bl\u00e9. Usage sugg\u00e9r\u00e9 Prenez 1&nbsp;comprim\u00e9 1&nbsp;\u00e0&nbsp;2&nbsp;fois par jour au moment des [&hellip;]<\/p>\n","protected":false},"featured_media":4424,"comment_status":"open","ping_status":"closed","template":"","meta":{"content-type":"","_uag_custom_page_level_css":""},"pwb-brand":[],"product_brand":[],"product_cat":[330],"product_tag":[],"class_list":{"0":"post-4425","1":"product","2":"type-product","3":"status-publish","4":"has-post-thumbnail","6":"product_cat-complements-alimentaires","8":"first","9":"instock","10":"sale","11":"shipping-taxable","12":"purchasable","13":"product-type-simple"},"aioseo_notices":[],"uagb_featured_image_src":{"full":["https:\/\/wavexia.com\/wp-content\/uploads\/2025\/10\/1-16.jpg",500,500,false],"thumbnail":["https:\/\/wavexia.com\/wp-content\/uploads\/2025\/10\/1-16-150x150.jpg",150,150,true],"medium":["https:\/\/wavexia.com\/wp-content\/uploads\/2025\/10\/1-16-300x300.jpg",300,300,true],"medium_large":["https:\/\/wavexia.com\/wp-content\/uploads\/2025\/10\/1-16.jpg",500,500,false],"large":["https:\/\/wavexia.com\/wp-content\/uploads\/2025\/10\/1-16.jpg",500,500,false],"1536x1536":["https:\/\/wavexia.com\/wp-content\/uploads\/2025\/10\/1-16.jpg",500,500,false],"2048x2048":["https:\/\/wavexia.com\/wp-content\/uploads\/2025\/10\/1-16.jpg",500,500,false],"woocommerce_archive_thumbnail":["https:\/\/wavexia.com\/wp-content\/uploads\/2025\/10\/1-16-300x300.jpg",300,300,true],"woocommerce_thumbnail":["https:\/\/wavexia.com\/wp-content\/uploads\/2025\/10\/1-16-300x300.jpg",300,300,true],"woocommerce_single":["https:\/\/wavexia.com\/wp-content\/uploads\/2025\/10\/1-16.jpg",500,500,false],"woocommerce_gallery_thumbnail":["https:\/\/wavexia.com\/wp-content\/uploads\/2025\/10\/1-16-100x100.jpg",100,100,true]},"uagb_author_info":{"display_name":"zineddine.ayoub98@gmail.com","author_link":"https:\/\/wavexia.com\/?author=0"},"uagb_comment_info":0,"uagb_excerpt":"Description Min\u00e9raux essentiels Sans levure Sans OGM Compl\u00e9ment alimentaire V\u00e9g\u00e9tarien\/Vegan Casher Min\u00e9raux Entreprise familiale depuis 1968 Qualit\u00e9 BPF garantie Le s\u00e9l\u00e9nium est un oligo\u00e9l\u00e9ment essentiel que l\u2019on trouve naturellement dans les noix du Br\u00e9sil, les abats, les fruits de mer et le germe de bl\u00e9. Usage sugg\u00e9r\u00e9 Prenez 1&nbsp;comprim\u00e9 1&nbsp;\u00e0&nbsp;2&nbsp;fois par jour au moment des&hellip;","brands":[],"_links":{"self":[{"href":"https:\/\/wavexia.com\/index.php?rest_route=\/wp\/v2\/product\/4425","targetHints":{"allow":["GET"]}}],"collection":[{"href":"https:\/\/wavexia.com\/index.php?rest_route=\/wp\/v2\/product"}],"about":[{"href":"https:\/\/wavexia.com\/index.php?rest_route=\/wp\/v2\/types\/product"}],"replies":[{"embeddable":true,"href":"https:\/\/wavexia.com\/index.php?rest_route=%2Fwp%2Fv2%2Fcomments&post=4425"}],"wp:featuredmedia":[{"embeddable":true,"href":"https:\/\/wavexia.com\/index.php?rest_route=\/wp\/v2\/media\/4424"}],"wp:attachment":[{"href":"https:\/\/wavexia.com\/index.php?rest_route=%2Fwp%2Fv2%2Fmedia&parent=4425"}],"wp:term":[{"taxonomy":"pwb-brand","embeddable":true,"href":"https:\/\/wavexia.com\/index.php?rest_route=%2Fwp%2Fv2%2Fpwb-brand&post=4425"},{"taxonomy":"product_brand","embeddable":true,"href":"https:\/\/wavexia.com\/index.php?rest_route=%2Fwp%2Fv2%2Fproduct_brand&post=4425"},{"taxonomy":"product_cat","embeddable":true,"href":"https:\/\/wavexia.com\/index.php?rest_route=%2Fwp%2Fv2%2Fproduct_cat&post=4425"},{"taxonomy":"product_tag","embeddable":true,"href":"https:\/\/wavexia.com\/index.php?rest_route=%2Fwp%2Fv2%2Fproduct_tag&post=4425"}],"curies":[{"name":"wp","href":"https:\/\/api.w.org\/{rel}","templated":true}]}}