{"id":4418,"date":"2025-10-19T09:06:15","date_gmt":"2025-10-19T09:06:15","guid":{"rendered":"https:\/\/wavexia.com\/product\/charlotte-tilbury-beauty-light-wand-easy-highlighter-ref-pillow-talk\/"},"modified":"2026-03-10T07:31:02","modified_gmt":"2026-03-10T07:31:02","slug":"charlotte-tilbury-beauty-light-wand-easy-highlighter-ref-pillow-talk","status":"publish","type":"product","link":"https:\/\/wavexia.com\/?product=charlotte-tilbury-beauty-light-wand-easy-highlighter-ref-pillow-talk","title":{"rendered":"CHARLOTTE TILBURY \u2013 Beauty Light Wand \u2013 Easy Highlighter \u2013 R\u00e9f Pillow Talk"},"content":{"rendered":"<h2>Description<\/h2>\n<p>La formule magique du fard \u00e0 joues surligneur ajoute un baiser de couleur \u00e0 vos joues et joue magnifiquement avec la lumi\u00e8re pour un \u00e9clat de beaut\u00e9 doux! Je les appelle mes lumi\u00e8res de diva de tapis rouge \u2013 elles jouent avec la lumi\u00e8re et vous font para\u00eetre instantan\u00e9ment \u00e9clatante et magnifique.<\/p>\n","protected":false},"excerpt":{"rendered":"<p>Description La formule magique du fard \u00e0 joues surligneur ajoute un baiser de couleur \u00e0 vos joues et joue magnifiquement avec la lumi\u00e8re pour un \u00e9clat de beaut\u00e9 doux! Je les appelle mes lumi\u00e8res de diva de tapis rouge \u2013 elles jouent avec la lumi\u00e8re et vous font para\u00eetre instantan\u00e9ment \u00e9clatante et magnifique.<\/p>\n","protected":false},"featured_media":4417,"comment_status":"open","ping_status":"closed","template":"","meta":{"content-type":"","_uag_custom_page_level_css":""},"pwb-brand":[],"product_brand":[],"product_cat":[425,360],"product_tag":[],"class_list":{"0":"post-4418","1":"product","2":"type-product","3":"status-publish","4":"has-post-thumbnail","6":"product_cat-charlotte-tilbury","7":"product_cat-maquillage","9":"first","10":"instock","11":"sale","12":"shipping-taxable","13":"purchasable","14":"product-type-simple"},"aioseo_notices":[],"uagb_featured_image_src":{"full":["https:\/\/wavexia.com\/wp-content\/uploads\/2025\/10\/BLW-Light-Packaging-With-Prod.webp",500,500,false],"thumbnail":["https:\/\/wavexia.com\/wp-content\/uploads\/2025\/10\/BLW-Light-Packaging-With-Prod-150x150.webp",150,150,true],"medium":["https:\/\/wavexia.com\/wp-content\/uploads\/2025\/10\/BLW-Light-Packaging-With-Prod-300x300.webp",300,300,true],"medium_large":["https:\/\/wavexia.com\/wp-content\/uploads\/2025\/10\/BLW-Light-Packaging-With-Prod.webp",500,500,false],"large":["https:\/\/wavexia.com\/wp-content\/uploads\/2025\/10\/BLW-Light-Packaging-With-Prod.webp",500,500,false],"1536x1536":["https:\/\/wavexia.com\/wp-content\/uploads\/2025\/10\/BLW-Light-Packaging-With-Prod.webp",500,500,false],"2048x2048":["https:\/\/wavexia.com\/wp-content\/uploads\/2025\/10\/BLW-Light-Packaging-With-Prod.webp",500,500,false],"woocommerce_archive_thumbnail":["https:\/\/wavexia.com\/wp-content\/uploads\/2025\/10\/BLW-Light-Packaging-With-Prod-300x300.webp",300,300,true],"woocommerce_thumbnail":["https:\/\/wavexia.com\/wp-content\/uploads\/2025\/10\/BLW-Light-Packaging-With-Prod-300x300.webp",300,300,true],"woocommerce_single":["https:\/\/wavexia.com\/wp-content\/uploads\/2025\/10\/BLW-Light-Packaging-With-Prod.webp",500,500,false],"woocommerce_gallery_thumbnail":["https:\/\/wavexia.com\/wp-content\/uploads\/2025\/10\/BLW-Light-Packaging-With-Prod-100x100.webp",100,100,true]},"uagb_author_info":{"display_name":"zineddine.ayoub98@gmail.com","author_link":"https:\/\/wavexia.com\/?author=0"},"uagb_comment_info":0,"uagb_excerpt":"Description La formule magique du fard \u00e0 joues surligneur ajoute un baiser de couleur \u00e0 vos joues et joue magnifiquement avec la lumi\u00e8re pour un \u00e9clat de beaut\u00e9 doux! Je les appelle mes lumi\u00e8res de diva de tapis rouge \u2013 elles jouent avec la lumi\u00e8re et vous font para\u00eetre instantan\u00e9ment \u00e9clatante et magnifique.","brands":[],"_links":{"self":[{"href":"https:\/\/wavexia.com\/index.php?rest_route=\/wp\/v2\/product\/4418","targetHints":{"allow":["GET"]}}],"collection":[{"href":"https:\/\/wavexia.com\/index.php?rest_route=\/wp\/v2\/product"}],"about":[{"href":"https:\/\/wavexia.com\/index.php?rest_route=\/wp\/v2\/types\/product"}],"replies":[{"embeddable":true,"href":"https:\/\/wavexia.com\/index.php?rest_route=%2Fwp%2Fv2%2Fcomments&post=4418"}],"wp:featuredmedia":[{"embeddable":true,"href":"https:\/\/wavexia.com\/index.php?rest_route=\/wp\/v2\/media\/4417"}],"wp:attachment":[{"href":"https:\/\/wavexia.com\/index.php?rest_route=%2Fwp%2Fv2%2Fmedia&parent=4418"}],"wp:term":[{"taxonomy":"pwb-brand","embeddable":true,"href":"https:\/\/wavexia.com\/index.php?rest_route=%2Fwp%2Fv2%2Fpwb-brand&post=4418"},{"taxonomy":"product_brand","embeddable":true,"href":"https:\/\/wavexia.com\/index.php?rest_route=%2Fwp%2Fv2%2Fproduct_brand&post=4418"},{"taxonomy":"product_cat","embeddable":true,"href":"https:\/\/wavexia.com\/index.php?rest_route=%2Fwp%2Fv2%2Fproduct_cat&post=4418"},{"taxonomy":"product_tag","embeddable":true,"href":"https:\/\/wavexia.com\/index.php?rest_route=%2Fwp%2Fv2%2Fproduct_tag&post=4418"}],"curies":[{"name":"wp","href":"https:\/\/api.w.org\/{rel}","templated":true}]}}