{"id":4408,"date":"2025-10-19T09:06:00","date_gmt":"2025-10-19T09:06:00","guid":{"rendered":"https:\/\/wavexia.com\/product\/medicube-glutathione-glow-serum\/"},"modified":"2026-03-10T07:31:02","modified_gmt":"2026-03-10T07:31:02","slug":"medicube-glutathione-glow-serum","status":"publish","type":"product","link":"https:\/\/wavexia.com\/?product=medicube-glutathione-glow-serum","title":{"rendered":"Medicube Glutathione Glow Serum"},"content":{"rendered":"<h2>Description<\/h2>\n<p>Faites l\u2019exp\u00e9rience de l\u2019\u00e9clat et de l\u2019\u00e9clat ultimes avec le s\u00e9rum Glutathion Glow de Medicube. Ce s\u00e9rum exclusif est formul\u00e9 avec une teneur \u00e9lev\u00e9e en glutathion pour \u00e9claircir la pigmentation et am\u00e9liorer l\u2019\u00e9lasticit\u00e9 pour une peau non dess\u00e9chante et hydrat\u00e9e.<\/p>\n<p><span lang=\"EN-GB\">Le s\u00e9rum Glutathion Glow de Medicube aide \u00e0 estomper les imperfections\/taches\/pigmentation et \u00e0 donner de l\u2019\u00e9clat \u00e0 la peau tout en liftant visiblement les pattes d\u2019oie, les rides du sourire et les rides du front volumineuses.<\/span><\/p>\n<p>Parfaitement adapt\u00e9 au Booster-H, ce s\u00e9rum intensifie l\u2019hydratation de la peau et am\u00e9liore visiblement l\u2019\u00e9clat jusqu\u2019\u00e0 24 heures. Lib\u00e9rez tout le potentiel de votre peau gr\u00e2ce \u00e0 la technologie active Glow-zom.<\/p>\n<p><span lang=\"EN-GB\">Ingr\u00e9dients cl\u00e9s :<\/span><\/p>\n<p><span lang=\"EN-GB\">Glutathion (50 000 ppm)<\/span><\/p>\n<p><span lang=\"EN-GB\">Niacinamide<\/span><\/p>\n<p><span lang=\"EN-GB\">Ad\u00e9nosine<\/span><\/p>\n<p><span lang=\"EN-GB\">Collag\u00e8ne brevet\u00e9 semblable \u00e0 la peau<\/span><\/p>\n<p><span lang=\"EN-GB\">Lysat de fermentation bifida<\/span><\/p>\n<p><span lang=\"EN-GB\">Pour l\u2019utiliser, appliquez une couche g\u00e9n\u00e9reuse de produit sur la zone souhait\u00e9e<\/span><\/p>\n","protected":false},"excerpt":{"rendered":"<p>Description Faites l\u2019exp\u00e9rience de l\u2019\u00e9clat et de l\u2019\u00e9clat ultimes avec le s\u00e9rum Glutathion Glow de Medicube. Ce s\u00e9rum exclusif est formul\u00e9 avec une teneur \u00e9lev\u00e9e en glutathion pour \u00e9claircir la pigmentation et am\u00e9liorer l\u2019\u00e9lasticit\u00e9 pour une peau non dess\u00e9chante et hydrat\u00e9e. Le s\u00e9rum Glutathion Glow de Medicube aide \u00e0 estomper les imperfections\/taches\/pigmentation et \u00e0 donner [&hellip;]<\/p>\n","protected":false},"featured_media":4407,"comment_status":"open","ping_status":"closed","template":"","meta":{"content-type":"","_uag_custom_page_level_css":""},"pwb-brand":[],"product_brand":[],"product_cat":[349,334,338],"product_tag":[],"class_list":{"0":"post-4408","1":"product","2":"type-product","3":"status-publish","4":"has-post-thumbnail","6":"product_cat-medicube","7":"product_cat-produits-coreens","8":"product_cat-serum-ampoule","10":"first","11":"instock","12":"sale","13":"shipping-taxable","14":"purchasable","15":"product-type-simple"},"aioseo_notices":[],"uagb_featured_image_src":{"full":["https:\/\/wavexia.com\/wp-content\/uploads\/2025\/10\/XXL_p0207051114.webp",640,640,false],"thumbnail":["https:\/\/wavexia.com\/wp-content\/uploads\/2025\/10\/XXL_p0207051114-150x150.webp",150,150,true],"medium":["https:\/\/wavexia.com\/wp-content\/uploads\/2025\/10\/XXL_p0207051114-300x300.webp",300,300,true],"medium_large":["https:\/\/wavexia.com\/wp-content\/uploads\/2025\/10\/XXL_p0207051114.webp",640,640,false],"large":["https:\/\/wavexia.com\/wp-content\/uploads\/2025\/10\/XXL_p0207051114.webp",640,640,false],"1536x1536":["https:\/\/wavexia.com\/wp-content\/uploads\/2025\/10\/XXL_p0207051114.webp",640,640,false],"2048x2048":["https:\/\/wavexia.com\/wp-content\/uploads\/2025\/10\/XXL_p0207051114.webp",640,640,false],"woocommerce_archive_thumbnail":["https:\/\/wavexia.com\/wp-content\/uploads\/2025\/10\/XXL_p0207051114-300x300.webp",300,300,true],"woocommerce_thumbnail":["https:\/\/wavexia.com\/wp-content\/uploads\/2025\/10\/XXL_p0207051114-300x300.webp",300,300,true],"woocommerce_single":["https:\/\/wavexia.com\/wp-content\/uploads\/2025\/10\/XXL_p0207051114-600x600.webp",600,600,true],"woocommerce_gallery_thumbnail":["https:\/\/wavexia.com\/wp-content\/uploads\/2025\/10\/XXL_p0207051114-100x100.webp",100,100,true]},"uagb_author_info":{"display_name":"zineddine.ayoub98@gmail.com","author_link":"https:\/\/wavexia.com\/?author=0"},"uagb_comment_info":0,"uagb_excerpt":"Description Faites l\u2019exp\u00e9rience de l\u2019\u00e9clat et de l\u2019\u00e9clat ultimes avec le s\u00e9rum Glutathion Glow de Medicube. Ce s\u00e9rum exclusif est formul\u00e9 avec une teneur \u00e9lev\u00e9e en glutathion pour \u00e9claircir la pigmentation et am\u00e9liorer l\u2019\u00e9lasticit\u00e9 pour une peau non dess\u00e9chante et hydrat\u00e9e. Le s\u00e9rum Glutathion Glow de Medicube aide \u00e0 estomper les imperfections\/taches\/pigmentation et \u00e0 donner&hellip;","brands":[],"_links":{"self":[{"href":"https:\/\/wavexia.com\/index.php?rest_route=\/wp\/v2\/product\/4408","targetHints":{"allow":["GET"]}}],"collection":[{"href":"https:\/\/wavexia.com\/index.php?rest_route=\/wp\/v2\/product"}],"about":[{"href":"https:\/\/wavexia.com\/index.php?rest_route=\/wp\/v2\/types\/product"}],"replies":[{"embeddable":true,"href":"https:\/\/wavexia.com\/index.php?rest_route=%2Fwp%2Fv2%2Fcomments&post=4408"}],"wp:featuredmedia":[{"embeddable":true,"href":"https:\/\/wavexia.com\/index.php?rest_route=\/wp\/v2\/media\/4407"}],"wp:attachment":[{"href":"https:\/\/wavexia.com\/index.php?rest_route=%2Fwp%2Fv2%2Fmedia&parent=4408"}],"wp:term":[{"taxonomy":"pwb-brand","embeddable":true,"href":"https:\/\/wavexia.com\/index.php?rest_route=%2Fwp%2Fv2%2Fpwb-brand&post=4408"},{"taxonomy":"product_brand","embeddable":true,"href":"https:\/\/wavexia.com\/index.php?rest_route=%2Fwp%2Fv2%2Fproduct_brand&post=4408"},{"taxonomy":"product_cat","embeddable":true,"href":"https:\/\/wavexia.com\/index.php?rest_route=%2Fwp%2Fv2%2Fproduct_cat&post=4408"},{"taxonomy":"product_tag","embeddable":true,"href":"https:\/\/wavexia.com\/index.php?rest_route=%2Fwp%2Fv2%2Fproduct_tag&post=4408"}],"curies":[{"name":"wp","href":"https:\/\/api.w.org\/{rel}","templated":true}]}}