{"id":4402,"date":"2025-10-19T09:05:56","date_gmt":"2025-10-19T09:05:56","guid":{"rendered":"https:\/\/wavexia.com\/product\/dr-g-brightening-up-sun-35ml\/"},"modified":"2026-03-10T07:31:02","modified_gmt":"2026-03-10T07:31:02","slug":"dr-g-brightening-up-sun-35ml","status":"publish","type":"product","link":"https:\/\/wavexia.com\/?product=dr-g-brightening-up-sun-35ml","title":{"rendered":"DR.G BRIGHTENING UP SUN+ 35ML"},"content":{"rendered":"<h2>Description<\/h2>\n<p aria-expanded=\"false\" aria-controls=\"\u00abRhkeh6htrndnb\u00bb\">Cet<br \/>\u00e9cran solaire de couleur p\u00eache avec du pycnog\u00e9nol pour favoriser la sant\u00e9 de la peau dure 24 heures sur 24 et garde votre peau fra\u00eeche toute la journ\u00e9e.<\/p>\n<p>Cr\u00e8me solaire avec 5 couches de protection<br \/>Prot\u00e8ge contre la lumi\u00e8re bleue, la lumi\u00e8re infrarouge, la pollution et les rayons UVA et UVB.<\/p>\n<p>Le complexe Tanin doux et frais<br \/>* s\u2019attaque \u00e0 l\u2019exc\u00e8s de s\u00e9bum, maintient votre peau douce et fra\u00eeche tout au long de la journ\u00e9e. (Complexe Tanin : Extrait de Th\u00e9 Vert, Huile de P\u00e9pins de Raisin, Extrait de Feuille de Kaki)<\/p>\n<p>Le pycnog\u00e9nol est un ingr\u00e9dient puissant connu pour sa capacit\u00e9 \u00e0 r\u00e9sister aux courants violents et au soleil br\u00fblant des c\u00f4tes fran\u00e7aises. Cet ingr\u00e9dient offre une protection suppl\u00e9mentaire \u00e0 la peau afin de la garder en bonne sant\u00e9.<\/p>\n<h5 class=\"accordion_title__igE6o MuiBox-root mui-0\" aria-expanded=\"false\" aria-controls=\"\u00abRhkeh6htrndnb\u00bb\">Ingr\u00e9dients:<\/h5>\n<p>Water, Cyclopentasiloxane, Ethylhexyl Methoxycinnamate, Zinc Oxide (CI 77947), Cyclohexasiloxane, Ethylhexyl Salicylate, Butylene Glycol, Methyl Methacrylate Crosspolymer, Polyglyceryl-3 Polydimethylsiloxyethyl Dimethicone, Titanium Dioxide (CI 77891), Dipropylene Glycol, Ethylhexyl Palmitate, Niacinamide, Vinyl Dimethicone\/Methicone Silsesquioxane Crosspolymer, Sorbitan Isostearate, Dimethicone\/Vinyl Dimethicone Crosspolymer, Caprylyl Methicone, Pinus Pinaster Bark Extract, Caesalpinia Spinosa Fruit Extract, Kappaphycus Alvarezii Extract, Vitis Vinifera (Grape) Seed Oil, Buddleja Officinalis Flower Extract, Dispyros Kaki Leaf Extract, Camellia Sinensis Leaf Extract, Dimethicone, Disteardimonium Hectorite, Polymethylsilsesquioxane, Magnesium Sulfate, C30-45 Alkyl Cetearyl Dimethicone Crosspolymer, Aluminum Hydroxide Oxide, Stearic Acid, Caprylyl Glycol, Glyceryl Caprylate, Polymethylmethacrylate, Triethoxycaprylylsilane, 1,2-Hexanediol, Propanediol, Disodium EDTA, Polyvinyl Alcohol, Hydrated Ferric Oxide (CI 77492), Ferric Oxide (CI 77491)<\/p>\n","protected":false},"excerpt":{"rendered":"<p>Description Cet\u00e9cran solaire de couleur p\u00eache avec du pycnog\u00e9nol pour favoriser la sant\u00e9 de la peau dure 24 heures sur 24 et garde votre peau fra\u00eeche toute la journ\u00e9e. Cr\u00e8me solaire avec 5 couches de protectionProt\u00e8ge contre la lumi\u00e8re bleue, la lumi\u00e8re infrarouge, la pollution et les rayons UVA et UVB. Le complexe Tanin doux [&hellip;]<\/p>\n","protected":false},"featured_media":4401,"comment_status":"open","ping_status":"closed","template":"","meta":{"content-type":"","_uag_custom_page_level_css":""},"pwb-brand":[],"product_brand":[],"product_cat":[398,328,334,340],"product_tag":[],"class_list":{"0":"post-4402","1":"product","2":"type-product","3":"status-publish","4":"has-post-thumbnail","6":"product_cat-dr-g","7":"product_cat-nouveautes","8":"product_cat-produits-coreens","9":"product_cat-protection-solaire","11":"first","12":"instock","13":"sale","14":"shipping-taxable","15":"purchasable","16":"product-type-simple"},"aioseo_notices":[],"uagb_featured_image_src":{"full":["https:\/\/wavexia.com\/wp-content\/uploads\/2025\/10\/dr-g-global-sun-protection-dr-g-brightening-up-sun-35ml-42503804158204.webp",1072,1072,false],"thumbnail":["https:\/\/wavexia.com\/wp-content\/uploads\/2025\/10\/dr-g-global-sun-protection-dr-g-brightening-up-sun-35ml-42503804158204-150x150.webp",150,150,true],"medium":["https:\/\/wavexia.com\/wp-content\/uploads\/2025\/10\/dr-g-global-sun-protection-dr-g-brightening-up-sun-35ml-42503804158204-300x300.webp",300,300,true],"medium_large":["https:\/\/wavexia.com\/wp-content\/uploads\/2025\/10\/dr-g-global-sun-protection-dr-g-brightening-up-sun-35ml-42503804158204-768x768.webp",768,768,true],"large":["https:\/\/wavexia.com\/wp-content\/uploads\/2025\/10\/dr-g-global-sun-protection-dr-g-brightening-up-sun-35ml-42503804158204-1024x1024.webp",1024,1024,true],"1536x1536":["https:\/\/wavexia.com\/wp-content\/uploads\/2025\/10\/dr-g-global-sun-protection-dr-g-brightening-up-sun-35ml-42503804158204.webp",1072,1072,false],"2048x2048":["https:\/\/wavexia.com\/wp-content\/uploads\/2025\/10\/dr-g-global-sun-protection-dr-g-brightening-up-sun-35ml-42503804158204.webp",1072,1072,false],"woocommerce_archive_thumbnail":["https:\/\/wavexia.com\/wp-content\/uploads\/2025\/10\/dr-g-global-sun-protection-dr-g-brightening-up-sun-35ml-42503804158204-300x300.webp",300,300,true],"woocommerce_thumbnail":["https:\/\/wavexia.com\/wp-content\/uploads\/2025\/10\/dr-g-global-sun-protection-dr-g-brightening-up-sun-35ml-42503804158204-300x300.webp",300,300,true],"woocommerce_single":["https:\/\/wavexia.com\/wp-content\/uploads\/2025\/10\/dr-g-global-sun-protection-dr-g-brightening-up-sun-35ml-42503804158204-600x600.webp",600,600,true],"woocommerce_gallery_thumbnail":["https:\/\/wavexia.com\/wp-content\/uploads\/2025\/10\/dr-g-global-sun-protection-dr-g-brightening-up-sun-35ml-42503804158204-100x100.webp",100,100,true]},"uagb_author_info":{"display_name":"zineddine.ayoub98@gmail.com","author_link":"https:\/\/wavexia.com\/?author=0"},"uagb_comment_info":0,"uagb_excerpt":"Description Cet\u00e9cran solaire de couleur p\u00eache avec du pycnog\u00e9nol pour favoriser la sant\u00e9 de la peau dure 24 heures sur 24 et garde votre peau fra\u00eeche toute la journ\u00e9e. Cr\u00e8me solaire avec 5 couches de protectionProt\u00e8ge contre la lumi\u00e8re bleue, la lumi\u00e8re infrarouge, la pollution et les rayons UVA et UVB. Le complexe Tanin doux&hellip;","brands":[],"_links":{"self":[{"href":"https:\/\/wavexia.com\/index.php?rest_route=\/wp\/v2\/product\/4402","targetHints":{"allow":["GET"]}}],"collection":[{"href":"https:\/\/wavexia.com\/index.php?rest_route=\/wp\/v2\/product"}],"about":[{"href":"https:\/\/wavexia.com\/index.php?rest_route=\/wp\/v2\/types\/product"}],"replies":[{"embeddable":true,"href":"https:\/\/wavexia.com\/index.php?rest_route=%2Fwp%2Fv2%2Fcomments&post=4402"}],"wp:featuredmedia":[{"embeddable":true,"href":"https:\/\/wavexia.com\/index.php?rest_route=\/wp\/v2\/media\/4401"}],"wp:attachment":[{"href":"https:\/\/wavexia.com\/index.php?rest_route=%2Fwp%2Fv2%2Fmedia&parent=4402"}],"wp:term":[{"taxonomy":"pwb-brand","embeddable":true,"href":"https:\/\/wavexia.com\/index.php?rest_route=%2Fwp%2Fv2%2Fpwb-brand&post=4402"},{"taxonomy":"product_brand","embeddable":true,"href":"https:\/\/wavexia.com\/index.php?rest_route=%2Fwp%2Fv2%2Fproduct_brand&post=4402"},{"taxonomy":"product_cat","embeddable":true,"href":"https:\/\/wavexia.com\/index.php?rest_route=%2Fwp%2Fv2%2Fproduct_cat&post=4402"},{"taxonomy":"product_tag","embeddable":true,"href":"https:\/\/wavexia.com\/index.php?rest_route=%2Fwp%2Fv2%2Fproduct_tag&post=4402"}],"curies":[{"name":"wp","href":"https:\/\/api.w.org\/{rel}","templated":true}]}}