{"id":4396,"date":"2025-10-19T09:05:51","date_gmt":"2025-10-19T09:05:51","guid":{"rendered":"https:\/\/wavexia.com\/product\/round-lab-birch-juice-moisturizing-serum-50ml\/"},"modified":"2026-03-10T07:31:02","modified_gmt":"2026-03-10T07:31:02","slug":"round-lab-birch-juice-moisturizing-serum-50ml","status":"publish","type":"product","link":"https:\/\/wavexia.com\/?product=round-lab-birch-juice-moisturizing-serum-50ml","title":{"rendered":"ROUND LAB \u2013 Birch Juice Moisturizing Serum 50ml"},"content":{"rendered":"<h2>Description<\/h2>\n<p>Un s\u00e9rum l\u00e9ger et volatil pour donner \u00e0 votre peau un aspect soyeux sans sensation grasse.<\/p>\n<p>Sa texture l\u00e9g\u00e8re, aqueuse et quelque peu grasse p\u00e9n\u00e8tre rapidement dans la peau mais ne laisse aucun r\u00e9sidu gras ni accumulation.<\/p>\n<p><b>&lt;Soin hydratant en 3 \u00e9tapes &gt;<\/b><\/p>\n<p>Ouvre la voie de l\u2019hydratation : Le glucoside de glyc\u00e9ryle favorise la production d\u2019aquaporines, ouvrant ainsi la voie de l\u2019hydratation de la peau.<\/p>\n<p>Hydratation : La s\u00e8ve de bouleau stimule efficacement la r\u00e9tention d\u2019humidit\u00e9.<\/p>\n<p>Verrouillage de l\u2019humidit\u00e9 : L\u2019acide hyaluronique Vita forme une barri\u00e8re de d\u00e9fense contre l\u2019humidit\u00e9 pour sceller l\u2019hydratation.<\/p>\n<p><b>Contenance : 1,7 fl. oz (50 ml)<\/b><\/p>\n<p><b>L\u2019acide hyarulonique<\/b>&nbsp;stimule l\u2019hydratation, ce qui donne une peau lisse et \u00e9clatante.<\/p>\n<p>Avec une mol\u00e9cule de plus petite taille,&nbsp;<b>l\u2019acide hyaluronique hydrolys\u00e9<\/b>&nbsp;p\u00e9n\u00e8tre plus profond\u00e9ment et mieux dans la peau. Aide \u00e0 r\u00e9duire la visibilit\u00e9 des rides et ridules en restaurant l\u2019hydratation. Repulpe la peau et hydrate les peaux s\u00e8ches.<\/p>\n<p><b>Le jus de Betula Platyphylla Japonica (10 000 ppm)<\/b>&nbsp;a une capacit\u00e9 particuli\u00e8re \u00e0 r\u00e9duire l\u2019inflammation, purifier et hydrater la peau avec 17 acides amin\u00e9s, min\u00e9raux, antioxydants et vitamines.<\/p>\n<p><b>L\u2019extrait de feuille d\u2019Eclipta Prostrata poss\u00e8de de<\/b>&nbsp;puissantes propri\u00e9t\u00e9s antioxydantes et calmantes pour la peau.<\/p>\n<h5>mode d\u2019emploi:<\/h5>\n<p>Apr\u00e8s avoir nettoy\u00e9 la peau avec un toner, pr\u00e9levez une quantit\u00e9 suffisante de s\u00e9rum et appliquez-l\u2019appliquer doucement sur la peau pour une absorption compl\u00e8te.<\/p>\n<h5>ingr\u00e9dients:<\/h5>\n<p>Water, Methylpropanediol, Glycerin, 1,2-Hexanediol, Polyglycerin-3, Caprylic\/Capric Triglyceride, Betula Platyphylla Japonica Juice(10,000ppm), Sodium Hyaluronate, Glyceryl Glucoside, Hydrolyzed Hyaluronic Acid, Butylene Glycol, Hyaluronic Acid, Ascorbic Acid, Beta-Glucan, Dipotassium Glycyrrhizate, Hydrogenated Lecithin, Ethylhexylglycerin, Eclipta Prostrata Leaf Extract, Laminaria Japonica Extract, Avena Sativa (Oat) Kernel Extract, Cynara Scolymus (Artichoke) Leaf Extract, Pteris Multifida Extract, Melia Azadirachta Leaf Extract, Melia Azadirachta Flower Extract, Coccinia Indica Fruit Extract, Aloe Barbadensis Flower Extract, Solanum Melongena (Eggplant) Fruit Extract, Ocimum Sanctum Leaf Extract, Corallina Officinalis Extract, Curcuma Longa (Turmeric) Root Extract, Cyclohexasiloxane, Dipropylene Glycol, Ammonium Acryloyldimethyltaurate\/VP Copolymer, Xanthan Gum, Fructooligosaccharides, Carbomer, Disodium EDTA, Polyquaternium-51, Tronfethamine, Tocopherol.<\/p>\n","protected":false},"excerpt":{"rendered":"<p>Description Un s\u00e9rum l\u00e9ger et volatil pour donner \u00e0 votre peau un aspect soyeux sans sensation grasse. Sa texture l\u00e9g\u00e8re, aqueuse et quelque peu grasse p\u00e9n\u00e8tre rapidement dans la peau mais ne laisse aucun r\u00e9sidu gras ni accumulation. &lt;Soin hydratant en 3 \u00e9tapes &gt; Ouvre la voie de l\u2019hydratation : Le glucoside de glyc\u00e9ryle favorise [&hellip;]<\/p>\n","protected":false},"featured_media":4395,"comment_status":"open","ping_status":"closed","template":"","meta":{"content-type":"","_uag_custom_page_level_css":""},"pwb-brand":[],"product_brand":[],"product_cat":[328,334,341,338],"product_tag":[],"class_list":{"0":"post-4396","1":"product","2":"type-product","3":"status-publish","4":"has-post-thumbnail","6":"product_cat-nouveautes","7":"product_cat-produits-coreens","8":"product_cat-round-lab","9":"product_cat-serum-ampoule","11":"first","12":"instock","13":"sale","14":"shipping-taxable","15":"purchasable","16":"product-type-simple"},"aioseo_notices":[],"uagb_featured_image_src":{"full":["https:\/\/wavexia.com\/wp-content\/uploads\/2025\/10\/51JqyXy6p3L._UF10001000_QL80_.jpg",1000,1000,false],"thumbnail":["https:\/\/wavexia.com\/wp-content\/uploads\/2025\/10\/51JqyXy6p3L._UF10001000_QL80_-150x150.jpg",150,150,true],"medium":["https:\/\/wavexia.com\/wp-content\/uploads\/2025\/10\/51JqyXy6p3L._UF10001000_QL80_-300x300.jpg",300,300,true],"medium_large":["https:\/\/wavexia.com\/wp-content\/uploads\/2025\/10\/51JqyXy6p3L._UF10001000_QL80_-768x768.jpg",768,768,true],"large":["https:\/\/wavexia.com\/wp-content\/uploads\/2025\/10\/51JqyXy6p3L._UF10001000_QL80_.jpg",1000,1000,false],"1536x1536":["https:\/\/wavexia.com\/wp-content\/uploads\/2025\/10\/51JqyXy6p3L._UF10001000_QL80_.jpg",1000,1000,false],"2048x2048":["https:\/\/wavexia.com\/wp-content\/uploads\/2025\/10\/51JqyXy6p3L._UF10001000_QL80_.jpg",1000,1000,false],"woocommerce_archive_thumbnail":["https:\/\/wavexia.com\/wp-content\/uploads\/2025\/10\/51JqyXy6p3L._UF10001000_QL80_-300x300.jpg",300,300,true],"woocommerce_thumbnail":["https:\/\/wavexia.com\/wp-content\/uploads\/2025\/10\/51JqyXy6p3L._UF10001000_QL80_-300x300.jpg",300,300,true],"woocommerce_single":["https:\/\/wavexia.com\/wp-content\/uploads\/2025\/10\/51JqyXy6p3L._UF10001000_QL80_-600x600.jpg",600,600,true],"woocommerce_gallery_thumbnail":["https:\/\/wavexia.com\/wp-content\/uploads\/2025\/10\/51JqyXy6p3L._UF10001000_QL80_-100x100.jpg",100,100,true]},"uagb_author_info":{"display_name":"zineddine.ayoub98@gmail.com","author_link":"https:\/\/wavexia.com\/?author=0"},"uagb_comment_info":0,"uagb_excerpt":"Description Un s\u00e9rum l\u00e9ger et volatil pour donner \u00e0 votre peau un aspect soyeux sans sensation grasse. Sa texture l\u00e9g\u00e8re, aqueuse et quelque peu grasse p\u00e9n\u00e8tre rapidement dans la peau mais ne laisse aucun r\u00e9sidu gras ni accumulation. &lt;Soin hydratant en 3 \u00e9tapes &gt; Ouvre la voie de l\u2019hydratation : Le glucoside de glyc\u00e9ryle favorise&hellip;","brands":[],"_links":{"self":[{"href":"https:\/\/wavexia.com\/index.php?rest_route=\/wp\/v2\/product\/4396","targetHints":{"allow":["GET"]}}],"collection":[{"href":"https:\/\/wavexia.com\/index.php?rest_route=\/wp\/v2\/product"}],"about":[{"href":"https:\/\/wavexia.com\/index.php?rest_route=\/wp\/v2\/types\/product"}],"replies":[{"embeddable":true,"href":"https:\/\/wavexia.com\/index.php?rest_route=%2Fwp%2Fv2%2Fcomments&post=4396"}],"wp:featuredmedia":[{"embeddable":true,"href":"https:\/\/wavexia.com\/index.php?rest_route=\/wp\/v2\/media\/4395"}],"wp:attachment":[{"href":"https:\/\/wavexia.com\/index.php?rest_route=%2Fwp%2Fv2%2Fmedia&parent=4396"}],"wp:term":[{"taxonomy":"pwb-brand","embeddable":true,"href":"https:\/\/wavexia.com\/index.php?rest_route=%2Fwp%2Fv2%2Fpwb-brand&post=4396"},{"taxonomy":"product_brand","embeddable":true,"href":"https:\/\/wavexia.com\/index.php?rest_route=%2Fwp%2Fv2%2Fproduct_brand&post=4396"},{"taxonomy":"product_cat","embeddable":true,"href":"https:\/\/wavexia.com\/index.php?rest_route=%2Fwp%2Fv2%2Fproduct_cat&post=4396"},{"taxonomy":"product_tag","embeddable":true,"href":"https:\/\/wavexia.com\/index.php?rest_route=%2Fwp%2Fv2%2Fproduct_tag&post=4396"}],"curies":[{"name":"wp","href":"https:\/\/api.w.org\/{rel}","templated":true}]}}