{"id":4389,"date":"2025-10-19T09:05:45","date_gmt":"2025-10-19T09:05:45","guid":{"rendered":"https:\/\/wavexia.com\/product\/seoul-1988-cream-retinal-liposome-1-fermented-rice\/"},"modified":"2026-03-10T07:31:02","modified_gmt":"2026-03-10T07:31:02","slug":"seoul-1988-cream-retinal-liposome-1-fermented-rice","status":"publish","type":"product","link":"https:\/\/wavexia.com\/?product=seoul-1988-cream-retinal-liposome-1-fermented-rice","title":{"rendered":"Seoul 1988 Cream : Retinal Liposome 1% + Fermented Rice"},"content":{"rendered":"<h2>Description<\/h2>\n<p data-start=\"164\" data-end=\"730\"><strong data-start=\"164\" data-end=\"235\">La Seoul 1988 Cream : Retinal Liposome 1% + Fermented Rice<\/strong>&nbsp;est une cr\u00e8me anti-\u00e2ge puissante con\u00e7ue pour am\u00e9liorer la texture de la peau, lisser les rides et raviver l\u2019\u00e9clat du teint. Formul\u00e9e avec 1 % de r\u00e9tinal encapsul\u00e9 dans des liposomes, elle agit en profondeur tout en minimisant les risques d\u2019irritation. Associ\u00e9e au riz ferment\u00e9, riche en antioxydants et en nutriments, elle unifie le teint et minimise l\u2019hyperpigmentation.<\/p>\n<p data-start=\"737\" data-end=\"760\"><strong data-start=\"741\" data-end=\"760\">Mode d\u2019emploi :<\/strong><\/p>\n<ul data-start=\"762\" data-end=\"1030\">\n<li data-start=\"762\" data-end=\"834\">\n<p data-start=\"764\" data-end=\"834\">Appliquez une petite quantit\u00e9 le soir sur peau propre, apr\u00e8s le s\u00e9rum.<\/p>\n<\/li>\n<li data-start=\"835\" data-end=\"880\">\n<p data-start=\"837\" data-end=\"880\">\u00c9vitez le contour des yeux et de la bouche.<\/p>\n<\/li>\n<li data-start=\"881\" data-end=\"971\">\n<p data-start=\"883\" data-end=\"971\">Introduisez progressivement : 1 \u00e0 2 fois par semaine, puis augmentez selon la tol\u00e9rance.<\/p>\n<\/li>\n<li data-start=\"972\" data-end=\"1030\">\n<p data-start=\"974\" data-end=\"1030\">Utilisez imp\u00e9rativement une protection solaire le matin.<\/p>\n<\/li>\n<\/ul>\n<h5>ingr\u00e9dients:<\/h5>\n<p>Eau, \u00e9thylhexanoate de c\u00e9tyle, glyc\u00e9rine, butyl\u00e8ne glycol, 1,2-hexanediol, niacinamide, propanediol, copolym\u00e8re d\u2019acryloyldim\u00e9thyltaurate d\u2019ammonium\/VP, carbom\u00e8re, trom\u00e9thamine, copolym\u00e8re d\u2019acrylate de sodium\/acryloyldim\u00e9thyl taurate de sodium, polyisobut\u00e8ne, triglyc\u00e9ride caprylique\/caprique, filtrat de racine de ginseng Lactobacillus\/Panax, ferment de lactobacille\/riz (1 000 ppm), extrait de lactobacille\/de ferment de soja, huile de graines de macadamia ternifolia, ferment de graines de Saccharomyces\/Coix Lacryma-Jobi Ma-yuen Filtrat, Saccharomyces\/Extrait de pomme de terre, Filtrat de ferment, Gomme xanthane, L\u00e9cithine hydrog\u00e9n\u00e9e, EDTA disodique, Ethylhexylglyc\u00e9rine, Allanto\u00efne, Caprylyl Glycol, Ad\u00e9nosine, Copolym\u00e8re d\u2019acrylate de glyc\u00e9ryle\/acide acrylique, Caprylyl\/Capryl Glucoside, Cholest\u00e9rol, Ol\u00e9ate de polyglyc\u00e9ryl-10, Ol\u00e9ate de sorbitan, St\u00e9rols de Brassica Campestris (colza), Glutamate de phytost\u00e9ronyle\/b\u00e9h\u00e9nyl\/octyldod\u00e9cyl, R\u00e9tinien (100 ppm), Silice, St\u00e9arate d\u2019hydroxyde d\u2019aluminium\/de magn\u00e9sium, Tocoph\u00e9rol, Phosphate de c\u00e9tyle de potassium, Penta\u00e9rythrityl t\u00e9tra-di-t-butyl hydroxyhydrocinnamate, extrait de racine d\u2019Arctium Lappa, extrait de racine de Cnidium Officinale, extrait de racine de Dioscorea Japonica, extrait de racine de Paeonia Suffruticosa, extrait de racine de Rehmannia Chinensis, acide 3-0-\u00e9thyl ascorbique, Bakuchiol, sh-Oligopeptide-1, sh-Oligopeptide-2, sh-Polypeptide-1.<\/p>\n","protected":false},"excerpt":{"rendered":"<p>Description La Seoul 1988 Cream : Retinal Liposome 1% + Fermented Rice&nbsp;est une cr\u00e8me anti-\u00e2ge puissante con\u00e7ue pour am\u00e9liorer la texture de la peau, lisser les rides et raviver l\u2019\u00e9clat du teint. Formul\u00e9e avec 1 % de r\u00e9tinal encapsul\u00e9 dans des liposomes, elle agit en profondeur tout en minimisant les risques d\u2019irritation. Associ\u00e9e au riz [&hellip;]<\/p>\n","protected":false},"featured_media":4388,"comment_status":"open","ping_status":"closed","template":"","meta":{"content-type":"","_uag_custom_page_level_css":""},"pwb-brand":[],"product_brand":[],"product_cat":[357,376,328,334,338],"product_tag":[],"class_list":{"0":"post-4389","1":"product","2":"type-product","3":"status-publish","4":"has-post-thumbnail","6":"product_cat-anti-age-rides","7":"product_cat-k-secret","8":"product_cat-nouveautes","9":"product_cat-produits-coreens","10":"product_cat-serum-ampoule","12":"first","13":"instock","14":"sale","15":"shipping-taxable","16":"purchasable","17":"product-type-simple"},"aioseo_notices":[],"uagb_featured_image_src":{"full":["https:\/\/wavexia.com\/wp-content\/uploads\/2025\/10\/k-secret-seoul-1988-cream-retinal-liposome-1-fermented-bean-64740035461503.webp",645,645,false],"thumbnail":["https:\/\/wavexia.com\/wp-content\/uploads\/2025\/10\/k-secret-seoul-1988-cream-retinal-liposome-1-fermented-bean-64740035461503-150x150.webp",150,150,true],"medium":["https:\/\/wavexia.com\/wp-content\/uploads\/2025\/10\/k-secret-seoul-1988-cream-retinal-liposome-1-fermented-bean-64740035461503-300x300.webp",300,300,true],"medium_large":["https:\/\/wavexia.com\/wp-content\/uploads\/2025\/10\/k-secret-seoul-1988-cream-retinal-liposome-1-fermented-bean-64740035461503.webp",645,645,false],"large":["https:\/\/wavexia.com\/wp-content\/uploads\/2025\/10\/k-secret-seoul-1988-cream-retinal-liposome-1-fermented-bean-64740035461503.webp",645,645,false],"1536x1536":["https:\/\/wavexia.com\/wp-content\/uploads\/2025\/10\/k-secret-seoul-1988-cream-retinal-liposome-1-fermented-bean-64740035461503.webp",645,645,false],"2048x2048":["https:\/\/wavexia.com\/wp-content\/uploads\/2025\/10\/k-secret-seoul-1988-cream-retinal-liposome-1-fermented-bean-64740035461503.webp",645,645,false],"woocommerce_archive_thumbnail":["https:\/\/wavexia.com\/wp-content\/uploads\/2025\/10\/k-secret-seoul-1988-cream-retinal-liposome-1-fermented-bean-64740035461503-300x300.webp",300,300,true],"woocommerce_thumbnail":["https:\/\/wavexia.com\/wp-content\/uploads\/2025\/10\/k-secret-seoul-1988-cream-retinal-liposome-1-fermented-bean-64740035461503-300x300.webp",300,300,true],"woocommerce_single":["https:\/\/wavexia.com\/wp-content\/uploads\/2025\/10\/k-secret-seoul-1988-cream-retinal-liposome-1-fermented-bean-64740035461503-600x600.webp",600,600,true],"woocommerce_gallery_thumbnail":["https:\/\/wavexia.com\/wp-content\/uploads\/2025\/10\/k-secret-seoul-1988-cream-retinal-liposome-1-fermented-bean-64740035461503-100x100.webp",100,100,true]},"uagb_author_info":{"display_name":"zineddine.ayoub98@gmail.com","author_link":"https:\/\/wavexia.com\/?author=0"},"uagb_comment_info":0,"uagb_excerpt":"Description La Seoul 1988 Cream : Retinal Liposome 1% + Fermented Rice&nbsp;est une cr\u00e8me anti-\u00e2ge puissante con\u00e7ue pour am\u00e9liorer la texture de la peau, lisser les rides et raviver l\u2019\u00e9clat du teint. Formul\u00e9e avec 1 % de r\u00e9tinal encapsul\u00e9 dans des liposomes, elle agit en profondeur tout en minimisant les risques d\u2019irritation. Associ\u00e9e au riz&hellip;","brands":[],"_links":{"self":[{"href":"https:\/\/wavexia.com\/index.php?rest_route=\/wp\/v2\/product\/4389","targetHints":{"allow":["GET"]}}],"collection":[{"href":"https:\/\/wavexia.com\/index.php?rest_route=\/wp\/v2\/product"}],"about":[{"href":"https:\/\/wavexia.com\/index.php?rest_route=\/wp\/v2\/types\/product"}],"replies":[{"embeddable":true,"href":"https:\/\/wavexia.com\/index.php?rest_route=%2Fwp%2Fv2%2Fcomments&post=4389"}],"wp:featuredmedia":[{"embeddable":true,"href":"https:\/\/wavexia.com\/index.php?rest_route=\/wp\/v2\/media\/4388"}],"wp:attachment":[{"href":"https:\/\/wavexia.com\/index.php?rest_route=%2Fwp%2Fv2%2Fmedia&parent=4389"}],"wp:term":[{"taxonomy":"pwb-brand","embeddable":true,"href":"https:\/\/wavexia.com\/index.php?rest_route=%2Fwp%2Fv2%2Fpwb-brand&post=4389"},{"taxonomy":"product_brand","embeddable":true,"href":"https:\/\/wavexia.com\/index.php?rest_route=%2Fwp%2Fv2%2Fproduct_brand&post=4389"},{"taxonomy":"product_cat","embeddable":true,"href":"https:\/\/wavexia.com\/index.php?rest_route=%2Fwp%2Fv2%2Fproduct_cat&post=4389"},{"taxonomy":"product_tag","embeddable":true,"href":"https:\/\/wavexia.com\/index.php?rest_route=%2Fwp%2Fv2%2Fproduct_tag&post=4389"}],"curies":[{"name":"wp","href":"https:\/\/api.w.org\/{rel}","templated":true}]}}