{"id":4386,"date":"2025-10-19T09:05:43","date_gmt":"2025-10-19T09:05:43","guid":{"rendered":"https:\/\/wavexia.com\/product\/brightening-cleansing-gel-brillamment-118-ml-acure\/"},"modified":"2026-03-10T07:31:02","modified_gmt":"2026-03-10T07:31:02","slug":"brightening-cleansing-gel-brillamment-118-ml-acure","status":"publish","type":"product","link":"https:\/\/wavexia.com\/?product=brightening-cleansing-gel-brillamment-118-ml-acure","title":{"rendered":"Brightening Cleansing Gel brillamment 118 ml \u2013 ACURE"},"content":{"rendered":"<h2>Description<\/h2>\n<p>Nettoyez votre peau avec ce nettoyant doux et nourrissant, compos\u00e9 de grenade, m\u00fbre et a\u00e7a\u00ef riches en antioxydants. Sans paraben, sulfate, huile min\u00e9rale, vaseline, formald\u00e9hyde et cruaut\u00e9 envers les animaux. Ce nettoyant 100% v\u00e9g\u00e9talien vous aide \u00e0 obtenir une peau \u00e9clatante en \u00e9liminant efficacement la salet\u00e9, l\u2019huile et le maquillage. Faites confiance \u00e0 ACURE pour une peau \u00e9panouie et en sant\u00e9.<\/p>\n","protected":false},"excerpt":{"rendered":"<p>Description Nettoyez votre peau avec ce nettoyant doux et nourrissant, compos\u00e9 de grenade, m\u00fbre et a\u00e7a\u00ef riches en antioxydants. Sans paraben, sulfate, huile min\u00e9rale, vaseline, formald\u00e9hyde et cruaut\u00e9 envers les animaux. Ce nettoyant 100% v\u00e9g\u00e9talien vous aide \u00e0 obtenir une peau \u00e9clatante en \u00e9liminant efficacement la salet\u00e9, l\u2019huile et le maquillage. Faites confiance \u00e0 ACURE [&hellip;]<\/p>\n","protected":false},"featured_media":4385,"comment_status":"open","ping_status":"closed","template":"","meta":{"content-type":"","_uag_custom_page_level_css":""},"pwb-brand":[],"product_brand":[],"product_cat":[413,336,329],"product_tag":[],"class_list":{"0":"post-4386","1":"product","2":"type-product","3":"status-publish","4":"has-post-thumbnail","6":"product_cat-acure","7":"product_cat-nettoyant","8":"product_cat-produits-americains","10":"first","11":"instock","12":"sale","13":"shipping-taxable","14":"purchasable","15":"product-type-simple"},"aioseo_notices":[],"uagb_featured_image_src":{"full":["https:\/\/wavexia.com\/wp-content\/uploads\/2025\/10\/2548242.webp",800,800,false],"thumbnail":["https:\/\/wavexia.com\/wp-content\/uploads\/2025\/10\/2548242-150x150.webp",150,150,true],"medium":["https:\/\/wavexia.com\/wp-content\/uploads\/2025\/10\/2548242-300x300.webp",300,300,true],"medium_large":["https:\/\/wavexia.com\/wp-content\/uploads\/2025\/10\/2548242-768x768.webp",768,768,true],"large":["https:\/\/wavexia.com\/wp-content\/uploads\/2025\/10\/2548242.webp",800,800,false],"1536x1536":["https:\/\/wavexia.com\/wp-content\/uploads\/2025\/10\/2548242.webp",800,800,false],"2048x2048":["https:\/\/wavexia.com\/wp-content\/uploads\/2025\/10\/2548242.webp",800,800,false],"woocommerce_archive_thumbnail":["https:\/\/wavexia.com\/wp-content\/uploads\/2025\/10\/2548242-300x300.webp",300,300,true],"woocommerce_thumbnail":["https:\/\/wavexia.com\/wp-content\/uploads\/2025\/10\/2548242-300x300.webp",300,300,true],"woocommerce_single":["https:\/\/wavexia.com\/wp-content\/uploads\/2025\/10\/2548242-600x600.webp",600,600,true],"woocommerce_gallery_thumbnail":["https:\/\/wavexia.com\/wp-content\/uploads\/2025\/10\/2548242-100x100.webp",100,100,true]},"uagb_author_info":{"display_name":"zineddine.ayoub98@gmail.com","author_link":"https:\/\/wavexia.com\/?author=0"},"uagb_comment_info":0,"uagb_excerpt":"Description Nettoyez votre peau avec ce nettoyant doux et nourrissant, compos\u00e9 de grenade, m\u00fbre et a\u00e7a\u00ef riches en antioxydants. Sans paraben, sulfate, huile min\u00e9rale, vaseline, formald\u00e9hyde et cruaut\u00e9 envers les animaux. Ce nettoyant 100% v\u00e9g\u00e9talien vous aide \u00e0 obtenir une peau \u00e9clatante en \u00e9liminant efficacement la salet\u00e9, l\u2019huile et le maquillage. Faites confiance \u00e0 ACURE&hellip;","brands":[],"_links":{"self":[{"href":"https:\/\/wavexia.com\/index.php?rest_route=\/wp\/v2\/product\/4386","targetHints":{"allow":["GET"]}}],"collection":[{"href":"https:\/\/wavexia.com\/index.php?rest_route=\/wp\/v2\/product"}],"about":[{"href":"https:\/\/wavexia.com\/index.php?rest_route=\/wp\/v2\/types\/product"}],"replies":[{"embeddable":true,"href":"https:\/\/wavexia.com\/index.php?rest_route=%2Fwp%2Fv2%2Fcomments&post=4386"}],"wp:featuredmedia":[{"embeddable":true,"href":"https:\/\/wavexia.com\/index.php?rest_route=\/wp\/v2\/media\/4385"}],"wp:attachment":[{"href":"https:\/\/wavexia.com\/index.php?rest_route=%2Fwp%2Fv2%2Fmedia&parent=4386"}],"wp:term":[{"taxonomy":"pwb-brand","embeddable":true,"href":"https:\/\/wavexia.com\/index.php?rest_route=%2Fwp%2Fv2%2Fpwb-brand&post=4386"},{"taxonomy":"product_brand","embeddable":true,"href":"https:\/\/wavexia.com\/index.php?rest_route=%2Fwp%2Fv2%2Fproduct_brand&post=4386"},{"taxonomy":"product_cat","embeddable":true,"href":"https:\/\/wavexia.com\/index.php?rest_route=%2Fwp%2Fv2%2Fproduct_cat&post=4386"},{"taxonomy":"product_tag","embeddable":true,"href":"https:\/\/wavexia.com\/index.php?rest_route=%2Fwp%2Fv2%2Fproduct_tag&post=4386"}],"curies":[{"name":"wp","href":"https:\/\/api.w.org\/{rel}","templated":true}]}}