{"id":4383,"date":"2025-10-19T09:05:42","date_gmt":"2025-10-19T09:05:42","guid":{"rendered":"https:\/\/wavexia.com\/product\/cosrx-ultimate-nourishing-rice-overnight-spa-mask-60ml\/"},"modified":"2026-03-10T07:31:01","modified_gmt":"2026-03-10T07:31:01","slug":"cosrx-ultimate-nourishing-rice-overnight-spa-mask-60ml","status":"publish","type":"product","link":"https:\/\/wavexia.com\/?product=cosrx-ultimate-nourishing-rice-overnight-spa-mask-60ml","title":{"rendered":"Cosrx \u2013 Ultimate Nourishing Rice Overnight Spa Mask 60ml"},"content":{"rendered":"<h2>Description<\/h2>\n<div class=\"block-content_MQDxpg \" data-index=\"6\">\n<div class=\"tabs-inner\">\n<div>\n<p>Le COSRX Ultimate Nourishing Rice Overnight Spa Mask est le masque ultime pour votre sommeil nocturne. Ce masque nourrit et hydrate la peau en profondeur pendant votre sommeil ! Votre peau est \u00e9galement affin\u00e9e et clarifi\u00e9e.<\/p>\n<p>Le masque est enrichi avec +65% d\u2019extrait de riz, qui contient un m\u00e9lange id\u00e9al de vitamines et de min\u00e9raux pour un excellent soin de votre peau.<\/p>\n<p>Optez pour une peau soign\u00e9e pendant que vous dormez !<\/p>\n<p><strong>Ce masque :<\/strong><\/p>\n<ul>\n<li>pour une peau soign\u00e9e<\/li>\n<li>hydrate la peau<\/li>\n<li>nourrit la peau en profondeur<\/li>\n<li>affine et clarifie<\/li>\n<li>contient plus de 65% d\u2019extrait de riz<\/li>\n<li>contient un m\u00e9lange de vitamines et de min\u00e9raux<\/li>\n<li>sans cruaut\u00e9<\/li>\n<\/ul>\n<p><strong>Ingr\u00e9dients:<\/strong><\/p>\n<\/div>\n<\/div>\n<div class=\"block-content_dExAQg tab-closed hidden\" data-index=\"5\">\n<div class=\"tabs-inner\">\n<p>Oryza Sativa (Rice) Extract, Butylene Glycol, Glycerin, Helianthus Annuus (Sunflower) Seed Oil, Betaine, Niacinamide, Dimethicone, 1,2-hexanediol, Cetearyl Olivate, Sorbitan Olivate, Elaeis Guineensis (Palm) Oil, Elaeis Guineensis (Palm) Kernel Oil, Hydroxyethyl Acrylate\/sodium Acryloyldimethyl Taurate Copolymer, Cetearyl Alcohol, Ethylhexylglycerin, Arginine, Carbomer, Allantoin, Xanthan Gum.<\/p>\n<\/div>\n<\/div>\n<\/div>\n","protected":false},"excerpt":{"rendered":"<p>Description Le COSRX Ultimate Nourishing Rice Overnight Spa Mask est le masque ultime pour votre sommeil nocturne. Ce masque nourrit et hydrate la peau en profondeur pendant votre sommeil ! Votre peau est \u00e9galement affin\u00e9e et clarifi\u00e9e. Le masque est enrichi avec +65% d\u2019extrait de riz, qui contient un m\u00e9lange id\u00e9al de vitamines et de [&hellip;]<\/p>\n","protected":false},"featured_media":4382,"comment_status":"open","ping_status":"closed","template":"","meta":{"content-type":"","_uag_custom_page_level_css":""},"pwb-brand":[],"product_brand":[],"product_cat":[347,327,343,334],"product_tag":[],"class_list":{"0":"post-4383","1":"product","2":"type-product","3":"status-publish","4":"has-post-thumbnail","6":"product_cat-cosrx","7":"product_cat-hmizat","8":"product_cat-masque","9":"product_cat-produits-coreens","11":"first","12":"instock","13":"sale","14":"shipping-taxable","15":"purchasable","16":"product-type-simple"},"aioseo_notices":[],"uagb_featured_image_src":{"full":["https:\/\/wavexia.com\/wp-content\/uploads\/2025\/10\/cosrxUltimateNourishingRiceOvernightMaskkoreanskincarenetherlands1.webp",1000,1000,false],"thumbnail":["https:\/\/wavexia.com\/wp-content\/uploads\/2025\/10\/cosrxUltimateNourishingRiceOvernightMaskkoreanskincarenetherlands1-150x150.webp",150,150,true],"medium":["https:\/\/wavexia.com\/wp-content\/uploads\/2025\/10\/cosrxUltimateNourishingRiceOvernightMaskkoreanskincarenetherlands1-300x300.webp",300,300,true],"medium_large":["https:\/\/wavexia.com\/wp-content\/uploads\/2025\/10\/cosrxUltimateNourishingRiceOvernightMaskkoreanskincarenetherlands1-768x768.webp",768,768,true],"large":["https:\/\/wavexia.com\/wp-content\/uploads\/2025\/10\/cosrxUltimateNourishingRiceOvernightMaskkoreanskincarenetherlands1.webp",1000,1000,false],"1536x1536":["https:\/\/wavexia.com\/wp-content\/uploads\/2025\/10\/cosrxUltimateNourishingRiceOvernightMaskkoreanskincarenetherlands1.webp",1000,1000,false],"2048x2048":["https:\/\/wavexia.com\/wp-content\/uploads\/2025\/10\/cosrxUltimateNourishingRiceOvernightMaskkoreanskincarenetherlands1.webp",1000,1000,false],"woocommerce_archive_thumbnail":["https:\/\/wavexia.com\/wp-content\/uploads\/2025\/10\/cosrxUltimateNourishingRiceOvernightMaskkoreanskincarenetherlands1-300x300.webp",300,300,true],"woocommerce_thumbnail":["https:\/\/wavexia.com\/wp-content\/uploads\/2025\/10\/cosrxUltimateNourishingRiceOvernightMaskkoreanskincarenetherlands1-300x300.webp",300,300,true],"woocommerce_single":["https:\/\/wavexia.com\/wp-content\/uploads\/2025\/10\/cosrxUltimateNourishingRiceOvernightMaskkoreanskincarenetherlands1-600x600.webp",600,600,true],"woocommerce_gallery_thumbnail":["https:\/\/wavexia.com\/wp-content\/uploads\/2025\/10\/cosrxUltimateNourishingRiceOvernightMaskkoreanskincarenetherlands1-100x100.webp",100,100,true]},"uagb_author_info":{"display_name":"zineddine.ayoub98@gmail.com","author_link":"https:\/\/wavexia.com\/?author=0"},"uagb_comment_info":0,"uagb_excerpt":"Description Le COSRX Ultimate Nourishing Rice Overnight Spa Mask est le masque ultime pour votre sommeil nocturne. Ce masque nourrit et hydrate la peau en profondeur pendant votre sommeil ! Votre peau est \u00e9galement affin\u00e9e et clarifi\u00e9e. Le masque est enrichi avec +65% d\u2019extrait de riz, qui contient un m\u00e9lange id\u00e9al de vitamines et de&hellip;","brands":[],"_links":{"self":[{"href":"https:\/\/wavexia.com\/index.php?rest_route=\/wp\/v2\/product\/4383","targetHints":{"allow":["GET"]}}],"collection":[{"href":"https:\/\/wavexia.com\/index.php?rest_route=\/wp\/v2\/product"}],"about":[{"href":"https:\/\/wavexia.com\/index.php?rest_route=\/wp\/v2\/types\/product"}],"replies":[{"embeddable":true,"href":"https:\/\/wavexia.com\/index.php?rest_route=%2Fwp%2Fv2%2Fcomments&post=4383"}],"wp:featuredmedia":[{"embeddable":true,"href":"https:\/\/wavexia.com\/index.php?rest_route=\/wp\/v2\/media\/4382"}],"wp:attachment":[{"href":"https:\/\/wavexia.com\/index.php?rest_route=%2Fwp%2Fv2%2Fmedia&parent=4383"}],"wp:term":[{"taxonomy":"pwb-brand","embeddable":true,"href":"https:\/\/wavexia.com\/index.php?rest_route=%2Fwp%2Fv2%2Fpwb-brand&post=4383"},{"taxonomy":"product_brand","embeddable":true,"href":"https:\/\/wavexia.com\/index.php?rest_route=%2Fwp%2Fv2%2Fproduct_brand&post=4383"},{"taxonomy":"product_cat","embeddable":true,"href":"https:\/\/wavexia.com\/index.php?rest_route=%2Fwp%2Fv2%2Fproduct_cat&post=4383"},{"taxonomy":"product_tag","embeddable":true,"href":"https:\/\/wavexia.com\/index.php?rest_route=%2Fwp%2Fv2%2Fproduct_tag&post=4383"}],"curies":[{"name":"wp","href":"https:\/\/api.w.org\/{rel}","templated":true}]}}