{"id":4370,"date":"2025-10-19T09:05:32","date_gmt":"2025-10-19T09:05:32","guid":{"rendered":"https:\/\/wavexia.com\/product\/sol-de-janeiro-beija-flor-elasti-cream-75ml\/"},"modified":"2026-03-10T07:31:01","modified_gmt":"2026-03-10T07:31:01","slug":"sol-de-janeiro-beija-flor-elasti-cream-75ml","status":"publish","type":"product","link":"https:\/\/wavexia.com\/?product=sol-de-janeiro-beija-flor-elasti-cream-75ml","title":{"rendered":"SOL DE JANEIRO \u2013 BEIJA FLOR\u202fELASTI-CREAM \u2013 75ml"},"content":{"rendered":"<h2>Description<\/h2>\n<ol>\n<li>Une cr\u00e8me riche pour le corps \u00e0 usage quotidien, pour une peau \u00e0 l\u2019apparence plus ferme, qui aide le collag\u00e8ne \u00e0 donner \u00e0 la peau un aspect hydrat\u00e9 et \u00e9clatant.<\/li>\n<\/ol>\n<p>Cherchant \u00e0 renforcer l\u2019\u00e9lasticit\u00e9 et le rebond de la peau, Sol de Janeiro pr\u00e9sente son dernier ajout \u00e0 la gamme de beurres corporels la plus vendue, la cr\u00e8me Beija Flor Elasti.<\/p>\n<p>Cette cr\u00e8me riche contient du collag\u00e8ne d\u2019origine v\u00e9g\u00e9tale pour raffermir la peau, ainsi que de l\u2019huile de cacay, une alternative au r\u00e9tinol, pour favoriser une texture de peau rebondie et un r\u00e9sultat irr\u00e9sistiblement doux et velout\u00e9. Le squalane v\u00e9g\u00e9tal impr\u00e8gne le corps de la nuque aux pieds d\u2019une hydratation cr\u00e9meuse qui aide \u00e0 sceller l\u2019humidit\u00e9 pour une douceur et une souplesse durables.<\/p>\n<p>Avec son nouveau parfum Cheirosa \u201968 aux accents de jasmin br\u00e9silien et de fruit du dragon rose, le beurre corporel vous invite dans un jardin luxuriant au bord de la mer, d\u00e9bordant de notes fruit\u00e9es et florales fra\u00eeches qui laissent une d\u00e9licieuse odeur sur votre peau.<\/p>\n<p>&nbsp;<\/p>\n<p>&nbsp;<\/p>\n<p>&nbsp;<\/p>\n","protected":false},"excerpt":{"rendered":"<p>Description Une cr\u00e8me riche pour le corps \u00e0 usage quotidien, pour une peau \u00e0 l\u2019apparence plus ferme, qui aide le collag\u00e8ne \u00e0 donner \u00e0 la peau un aspect hydrat\u00e9 et \u00e9clatant. Cherchant \u00e0 renforcer l\u2019\u00e9lasticit\u00e9 et le rebond de la peau, Sol de Janeiro pr\u00e9sente son dernier ajout \u00e0 la gamme de beurres corporels la [&hellip;]<\/p>\n","protected":false},"featured_media":4369,"comment_status":"open","ping_status":"closed","template":"","meta":{"content-type":"","_uag_custom_page_level_css":""},"pwb-brand":[],"product_brand":[],"product_cat":[322,400],"product_tag":[],"class_list":{"0":"post-4370","1":"product","2":"type-product","3":"status-publish","4":"has-post-thumbnail","6":"product_cat-corps-bain","7":"product_cat-sol-de-janeiro","9":"first","10":"instock","11":"sale","12":"shipping-taxable","13":"purchasable","14":"product-type-simple"},"aioseo_notices":[],"uagb_featured_image_src":{"full":["https:\/\/wavexia.com\/wp-content\/uploads\/2025\/10\/IMG_1080.png",342,342,false],"thumbnail":["https:\/\/wavexia.com\/wp-content\/uploads\/2025\/10\/IMG_1080-150x150.png",150,150,true],"medium":["https:\/\/wavexia.com\/wp-content\/uploads\/2025\/10\/IMG_1080-300x300.png",300,300,true],"medium_large":["https:\/\/wavexia.com\/wp-content\/uploads\/2025\/10\/IMG_1080.png",342,342,false],"large":["https:\/\/wavexia.com\/wp-content\/uploads\/2025\/10\/IMG_1080.png",342,342,false],"1536x1536":["https:\/\/wavexia.com\/wp-content\/uploads\/2025\/10\/IMG_1080.png",342,342,false],"2048x2048":["https:\/\/wavexia.com\/wp-content\/uploads\/2025\/10\/IMG_1080.png",342,342,false],"woocommerce_archive_thumbnail":["https:\/\/wavexia.com\/wp-content\/uploads\/2025\/10\/IMG_1080-300x300.png",300,300,true],"woocommerce_thumbnail":["https:\/\/wavexia.com\/wp-content\/uploads\/2025\/10\/IMG_1080-300x300.png",300,300,true],"woocommerce_single":["https:\/\/wavexia.com\/wp-content\/uploads\/2025\/10\/IMG_1080.png",342,342,false],"woocommerce_gallery_thumbnail":["https:\/\/wavexia.com\/wp-content\/uploads\/2025\/10\/IMG_1080-100x100.png",100,100,true]},"uagb_author_info":{"display_name":"zineddine.ayoub98@gmail.com","author_link":"https:\/\/wavexia.com\/?author=0"},"uagb_comment_info":0,"uagb_excerpt":"Description Une cr\u00e8me riche pour le corps \u00e0 usage quotidien, pour une peau \u00e0 l\u2019apparence plus ferme, qui aide le collag\u00e8ne \u00e0 donner \u00e0 la peau un aspect hydrat\u00e9 et \u00e9clatant. Cherchant \u00e0 renforcer l\u2019\u00e9lasticit\u00e9 et le rebond de la peau, Sol de Janeiro pr\u00e9sente son dernier ajout \u00e0 la gamme de beurres corporels la&hellip;","brands":[],"_links":{"self":[{"href":"https:\/\/wavexia.com\/index.php?rest_route=\/wp\/v2\/product\/4370","targetHints":{"allow":["GET"]}}],"collection":[{"href":"https:\/\/wavexia.com\/index.php?rest_route=\/wp\/v2\/product"}],"about":[{"href":"https:\/\/wavexia.com\/index.php?rest_route=\/wp\/v2\/types\/product"}],"replies":[{"embeddable":true,"href":"https:\/\/wavexia.com\/index.php?rest_route=%2Fwp%2Fv2%2Fcomments&post=4370"}],"wp:featuredmedia":[{"embeddable":true,"href":"https:\/\/wavexia.com\/index.php?rest_route=\/wp\/v2\/media\/4369"}],"wp:attachment":[{"href":"https:\/\/wavexia.com\/index.php?rest_route=%2Fwp%2Fv2%2Fmedia&parent=4370"}],"wp:term":[{"taxonomy":"pwb-brand","embeddable":true,"href":"https:\/\/wavexia.com\/index.php?rest_route=%2Fwp%2Fv2%2Fpwb-brand&post=4370"},{"taxonomy":"product_brand","embeddable":true,"href":"https:\/\/wavexia.com\/index.php?rest_route=%2Fwp%2Fv2%2Fproduct_brand&post=4370"},{"taxonomy":"product_cat","embeddable":true,"href":"https:\/\/wavexia.com\/index.php?rest_route=%2Fwp%2Fv2%2Fproduct_cat&post=4370"},{"taxonomy":"product_tag","embeddable":true,"href":"https:\/\/wavexia.com\/index.php?rest_route=%2Fwp%2Fv2%2Fproduct_tag&post=4370"}],"curies":[{"name":"wp","href":"https:\/\/api.w.org\/{rel}","templated":true}]}}