{"id":4365,"date":"2025-10-19T09:05:26","date_gmt":"2025-10-19T09:05:26","guid":{"rendered":"https:\/\/wavexia.com\/product\/sol-de-janeiro-brazilian-crush-cheirosa-68-90ml\/"},"modified":"2026-03-10T07:31:01","modified_gmt":"2026-03-10T07:31:01","slug":"sol-de-janeiro-brazilian-crush-cheirosa-68-90ml","status":"publish","type":"product","link":"https:\/\/wavexia.com\/?product=sol-de-janeiro-brazilian-crush-cheirosa-68-90ml","title":{"rendered":"Sol de Janeiro Brazilian Crush Cheirosa \u201968 \u2013 90ml"},"content":{"rendered":"<h2>Description<\/h2>\n<p>Au Br\u00e9sil, l\u2019un des secrets de beaut\u00e9 essentiels est d\u2019\u00eatre \u00ab&nbsp;cheirosa&nbsp;\u00bb (sheh-ro-zah), ce qui signifie sentir toujours bon. Vibrant et inattendu, ce parfum fruit\u00e9 et floral offre une tentation transportante \u00e0 travers les jardins abondants et ensoleill\u00e9s de Rio. Ce parfum immersif est embrass\u00e9 avec joie et toujours invitant.<\/p>\n<p><strong>\u00c0 propos du parfum :<\/strong>&nbsp;Ce parfum floral frais et lumineux vous invite dans le jardin luxuriant de Sol de Janeiro au bord de la mer, une oasis de soleil regorgeant de flore vibrante et dansant avec l\u2019air de l\u2019oc\u00e9an.<\/p>\n","protected":false},"excerpt":{"rendered":"<p>Description Au Br\u00e9sil, l\u2019un des secrets de beaut\u00e9 essentiels est d\u2019\u00eatre \u00ab&nbsp;cheirosa&nbsp;\u00bb (sheh-ro-zah), ce qui signifie sentir toujours bon. Vibrant et inattendu, ce parfum fruit\u00e9 et floral offre une tentation transportante \u00e0 travers les jardins abondants et ensoleill\u00e9s de Rio. Ce parfum immersif est embrass\u00e9 avec joie et toujours invitant. \u00c0 propos du parfum :&nbsp;Ce [&hellip;]<\/p>\n","protected":false},"featured_media":4364,"comment_status":"open","ping_status":"closed","template":"","meta":{"content-type":"","_uag_custom_page_level_css":""},"pwb-brand":[],"product_brand":[],"product_cat":[400],"product_tag":[],"class_list":{"0":"post-4365","1":"product","2":"type-product","3":"status-publish","4":"has-post-thumbnail","6":"product_cat-sol-de-janeiro","8":"first","9":"instock","10":"sale","11":"shipping-taxable","12":"purchasable","13":"product-type-simple"},"aioseo_notices":[],"uagb_featured_image_src":{"full":["https:\/\/wavexia.com\/wp-content\/uploads\/2025\/10\/IMG_1082.png",342,342,false],"thumbnail":["https:\/\/wavexia.com\/wp-content\/uploads\/2025\/10\/IMG_1082-150x150.png",150,150,true],"medium":["https:\/\/wavexia.com\/wp-content\/uploads\/2025\/10\/IMG_1082-300x300.png",300,300,true],"medium_large":["https:\/\/wavexia.com\/wp-content\/uploads\/2025\/10\/IMG_1082.png",342,342,false],"large":["https:\/\/wavexia.com\/wp-content\/uploads\/2025\/10\/IMG_1082.png",342,342,false],"1536x1536":["https:\/\/wavexia.com\/wp-content\/uploads\/2025\/10\/IMG_1082.png",342,342,false],"2048x2048":["https:\/\/wavexia.com\/wp-content\/uploads\/2025\/10\/IMG_1082.png",342,342,false],"woocommerce_archive_thumbnail":["https:\/\/wavexia.com\/wp-content\/uploads\/2025\/10\/IMG_1082-300x300.png",300,300,true],"woocommerce_thumbnail":["https:\/\/wavexia.com\/wp-content\/uploads\/2025\/10\/IMG_1082-300x300.png",300,300,true],"woocommerce_single":["https:\/\/wavexia.com\/wp-content\/uploads\/2025\/10\/IMG_1082.png",342,342,false],"woocommerce_gallery_thumbnail":["https:\/\/wavexia.com\/wp-content\/uploads\/2025\/10\/IMG_1082-100x100.png",100,100,true]},"uagb_author_info":{"display_name":"zineddine.ayoub98@gmail.com","author_link":"https:\/\/wavexia.com\/?author=0"},"uagb_comment_info":0,"uagb_excerpt":"Description Au Br\u00e9sil, l\u2019un des secrets de beaut\u00e9 essentiels est d\u2019\u00eatre \u00ab&nbsp;cheirosa&nbsp;\u00bb (sheh-ro-zah), ce qui signifie sentir toujours bon. Vibrant et inattendu, ce parfum fruit\u00e9 et floral offre une tentation transportante \u00e0 travers les jardins abondants et ensoleill\u00e9s de Rio. Ce parfum immersif est embrass\u00e9 avec joie et toujours invitant. \u00c0 propos du parfum :&nbsp;Ce&hellip;","brands":[],"_links":{"self":[{"href":"https:\/\/wavexia.com\/index.php?rest_route=\/wp\/v2\/product\/4365","targetHints":{"allow":["GET"]}}],"collection":[{"href":"https:\/\/wavexia.com\/index.php?rest_route=\/wp\/v2\/product"}],"about":[{"href":"https:\/\/wavexia.com\/index.php?rest_route=\/wp\/v2\/types\/product"}],"replies":[{"embeddable":true,"href":"https:\/\/wavexia.com\/index.php?rest_route=%2Fwp%2Fv2%2Fcomments&post=4365"}],"wp:featuredmedia":[{"embeddable":true,"href":"https:\/\/wavexia.com\/index.php?rest_route=\/wp\/v2\/media\/4364"}],"wp:attachment":[{"href":"https:\/\/wavexia.com\/index.php?rest_route=%2Fwp%2Fv2%2Fmedia&parent=4365"}],"wp:term":[{"taxonomy":"pwb-brand","embeddable":true,"href":"https:\/\/wavexia.com\/index.php?rest_route=%2Fwp%2Fv2%2Fpwb-brand&post=4365"},{"taxonomy":"product_brand","embeddable":true,"href":"https:\/\/wavexia.com\/index.php?rest_route=%2Fwp%2Fv2%2Fproduct_brand&post=4365"},{"taxonomy":"product_cat","embeddable":true,"href":"https:\/\/wavexia.com\/index.php?rest_route=%2Fwp%2Fv2%2Fproduct_cat&post=4365"},{"taxonomy":"product_tag","embeddable":true,"href":"https:\/\/wavexia.com\/index.php?rest_route=%2Fwp%2Fv2%2Fproduct_tag&post=4365"}],"curies":[{"name":"wp","href":"https:\/\/api.w.org\/{rel}","templated":true}]}}