{"id":4360,"date":"2025-10-19T09:05:22","date_gmt":"2025-10-19T09:05:22","guid":{"rendered":"https:\/\/wavexia.com\/product\/rabanne-million-gold-for-her-eau-de-parfum-90ml\/"},"modified":"2026-03-10T07:31:01","modified_gmt":"2026-03-10T07:31:01","slug":"rabanne-million-gold-for-her-eau-de-parfum-90ml","status":"publish","type":"product","link":"https:\/\/wavexia.com\/?product=rabanne-million-gold-for-her-eau-de-parfum-90ml","title":{"rendered":"Rabanne \u2013 MILLION GOLD FOR HER EAU DE PARFUM 90ml"},"content":{"rendered":"<h2>Description<\/h2>\n<p>\u00c0 vous l\u2019ivresse du succ\u00e8s dor\u00e9 avec Million Gold For Her, l\u2019exceptionnel parfum floral sign\u00e9 Rabanne, aussi enivrant que sensuel. En son c\u0153ur se d\u00e9ploie un large bouquet de fleurs blanches, symbole \u00e9ternel de f\u00e9minit\u00e9, suivi d\u2019un jasmin voluptueux et d\u2019un ylang-ylang solaire. Dans les notes de t\u00eate, l\u2019\u00e9clat et la facette verte de la rose \u00e9tincelante sont nuanc\u00e9s par la lavande, un accord de poire lumineux, et un musc min\u00e9ral relev\u00e9 de mousse et de vanille. Une addiction irr\u00e9sistible.<\/p>\n<div class=\"gpsr-supplier-infos\">\n<p>&nbsp;<\/p>\n<\/div>\n","protected":false},"excerpt":{"rendered":"<p>Description \u00c0 vous l\u2019ivresse du succ\u00e8s dor\u00e9 avec Million Gold For Her, l\u2019exceptionnel parfum floral sign\u00e9 Rabanne, aussi enivrant que sensuel. En son c\u0153ur se d\u00e9ploie un large bouquet de fleurs blanches, symbole \u00e9ternel de f\u00e9minit\u00e9, suivi d\u2019un jasmin voluptueux et d\u2019un ylang-ylang solaire. Dans les notes de t\u00eate, l\u2019\u00e9clat et la facette verte de [&hellip;]<\/p>\n","protected":false},"featured_media":4359,"comment_status":"open","ping_status":"closed","template":"","meta":{"content-type":"","_uag_custom_page_level_css":""},"pwb-brand":[],"product_brand":[],"product_cat":[331,328,397],"product_tag":[],"class_list":{"0":"post-4360","1":"product","2":"type-product","3":"status-publish","4":"has-post-thumbnail","6":"product_cat-idees-cadeaux","7":"product_cat-nouveautes","8":"product_cat-parfums","10":"first","11":"instock","12":"sale","13":"shipping-taxable","14":"purchasable","15":"product-type-simple"},"aioseo_notices":[],"uagb_featured_image_src":{"full":["https:\/\/wavexia.com\/wp-content\/uploads\/2025\/10\/IMG_5891.jpeg",500,600,false],"thumbnail":["https:\/\/wavexia.com\/wp-content\/uploads\/2025\/10\/IMG_5891-150x150.jpeg",150,150,true],"medium":["https:\/\/wavexia.com\/wp-content\/uploads\/2025\/10\/IMG_5891-250x300.jpeg",250,300,true],"medium_large":["https:\/\/wavexia.com\/wp-content\/uploads\/2025\/10\/IMG_5891.jpeg",500,600,false],"large":["https:\/\/wavexia.com\/wp-content\/uploads\/2025\/10\/IMG_5891.jpeg",500,600,false],"1536x1536":["https:\/\/wavexia.com\/wp-content\/uploads\/2025\/10\/IMG_5891.jpeg",500,600,false],"2048x2048":["https:\/\/wavexia.com\/wp-content\/uploads\/2025\/10\/IMG_5891.jpeg",500,600,false],"woocommerce_archive_thumbnail":["https:\/\/wavexia.com\/wp-content\/uploads\/2025\/10\/IMG_5891-300x360.jpeg",300,360,true],"woocommerce_thumbnail":["https:\/\/wavexia.com\/wp-content\/uploads\/2025\/10\/IMG_5891-300x300.jpeg",300,300,true],"woocommerce_single":["https:\/\/wavexia.com\/wp-content\/uploads\/2025\/10\/IMG_5891.jpeg",500,600,false],"woocommerce_gallery_thumbnail":["https:\/\/wavexia.com\/wp-content\/uploads\/2025\/10\/IMG_5891-100x100.jpeg",100,100,true]},"uagb_author_info":{"display_name":"zineddine.ayoub98@gmail.com","author_link":"https:\/\/wavexia.com\/?author=0"},"uagb_comment_info":0,"uagb_excerpt":"Description \u00c0 vous l\u2019ivresse du succ\u00e8s dor\u00e9 avec Million Gold For Her, l\u2019exceptionnel parfum floral sign\u00e9 Rabanne, aussi enivrant que sensuel. En son c\u0153ur se d\u00e9ploie un large bouquet de fleurs blanches, symbole \u00e9ternel de f\u00e9minit\u00e9, suivi d\u2019un jasmin voluptueux et d\u2019un ylang-ylang solaire. Dans les notes de t\u00eate, l\u2019\u00e9clat et la facette verte de&hellip;","brands":[],"_links":{"self":[{"href":"https:\/\/wavexia.com\/index.php?rest_route=\/wp\/v2\/product\/4360","targetHints":{"allow":["GET"]}}],"collection":[{"href":"https:\/\/wavexia.com\/index.php?rest_route=\/wp\/v2\/product"}],"about":[{"href":"https:\/\/wavexia.com\/index.php?rest_route=\/wp\/v2\/types\/product"}],"replies":[{"embeddable":true,"href":"https:\/\/wavexia.com\/index.php?rest_route=%2Fwp%2Fv2%2Fcomments&post=4360"}],"wp:featuredmedia":[{"embeddable":true,"href":"https:\/\/wavexia.com\/index.php?rest_route=\/wp\/v2\/media\/4359"}],"wp:attachment":[{"href":"https:\/\/wavexia.com\/index.php?rest_route=%2Fwp%2Fv2%2Fmedia&parent=4360"}],"wp:term":[{"taxonomy":"pwb-brand","embeddable":true,"href":"https:\/\/wavexia.com\/index.php?rest_route=%2Fwp%2Fv2%2Fpwb-brand&post=4360"},{"taxonomy":"product_brand","embeddable":true,"href":"https:\/\/wavexia.com\/index.php?rest_route=%2Fwp%2Fv2%2Fproduct_brand&post=4360"},{"taxonomy":"product_cat","embeddable":true,"href":"https:\/\/wavexia.com\/index.php?rest_route=%2Fwp%2Fv2%2Fproduct_cat&post=4360"},{"taxonomy":"product_tag","embeddable":true,"href":"https:\/\/wavexia.com\/index.php?rest_route=%2Fwp%2Fv2%2Fproduct_tag&post=4360"}],"curies":[{"name":"wp","href":"https:\/\/api.w.org\/{rel}","templated":true}]}}