{"id":4356,"date":"2025-10-19T09:05:19","date_gmt":"2025-10-19T09:05:19","guid":{"rendered":"https:\/\/wavexia.com\/product\/kiko-creamy-colour-comfort-lip-liner-10\/"},"modified":"2026-03-10T07:31:01","modified_gmt":"2026-03-10T07:31:01","slug":"kiko-creamy-colour-comfort-lip-liner-10","status":"publish","type":"product","link":"https:\/\/wavexia.com\/?product=kiko-creamy-colour-comfort-lip-liner-10","title":{"rendered":"KIKO creamy colour comfort lip liner 10"},"content":{"rendered":"<h2>Description<\/h2>\n<p>Crayon \u00e0 l\u00e8vres longue tenue \u00e0 la couleur intense et uniforme pour souligner avec pr\u00e9cision le contour de vos l\u00e8vres.<\/p>\n<p>\u00c0 l\u2019application, sa texture est l\u00e9g\u00e8re, glissante et s\u2019estompe facilement. Gr\u00e2ce \u00e0 sa formule z\u00e9ro transfert et r\u00e9sistante \u00e0 l\u2019eau, le rouge \u00e0 l\u00e8vre ne file pas et tient mieux.<\/p>\n<p>Test\u00e9 sous contr\u00f4le dermatologique.<\/p>\n<p>Dessinez le contour de vos l\u00e8vres avec Creamy Colour Comfort Lip Liner. Faites fondre l\u00e9g\u00e8rement le trac\u00e9 sur l\u2019int\u00e9rieur avant d\u2019appliquer le rouge \u00e0 l\u00e8vres Gossamer Emotion Creamy Lipstick.<\/p>\n<p>Pour estomper le trait de crayon, vous pouvez utiliser le pinceau \u00e0 l\u00e8vres Lips 300.<\/p>\n","protected":false},"excerpt":{"rendered":"<p>Description Crayon \u00e0 l\u00e8vres longue tenue \u00e0 la couleur intense et uniforme pour souligner avec pr\u00e9cision le contour de vos l\u00e8vres. \u00c0 l\u2019application, sa texture est l\u00e9g\u00e8re, glissante et s\u2019estompe facilement. Gr\u00e2ce \u00e0 sa formule z\u00e9ro transfert et r\u00e9sistante \u00e0 l\u2019eau, le rouge \u00e0 l\u00e8vre ne file pas et tient mieux. Test\u00e9 sous contr\u00f4le dermatologique. [&hellip;]<\/p>\n","protected":false},"featured_media":4355,"comment_status":"open","ping_status":"closed","template":"","meta":{"content-type":"","_uag_custom_page_level_css":""},"pwb-brand":[],"product_brand":[],"product_cat":[388,360],"product_tag":[],"class_list":{"0":"post-4356","1":"product","2":"type-product","3":"status-publish","4":"has-post-thumbnail","6":"product_cat-kiko","7":"product_cat-maquillage","9":"first","10":"instock","11":"sale","12":"shipping-taxable","13":"purchasable","14":"product-type-simple"},"aioseo_notices":[],"uagb_featured_image_src":{"full":["https:\/\/wavexia.com\/wp-content\/uploads\/2025\/10\/619mNOpiVFL._UF8941000_QL80_.jpg",894,894,false],"thumbnail":["https:\/\/wavexia.com\/wp-content\/uploads\/2025\/10\/619mNOpiVFL._UF8941000_QL80_-150x150.jpg",150,150,true],"medium":["https:\/\/wavexia.com\/wp-content\/uploads\/2025\/10\/619mNOpiVFL._UF8941000_QL80_-300x300.jpg",300,300,true],"medium_large":["https:\/\/wavexia.com\/wp-content\/uploads\/2025\/10\/619mNOpiVFL._UF8941000_QL80_-768x768.jpg",768,768,true],"large":["https:\/\/wavexia.com\/wp-content\/uploads\/2025\/10\/619mNOpiVFL._UF8941000_QL80_.jpg",894,894,false],"1536x1536":["https:\/\/wavexia.com\/wp-content\/uploads\/2025\/10\/619mNOpiVFL._UF8941000_QL80_.jpg",894,894,false],"2048x2048":["https:\/\/wavexia.com\/wp-content\/uploads\/2025\/10\/619mNOpiVFL._UF8941000_QL80_.jpg",894,894,false],"woocommerce_archive_thumbnail":["https:\/\/wavexia.com\/wp-content\/uploads\/2025\/10\/619mNOpiVFL._UF8941000_QL80_-300x300.jpg",300,300,true],"woocommerce_thumbnail":["https:\/\/wavexia.com\/wp-content\/uploads\/2025\/10\/619mNOpiVFL._UF8941000_QL80_-300x300.jpg",300,300,true],"woocommerce_single":["https:\/\/wavexia.com\/wp-content\/uploads\/2025\/10\/619mNOpiVFL._UF8941000_QL80_-600x600.jpg",600,600,true],"woocommerce_gallery_thumbnail":["https:\/\/wavexia.com\/wp-content\/uploads\/2025\/10\/619mNOpiVFL._UF8941000_QL80_-100x100.jpg",100,100,true]},"uagb_author_info":{"display_name":"zineddine.ayoub98@gmail.com","author_link":"https:\/\/wavexia.com\/?author=0"},"uagb_comment_info":0,"uagb_excerpt":"Description Crayon \u00e0 l\u00e8vres longue tenue \u00e0 la couleur intense et uniforme pour souligner avec pr\u00e9cision le contour de vos l\u00e8vres. \u00c0 l\u2019application, sa texture est l\u00e9g\u00e8re, glissante et s\u2019estompe facilement. Gr\u00e2ce \u00e0 sa formule z\u00e9ro transfert et r\u00e9sistante \u00e0 l\u2019eau, le rouge \u00e0 l\u00e8vre ne file pas et tient mieux. Test\u00e9 sous contr\u00f4le dermatologique.&hellip;","brands":[],"_links":{"self":[{"href":"https:\/\/wavexia.com\/index.php?rest_route=\/wp\/v2\/product\/4356","targetHints":{"allow":["GET"]}}],"collection":[{"href":"https:\/\/wavexia.com\/index.php?rest_route=\/wp\/v2\/product"}],"about":[{"href":"https:\/\/wavexia.com\/index.php?rest_route=\/wp\/v2\/types\/product"}],"replies":[{"embeddable":true,"href":"https:\/\/wavexia.com\/index.php?rest_route=%2Fwp%2Fv2%2Fcomments&post=4356"}],"wp:featuredmedia":[{"embeddable":true,"href":"https:\/\/wavexia.com\/index.php?rest_route=\/wp\/v2\/media\/4355"}],"wp:attachment":[{"href":"https:\/\/wavexia.com\/index.php?rest_route=%2Fwp%2Fv2%2Fmedia&parent=4356"}],"wp:term":[{"taxonomy":"pwb-brand","embeddable":true,"href":"https:\/\/wavexia.com\/index.php?rest_route=%2Fwp%2Fv2%2Fpwb-brand&post=4356"},{"taxonomy":"product_brand","embeddable":true,"href":"https:\/\/wavexia.com\/index.php?rest_route=%2Fwp%2Fv2%2Fproduct_brand&post=4356"},{"taxonomy":"product_cat","embeddable":true,"href":"https:\/\/wavexia.com\/index.php?rest_route=%2Fwp%2Fv2%2Fproduct_cat&post=4356"},{"taxonomy":"product_tag","embeddable":true,"href":"https:\/\/wavexia.com\/index.php?rest_route=%2Fwp%2Fv2%2Fproduct_tag&post=4356"}],"curies":[{"name":"wp","href":"https:\/\/api.w.org\/{rel}","templated":true}]}}