{"id":4344,"date":"2025-10-19T09:05:08","date_gmt":"2025-10-19T09:05:08","guid":{"rendered":"https:\/\/wavexia.com\/product\/laneige-water-bank-blue-hyaluronic-intensive-moisturizer-50ml\/"},"modified":"2026-03-10T07:31:01","modified_gmt":"2026-03-10T07:31:01","slug":"laneige-water-bank-blue-hyaluronic-intensive-moisturizer-50ml","status":"publish","type":"product","link":"https:\/\/wavexia.com\/?product=laneige-water-bank-blue-hyaluronic-intensive-moisturizer-50ml","title":{"rendered":"LANEIGE Water Bank Blue Hyaluronic Intensive Moisturizer 50ML"},"content":{"rendered":"<h2>Description<\/h2>\n<div data-v-6fff89b1=\"\">\n<p>Il s\u2019agit d\u2019une cr\u00e8me r\u00e9paratrice hydratante qui soulage les d\u00e9mangeaisons, les rougeurs et les squames des peaux ultra-s\u00e8ches, gr\u00e2ce au puissant ingr\u00e9dient r\u00e9parateur unique : le Peptide O-mega. Cette cr\u00e8me hydratante intensive est la solution ultime pour&nbsp;<b>prot\u00e9ger votre peau contre les agressions ext\u00e9rieures<\/b>, telles que l\u2019air froid de la climatisation, la chaleur, la lumi\u00e8re du soleil et les irritations temporaires.<\/p>\n<p><u><b>Dans sa formule ?<\/b><\/u><\/p>\n<p>\u2022&nbsp;<b>Texture en Baume Cr\u00e8me<\/b>&nbsp;: Se fond imm\u00e9diatement dans la peau avec un&nbsp;<b>fini non collant<\/b>, offrant une peau naturellement hydrat\u00e9e et lisse, id\u00e9ale comme base pour le maquillage.<\/p>\n<p>\u2022&nbsp;<b>Acide Hyaluronique Bleu<\/b>&nbsp;: P\u00e9n\u00e8tre en profondeur avec des mol\u00e9cules 2000 fois plus petites que celles de l\u2019acide hyaluronique ordinaire*, offrant une hydratation plus efficace.<\/p>\n<p>\u2022&nbsp;<b>Huiles Om\u00e9ga R\u00e9paratrices Puissantes<\/b>&nbsp;: Aident \u00e0 apaiser la barri\u00e8re cutan\u00e9e endommag\u00e9e et \u00e0 prot\u00e9ger les peaux tr\u00e8s s\u00e8ches sujettes \u00e0 la sensibilit\u00e9. Elles travaillent en synergie avec des ingr\u00e9dients respectueux de la peau comme les c\u00e9ramides et les peptides pour renforcer la barri\u00e8re cutan\u00e9e de mani\u00e8re optimale.<\/p>\n<p><u><b>Les r\u00e9sultats ?<\/b><\/u><\/p>\n<p>Une peau saine et intens\u00e9ment hydrat\u00e9e !<\/p>\n<\/div>\n","protected":false},"excerpt":{"rendered":"<p>Description Il s\u2019agit d\u2019une cr\u00e8me r\u00e9paratrice hydratante qui soulage les d\u00e9mangeaisons, les rougeurs et les squames des peaux ultra-s\u00e8ches, gr\u00e2ce au puissant ingr\u00e9dient r\u00e9parateur unique : le Peptide O-mega. Cette cr\u00e8me hydratante intensive est la solution ultime pour&nbsp;prot\u00e9ger votre peau contre les agressions ext\u00e9rieures, telles que l\u2019air froid de la climatisation, la chaleur, la lumi\u00e8re [&hellip;]<\/p>\n","protected":false},"featured_media":4343,"comment_status":"open","ping_status":"closed","template":"","meta":{"content-type":"","_uag_custom_page_level_css":""},"pwb-brand":[],"product_brand":[],"product_cat":[324,395],"product_tag":[],"class_list":{"0":"post-4344","1":"product","2":"type-product","3":"status-publish","4":"has-post-thumbnail","6":"product_cat-creme","7":"product_cat-laneige","9":"first","10":"instock","11":"sale","12":"shipping-taxable","13":"purchasable","14":"product-type-simple"},"aioseo_notices":[],"uagb_featured_image_src":{"full":["https:\/\/wavexia.com\/wp-content\/uploads\/2025\/10\/LN_WBIM_24AD_Product_02_900x.webp",900,900,false],"thumbnail":["https:\/\/wavexia.com\/wp-content\/uploads\/2025\/10\/LN_WBIM_24AD_Product_02_900x-150x150.webp",150,150,true],"medium":["https:\/\/wavexia.com\/wp-content\/uploads\/2025\/10\/LN_WBIM_24AD_Product_02_900x-300x300.webp",300,300,true],"medium_large":["https:\/\/wavexia.com\/wp-content\/uploads\/2025\/10\/LN_WBIM_24AD_Product_02_900x-768x768.webp",768,768,true],"large":["https:\/\/wavexia.com\/wp-content\/uploads\/2025\/10\/LN_WBIM_24AD_Product_02_900x.webp",900,900,false],"1536x1536":["https:\/\/wavexia.com\/wp-content\/uploads\/2025\/10\/LN_WBIM_24AD_Product_02_900x.webp",900,900,false],"2048x2048":["https:\/\/wavexia.com\/wp-content\/uploads\/2025\/10\/LN_WBIM_24AD_Product_02_900x.webp",900,900,false],"woocommerce_archive_thumbnail":["https:\/\/wavexia.com\/wp-content\/uploads\/2025\/10\/LN_WBIM_24AD_Product_02_900x-300x300.webp",300,300,true],"woocommerce_thumbnail":["https:\/\/wavexia.com\/wp-content\/uploads\/2025\/10\/LN_WBIM_24AD_Product_02_900x-300x300.webp",300,300,true],"woocommerce_single":["https:\/\/wavexia.com\/wp-content\/uploads\/2025\/10\/LN_WBIM_24AD_Product_02_900x-600x600.webp",600,600,true],"woocommerce_gallery_thumbnail":["https:\/\/wavexia.com\/wp-content\/uploads\/2025\/10\/LN_WBIM_24AD_Product_02_900x-100x100.webp",100,100,true]},"uagb_author_info":{"display_name":"zineddine.ayoub98@gmail.com","author_link":"https:\/\/wavexia.com\/?author=0"},"uagb_comment_info":0,"uagb_excerpt":"Description Il s\u2019agit d\u2019une cr\u00e8me r\u00e9paratrice hydratante qui soulage les d\u00e9mangeaisons, les rougeurs et les squames des peaux ultra-s\u00e8ches, gr\u00e2ce au puissant ingr\u00e9dient r\u00e9parateur unique : le Peptide O-mega. Cette cr\u00e8me hydratante intensive est la solution ultime pour&nbsp;prot\u00e9ger votre peau contre les agressions ext\u00e9rieures, telles que l\u2019air froid de la climatisation, la chaleur, la lumi\u00e8re&hellip;","brands":[],"_links":{"self":[{"href":"https:\/\/wavexia.com\/index.php?rest_route=\/wp\/v2\/product\/4344","targetHints":{"allow":["GET"]}}],"collection":[{"href":"https:\/\/wavexia.com\/index.php?rest_route=\/wp\/v2\/product"}],"about":[{"href":"https:\/\/wavexia.com\/index.php?rest_route=\/wp\/v2\/types\/product"}],"replies":[{"embeddable":true,"href":"https:\/\/wavexia.com\/index.php?rest_route=%2Fwp%2Fv2%2Fcomments&post=4344"}],"wp:featuredmedia":[{"embeddable":true,"href":"https:\/\/wavexia.com\/index.php?rest_route=\/wp\/v2\/media\/4343"}],"wp:attachment":[{"href":"https:\/\/wavexia.com\/index.php?rest_route=%2Fwp%2Fv2%2Fmedia&parent=4344"}],"wp:term":[{"taxonomy":"pwb-brand","embeddable":true,"href":"https:\/\/wavexia.com\/index.php?rest_route=%2Fwp%2Fv2%2Fpwb-brand&post=4344"},{"taxonomy":"product_brand","embeddable":true,"href":"https:\/\/wavexia.com\/index.php?rest_route=%2Fwp%2Fv2%2Fproduct_brand&post=4344"},{"taxonomy":"product_cat","embeddable":true,"href":"https:\/\/wavexia.com\/index.php?rest_route=%2Fwp%2Fv2%2Fproduct_cat&post=4344"},{"taxonomy":"product_tag","embeddable":true,"href":"https:\/\/wavexia.com\/index.php?rest_route=%2Fwp%2Fv2%2Fproduct_tag&post=4344"}],"curies":[{"name":"wp","href":"https:\/\/api.w.org\/{rel}","templated":true}]}}