{"id":4340,"date":"2025-10-19T09:05:01","date_gmt":"2025-10-19T09:05:01","guid":{"rendered":"https:\/\/wavexia.com\/product\/givenchy-linterdit-absolu-eau-de-parfum-intense-80ml\/"},"modified":"2026-03-10T07:31:01","modified_gmt":"2026-03-10T07:31:01","slug":"givenchy-linterdit-absolu-eau-de-parfum-intense-80ml","status":"publish","type":"product","link":"https:\/\/wavexia.com\/?product=givenchy-linterdit-absolu-eau-de-parfum-intense-80ml","title":{"rendered":"GIVENCHY L\u2019INTERDIT ABSOLU EAU DE PARFUM INTENSE 80ML"},"content":{"rendered":"<h2>Description<\/h2>\n<p>Plongez dans l\u2019intensit\u00e9 myst\u00e9rieuse de L\u2019Eau de Parfum Intense L\u2019Interdit Absolu de Givenchy, une version audacieuse et captivante du parfum classique. Con\u00e7u pour la femme \u00e9l\u00e9gante et s\u00fbre d\u2019elle, ce parfum incarne une sensualit\u00e9 florale orientale, parfaite pour sublimer vos soir\u00e9es et moments inoubliables.<\/p>\n<p>Pyramide olfactive :<br \/>-Famille : Florale orientale<br \/>-Note de t\u00eate : Fleur d\u2019oranger : Fra\u00eecheur lumineuse et vibrante.<br \/>-Note de c\u0153ur : Jasmin et tub\u00e9reuse : Une alliance florale s\u00e9duisante et envo\u00fbtante.<br \/>-Note de fond : Patchouli et vanille noire : Des notes profondes et gourmandes qui laissent une empreinte m\u00e9morable.<\/p>\n<p>Bienfaits :<br \/>-Un parfum floral et oriental qui incarne la f\u00e9minit\u00e9 audacieuse.<br \/>-Tenue longue dur\u00e9e pour une sensation envo\u00fbtante tout au long de la journ\u00e9e ou de la soir\u00e9e.<br \/>-Format g\u00e9n\u00e9reux de 80 ml, id\u00e9al pour les passionn\u00e9es de fragrances intenses.<br \/>-Con\u00e7u pour la femme qui souhaite une signature olfactive unique et affirm\u00e9e.<\/p>\n<p>D\u00e9couvrez L\u2019Eau de Parfum Intense L\u2019Interdit Absolu de Givenchy sur Monrituel.ma ou visitez notre boutique \u00e0 Casablanca pour une exp\u00e9rience olfactive inoubliable et des conseils personnalis\u00e9s.<\/p>\n","protected":false},"excerpt":{"rendered":"<p>Description Plongez dans l\u2019intensit\u00e9 myst\u00e9rieuse de L\u2019Eau de Parfum Intense L\u2019Interdit Absolu de Givenchy, une version audacieuse et captivante du parfum classique. Con\u00e7u pour la femme \u00e9l\u00e9gante et s\u00fbre d\u2019elle, ce parfum incarne une sensualit\u00e9 florale orientale, parfaite pour sublimer vos soir\u00e9es et moments inoubliables. Pyramide olfactive :-Famille : Florale orientale-Note de t\u00eate : Fleur [&hellip;]<\/p>\n","protected":false},"featured_media":4339,"comment_status":"open","ping_status":"closed","template":"","meta":{"content-type":"","_uag_custom_page_level_css":""},"pwb-brand":[],"product_brand":[],"product_cat":[331,328,397],"product_tag":[],"class_list":{"0":"post-4340","1":"product","2":"type-product","3":"status-publish","4":"has-post-thumbnail","6":"product_cat-idees-cadeaux","7":"product_cat-nouveautes","8":"product_cat-parfums","10":"first","11":"instock","12":"shipping-taxable","13":"purchasable","14":"product-type-simple"},"aioseo_notices":[],"uagb_featured_image_src":{"full":["https:\/\/wavexia.com\/wp-content\/uploads\/2025\/10\/IMG_5917.jpeg",1000,1320,false],"thumbnail":["https:\/\/wavexia.com\/wp-content\/uploads\/2025\/10\/IMG_5917-150x150.jpeg",150,150,true],"medium":["https:\/\/wavexia.com\/wp-content\/uploads\/2025\/10\/IMG_5917-227x300.jpeg",227,300,true],"medium_large":["https:\/\/wavexia.com\/wp-content\/uploads\/2025\/10\/IMG_5917-768x1014.jpeg",768,1014,true],"large":["https:\/\/wavexia.com\/wp-content\/uploads\/2025\/10\/IMG_5917-776x1024.jpeg",776,1024,true],"1536x1536":["https:\/\/wavexia.com\/wp-content\/uploads\/2025\/10\/IMG_5917.jpeg",1000,1320,false],"2048x2048":["https:\/\/wavexia.com\/wp-content\/uploads\/2025\/10\/IMG_5917.jpeg",1000,1320,false],"woocommerce_archive_thumbnail":["https:\/\/wavexia.com\/wp-content\/uploads\/2025\/10\/IMG_5917-300x396.jpeg",300,396,true],"woocommerce_thumbnail":["https:\/\/wavexia.com\/wp-content\/uploads\/2025\/10\/IMG_5917-300x300.jpeg",300,300,true],"woocommerce_single":["https:\/\/wavexia.com\/wp-content\/uploads\/2025\/10\/IMG_5917-600x792.jpeg",600,792,true],"woocommerce_gallery_thumbnail":["https:\/\/wavexia.com\/wp-content\/uploads\/2025\/10\/IMG_5917-100x100.jpeg",100,100,true]},"uagb_author_info":{"display_name":"zineddine.ayoub98@gmail.com","author_link":"https:\/\/wavexia.com\/?author=0"},"uagb_comment_info":0,"uagb_excerpt":"Description Plongez dans l\u2019intensit\u00e9 myst\u00e9rieuse de L\u2019Eau de Parfum Intense L\u2019Interdit Absolu de Givenchy, une version audacieuse et captivante du parfum classique. Con\u00e7u pour la femme \u00e9l\u00e9gante et s\u00fbre d\u2019elle, ce parfum incarne une sensualit\u00e9 florale orientale, parfaite pour sublimer vos soir\u00e9es et moments inoubliables. Pyramide olfactive :-Famille : Florale orientale-Note de t\u00eate : Fleur&hellip;","brands":[],"_links":{"self":[{"href":"https:\/\/wavexia.com\/index.php?rest_route=\/wp\/v2\/product\/4340","targetHints":{"allow":["GET"]}}],"collection":[{"href":"https:\/\/wavexia.com\/index.php?rest_route=\/wp\/v2\/product"}],"about":[{"href":"https:\/\/wavexia.com\/index.php?rest_route=\/wp\/v2\/types\/product"}],"replies":[{"embeddable":true,"href":"https:\/\/wavexia.com\/index.php?rest_route=%2Fwp%2Fv2%2Fcomments&post=4340"}],"wp:featuredmedia":[{"embeddable":true,"href":"https:\/\/wavexia.com\/index.php?rest_route=\/wp\/v2\/media\/4339"}],"wp:attachment":[{"href":"https:\/\/wavexia.com\/index.php?rest_route=%2Fwp%2Fv2%2Fmedia&parent=4340"}],"wp:term":[{"taxonomy":"pwb-brand","embeddable":true,"href":"https:\/\/wavexia.com\/index.php?rest_route=%2Fwp%2Fv2%2Fpwb-brand&post=4340"},{"taxonomy":"product_brand","embeddable":true,"href":"https:\/\/wavexia.com\/index.php?rest_route=%2Fwp%2Fv2%2Fproduct_brand&post=4340"},{"taxonomy":"product_cat","embeddable":true,"href":"https:\/\/wavexia.com\/index.php?rest_route=%2Fwp%2Fv2%2Fproduct_cat&post=4340"},{"taxonomy":"product_tag","embeddable":true,"href":"https:\/\/wavexia.com\/index.php?rest_route=%2Fwp%2Fv2%2Fproduct_tag&post=4340"}],"curies":[{"name":"wp","href":"https:\/\/api.w.org\/{rel}","templated":true}]}}