{"id":4331,"date":"2025-10-19T09:04:54","date_gmt":"2025-10-19T09:04:54","guid":{"rendered":"https:\/\/wavexia.com\/product\/armani-my-way-floral-edp-90ml\/"},"modified":"2026-03-10T07:31:01","modified_gmt":"2026-03-10T07:31:01","slug":"armani-my-way-floral-edp-90ml","status":"publish","type":"product","link":"https:\/\/wavexia.com\/?product=armani-my-way-floral-edp-90ml","title":{"rendered":"ARMANI \u2013 MY WAY FLORAL EDP 90ML"},"content":{"rendered":"<h2>Description<\/h2>\n<p>My Way, l\u2019eau de parfum rechargeable pour femme de Giorgio Armani, est une v\u00e9ritable invitation \u00e0 s\u2019ouvrir \u00e0 de nouvelles rencontres, vivre des exp\u00e9riences uniques et \u00e9largir ses horizons. Giorgio Armani d\u00e9voile la nouvelle eau de parfum florale My Way , une interpr\u00e9tation plus fra\u00eeche, lumineuse et florale de la fragrance iconique My Way<\/p>\n<p>Le parfum s\u2019ouvre sur des notes acidul\u00e9es de mandarine verte et sur une fleur d\u2019oranger \u00e9clatante, obtenue par enfleurage dans de l\u2019huile d\u2019orange am\u00e8re. Au c\u0153ur du parfum, la tub\u00e9reuse sensuelle est magnifi\u00e9e par la d\u00e9licatesse riche et suave de l\u2019huile de n\u00e9roli.<\/p>\n","protected":false},"excerpt":{"rendered":"<p>Description My Way, l\u2019eau de parfum rechargeable pour femme de Giorgio Armani, est une v\u00e9ritable invitation \u00e0 s\u2019ouvrir \u00e0 de nouvelles rencontres, vivre des exp\u00e9riences uniques et \u00e9largir ses horizons. Giorgio Armani d\u00e9voile la nouvelle eau de parfum florale My Way , une interpr\u00e9tation plus fra\u00eeche, lumineuse et florale de la fragrance iconique My Way [&hellip;]<\/p>\n","protected":false},"featured_media":4330,"comment_status":"open","ping_status":"closed","template":"","meta":{"content-type":"","_uag_custom_page_level_css":""},"pwb-brand":[],"product_brand":[],"product_cat":[331,397],"product_tag":[],"class_list":{"0":"post-4331","1":"product","2":"type-product","3":"status-publish","4":"has-post-thumbnail","6":"product_cat-idees-cadeaux","7":"product_cat-parfums","9":"first","10":"instock","11":"sale","12":"shipping-taxable","13":"purchasable","14":"product-type-simple"},"aioseo_notices":[],"uagb_featured_image_src":{"full":["https:\/\/wavexia.com\/wp-content\/uploads\/2025\/10\/IMG_5927.jpeg",900,806,false],"thumbnail":["https:\/\/wavexia.com\/wp-content\/uploads\/2025\/10\/IMG_5927-150x150.jpeg",150,150,true],"medium":["https:\/\/wavexia.com\/wp-content\/uploads\/2025\/10\/IMG_5927-300x269.jpeg",300,269,true],"medium_large":["https:\/\/wavexia.com\/wp-content\/uploads\/2025\/10\/IMG_5927-768x688.jpeg",768,688,true],"large":["https:\/\/wavexia.com\/wp-content\/uploads\/2025\/10\/IMG_5927.jpeg",900,806,false],"1536x1536":["https:\/\/wavexia.com\/wp-content\/uploads\/2025\/10\/IMG_5927.jpeg",900,806,false],"2048x2048":["https:\/\/wavexia.com\/wp-content\/uploads\/2025\/10\/IMG_5927.jpeg",900,806,false],"woocommerce_archive_thumbnail":["https:\/\/wavexia.com\/wp-content\/uploads\/2025\/10\/IMG_5927-300x269.jpeg",300,269,true],"woocommerce_thumbnail":["https:\/\/wavexia.com\/wp-content\/uploads\/2025\/10\/IMG_5927-300x300.jpeg",300,300,true],"woocommerce_single":["https:\/\/wavexia.com\/wp-content\/uploads\/2025\/10\/IMG_5927-600x537.jpeg",600,537,true],"woocommerce_gallery_thumbnail":["https:\/\/wavexia.com\/wp-content\/uploads\/2025\/10\/IMG_5927-100x100.jpeg",100,100,true]},"uagb_author_info":{"display_name":"zineddine.ayoub98@gmail.com","author_link":"https:\/\/wavexia.com\/?author=0"},"uagb_comment_info":0,"uagb_excerpt":"Description My Way, l\u2019eau de parfum rechargeable pour femme de Giorgio Armani, est une v\u00e9ritable invitation \u00e0 s\u2019ouvrir \u00e0 de nouvelles rencontres, vivre des exp\u00e9riences uniques et \u00e9largir ses horizons. Giorgio Armani d\u00e9voile la nouvelle eau de parfum florale My Way , une interpr\u00e9tation plus fra\u00eeche, lumineuse et florale de la fragrance iconique My Way&hellip;","brands":[],"_links":{"self":[{"href":"https:\/\/wavexia.com\/index.php?rest_route=\/wp\/v2\/product\/4331","targetHints":{"allow":["GET"]}}],"collection":[{"href":"https:\/\/wavexia.com\/index.php?rest_route=\/wp\/v2\/product"}],"about":[{"href":"https:\/\/wavexia.com\/index.php?rest_route=\/wp\/v2\/types\/product"}],"replies":[{"embeddable":true,"href":"https:\/\/wavexia.com\/index.php?rest_route=%2Fwp%2Fv2%2Fcomments&post=4331"}],"wp:featuredmedia":[{"embeddable":true,"href":"https:\/\/wavexia.com\/index.php?rest_route=\/wp\/v2\/media\/4330"}],"wp:attachment":[{"href":"https:\/\/wavexia.com\/index.php?rest_route=%2Fwp%2Fv2%2Fmedia&parent=4331"}],"wp:term":[{"taxonomy":"pwb-brand","embeddable":true,"href":"https:\/\/wavexia.com\/index.php?rest_route=%2Fwp%2Fv2%2Fpwb-brand&post=4331"},{"taxonomy":"product_brand","embeddable":true,"href":"https:\/\/wavexia.com\/index.php?rest_route=%2Fwp%2Fv2%2Fproduct_brand&post=4331"},{"taxonomy":"product_cat","embeddable":true,"href":"https:\/\/wavexia.com\/index.php?rest_route=%2Fwp%2Fv2%2Fproduct_cat&post=4331"},{"taxonomy":"product_tag","embeddable":true,"href":"https:\/\/wavexia.com\/index.php?rest_route=%2Fwp%2Fv2%2Fproduct_tag&post=4331"}],"curies":[{"name":"wp","href":"https:\/\/api.w.org\/{rel}","templated":true}]}}