{"id":4326,"date":"2025-10-19T09:04:37","date_gmt":"2025-10-19T09:04:37","guid":{"rendered":"https:\/\/wavexia.com\/product\/rabanne-olympea-absolu-eau-de-parfum-80ml\/"},"modified":"2026-03-10T07:31:01","modified_gmt":"2026-03-10T07:31:01","slug":"rabanne-olympea-absolu-eau-de-parfum-80ml","status":"publish","type":"product","link":"https:\/\/wavexia.com\/?product=rabanne-olympea-absolu-eau-de-parfum-80ml","title":{"rendered":"Rabanne Olympea Absolu Eau de Parfum 80ml"},"content":{"rendered":"<h2>Description<\/h2>\n<p>La nuit tombe sur les rochers d\u2019une plage volcanique. Elle est la lueur qui \u00e9clipse l\u2019obscurit\u00e9, dans l\u2019\u00e9clat de sa facette la plus myst\u00e9rieuse. OLYMP\u00c9A Absolu r\u00e9v\u00e8le un accord \u00e0 la fois floral, gourmand, fruit\u00e9, d\u2019une exceptionnelle intensit\u00e9, illuminant la nuit, par une alliance sensuelle d\u2019abricot lumineux, de jasmin absolu et de vanille addictive.<\/p>\n","protected":false},"excerpt":{"rendered":"<p>Description La nuit tombe sur les rochers d\u2019une plage volcanique. Elle est la lueur qui \u00e9clipse l\u2019obscurit\u00e9, dans l\u2019\u00e9clat de sa facette la plus myst\u00e9rieuse. OLYMP\u00c9A Absolu r\u00e9v\u00e8le un accord \u00e0 la fois floral, gourmand, fruit\u00e9, d\u2019une exceptionnelle intensit\u00e9, illuminant la nuit, par une alliance sensuelle d\u2019abricot lumineux, de jasmin absolu et de vanille addictive.<\/p>\n","protected":false},"featured_media":4325,"comment_status":"open","ping_status":"closed","template":"","meta":{"content-type":"","_uag_custom_page_level_css":""},"pwb-brand":[],"product_brand":[],"product_cat":[327,331,328,397],"product_tag":[],"class_list":{"0":"post-4326","1":"product","2":"type-product","3":"status-publish","4":"has-post-thumbnail","6":"product_cat-hmizat","7":"product_cat-idees-cadeaux","8":"product_cat-nouveautes","9":"product_cat-parfums","11":"first","12":"instock","13":"sale","14":"shipping-taxable","15":"purchasable","16":"product-type-simple"},"aioseo_notices":[],"uagb_featured_image_src":{"full":["https:\/\/wavexia.com\/wp-content\/uploads\/2025\/10\/IMG_5937.jpeg",800,800,false],"thumbnail":["https:\/\/wavexia.com\/wp-content\/uploads\/2025\/10\/IMG_5937-150x150.jpeg",150,150,true],"medium":["https:\/\/wavexia.com\/wp-content\/uploads\/2025\/10\/IMG_5937-300x300.jpeg",300,300,true],"medium_large":["https:\/\/wavexia.com\/wp-content\/uploads\/2025\/10\/IMG_5937-768x768.jpeg",768,768,true],"large":["https:\/\/wavexia.com\/wp-content\/uploads\/2025\/10\/IMG_5937.jpeg",800,800,false],"1536x1536":["https:\/\/wavexia.com\/wp-content\/uploads\/2025\/10\/IMG_5937.jpeg",800,800,false],"2048x2048":["https:\/\/wavexia.com\/wp-content\/uploads\/2025\/10\/IMG_5937.jpeg",800,800,false],"woocommerce_archive_thumbnail":["https:\/\/wavexia.com\/wp-content\/uploads\/2025\/10\/IMG_5937-300x300.jpeg",300,300,true],"woocommerce_thumbnail":["https:\/\/wavexia.com\/wp-content\/uploads\/2025\/10\/IMG_5937-300x300.jpeg",300,300,true],"woocommerce_single":["https:\/\/wavexia.com\/wp-content\/uploads\/2025\/10\/IMG_5937-600x600.jpeg",600,600,true],"woocommerce_gallery_thumbnail":["https:\/\/wavexia.com\/wp-content\/uploads\/2025\/10\/IMG_5937-100x100.jpeg",100,100,true]},"uagb_author_info":{"display_name":"zineddine.ayoub98@gmail.com","author_link":"https:\/\/wavexia.com\/?author=0"},"uagb_comment_info":0,"uagb_excerpt":"Description La nuit tombe sur les rochers d\u2019une plage volcanique. Elle est la lueur qui \u00e9clipse l\u2019obscurit\u00e9, dans l\u2019\u00e9clat de sa facette la plus myst\u00e9rieuse. OLYMP\u00c9A Absolu r\u00e9v\u00e8le un accord \u00e0 la fois floral, gourmand, fruit\u00e9, d\u2019une exceptionnelle intensit\u00e9, illuminant la nuit, par une alliance sensuelle d\u2019abricot lumineux, de jasmin absolu et de vanille addictive.","brands":[],"_links":{"self":[{"href":"https:\/\/wavexia.com\/index.php?rest_route=\/wp\/v2\/product\/4326","targetHints":{"allow":["GET"]}}],"collection":[{"href":"https:\/\/wavexia.com\/index.php?rest_route=\/wp\/v2\/product"}],"about":[{"href":"https:\/\/wavexia.com\/index.php?rest_route=\/wp\/v2\/types\/product"}],"replies":[{"embeddable":true,"href":"https:\/\/wavexia.com\/index.php?rest_route=%2Fwp%2Fv2%2Fcomments&post=4326"}],"wp:featuredmedia":[{"embeddable":true,"href":"https:\/\/wavexia.com\/index.php?rest_route=\/wp\/v2\/media\/4325"}],"wp:attachment":[{"href":"https:\/\/wavexia.com\/index.php?rest_route=%2Fwp%2Fv2%2Fmedia&parent=4326"}],"wp:term":[{"taxonomy":"pwb-brand","embeddable":true,"href":"https:\/\/wavexia.com\/index.php?rest_route=%2Fwp%2Fv2%2Fpwb-brand&post=4326"},{"taxonomy":"product_brand","embeddable":true,"href":"https:\/\/wavexia.com\/index.php?rest_route=%2Fwp%2Fv2%2Fproduct_brand&post=4326"},{"taxonomy":"product_cat","embeddable":true,"href":"https:\/\/wavexia.com\/index.php?rest_route=%2Fwp%2Fv2%2Fproduct_cat&post=4326"},{"taxonomy":"product_tag","embeddable":true,"href":"https:\/\/wavexia.com\/index.php?rest_route=%2Fwp%2Fv2%2Fproduct_tag&post=4326"}],"curies":[{"name":"wp","href":"https:\/\/api.w.org\/{rel}","templated":true}]}}