{"id":4319,"date":"2025-10-19T09:04:34","date_gmt":"2025-10-19T09:04:34","guid":{"rendered":"https:\/\/wavexia.com\/product\/rituals-of-yozakura-brume-50-ml-hair-body-mist\/"},"modified":"2026-03-10T07:31:01","modified_gmt":"2026-03-10T07:31:01","slug":"rituals-of-yozakura-brume-50-ml-hair-body-mist","status":"publish","type":"product","link":"https:\/\/wavexia.com\/?product=rituals-of-yozakura-brume-50-ml-hair-body-mist","title":{"rendered":"rituals of yozakura brume 50 ML hair &#038; body mist"},"content":{"rendered":"<h2>Description<\/h2>\n<div id=\"paragraph-0\" class=\"XZvmkKc6\" role=\"region\" aria-labelledby=\"paragraph-0\">\n<h4 class=\"XTrD8gFe a82g06OF _2JXIz9vO\"><span style=\"font-family: 'Open Sans', sans-serif; font-size: 16px; font-weight: normal;\">Cette brume pour le corps et les cheveux \u00e0 la fleur de cerisier Yoshino et au riz noir nous rappelle qu\u2019il faut accueillir la nuit avec \u00e9merveillement. Plongez dans l\u2019effluve d\u00e9licate des fleurs blanches et des notes de vanille ambr\u00e9e. Laissez les notes fruit\u00e9es et florales envo\u00fbter vos sens et profitez d\u2019un moment de pl\u00e9nitude \u00e0 chaque vaporisation. Id\u00e9ale pour les peaux sensibles, cette formule sans alcool ne tache pas les v\u00eatements et discipline m\u00eame les cheveux rebelles. Associez-la \u00e0 d\u2019autres essentiels bien-\u00eatre de la collection The Ritual of Yozakura.<\/span><\/h4>\n<div id=\"paragraph-1\" class=\"XZvmkKc6\" role=\"region\" aria-labelledby=\"paragraph-1\">\n<h4 class=\"XTrD8gFe a82g06OF _2JXIz9vO\">Ingr\u00e9dients<\/h4>\n<div id=\"paragraph-body-1\" class=\"Oizh8ToE\" role=\"region\" data-testid=\"paragraph-body-1\" aria-labelledby=\"paragraph-body-1\">\n<div class=\"G2PlksWy\">\n<div class=\"UhVZOxZ5\">Aqua\/Water, PEG-40 Hydrogenated Castor Oil, Parfum\/Fragrance, Prunus Yedoensis Leaf Extract, Sodium Benzoate, Linalool, Potassium Sorbate, Tetramethyl Acetyloctahydronaphtalenes, Benzyl Salicylate, Hexyl Cinnamal, Linalyl Acetate, Vanillin, Coumarin, Trimethylcyclopentenyl Methylisopentenol, Limonene, Geraniol, Butylene Glycol, Pinene, Acetyl Cedrene, Dimethyl Phenethyl Acetate, Citronellol, Benzaldehyde, Rose Ketones, Citric Acid<\/div>\n<\/div>\n<\/div>\n<\/div>\n<\/div>\n","protected":false},"excerpt":{"rendered":"<p>Description Cette brume pour le corps et les cheveux \u00e0 la fleur de cerisier Yoshino et au riz noir nous rappelle qu\u2019il faut accueillir la nuit avec \u00e9merveillement. Plongez dans l\u2019effluve d\u00e9licate des fleurs blanches et des notes de vanille ambr\u00e9e. Laissez les notes fruit\u00e9es et florales envo\u00fbter vos sens et profitez d\u2019un moment de [&hellip;]<\/p>\n","protected":false},"featured_media":4318,"comment_status":"open","ping_status":"closed","template":"","meta":{"content-type":"","_uag_custom_page_level_css":""},"pwb-brand":[],"product_brand":[],"product_cat":[328,332],"product_tag":[],"class_list":{"0":"post-4319","1":"product","2":"type-product","3":"status-publish","4":"has-post-thumbnail","6":"product_cat-nouveautes","7":"product_cat-rituals","9":"first","10":"instock","11":"shipping-taxable","12":"purchasable","13":"product-type-simple"},"aioseo_notices":[],"uagb_featured_image_src":{"full":["https:\/\/wavexia.com\/wp-content\/uploads\/2025\/10\/1117155-rituals-limitededitions-yozakura-hairbodymist-50ml_Square.webp",863,863,false],"thumbnail":["https:\/\/wavexia.com\/wp-content\/uploads\/2025\/10\/1117155-rituals-limitededitions-yozakura-hairbodymist-50ml_Square-150x150.webp",150,150,true],"medium":["https:\/\/wavexia.com\/wp-content\/uploads\/2025\/10\/1117155-rituals-limitededitions-yozakura-hairbodymist-50ml_Square-300x300.webp",300,300,true],"medium_large":["https:\/\/wavexia.com\/wp-content\/uploads\/2025\/10\/1117155-rituals-limitededitions-yozakura-hairbodymist-50ml_Square-768x768.webp",768,768,true],"large":["https:\/\/wavexia.com\/wp-content\/uploads\/2025\/10\/1117155-rituals-limitededitions-yozakura-hairbodymist-50ml_Square.webp",863,863,false],"1536x1536":["https:\/\/wavexia.com\/wp-content\/uploads\/2025\/10\/1117155-rituals-limitededitions-yozakura-hairbodymist-50ml_Square.webp",863,863,false],"2048x2048":["https:\/\/wavexia.com\/wp-content\/uploads\/2025\/10\/1117155-rituals-limitededitions-yozakura-hairbodymist-50ml_Square.webp",863,863,false],"woocommerce_archive_thumbnail":["https:\/\/wavexia.com\/wp-content\/uploads\/2025\/10\/1117155-rituals-limitededitions-yozakura-hairbodymist-50ml_Square-300x300.webp",300,300,true],"woocommerce_thumbnail":["https:\/\/wavexia.com\/wp-content\/uploads\/2025\/10\/1117155-rituals-limitededitions-yozakura-hairbodymist-50ml_Square-300x300.webp",300,300,true],"woocommerce_single":["https:\/\/wavexia.com\/wp-content\/uploads\/2025\/10\/1117155-rituals-limitededitions-yozakura-hairbodymist-50ml_Square-600x600.webp",600,600,true],"woocommerce_gallery_thumbnail":["https:\/\/wavexia.com\/wp-content\/uploads\/2025\/10\/1117155-rituals-limitededitions-yozakura-hairbodymist-50ml_Square-100x100.webp",100,100,true]},"uagb_author_info":{"display_name":"zineddine.ayoub98@gmail.com","author_link":"https:\/\/wavexia.com\/?author=0"},"uagb_comment_info":0,"uagb_excerpt":"Description Cette brume pour le corps et les cheveux \u00e0 la fleur de cerisier Yoshino et au riz noir nous rappelle qu\u2019il faut accueillir la nuit avec \u00e9merveillement. Plongez dans l\u2019effluve d\u00e9licate des fleurs blanches et des notes de vanille ambr\u00e9e. Laissez les notes fruit\u00e9es et florales envo\u00fbter vos sens et profitez d\u2019un moment de&hellip;","brands":[],"_links":{"self":[{"href":"https:\/\/wavexia.com\/index.php?rest_route=\/wp\/v2\/product\/4319","targetHints":{"allow":["GET"]}}],"collection":[{"href":"https:\/\/wavexia.com\/index.php?rest_route=\/wp\/v2\/product"}],"about":[{"href":"https:\/\/wavexia.com\/index.php?rest_route=\/wp\/v2\/types\/product"}],"replies":[{"embeddable":true,"href":"https:\/\/wavexia.com\/index.php?rest_route=%2Fwp%2Fv2%2Fcomments&post=4319"}],"wp:featuredmedia":[{"embeddable":true,"href":"https:\/\/wavexia.com\/index.php?rest_route=\/wp\/v2\/media\/4318"}],"wp:attachment":[{"href":"https:\/\/wavexia.com\/index.php?rest_route=%2Fwp%2Fv2%2Fmedia&parent=4319"}],"wp:term":[{"taxonomy":"pwb-brand","embeddable":true,"href":"https:\/\/wavexia.com\/index.php?rest_route=%2Fwp%2Fv2%2Fpwb-brand&post=4319"},{"taxonomy":"product_brand","embeddable":true,"href":"https:\/\/wavexia.com\/index.php?rest_route=%2Fwp%2Fv2%2Fproduct_brand&post=4319"},{"taxonomy":"product_cat","embeddable":true,"href":"https:\/\/wavexia.com\/index.php?rest_route=%2Fwp%2Fv2%2Fproduct_cat&post=4319"},{"taxonomy":"product_tag","embeddable":true,"href":"https:\/\/wavexia.com\/index.php?rest_route=%2Fwp%2Fv2%2Fproduct_tag&post=4319"}],"curies":[{"name":"wp","href":"https:\/\/api.w.org\/{rel}","templated":true}]}}