{"id":4305,"date":"2025-10-19T09:04:27","date_gmt":"2025-10-19T09:04:27","guid":{"rendered":"https:\/\/wavexia.com\/product\/now-zinc-50mg-100-tablets\/"},"modified":"2026-03-10T07:31:01","modified_gmt":"2026-03-10T07:31:01","slug":"now-zinc-50mg-100-tablets","status":"publish","type":"product","link":"https:\/\/wavexia.com\/?product=now-zinc-50mg-100-tablets","title":{"rendered":"NOW Zinc 50mg 100 tablets"},"content":{"rendered":"<h2>Description<\/h2>\n<ul>\n<li>Renforce le syst\u00e8me immunitaire<\/li>\n<li>Favorise le fonctionnement des enzymes<\/li>\n<li>Sans OGM<\/li>\n<li>Compl\u00e9ment alimentaire<\/li>\n<li>V\u00e9g\u00e9tarien\/Vegan<\/li>\n<li>Casher<\/li>\n<li>Min\u00e9raux<\/li>\n<li>Entreprise familiale depuis 1968<\/li>\n<li>Qualit\u00e9 BPF garantie<\/li>\n<\/ul>\n<p>Le zinc est essentiel au fonctionnement normal de nombreux organes et syst\u00e8mes au sein du corps. De plus, il soutient le bon fonctionnement des syst\u00e8mes osseux, immunitaire, neurologique et endocrinien. Le zinc est un cofacteur min\u00e9ral essentiel aux centaines de r\u00e9actions enzymatiques li\u00e9es au m\u00e9tabolisme des prot\u00e9ines et des glucides, \u00e0 la synth\u00e8se de l\u2019ARN et de l\u2019ADN ainsi qu\u2019\u00e0 la signalisation cellulaire. Il est \u00e9galement connu pour jouer un r\u00f4le essentiel dans les activit\u00e9s de neutralisation des radicaux libres par l\u2019organisme, tout en \u00e9tant particuli\u00e8rement utile au maintien d\u2019un vieillissement en bonne sant\u00e9<\/p>\n<h5 class=\"hdr -upp -fs14 -m -pam\">Principales caract\u00e9ristiques<\/h5>\n<div class=\"markup -pam\">\n<p>Cellulose microcristalline, st\u00e9arate de magn\u00e9sium (d\u2019origine v\u00e9g\u00e9tale), dioxyde de silicium et enveloppe v\u00e9g\u00e9tarienne.<\/p>\n<p>\u00c9labor\u00e9 sans bl\u00e9, gluten, soja, lait, \u0153uf, poisson, fruits de mer, ou fruits \u00e0 coque. Fabriqu\u00e9s dans un \u00e9tablissement certifi\u00e9 (BPF) qui traite d\u2019autres ingr\u00e9dients contenant ces allerg\u00e8nes<\/p>\n<\/div>\n","protected":false},"excerpt":{"rendered":"<p>Description Renforce le syst\u00e8me immunitaire Favorise le fonctionnement des enzymes Sans OGM Compl\u00e9ment alimentaire V\u00e9g\u00e9tarien\/Vegan Casher Min\u00e9raux Entreprise familiale depuis 1968 Qualit\u00e9 BPF garantie Le zinc est essentiel au fonctionnement normal de nombreux organes et syst\u00e8mes au sein du corps. De plus, il soutient le bon fonctionnement des syst\u00e8mes osseux, immunitaire, neurologique et endocrinien. Le [&hellip;]<\/p>\n","protected":false},"featured_media":4304,"comment_status":"open","ping_status":"closed","template":"","meta":{"content-type":"","_uag_custom_page_level_css":""},"pwb-brand":[],"product_brand":[],"product_cat":[330],"product_tag":[],"class_list":{"0":"post-4305","1":"product","2":"type-product","3":"status-publish","4":"has-post-thumbnail","6":"product_cat-complements-alimentaires","8":"first","9":"instock","10":"sale","11":"shipping-taxable","12":"purchasable","13":"product-type-simple"},"aioseo_notices":[],"uagb_featured_image_src":{"full":["https:\/\/wavexia.com\/wp-content\/uploads\/2025\/10\/zinc-now-food-50mg-1.jpg",452,452,false],"thumbnail":["https:\/\/wavexia.com\/wp-content\/uploads\/2025\/10\/zinc-now-food-50mg-1-150x150.jpg",150,150,true],"medium":["https:\/\/wavexia.com\/wp-content\/uploads\/2025\/10\/zinc-now-food-50mg-1-300x300.jpg",300,300,true],"medium_large":["https:\/\/wavexia.com\/wp-content\/uploads\/2025\/10\/zinc-now-food-50mg-1.jpg",452,452,false],"large":["https:\/\/wavexia.com\/wp-content\/uploads\/2025\/10\/zinc-now-food-50mg-1.jpg",452,452,false],"1536x1536":["https:\/\/wavexia.com\/wp-content\/uploads\/2025\/10\/zinc-now-food-50mg-1.jpg",452,452,false],"2048x2048":["https:\/\/wavexia.com\/wp-content\/uploads\/2025\/10\/zinc-now-food-50mg-1.jpg",452,452,false],"woocommerce_archive_thumbnail":["https:\/\/wavexia.com\/wp-content\/uploads\/2025\/10\/zinc-now-food-50mg-1-300x300.jpg",300,300,true],"woocommerce_thumbnail":["https:\/\/wavexia.com\/wp-content\/uploads\/2025\/10\/zinc-now-food-50mg-1-300x300.jpg",300,300,true],"woocommerce_single":["https:\/\/wavexia.com\/wp-content\/uploads\/2025\/10\/zinc-now-food-50mg-1.jpg",452,452,false],"woocommerce_gallery_thumbnail":["https:\/\/wavexia.com\/wp-content\/uploads\/2025\/10\/zinc-now-food-50mg-1-100x100.jpg",100,100,true]},"uagb_author_info":{"display_name":"zineddine.ayoub98@gmail.com","author_link":"https:\/\/wavexia.com\/?author=0"},"uagb_comment_info":0,"uagb_excerpt":"Description Renforce le syst\u00e8me immunitaire Favorise le fonctionnement des enzymes Sans OGM Compl\u00e9ment alimentaire V\u00e9g\u00e9tarien\/Vegan Casher Min\u00e9raux Entreprise familiale depuis 1968 Qualit\u00e9 BPF garantie Le zinc est essentiel au fonctionnement normal de nombreux organes et syst\u00e8mes au sein du corps. De plus, il soutient le bon fonctionnement des syst\u00e8mes osseux, immunitaire, neurologique et endocrinien. Le&hellip;","brands":[],"_links":{"self":[{"href":"https:\/\/wavexia.com\/index.php?rest_route=\/wp\/v2\/product\/4305","targetHints":{"allow":["GET"]}}],"collection":[{"href":"https:\/\/wavexia.com\/index.php?rest_route=\/wp\/v2\/product"}],"about":[{"href":"https:\/\/wavexia.com\/index.php?rest_route=\/wp\/v2\/types\/product"}],"replies":[{"embeddable":true,"href":"https:\/\/wavexia.com\/index.php?rest_route=%2Fwp%2Fv2%2Fcomments&post=4305"}],"wp:featuredmedia":[{"embeddable":true,"href":"https:\/\/wavexia.com\/index.php?rest_route=\/wp\/v2\/media\/4304"}],"wp:attachment":[{"href":"https:\/\/wavexia.com\/index.php?rest_route=%2Fwp%2Fv2%2Fmedia&parent=4305"}],"wp:term":[{"taxonomy":"pwb-brand","embeddable":true,"href":"https:\/\/wavexia.com\/index.php?rest_route=%2Fwp%2Fv2%2Fpwb-brand&post=4305"},{"taxonomy":"product_brand","embeddable":true,"href":"https:\/\/wavexia.com\/index.php?rest_route=%2Fwp%2Fv2%2Fproduct_brand&post=4305"},{"taxonomy":"product_cat","embeddable":true,"href":"https:\/\/wavexia.com\/index.php?rest_route=%2Fwp%2Fv2%2Fproduct_cat&post=4305"},{"taxonomy":"product_tag","embeddable":true,"href":"https:\/\/wavexia.com\/index.php?rest_route=%2Fwp%2Fv2%2Fproduct_tag&post=4305"}],"curies":[{"name":"wp","href":"https:\/\/api.w.org\/{rel}","templated":true}]}}