{"id":4299,"date":"2025-10-19T09:04:22","date_gmt":"2025-10-19T09:04:22","guid":{"rendered":"https:\/\/wavexia.com\/product\/axis-y-quinoa-one-step-balanced-gel-cleanser-180-ml\/"},"modified":"2026-03-10T07:31:01","modified_gmt":"2026-03-10T07:31:01","slug":"axis-y-quinoa-one-step-balanced-gel-cleanser-180-ml","status":"publish","type":"product","link":"https:\/\/wavexia.com\/?product=axis-y-quinoa-one-step-balanced-gel-cleanser-180-ml","title":{"rendered":"AXIS-Y Quinoa One Step Balanced Gel Cleanser 180 ml"},"content":{"rendered":"<h2>Description<\/h2>\n<p>Comme premi\u00e8re \u00e9tape de la routine de soins de la peau, nous voulions d\u00e9velopper un nettoyant qui aurait non seulement un niveau de pH appropri\u00e9, mais qui \u00e9liminerait \u00e9galement le maquillage et d\u2019autres impuret\u00e9s en une seule \u00e9tape de nettoyage. Avec un pH de 5,5, notre gel nettoyant au quinoa en une seule \u00e9tape maintient le niveau de pH sain de la peau tout en \u00e9liminant efficacement le maquillage, l\u2019exc\u00e8s de s\u00e9bum et l\u2019accumulation de la journ\u00e9e en un seul lavage sans d\u00e9caper la peau afin que vous puissiez commencer votre routine de mani\u00e8re rafra\u00eechissante et clarifiante.<\/p>\n<h5>mode d\u2019emploi:<\/h5>\n<div class=\"how-to-step\">\n<div class=\"how-to-step\">\n<p>\u00c9tape 1.<\/p>\n<p class=\"accordion__custom-desc\">Appliquez deux \u00e0 trois pompes sur le visage humide<\/p>\n<div class=\"how-to-step\">\n<p>\u00c9tape 2.<\/p>\n<p class=\"accordion__custom-desc\">Masser sur le visage, en particulier dans les zones sujettes aux d\u00e9bris et au s\u00e9bum<\/p>\n<\/div>\n<div class=\"how-to-step\">\n<p>\u00c9tape 3.<\/p>\n<p class=\"accordion__custom-desc\">Rincer abondamment \u00e0 l\u2019eau ti\u00e8de<\/p>\n<h5>ingr\u00e9dients:<\/h5>\n<p>Eau, d\u00e9cyl glucoside, cocoyl glutamate de sodium, extrait de graines de quinoa Chenopodium, glyc\u00e9rine, lauroyl glutamate de sodium, b\u00e9ta\u00efne, glycine soja (huile de soja), extrait de Melaleuca alternifolia (arbre \u00e0 th\u00e9), chlorph\u00e9n\u00e9sine, hydroxyac\u00e9toph\u00e9none, \u00e9thylhexylglyc\u00e9rine, extrait de feuille de Camellia Sinensis, extrait d\u2019humulus lupulus (houblon), extrait d\u2019Ocimum tenuiflorum, extrait de Centella Asiatica, extrait de fleur de Calendula Officinalis, extrait de fruit de Prunus Amygdalus Dulcis (amande douce), acide citrique, huile de g\u00e9ranium maculatum, Allanto\u00efne<strong>.<\/strong><\/p>\n<p>&nbsp;<\/p>\n<\/div>\n<\/div>\n<\/div>\n","protected":false},"excerpt":{"rendered":"<p>Description Comme premi\u00e8re \u00e9tape de la routine de soins de la peau, nous voulions d\u00e9velopper un nettoyant qui aurait non seulement un niveau de pH appropri\u00e9, mais qui \u00e9liminerait \u00e9galement le maquillage et d\u2019autres impuret\u00e9s en une seule \u00e9tape de nettoyage. Avec un pH de 5,5, notre gel nettoyant au quinoa en une seule \u00e9tape [&hellip;]<\/p>\n","protected":false},"featured_media":4298,"comment_status":"open","ping_status":"closed","template":"","meta":{"content-type":"","_uag_custom_page_level_css":""},"pwb-brand":[],"product_brand":[],"product_cat":[363,336,334],"product_tag":[],"class_list":{"0":"post-4299","1":"product","2":"type-product","3":"status-publish","4":"has-post-thumbnail","6":"product_cat-axis-y","7":"product_cat-nettoyant","8":"product_cat-produits-coreens","10":"first","11":"instock","12":"sale","13":"shipping-taxable","14":"purchasable","15":"product-type-simple"},"aioseo_notices":[],"uagb_featured_image_src":{"full":["https:\/\/wavexia.com\/wp-content\/uploads\/2025\/10\/axis-y-quinoa-one-step-balanced-gel-cleanser-180-ml.webp",452,452,false],"thumbnail":["https:\/\/wavexia.com\/wp-content\/uploads\/2025\/10\/axis-y-quinoa-one-step-balanced-gel-cleanser-180-ml-150x150.webp",150,150,true],"medium":["https:\/\/wavexia.com\/wp-content\/uploads\/2025\/10\/axis-y-quinoa-one-step-balanced-gel-cleanser-180-ml-300x300.webp",300,300,true],"medium_large":["https:\/\/wavexia.com\/wp-content\/uploads\/2025\/10\/axis-y-quinoa-one-step-balanced-gel-cleanser-180-ml.webp",452,452,false],"large":["https:\/\/wavexia.com\/wp-content\/uploads\/2025\/10\/axis-y-quinoa-one-step-balanced-gel-cleanser-180-ml.webp",452,452,false],"1536x1536":["https:\/\/wavexia.com\/wp-content\/uploads\/2025\/10\/axis-y-quinoa-one-step-balanced-gel-cleanser-180-ml.webp",452,452,false],"2048x2048":["https:\/\/wavexia.com\/wp-content\/uploads\/2025\/10\/axis-y-quinoa-one-step-balanced-gel-cleanser-180-ml.webp",452,452,false],"woocommerce_archive_thumbnail":["https:\/\/wavexia.com\/wp-content\/uploads\/2025\/10\/axis-y-quinoa-one-step-balanced-gel-cleanser-180-ml-300x300.webp",300,300,true],"woocommerce_thumbnail":["https:\/\/wavexia.com\/wp-content\/uploads\/2025\/10\/axis-y-quinoa-one-step-balanced-gel-cleanser-180-ml-300x300.webp",300,300,true],"woocommerce_single":["https:\/\/wavexia.com\/wp-content\/uploads\/2025\/10\/axis-y-quinoa-one-step-balanced-gel-cleanser-180-ml.webp",452,452,false],"woocommerce_gallery_thumbnail":["https:\/\/wavexia.com\/wp-content\/uploads\/2025\/10\/axis-y-quinoa-one-step-balanced-gel-cleanser-180-ml-100x100.webp",100,100,true]},"uagb_author_info":{"display_name":"zineddine.ayoub98@gmail.com","author_link":"https:\/\/wavexia.com\/?author=0"},"uagb_comment_info":0,"uagb_excerpt":"Description Comme premi\u00e8re \u00e9tape de la routine de soins de la peau, nous voulions d\u00e9velopper un nettoyant qui aurait non seulement un niveau de pH appropri\u00e9, mais qui \u00e9liminerait \u00e9galement le maquillage et d\u2019autres impuret\u00e9s en une seule \u00e9tape de nettoyage. Avec un pH de 5,5, notre gel nettoyant au quinoa en une seule \u00e9tape&hellip;","brands":[],"_links":{"self":[{"href":"https:\/\/wavexia.com\/index.php?rest_route=\/wp\/v2\/product\/4299","targetHints":{"allow":["GET"]}}],"collection":[{"href":"https:\/\/wavexia.com\/index.php?rest_route=\/wp\/v2\/product"}],"about":[{"href":"https:\/\/wavexia.com\/index.php?rest_route=\/wp\/v2\/types\/product"}],"replies":[{"embeddable":true,"href":"https:\/\/wavexia.com\/index.php?rest_route=%2Fwp%2Fv2%2Fcomments&post=4299"}],"wp:featuredmedia":[{"embeddable":true,"href":"https:\/\/wavexia.com\/index.php?rest_route=\/wp\/v2\/media\/4298"}],"wp:attachment":[{"href":"https:\/\/wavexia.com\/index.php?rest_route=%2Fwp%2Fv2%2Fmedia&parent=4299"}],"wp:term":[{"taxonomy":"pwb-brand","embeddable":true,"href":"https:\/\/wavexia.com\/index.php?rest_route=%2Fwp%2Fv2%2Fpwb-brand&post=4299"},{"taxonomy":"product_brand","embeddable":true,"href":"https:\/\/wavexia.com\/index.php?rest_route=%2Fwp%2Fv2%2Fproduct_brand&post=4299"},{"taxonomy":"product_cat","embeddable":true,"href":"https:\/\/wavexia.com\/index.php?rest_route=%2Fwp%2Fv2%2Fproduct_cat&post=4299"},{"taxonomy":"product_tag","embeddable":true,"href":"https:\/\/wavexia.com\/index.php?rest_route=%2Fwp%2Fv2%2Fproduct_tag&post=4299"}],"curies":[{"name":"wp","href":"https:\/\/api.w.org\/{rel}","templated":true}]}}