{"id":4288,"date":"2025-10-19T09:04:07","date_gmt":"2025-10-19T09:04:07","guid":{"rendered":"https:\/\/wavexia.com\/product\/anastasia-beverly-hills-brow-freeze-styling-wax\/"},"modified":"2026-03-10T07:31:01","modified_gmt":"2026-03-10T07:31:01","slug":"anastasia-beverly-hills-brow-freeze-styling-wax","status":"publish","type":"product","link":"https:\/\/wavexia.com\/?product=anastasia-beverly-hills-brow-freeze-styling-wax","title":{"rendered":"ANASTASIA Beverly hills Brow Freeze Styling Wax"},"content":{"rendered":"<h2>Description<\/h2>\n<p>Anastasia Beverly Hills&nbsp;<strong>Brow Freeze\u00ae<\/strong>&nbsp;est une cire coiffante \u00e0 sourcils personnalisable qui lifte, dompte et sculpte chaque cheveu en place pour le sourcil \u00e0 plumes dont vous avez toujours r\u00eav\u00e9. La formule universelle et facile \u00e0 appliquer est sans g\u00e2chis et offre une tenue extr\u00eame et durable, vous laissant des sourcils cors\u00e9s qui durent toute la journ\u00e9e.<\/p>\n<p><button class=\"accordion-header product-accordion__why-you-ll-love-it-header flex justify-between items-center py-lg w-full\" type=\"button\" aria-expanded=\"true\" aria-controls=\"Product8510104633635AccordionWhyYouLlLoveIt\"><span class=\"accordion-header__text h6\">POURQUOI VOUS ALLEZ L\u2019ADORER<\/span><\/button><\/p>\n<div id=\"Product8510104633635AccordionWhyYouLlLoveIt\" class=\"accordion-content product-accordion__why-you-ll-love-it-content border-b border-gray-dark\" aria-hidden=\"false\">\n<div class=\"pb-lg text-gray-slate rte\">\n<div class=\"metafield-rich_text_field\">\n<ul>\n<li>Formule universelle de cire transparente pour toutes les carnations et toutes les couleurs de sourcils.<\/li>\n<li>Fournit une tenue extr\u00eame et durable qui verrouille les sourcils en place.<\/li>\n<li>Donne instantan\u00e9ment l\u2019apparence de sourcils lift\u00e9s et plum\u00e9s.<\/li>\n<li>Application facile \u00e0 utiliser et sans g\u00e2chis (pas besoin d\u2019eau.)<\/li>\n<li>Aide \u00e0 dompter les poils des sourcils indisciplin\u00e9s et grossiers.<\/li>\n<li>Se met en place sans sensation de rigidit\u00e9, de r\u00e9sidu ou d\u2019\u00e9caillage.<\/li>\n<li>S\u2019agrippe \u00e0 la peau et aux cheveux.<\/li>\n<li>Id\u00e9al pour les sourcils moyennement clairsem\u00e9s \u00e0 fournis.<\/li>\n<li>Emballage luxueux en or rose.<\/li>\n<li>Cette formule est : V\u00e9g\u00e9talienne, Sans cruaut\u00e9, \u00c0 base d\u2019eau, Sans alcool, Sans paraben, Sans huile<\/li>\n<\/ul>\n<p>&nbsp;<\/p>\n<\/div>\n<\/div>\n<\/div>\n","protected":false},"excerpt":{"rendered":"<p>Description Anastasia Beverly Hills&nbsp;Brow Freeze\u00ae&nbsp;est une cire coiffante \u00e0 sourcils personnalisable qui lifte, dompte et sculpte chaque cheveu en place pour le sourcil \u00e0 plumes dont vous avez toujours r\u00eav\u00e9. La formule universelle et facile \u00e0 appliquer est sans g\u00e2chis et offre une tenue extr\u00eame et durable, vous laissant des sourcils cors\u00e9s qui durent toute [&hellip;]<\/p>\n","protected":false},"featured_media":4287,"comment_status":"open","ping_status":"closed","template":"","meta":{"content-type":"","_uag_custom_page_level_css":""},"pwb-brand":[],"product_brand":[],"product_cat":[434,327,360,407],"product_tag":[],"class_list":{"0":"post-4288","1":"product","2":"type-product","3":"status-publish","4":"has-post-thumbnail","6":"product_cat-anastasia","7":"product_cat-hmizat","8":"product_cat-maquillage","9":"product_cat-soin-des-cils-et-sourcils","11":"first","12":"instock","13":"sale","14":"shipping-taxable","15":"purchasable","16":"product-type-simple"},"aioseo_notices":[],"uagb_featured_image_src":{"full":["https:\/\/wavexia.com\/wp-content\/uploads\/2025\/10\/ABH_SP21_BROWFREEZE_STANDARD_OPEN02_FIN_optimized.webp",1920,1920,false],"thumbnail":["https:\/\/wavexia.com\/wp-content\/uploads\/2025\/10\/ABH_SP21_BROWFREEZE_STANDARD_OPEN02_FIN_optimized-150x150.webp",150,150,true],"medium":["https:\/\/wavexia.com\/wp-content\/uploads\/2025\/10\/ABH_SP21_BROWFREEZE_STANDARD_OPEN02_FIN_optimized-300x300.webp",300,300,true],"medium_large":["https:\/\/wavexia.com\/wp-content\/uploads\/2025\/10\/ABH_SP21_BROWFREEZE_STANDARD_OPEN02_FIN_optimized-768x768.webp",768,768,true],"large":["https:\/\/wavexia.com\/wp-content\/uploads\/2025\/10\/ABH_SP21_BROWFREEZE_STANDARD_OPEN02_FIN_optimized-1024x1024.webp",1024,1024,true],"1536x1536":["https:\/\/wavexia.com\/wp-content\/uploads\/2025\/10\/ABH_SP21_BROWFREEZE_STANDARD_OPEN02_FIN_optimized-1536x1536.webp",1536,1536,true],"2048x2048":["https:\/\/wavexia.com\/wp-content\/uploads\/2025\/10\/ABH_SP21_BROWFREEZE_STANDARD_OPEN02_FIN_optimized.webp",1920,1920,false],"woocommerce_archive_thumbnail":["https:\/\/wavexia.com\/wp-content\/uploads\/2025\/10\/ABH_SP21_BROWFREEZE_STANDARD_OPEN02_FIN_optimized-300x300.webp",300,300,true],"woocommerce_thumbnail":["https:\/\/wavexia.com\/wp-content\/uploads\/2025\/10\/ABH_SP21_BROWFREEZE_STANDARD_OPEN02_FIN_optimized-300x300.webp",300,300,true],"woocommerce_single":["https:\/\/wavexia.com\/wp-content\/uploads\/2025\/10\/ABH_SP21_BROWFREEZE_STANDARD_OPEN02_FIN_optimized-600x600.webp",600,600,true],"woocommerce_gallery_thumbnail":["https:\/\/wavexia.com\/wp-content\/uploads\/2025\/10\/ABH_SP21_BROWFREEZE_STANDARD_OPEN02_FIN_optimized-100x100.webp",100,100,true]},"uagb_author_info":{"display_name":"zineddine.ayoub98@gmail.com","author_link":"https:\/\/wavexia.com\/?author=0"},"uagb_comment_info":0,"uagb_excerpt":"Description Anastasia Beverly Hills&nbsp;Brow Freeze\u00ae&nbsp;est une cire coiffante \u00e0 sourcils personnalisable qui lifte, dompte et sculpte chaque cheveu en place pour le sourcil \u00e0 plumes dont vous avez toujours r\u00eav\u00e9. La formule universelle et facile \u00e0 appliquer est sans g\u00e2chis et offre une tenue extr\u00eame et durable, vous laissant des sourcils cors\u00e9s qui durent toute&hellip;","brands":[],"_links":{"self":[{"href":"https:\/\/wavexia.com\/index.php?rest_route=\/wp\/v2\/product\/4288","targetHints":{"allow":["GET"]}}],"collection":[{"href":"https:\/\/wavexia.com\/index.php?rest_route=\/wp\/v2\/product"}],"about":[{"href":"https:\/\/wavexia.com\/index.php?rest_route=\/wp\/v2\/types\/product"}],"replies":[{"embeddable":true,"href":"https:\/\/wavexia.com\/index.php?rest_route=%2Fwp%2Fv2%2Fcomments&post=4288"}],"wp:featuredmedia":[{"embeddable":true,"href":"https:\/\/wavexia.com\/index.php?rest_route=\/wp\/v2\/media\/4287"}],"wp:attachment":[{"href":"https:\/\/wavexia.com\/index.php?rest_route=%2Fwp%2Fv2%2Fmedia&parent=4288"}],"wp:term":[{"taxonomy":"pwb-brand","embeddable":true,"href":"https:\/\/wavexia.com\/index.php?rest_route=%2Fwp%2Fv2%2Fpwb-brand&post=4288"},{"taxonomy":"product_brand","embeddable":true,"href":"https:\/\/wavexia.com\/index.php?rest_route=%2Fwp%2Fv2%2Fproduct_brand&post=4288"},{"taxonomy":"product_cat","embeddable":true,"href":"https:\/\/wavexia.com\/index.php?rest_route=%2Fwp%2Fv2%2Fproduct_cat&post=4288"},{"taxonomy":"product_tag","embeddable":true,"href":"https:\/\/wavexia.com\/index.php?rest_route=%2Fwp%2Fv2%2Fproduct_tag&post=4288"}],"curies":[{"name":"wp","href":"https:\/\/api.w.org\/{rel}","templated":true}]}}