{"id":4281,"date":"2025-10-19T09:04:02","date_gmt":"2025-10-19T09:04:02","guid":{"rendered":"https:\/\/wavexia.com\/product\/beauty-of-joseon-ginseng-essence-water-150ml\/"},"modified":"2026-03-10T07:31:01","modified_gmt":"2026-03-10T07:31:01","slug":"beauty-of-joseon-ginseng-essence-water-150ml","status":"publish","type":"product","link":"https:\/\/wavexia.com\/?product=beauty-of-joseon-ginseng-essence-water-150ml","title":{"rendered":"Beauty of Joseon \u2013 Ginseng Essence Water 150ml"},"content":{"rendered":"<h2>Description<\/h2>\n<p>The Beauty Of Joseon Gisseng Essence Water est un toner frais et nourrissant \u00e0 base d\u2019herbes cor\u00e9ennes traditionnelles pour une peau plus lisse et revitalis\u00e9e, adapt\u00e9 aux peaux sensibles et s\u00e8ches. Ce toner contient 80% d\u2019eau de racine de ginseng et un complexe de ginseng qui rem\u00e9die \u00e0 la peau s\u00e8che. Ce toner contient \u00e9galement de la niacinamide et de l\u2019ad\u00e9nosine qui neutralisent les rides et r\u00e9duisent la s\u00e9cr\u00e9tion de s\u00e9bum. Le toner prot\u00e8ge \u00e9galement votre peau des stimuli externes en retenant l\u2019humidit\u00e9 de la peau.<\/p>\n<p>Ce toner est sans parfum, sans alcool et sans huiles essentielles<\/p>\n<p><strong>Ce toner :<\/strong><\/p>\n<ul>\n<li>convient aux peaux sensibles et s\u00e8ches<\/li>\n<li>\u00e9pices traditionnelles cor\u00e9ennes<\/li>\n<li>tonique frais et nourrissant<\/li>\n<li>80% d\u2019eau de racine de ginseng<\/li>\n<li>2 % de niacinamide et 0,04 % d\u2019ad\u00e9nosine<\/li>\n<li>prot\u00e8ge la peau des stimuli<\/li>\n<li>sans parfum, sans alcool et sans huiles essentielles<\/li>\n<li>sans cruaut\u00e9<\/li>\n<\/ul>\n<p><strong>Comment utiliser:<\/strong><\/p>\n<ul>\n<li>Appliquer 2 ou 3 gouttes sur une peau nettoy\u00e9e matin et soir.<\/li>\n<li>Tapotez le s\u00e9rum jusqu\u2019\u00e0 ce que tout soit absorb\u00e9.<\/li>\n<\/ul>\n<p><strong>Ingr\u00e9dients:<\/strong><br \/>Eau de racine de ginseng Panax, butyl\u00e8ne glycol, glyc\u00e9rine, propanediol, niacinamide, 1,2-hexanediol, eau, hydroxyac\u00e9toph\u00e9none, glyc\u00e9ryl glucoside, gomme xanthna, panth\u00e9nol, glycyrrhizate de dipotassium, allanto\u00efne, ad\u00e9nosine, extrait de Panax Ginseng, callus Extrait de racine de ginseng Panax, extrait de baie de ginseng Panax, filtrat de ferment de racine de lactobacille\/panax ginseng, hyaluronate de sodium, \u00e9thylhexyglyc\u00e9rine, edta disodique<\/p>\n","protected":false},"excerpt":{"rendered":"<p>Description The Beauty Of Joseon Gisseng Essence Water est un toner frais et nourrissant \u00e0 base d\u2019herbes cor\u00e9ennes traditionnelles pour une peau plus lisse et revitalis\u00e9e, adapt\u00e9 aux peaux sensibles et s\u00e8ches. Ce toner contient 80% d\u2019eau de racine de ginseng et un complexe de ginseng qui rem\u00e9die \u00e0 la peau s\u00e8che. Ce toner contient [&hellip;]<\/p>\n","protected":false},"featured_media":4280,"comment_status":"open","ping_status":"closed","template":"","meta":{"content-type":"","_uag_custom_page_level_css":""},"pwb-brand":[],"product_brand":[],"product_cat":[354,371,334,323],"product_tag":[],"class_list":{"0":"post-4281","1":"product","2":"type-product","3":"status-publish","4":"has-post-thumbnail","6":"product_cat-beauty-of-joseon","7":"product_cat-essence","8":"product_cat-produits-coreens","9":"product_cat-skincare","11":"first","12":"instock","13":"sale","14":"shipping-taxable","15":"purchasable","16":"product-type-simple"},"aioseo_notices":[],"uagb_featured_image_src":{"full":["https:\/\/wavexia.com\/wp-content\/uploads\/2025\/10\/800_85a14ee6-fe15-4286-810c-b2e23ed0ffb3.webp",800,800,false],"thumbnail":["https:\/\/wavexia.com\/wp-content\/uploads\/2025\/10\/800_85a14ee6-fe15-4286-810c-b2e23ed0ffb3-150x150.webp",150,150,true],"medium":["https:\/\/wavexia.com\/wp-content\/uploads\/2025\/10\/800_85a14ee6-fe15-4286-810c-b2e23ed0ffb3-300x300.webp",300,300,true],"medium_large":["https:\/\/wavexia.com\/wp-content\/uploads\/2025\/10\/800_85a14ee6-fe15-4286-810c-b2e23ed0ffb3-768x768.webp",768,768,true],"large":["https:\/\/wavexia.com\/wp-content\/uploads\/2025\/10\/800_85a14ee6-fe15-4286-810c-b2e23ed0ffb3.webp",800,800,false],"1536x1536":["https:\/\/wavexia.com\/wp-content\/uploads\/2025\/10\/800_85a14ee6-fe15-4286-810c-b2e23ed0ffb3.webp",800,800,false],"2048x2048":["https:\/\/wavexia.com\/wp-content\/uploads\/2025\/10\/800_85a14ee6-fe15-4286-810c-b2e23ed0ffb3.webp",800,800,false],"woocommerce_archive_thumbnail":["https:\/\/wavexia.com\/wp-content\/uploads\/2025\/10\/800_85a14ee6-fe15-4286-810c-b2e23ed0ffb3-300x300.webp",300,300,true],"woocommerce_thumbnail":["https:\/\/wavexia.com\/wp-content\/uploads\/2025\/10\/800_85a14ee6-fe15-4286-810c-b2e23ed0ffb3-300x300.webp",300,300,true],"woocommerce_single":["https:\/\/wavexia.com\/wp-content\/uploads\/2025\/10\/800_85a14ee6-fe15-4286-810c-b2e23ed0ffb3-600x600.webp",600,600,true],"woocommerce_gallery_thumbnail":["https:\/\/wavexia.com\/wp-content\/uploads\/2025\/10\/800_85a14ee6-fe15-4286-810c-b2e23ed0ffb3-100x100.webp",100,100,true]},"uagb_author_info":{"display_name":"zineddine.ayoub98@gmail.com","author_link":"https:\/\/wavexia.com\/?author=0"},"uagb_comment_info":0,"uagb_excerpt":"Description The Beauty Of Joseon Gisseng Essence Water est un toner frais et nourrissant \u00e0 base d\u2019herbes cor\u00e9ennes traditionnelles pour une peau plus lisse et revitalis\u00e9e, adapt\u00e9 aux peaux sensibles et s\u00e8ches. Ce toner contient 80% d\u2019eau de racine de ginseng et un complexe de ginseng qui rem\u00e9die \u00e0 la peau s\u00e8che. Ce toner contient&hellip;","brands":[],"_links":{"self":[{"href":"https:\/\/wavexia.com\/index.php?rest_route=\/wp\/v2\/product\/4281","targetHints":{"allow":["GET"]}}],"collection":[{"href":"https:\/\/wavexia.com\/index.php?rest_route=\/wp\/v2\/product"}],"about":[{"href":"https:\/\/wavexia.com\/index.php?rest_route=\/wp\/v2\/types\/product"}],"replies":[{"embeddable":true,"href":"https:\/\/wavexia.com\/index.php?rest_route=%2Fwp%2Fv2%2Fcomments&post=4281"}],"wp:featuredmedia":[{"embeddable":true,"href":"https:\/\/wavexia.com\/index.php?rest_route=\/wp\/v2\/media\/4280"}],"wp:attachment":[{"href":"https:\/\/wavexia.com\/index.php?rest_route=%2Fwp%2Fv2%2Fmedia&parent=4281"}],"wp:term":[{"taxonomy":"pwb-brand","embeddable":true,"href":"https:\/\/wavexia.com\/index.php?rest_route=%2Fwp%2Fv2%2Fpwb-brand&post=4281"},{"taxonomy":"product_brand","embeddable":true,"href":"https:\/\/wavexia.com\/index.php?rest_route=%2Fwp%2Fv2%2Fproduct_brand&post=4281"},{"taxonomy":"product_cat","embeddable":true,"href":"https:\/\/wavexia.com\/index.php?rest_route=%2Fwp%2Fv2%2Fproduct_cat&post=4281"},{"taxonomy":"product_tag","embeddable":true,"href":"https:\/\/wavexia.com\/index.php?rest_route=%2Fwp%2Fv2%2Fproduct_tag&post=4281"}],"curies":[{"name":"wp","href":"https:\/\/api.w.org\/{rel}","templated":true}]}}