{"id":4278,"date":"2025-10-19T09:04:01","date_gmt":"2025-10-19T09:04:01","guid":{"rendered":"https:\/\/wavexia.com\/product\/beauty-of-joseon-matte-sun-stick-mugwort-camelia-spf50\/"},"modified":"2026-03-10T07:31:01","modified_gmt":"2026-03-10T07:31:01","slug":"beauty-of-joseon-matte-sun-stick-mugwort-camelia-spf50","status":"publish","type":"product","link":"https:\/\/wavexia.com\/?product=beauty-of-joseon-matte-sun-stick-mugwort-camelia-spf50","title":{"rendered":"Beauty of Joseon \u2013 Matte Sun Stick : Mugwort + Camelia SPF50"},"content":{"rendered":"<h2>Description<\/h2>\n<p>The Beauty of Joseon Matte Sun Stick : Mugwort + Camelia est la protection solaire parfaite pour un usage quotidien ! La cr\u00e8me solaire avec SPF50 est pr\u00e9sent\u00e9e dans un b\u00e2ton pratique et a une finition mate sans se sentir collante ni laisser de traces.<\/p>\n<p>La cr\u00e8me solaire est enrichie de poudre de silice Sebum-control qui aide \u00e0 r\u00e9guler la production de s\u00e9bum, de sorte que la cr\u00e8me solaire dure longtemps avec une finition lisse et soyeuse. De plus, le stick contient \u00e9galement de l\u2019extrait d\u2019armoise. Celui-ci est riche en vitamines A et C et en divers min\u00e9raux qui aident \u00e0 nourrir et apaiser intens\u00e9ment la peau gr\u00e2ce \u00e0 son effet rafra\u00eechissant.<\/p>\n<p>Optez pour une peau hydrat\u00e9e, douce et prot\u00e9g\u00e9e !<\/p>\n<p><strong>Ce b\u00e2ton :<\/strong><\/p>\n<ul>\n<li>cr\u00e8me solaire hydratante<\/li>\n<li>SPF50<\/li>\n<li>pour une utilisation quotidienne<\/li>\n<li>b\u00e2ton pratique<\/li>\n<li>finition mate<\/li>\n<li>enrichi en poudre de silice s\u00e9bo-r\u00e9gulatrice<\/li>\n<li>r\u00e9gule la production de s\u00e9bum<\/li>\n<li>contient de l\u2019extrait d\u2019armoise<\/li>\n<li>nourrit et apaise la peau<\/li>\n<li>pour une peau douce<\/li>\n<li>effet rafra\u00eechissant<\/li>\n<li>sans cruaut\u00e9<\/li>\n<\/ul>\n<p><strong>Comment utiliser:<\/strong><\/p>\n<ul>\n<li>Appliquez cet \u00e9cran solaire comme derni\u00e8re \u00e9tape de votre routine de soins de la peau.<\/li>\n<li>Passez plusieurs fois le stick sur votre visage et votre cou.<\/li>\n<li>Appliquer au moins 15 minutes avant de s\u2019exposer au soleil.<\/li>\n<li>R\u00e9p\u00e9tez tout au long de la journ\u00e9e pour une protection optimale.<\/li>\n<\/ul>\n<p><strong>Ingr\u00e9dients:<\/strong><br \/>Methyl Methacrylate Crosspolymer, Synthetic Wax, Dibutyl Adipate, Coco-caprylate\/caprate, Isopropyl Palmitate, Caprylyl Methicone, Caprylyl Trimethicone, Ethylhexyl Palmitate, Silica, Vinyl Dimethicone\/methicone Silsesquioxane Crosspolymer, Diethylamino Hydroxybenzoyl Hexyl Benzoate, Bis-ethylhexyloxyphenol Methoxyphenyl Triazine, Boron Nitride , Butyloctyl Salicylate, Ethylhexyl Triazone, Microcrystalline Wax, Polysilicone-15, Vinyl Dimethicone, Camellia Japonica Seed Oil, Polyglyceryl-4 Diisostearate\/polyhydroxystearate\/sebacate, Curcuma Longa (Turmeric) Root Extract, Melia Azadirachta Flower Extract, Melia Azadirachta Leaf Extract, Corallina Officinalis Extract, Melia Azadirachta Bark Extract, Ocimum Sanctum Leaf Extract, Moringa Oleifera Seed Oil, Coccinia Indica Fruit Extract, Solanum Melongena (Eggplant) Fruit Extract, Amber Powder, Water, Aloe Barbadensis Flower Extract, Simmondsia Chinensis (Jojoba) Seed Oil, 1 ,2-Hexanediol, Artemisia Capillaris Extract, Camellia Sinensis Seed O il, Hyaluronic Acid, Panthenol, Butylene Glycol, Propanediol, Bambusa Vulgaris Extract, Camellia Sinensis Leaf Extract, Glycerin, Methylpropanediol, Centella Asiatica Extract, Morinda Citrifolia Extract, Vigna Radiata Seed Extract, Ethylhexylglycerin.<\/p>\n<p><strong>Contenu :<\/strong>&nbsp;18 gr.<\/p>\n","protected":false},"excerpt":{"rendered":"<p>Description The Beauty of Joseon Matte Sun Stick : Mugwort + Camelia est la protection solaire parfaite pour un usage quotidien ! La cr\u00e8me solaire avec SPF50 est pr\u00e9sent\u00e9e dans un b\u00e2ton pratique et a une finition mate sans se sentir collante ni laisser de traces. La cr\u00e8me solaire est enrichie de poudre de silice [&hellip;]<\/p>\n","protected":false},"featured_media":4277,"comment_status":"open","ping_status":"closed","template":"","meta":{"content-type":"","_uag_custom_page_level_css":""},"pwb-brand":[],"product_brand":[],"product_cat":[354,327,334,340,323],"product_tag":[],"class_list":{"0":"post-4278","1":"product","2":"type-product","3":"status-publish","4":"has-post-thumbnail","6":"product_cat-beauty-of-joseon","7":"product_cat-hmizat","8":"product_cat-produits-coreens","9":"product_cat-protection-solaire","10":"product_cat-skincare","12":"first","13":"instock","14":"sale","15":"shipping-taxable","16":"purchasable","17":"product-type-simple"},"aioseo_notices":[],"uagb_featured_image_src":{"full":["https:\/\/wavexia.com\/wp-content\/uploads\/2025\/10\/800x800_5a6b8140-8bd3-42cc-bb1a-85b64e9dcbea.webp",800,800,false],"thumbnail":["https:\/\/wavexia.com\/wp-content\/uploads\/2025\/10\/800x800_5a6b8140-8bd3-42cc-bb1a-85b64e9dcbea-150x150.webp",150,150,true],"medium":["https:\/\/wavexia.com\/wp-content\/uploads\/2025\/10\/800x800_5a6b8140-8bd3-42cc-bb1a-85b64e9dcbea-300x300.webp",300,300,true],"medium_large":["https:\/\/wavexia.com\/wp-content\/uploads\/2025\/10\/800x800_5a6b8140-8bd3-42cc-bb1a-85b64e9dcbea-768x768.webp",768,768,true],"large":["https:\/\/wavexia.com\/wp-content\/uploads\/2025\/10\/800x800_5a6b8140-8bd3-42cc-bb1a-85b64e9dcbea.webp",800,800,false],"1536x1536":["https:\/\/wavexia.com\/wp-content\/uploads\/2025\/10\/800x800_5a6b8140-8bd3-42cc-bb1a-85b64e9dcbea.webp",800,800,false],"2048x2048":["https:\/\/wavexia.com\/wp-content\/uploads\/2025\/10\/800x800_5a6b8140-8bd3-42cc-bb1a-85b64e9dcbea.webp",800,800,false],"woocommerce_archive_thumbnail":["https:\/\/wavexia.com\/wp-content\/uploads\/2025\/10\/800x800_5a6b8140-8bd3-42cc-bb1a-85b64e9dcbea-300x300.webp",300,300,true],"woocommerce_thumbnail":["https:\/\/wavexia.com\/wp-content\/uploads\/2025\/10\/800x800_5a6b8140-8bd3-42cc-bb1a-85b64e9dcbea-300x300.webp",300,300,true],"woocommerce_single":["https:\/\/wavexia.com\/wp-content\/uploads\/2025\/10\/800x800_5a6b8140-8bd3-42cc-bb1a-85b64e9dcbea-600x600.webp",600,600,true],"woocommerce_gallery_thumbnail":["https:\/\/wavexia.com\/wp-content\/uploads\/2025\/10\/800x800_5a6b8140-8bd3-42cc-bb1a-85b64e9dcbea-100x100.webp",100,100,true]},"uagb_author_info":{"display_name":"zineddine.ayoub98@gmail.com","author_link":"https:\/\/wavexia.com\/?author=0"},"uagb_comment_info":0,"uagb_excerpt":"Description The Beauty of Joseon Matte Sun Stick : Mugwort + Camelia est la protection solaire parfaite pour un usage quotidien ! La cr\u00e8me solaire avec SPF50 est pr\u00e9sent\u00e9e dans un b\u00e2ton pratique et a une finition mate sans se sentir collante ni laisser de traces. La cr\u00e8me solaire est enrichie de poudre de silice&hellip;","brands":[],"_links":{"self":[{"href":"https:\/\/wavexia.com\/index.php?rest_route=\/wp\/v2\/product\/4278","targetHints":{"allow":["GET"]}}],"collection":[{"href":"https:\/\/wavexia.com\/index.php?rest_route=\/wp\/v2\/product"}],"about":[{"href":"https:\/\/wavexia.com\/index.php?rest_route=\/wp\/v2\/types\/product"}],"replies":[{"embeddable":true,"href":"https:\/\/wavexia.com\/index.php?rest_route=%2Fwp%2Fv2%2Fcomments&post=4278"}],"wp:featuredmedia":[{"embeddable":true,"href":"https:\/\/wavexia.com\/index.php?rest_route=\/wp\/v2\/media\/4277"}],"wp:attachment":[{"href":"https:\/\/wavexia.com\/index.php?rest_route=%2Fwp%2Fv2%2Fmedia&parent=4278"}],"wp:term":[{"taxonomy":"pwb-brand","embeddable":true,"href":"https:\/\/wavexia.com\/index.php?rest_route=%2Fwp%2Fv2%2Fpwb-brand&post=4278"},{"taxonomy":"product_brand","embeddable":true,"href":"https:\/\/wavexia.com\/index.php?rest_route=%2Fwp%2Fv2%2Fproduct_brand&post=4278"},{"taxonomy":"product_cat","embeddable":true,"href":"https:\/\/wavexia.com\/index.php?rest_route=%2Fwp%2Fv2%2Fproduct_cat&post=4278"},{"taxonomy":"product_tag","embeddable":true,"href":"https:\/\/wavexia.com\/index.php?rest_route=%2Fwp%2Fv2%2Fproduct_tag&post=4278"}],"curies":[{"name":"wp","href":"https:\/\/api.w.org\/{rel}","templated":true}]}}