{"id":4274,"date":"2025-10-19T09:03:58","date_gmt":"2025-10-19T09:03:58","guid":{"rendered":"https:\/\/wavexia.com\/product\/beauty-of-joseon-red-bean-refreshing-pore-mask-140ml\/"},"modified":"2026-03-10T07:31:01","modified_gmt":"2026-03-10T07:31:01","slug":"beauty-of-joseon-red-bean-refreshing-pore-mask-140ml","status":"publish","type":"product","link":"https:\/\/wavexia.com\/?product=beauty-of-joseon-red-bean-refreshing-pore-mask-140ml","title":{"rendered":"Beauty of Joseon \u2013 Red Bean Refreshing Pore Mask 140ml"},"content":{"rendered":"<h2>Description<\/h2>\n<p>The Beauty of Joseon Red Bean Refreshing Pore Mask est un masque de boue super doux qui redonne de l\u2019\u00e9clat \u00e0 votre peau terne et impure ! Ce masque a un effet hydratant, r\u00e9parateur et purifiant et nettoie votre peau en profondeur dans les pores.<\/p>\n<p>Lorsque l\u2019exc\u00e8s de s\u00e9bum et les cellules mortes de la peau s\u2019accumulent dans les pores, ils vont grossir et donc \u00eatre plus visibles. Ce masque est la solution parfaite \u00e0 ce probl\u00e8me ! La formule contient des haricots rouges, cet ingr\u00e9dient aide \u00e0 exfolier la peau ce qui assurera une peau nette.<\/p>\n<p>La formule nourrissante contient \u00e9galement du kaolin, ce super ingr\u00e9dient absorbe le s\u00e9bum et les cellules mortes de la peau, ce qui rendra votre peau et vos pores super propres !<\/p>\n<p>Ce super masque peut \u00eatre utilis\u00e9 sur le visage et le corps !<\/p>\n<p><strong>Ce masque :<\/strong><\/p>\n<ul>\n<li>hydrate, restaure et purifie votre peau<\/li>\n<li>contient 30% d\u2019extrait de haricot rouge<\/li>\n<li>contient du kaolin<\/li>\n<li>\u00e9limine le s\u00e9bum et la salet\u00e9<\/li>\n<li>adoucit la peau rugueuse<\/li>\n<li>convient \u00e0 tous les types de peau<\/li>\n<li>parfait pour nettoyer les pores<\/li>\n<li>sans parfum<\/li>\n<li>sans cruaut\u00e9<\/li>\n<li>v\u00e9g\u00e9talien<\/li>\n<\/ul>\n<p><strong>Comment utiliser:<\/strong><\/p>\n<ul>\n<li>Nettoyez d\u2019abord votre peau \u00e0 l\u2019eau ti\u00e8de, afin que les pores s\u2019ouvrent.<\/li>\n<li>Appliquez une couche du masque sur le visage.<\/li>\n<li>Laisser poser le masque 5 \u00e0 10 minutes.<\/li>\n<li>Rincez bien \u00e0 l\u2019eau ti\u00e8de et s\u00e9chez votre peau en tapotant.<\/li>\n<\/ul>\n<p><strong>Astuce ! :<\/strong>&nbsp;Utilisez 1 \u00e0 2 fois par semaine et appliquez avec le pinceau Face Mask Brush super pratique !<\/p>\n<p><strong>Ingr\u00e9dients:<\/strong><br \/>Phaseolus angularis seed extract, glycerin, kaolin, caprylic\/capric triglyceride, 1,2-hexanediol, phaseolus angularis seed powder, hectorite, cetyl alcohol, glyceryl stearate se, sorbitan olivate, cetearyl olivate, ultramarines, pyrus communis (pear) fruit extract, ethylhexylglycerin, sodium acrylate\/sodium acryloyldimethyl taurate copolymer, hedera helix (ivy) leaf\/stem extract, water, polyisobutene, pyrus malus (apple) leaf extract, fragaria chiloensis (strawberry) fruit extract, ci 77491, caprylyl\/capryl glucoside, sorbitan oleate , triethoxycaprylylsilane<\/p>\n","protected":false},"excerpt":{"rendered":"<p>Description The Beauty of Joseon Red Bean Refreshing Pore Mask est un masque de boue super doux qui redonne de l\u2019\u00e9clat \u00e0 votre peau terne et impure ! Ce masque a un effet hydratant, r\u00e9parateur et purifiant et nettoie votre peau en profondeur dans les pores. Lorsque l\u2019exc\u00e8s de s\u00e9bum et les cellules mortes de [&hellip;]<\/p>\n","protected":false},"featured_media":4273,"comment_status":"open","ping_status":"closed","template":"","meta":{"content-type":"","_uag_custom_page_level_css":""},"pwb-brand":[],"product_brand":[],"product_cat":[354,343,334],"product_tag":[],"class_list":{"0":"post-4274","1":"product","2":"type-product","3":"status-publish","4":"has-post-thumbnail","6":"product_cat-beauty-of-joseon","7":"product_cat-masque","8":"product_cat-produits-coreens","10":"first","11":"instock","12":"sale","13":"shipping-taxable","14":"purchasable","15":"product-type-simple"},"aioseo_notices":[],"uagb_featured_image_src":{"full":["https:\/\/wavexia.com\/wp-content\/uploads\/2025\/10\/800_f28197e1-dde4-41af-8143-ab4b1670fd2a.webp",800,800,false],"thumbnail":["https:\/\/wavexia.com\/wp-content\/uploads\/2025\/10\/800_f28197e1-dde4-41af-8143-ab4b1670fd2a-150x150.webp",150,150,true],"medium":["https:\/\/wavexia.com\/wp-content\/uploads\/2025\/10\/800_f28197e1-dde4-41af-8143-ab4b1670fd2a-300x300.webp",300,300,true],"medium_large":["https:\/\/wavexia.com\/wp-content\/uploads\/2025\/10\/800_f28197e1-dde4-41af-8143-ab4b1670fd2a-768x768.webp",768,768,true],"large":["https:\/\/wavexia.com\/wp-content\/uploads\/2025\/10\/800_f28197e1-dde4-41af-8143-ab4b1670fd2a.webp",800,800,false],"1536x1536":["https:\/\/wavexia.com\/wp-content\/uploads\/2025\/10\/800_f28197e1-dde4-41af-8143-ab4b1670fd2a.webp",800,800,false],"2048x2048":["https:\/\/wavexia.com\/wp-content\/uploads\/2025\/10\/800_f28197e1-dde4-41af-8143-ab4b1670fd2a.webp",800,800,false],"woocommerce_archive_thumbnail":["https:\/\/wavexia.com\/wp-content\/uploads\/2025\/10\/800_f28197e1-dde4-41af-8143-ab4b1670fd2a-300x300.webp",300,300,true],"woocommerce_thumbnail":["https:\/\/wavexia.com\/wp-content\/uploads\/2025\/10\/800_f28197e1-dde4-41af-8143-ab4b1670fd2a-300x300.webp",300,300,true],"woocommerce_single":["https:\/\/wavexia.com\/wp-content\/uploads\/2025\/10\/800_f28197e1-dde4-41af-8143-ab4b1670fd2a-600x600.webp",600,600,true],"woocommerce_gallery_thumbnail":["https:\/\/wavexia.com\/wp-content\/uploads\/2025\/10\/800_f28197e1-dde4-41af-8143-ab4b1670fd2a-100x100.webp",100,100,true]},"uagb_author_info":{"display_name":"zineddine.ayoub98@gmail.com","author_link":"https:\/\/wavexia.com\/?author=0"},"uagb_comment_info":0,"uagb_excerpt":"Description The Beauty of Joseon Red Bean Refreshing Pore Mask est un masque de boue super doux qui redonne de l\u2019\u00e9clat \u00e0 votre peau terne et impure ! Ce masque a un effet hydratant, r\u00e9parateur et purifiant et nettoie votre peau en profondeur dans les pores. Lorsque l\u2019exc\u00e8s de s\u00e9bum et les cellules mortes de&hellip;","brands":[],"_links":{"self":[{"href":"https:\/\/wavexia.com\/index.php?rest_route=\/wp\/v2\/product\/4274","targetHints":{"allow":["GET"]}}],"collection":[{"href":"https:\/\/wavexia.com\/index.php?rest_route=\/wp\/v2\/product"}],"about":[{"href":"https:\/\/wavexia.com\/index.php?rest_route=\/wp\/v2\/types\/product"}],"replies":[{"embeddable":true,"href":"https:\/\/wavexia.com\/index.php?rest_route=%2Fwp%2Fv2%2Fcomments&post=4274"}],"wp:featuredmedia":[{"embeddable":true,"href":"https:\/\/wavexia.com\/index.php?rest_route=\/wp\/v2\/media\/4273"}],"wp:attachment":[{"href":"https:\/\/wavexia.com\/index.php?rest_route=%2Fwp%2Fv2%2Fmedia&parent=4274"}],"wp:term":[{"taxonomy":"pwb-brand","embeddable":true,"href":"https:\/\/wavexia.com\/index.php?rest_route=%2Fwp%2Fv2%2Fpwb-brand&post=4274"},{"taxonomy":"product_brand","embeddable":true,"href":"https:\/\/wavexia.com\/index.php?rest_route=%2Fwp%2Fv2%2Fproduct_brand&post=4274"},{"taxonomy":"product_cat","embeddable":true,"href":"https:\/\/wavexia.com\/index.php?rest_route=%2Fwp%2Fv2%2Fproduct_cat&post=4274"},{"taxonomy":"product_tag","embeddable":true,"href":"https:\/\/wavexia.com\/index.php?rest_route=%2Fwp%2Fv2%2Fproduct_tag&post=4274"}],"curies":[{"name":"wp","href":"https:\/\/api.w.org\/{rel}","templated":true}]}}