{"id":4270,"date":"2025-10-19T09:03:57","date_gmt":"2025-10-19T09:03:57","guid":{"rendered":"https:\/\/wavexia.com\/product\/beauty-of-joseon-relief-sun-aqua-fresh-sp50-50ml\/"},"modified":"2026-03-10T07:31:00","modified_gmt":"2026-03-10T07:31:00","slug":"beauty-of-joseon-relief-sun-aqua-fresh-sp50-50ml","status":"publish","type":"product","link":"https:\/\/wavexia.com\/?product=beauty-of-joseon-relief-sun-aqua-fresh-sp50-50ml","title":{"rendered":"Beauty of Joseon \u2013 Relief Sun Aqua Fresh SP50 50ml"},"content":{"rendered":"<h2>Description<\/h2>\n<p>La&nbsp;Beauty of Joseon Relief Sun: Aqua-Fresh Rice + B5&nbsp;SPF50 est un \u00e9cran solaire l\u00e9ger et non gras qui offre des niveaux \u00e9lev\u00e9s de protection \u00e0 votre peau contre les rayons UV nocifs. Avec SPF 50 et PA, cette cr\u00e8me solaire offre une protection \u00e0 large spectre sans laisser de trace blanche.<\/p>\n<p>Enrichi en extrait de riz et en vitamine B5, il hydrate et nourrit la peau, tout en r\u00e9duisant les irritations caus\u00e9es par la chaleur et en rafra\u00eechissant la peau. La formule douce est parfaite pour les peaux sensibles et offre un fini frais et ros\u00e9.<\/p>\n<p><strong>Ce SPF:<\/strong><\/p>\n<ul>\n<li>FPS 50<\/li>\n<li>hydrate et nourrit<\/li>\n<li>formule non grasse et l\u00e9g\u00e8re<\/li>\n<li>apaise la peau<\/li>\n<li>renforce la barri\u00e8re cutan\u00e9e<\/li>\n<li>ne laisse pas de trace blanche<\/li>\n<li>sans parfum<\/li>\n<li>sans cruaut\u00e9<\/li>\n<\/ul>\n<p><strong>Comment utiliser:<\/strong><\/p>\n<ul>\n<li>Appliquez une quantit\u00e9 g\u00e9n\u00e9reuse sur le visage et le cou en derni\u00e8re \u00e9tape de votre routine matinale.<\/li>\n<li>R\u00e9partir uniform\u00e9ment sur la peau et laisser absorber.<\/li>\n<li>R\u00e9p\u00e9ter toutes les deux heures pour une protection optimale lors d\u2019une exposition prolong\u00e9e au soleil.<\/li>\n<\/ul>\n<p><strong>Ingr\u00e9dients:<br \/><\/strong>Water, Oryza Sativa Seed Water, Dibutyl Adipate, Butyloctyl Salicylate, Ethylhexyl Triazone, 1,2-hexanediol, Drometrizole Trisiloxane, Polyglyceryl-3 Distearate, Terephthalylidene Dicamphor Sulfonic Acid, Diethylamino Hydroxybenzoyl Hexylbenzoate, Polymethylsilsesquioxane, Tromethamine, Panthenol, Pentylene Glycol, Glyceryl Stearate, Silica, Caprylyl Methicone, Avena Sativa Kernel Extract, Cynara Scolymus Leaf Extract, Camellia Sinensis Leaf Water, Hydrogenated Lecithin, Oryza Sativa Bran Oil, Sodium Hyaluronate, Bis-ethylhexyloxyphenol Methoxyphenyl Triazine, Propanediol, Potassium Cetyl Phosphate, Poly C10-30 Alkyl Acrylate, Methylpropanediol, Carbomer, Acrylates\/c10-30 Alkyl Acrylate Crosspolymer, Ethylhexylglycerin, Xanthan Gum, Glycerin, Polyether-1, Polyquaternium-51, Beta-glucan, Biosaccharide Gum-1, Inositol, Tocopherol, Ferulic Acid, Citric Acid, Ceramide Np, Phytosphingosine, Rice Amino Acids, Rice Sh-oligopeptide-1<\/p>\n","protected":false},"excerpt":{"rendered":"<p>Description La&nbsp;Beauty of Joseon Relief Sun: Aqua-Fresh Rice + B5&nbsp;SPF50 est un \u00e9cran solaire l\u00e9ger et non gras qui offre des niveaux \u00e9lev\u00e9s de protection \u00e0 votre peau contre les rayons UV nocifs. Avec SPF 50 et PA, cette cr\u00e8me solaire offre une protection \u00e0 large spectre sans laisser de trace blanche. Enrichi en extrait [&hellip;]<\/p>\n","protected":false},"featured_media":4269,"comment_status":"open","ping_status":"closed","template":"","meta":{"content-type":"","_uag_custom_page_level_css":""},"pwb-brand":[],"product_brand":[],"product_cat":[354,327,339,334,340],"product_tag":[],"class_list":{"0":"post-4270","1":"product","2":"type-product","3":"status-publish","4":"has-post-thumbnail","6":"product_cat-beauty-of-joseon","7":"product_cat-hmizat","8":"product_cat-meilleures-ventes","9":"product_cat-produits-coreens","10":"product_cat-protection-solaire","12":"first","13":"instock","14":"sale","15":"shipping-taxable","16":"purchasable","17":"product-type-simple"},"aioseo_notices":[],"uagb_featured_image_src":{"full":["https:\/\/wavexia.com\/wp-content\/uploads\/2025\/10\/ukr_pm_Beauty-of-Joseon-Relief-Sun-Aqua-Fresh-Rice-B5-SPF50-PA-SONCEZAKHISNII-KREM-Z-RISOVOIU-VODOIU-50ml-22547_1-1.webp",1500,1500,false],"thumbnail":["https:\/\/wavexia.com\/wp-content\/uploads\/2025\/10\/ukr_pm_Beauty-of-Joseon-Relief-Sun-Aqua-Fresh-Rice-B5-SPF50-PA-SONCEZAKHISNII-KREM-Z-RISOVOIU-VODOIU-50ml-22547_1-1-150x150.webp",150,150,true],"medium":["https:\/\/wavexia.com\/wp-content\/uploads\/2025\/10\/ukr_pm_Beauty-of-Joseon-Relief-Sun-Aqua-Fresh-Rice-B5-SPF50-PA-SONCEZAKHISNII-KREM-Z-RISOVOIU-VODOIU-50ml-22547_1-1-300x300.webp",300,300,true],"medium_large":["https:\/\/wavexia.com\/wp-content\/uploads\/2025\/10\/ukr_pm_Beauty-of-Joseon-Relief-Sun-Aqua-Fresh-Rice-B5-SPF50-PA-SONCEZAKHISNII-KREM-Z-RISOVOIU-VODOIU-50ml-22547_1-1-768x768.webp",768,768,true],"large":["https:\/\/wavexia.com\/wp-content\/uploads\/2025\/10\/ukr_pm_Beauty-of-Joseon-Relief-Sun-Aqua-Fresh-Rice-B5-SPF50-PA-SONCEZAKHISNII-KREM-Z-RISOVOIU-VODOIU-50ml-22547_1-1-1024x1024.webp",1024,1024,true],"1536x1536":["https:\/\/wavexia.com\/wp-content\/uploads\/2025\/10\/ukr_pm_Beauty-of-Joseon-Relief-Sun-Aqua-Fresh-Rice-B5-SPF50-PA-SONCEZAKHISNII-KREM-Z-RISOVOIU-VODOIU-50ml-22547_1-1.webp",1500,1500,false],"2048x2048":["https:\/\/wavexia.com\/wp-content\/uploads\/2025\/10\/ukr_pm_Beauty-of-Joseon-Relief-Sun-Aqua-Fresh-Rice-B5-SPF50-PA-SONCEZAKHISNII-KREM-Z-RISOVOIU-VODOIU-50ml-22547_1-1.webp",1500,1500,false],"woocommerce_archive_thumbnail":["https:\/\/wavexia.com\/wp-content\/uploads\/2025\/10\/ukr_pm_Beauty-of-Joseon-Relief-Sun-Aqua-Fresh-Rice-B5-SPF50-PA-SONCEZAKHISNII-KREM-Z-RISOVOIU-VODOIU-50ml-22547_1-1-300x300.webp",300,300,true],"woocommerce_thumbnail":["https:\/\/wavexia.com\/wp-content\/uploads\/2025\/10\/ukr_pm_Beauty-of-Joseon-Relief-Sun-Aqua-Fresh-Rice-B5-SPF50-PA-SONCEZAKHISNII-KREM-Z-RISOVOIU-VODOIU-50ml-22547_1-1-300x300.webp",300,300,true],"woocommerce_single":["https:\/\/wavexia.com\/wp-content\/uploads\/2025\/10\/ukr_pm_Beauty-of-Joseon-Relief-Sun-Aqua-Fresh-Rice-B5-SPF50-PA-SONCEZAKHISNII-KREM-Z-RISOVOIU-VODOIU-50ml-22547_1-1-600x600.webp",600,600,true],"woocommerce_gallery_thumbnail":["https:\/\/wavexia.com\/wp-content\/uploads\/2025\/10\/ukr_pm_Beauty-of-Joseon-Relief-Sun-Aqua-Fresh-Rice-B5-SPF50-PA-SONCEZAKHISNII-KREM-Z-RISOVOIU-VODOIU-50ml-22547_1-1-100x100.webp",100,100,true]},"uagb_author_info":{"display_name":"zineddine.ayoub98@gmail.com","author_link":"https:\/\/wavexia.com\/?author=0"},"uagb_comment_info":0,"uagb_excerpt":"Description La&nbsp;Beauty of Joseon Relief Sun: Aqua-Fresh Rice + B5&nbsp;SPF50 est un \u00e9cran solaire l\u00e9ger et non gras qui offre des niveaux \u00e9lev\u00e9s de protection \u00e0 votre peau contre les rayons UV nocifs. Avec SPF 50 et PA, cette cr\u00e8me solaire offre une protection \u00e0 large spectre sans laisser de trace blanche. Enrichi en extrait&hellip;","brands":[],"_links":{"self":[{"href":"https:\/\/wavexia.com\/index.php?rest_route=\/wp\/v2\/product\/4270","targetHints":{"allow":["GET"]}}],"collection":[{"href":"https:\/\/wavexia.com\/index.php?rest_route=\/wp\/v2\/product"}],"about":[{"href":"https:\/\/wavexia.com\/index.php?rest_route=\/wp\/v2\/types\/product"}],"replies":[{"embeddable":true,"href":"https:\/\/wavexia.com\/index.php?rest_route=%2Fwp%2Fv2%2Fcomments&post=4270"}],"wp:featuredmedia":[{"embeddable":true,"href":"https:\/\/wavexia.com\/index.php?rest_route=\/wp\/v2\/media\/4269"}],"wp:attachment":[{"href":"https:\/\/wavexia.com\/index.php?rest_route=%2Fwp%2Fv2%2Fmedia&parent=4270"}],"wp:term":[{"taxonomy":"pwb-brand","embeddable":true,"href":"https:\/\/wavexia.com\/index.php?rest_route=%2Fwp%2Fv2%2Fpwb-brand&post=4270"},{"taxonomy":"product_brand","embeddable":true,"href":"https:\/\/wavexia.com\/index.php?rest_route=%2Fwp%2Fv2%2Fproduct_brand&post=4270"},{"taxonomy":"product_cat","embeddable":true,"href":"https:\/\/wavexia.com\/index.php?rest_route=%2Fwp%2Fv2%2Fproduct_cat&post=4270"},{"taxonomy":"product_tag","embeddable":true,"href":"https:\/\/wavexia.com\/index.php?rest_route=%2Fwp%2Fv2%2Fproduct_tag&post=4270"}],"curies":[{"name":"wp","href":"https:\/\/api.w.org\/{rel}","templated":true}]}}