{"id":4266,"date":"2025-10-19T09:03:55","date_gmt":"2025-10-19T09:03:55","guid":{"rendered":"https:\/\/wavexia.com\/product\/beauty-of-joseon-relief-sun-rice-probiotics-spf50-50ml\/"},"modified":"2026-03-10T07:31:00","modified_gmt":"2026-03-10T07:31:00","slug":"beauty-of-joseon-relief-sun-rice-probiotics-spf50-50ml","status":"publish","type":"product","link":"https:\/\/wavexia.com\/?product=beauty-of-joseon-relief-sun-rice-probiotics-spf50-50ml","title":{"rendered":"BEAUTY OF JOSEON \u2013 Relief Sun: Rice + Probiotics SPF50+ 50ml"},"content":{"rendered":"<h2>Description<\/h2>\n<p>The Beauty Of Joseon Relief Sun: Rice + Probiotics SPF50+ est un \u00e9cran solaire fin qui convient aux peaux sensibles. La cr\u00e8me contient du th\u00e9 vert qui procure un effet calmant et anti-inflammatoire. Le Niacinamide pr\u00e9vient le vieillissement cutan\u00e9 et att\u00e9nue vos ridules visibles. Gr\u00e2ce \u00e0 l\u2019extrait de riz \u00e0 30 %, ce SPF procure une sensation de l\u00e9g\u00e8ret\u00e9 sur votre peau. De plus, cette cr\u00e8me solaire prot\u00e8ge tr\u00e8s bien avec un SPF de 50 et aussi une bonne protection UVA de PA++++.<\/p>\n<p>La cr\u00e8me solaire ne laisse pas de voile blanc et s\u2019absorbe rapidement, pour que vous puissiez profiter du soleil rapidement et sans soucis !<\/p>\n<p><strong>Cette cr\u00e8me solaire :<\/strong><\/p>\n<ul>\n<li>convient aux peaux sensibles<\/li>\n<li>contient du th\u00e9 vert et du niacinamide<\/li>\n<li>apaise votre peau<\/li>\n<li>effet anti-inflammatoire<\/li>\n<li>pr\u00e9vient le vieillissement cutan\u00e9<\/li>\n<li>ne colle pas<\/li>\n<li>ne laisse pas de brume blanche<\/li>\n<li>sans cruaut\u00e9<\/li>\n<li>v\u00e9g\u00e9talien<\/li>\n<\/ul>\n<p><strong>Comment utiliser:<\/strong><\/p>\n<ul>\n<li>Appliquez cet \u00e9cran solaire comme derni\u00e8re \u00e9tape de votre routine de soins de la peau.<\/li>\n<li>Appliquez la cr\u00e8me au moins 30 minutes avant de vous exposer au soleil.<\/li>\n<li>Renouveler dans la journ\u00e9e si n\u00e9cessaire.<\/li>\n<\/ul>\n<p><strong>Ingr\u00e9dients:<br \/><\/strong>Water, Oryza Sativa (Rice) Extract (30%), Dibutyl Adipate, Propanediol, Diethylamino Hydroxybenzoyl Hexyl Benzoate, Polymethylsilsesquioxane, Ethylhexyl Triazone, Niacinamide, Methylene Bis-Benzotriazolyl Tetramethylbutylphenol, Coco-Caprylate\/\u200bCaprate, Caprylyl Methicone, Diethylhexyl Butamido Triazone, Glycerin, Butylene Glycol, Oryza Sativa (Rice) Germ Extract, Camellia Sinensis Leaf Extract, Lactobacillus\/\u200bPumpkin Ferment Extract, Bacillus\/\u200bSoybean Ferment Extract, Saccharum Officinarum (Sugarcane) Extract, Macrocystis Pyrifera (Kelp) Extract, Cocos Nucifera (Coconut) Fruit Extract, Panax Ginseng Root Extract, Camellia Sinensis Leaf Extract, Monascus\/\u200bRice Ferment, Pentylene Glycol, Behenyl Alcohol, Poly C10-30 Alkyl Acrylate, Polyglyceryl-3 Methylglucose Distearate, Decyl Glucoside, Tromethamine, Carbomer, Acrylates\/\u200bC10-30 Alkyl Acrylate Crosspolymer, 1,2-Hexanediol, Sodium Stearoyl Glutamate, Polyacrylate Crosspolymer-6, Ethylhexylglycerin, Adenosine, Xanthan Gum, Tocopherol, Lactobacillus\/\u200bRice Ferment, Aspergillus Ferment, Saccharomyces\/\u200bRice Ferment Filtrate.<\/p>\n","protected":false},"excerpt":{"rendered":"<p>Description The Beauty Of Joseon Relief Sun: Rice + Probiotics SPF50+ est un \u00e9cran solaire fin qui convient aux peaux sensibles. La cr\u00e8me contient du th\u00e9 vert qui procure un effet calmant et anti-inflammatoire. Le Niacinamide pr\u00e9vient le vieillissement cutan\u00e9 et att\u00e9nue vos ridules visibles. Gr\u00e2ce \u00e0 l\u2019extrait de riz \u00e0 30 %, ce SPF [&hellip;]<\/p>\n","protected":false},"featured_media":4265,"comment_status":"open","ping_status":"closed","template":"","meta":{"content-type":"","_uag_custom_page_level_css":""},"pwb-brand":[],"product_brand":[],"product_cat":[354,327,339,334,340],"product_tag":[],"class_list":{"0":"post-4266","1":"product","2":"type-product","3":"status-publish","4":"has-post-thumbnail","6":"product_cat-beauty-of-joseon","7":"product_cat-hmizat","8":"product_cat-meilleures-ventes","9":"product_cat-produits-coreens","10":"product_cat-protection-solaire","12":"first","13":"instock","14":"sale","15":"shipping-taxable","16":"purchasable","17":"product-type-simple"},"aioseo_notices":[],"uagb_featured_image_src":{"full":["https:\/\/wavexia.com\/wp-content\/uploads\/2025\/10\/boj_reliefsun.webp",800,800,false],"thumbnail":["https:\/\/wavexia.com\/wp-content\/uploads\/2025\/10\/boj_reliefsun-150x150.webp",150,150,true],"medium":["https:\/\/wavexia.com\/wp-content\/uploads\/2025\/10\/boj_reliefsun-300x300.webp",300,300,true],"medium_large":["https:\/\/wavexia.com\/wp-content\/uploads\/2025\/10\/boj_reliefsun-768x768.webp",768,768,true],"large":["https:\/\/wavexia.com\/wp-content\/uploads\/2025\/10\/boj_reliefsun.webp",800,800,false],"1536x1536":["https:\/\/wavexia.com\/wp-content\/uploads\/2025\/10\/boj_reliefsun.webp",800,800,false],"2048x2048":["https:\/\/wavexia.com\/wp-content\/uploads\/2025\/10\/boj_reliefsun.webp",800,800,false],"woocommerce_archive_thumbnail":["https:\/\/wavexia.com\/wp-content\/uploads\/2025\/10\/boj_reliefsun-300x300.webp",300,300,true],"woocommerce_thumbnail":["https:\/\/wavexia.com\/wp-content\/uploads\/2025\/10\/boj_reliefsun-300x300.webp",300,300,true],"woocommerce_single":["https:\/\/wavexia.com\/wp-content\/uploads\/2025\/10\/boj_reliefsun-600x600.webp",600,600,true],"woocommerce_gallery_thumbnail":["https:\/\/wavexia.com\/wp-content\/uploads\/2025\/10\/boj_reliefsun-100x100.webp",100,100,true]},"uagb_author_info":{"display_name":"zineddine.ayoub98@gmail.com","author_link":"https:\/\/wavexia.com\/?author=0"},"uagb_comment_info":0,"uagb_excerpt":"Description The Beauty Of Joseon Relief Sun: Rice + Probiotics SPF50+ est un \u00e9cran solaire fin qui convient aux peaux sensibles. La cr\u00e8me contient du th\u00e9 vert qui procure un effet calmant et anti-inflammatoire. Le Niacinamide pr\u00e9vient le vieillissement cutan\u00e9 et att\u00e9nue vos ridules visibles. Gr\u00e2ce \u00e0 l\u2019extrait de riz \u00e0 30 %, ce SPF&hellip;","brands":[],"_links":{"self":[{"href":"https:\/\/wavexia.com\/index.php?rest_route=\/wp\/v2\/product\/4266","targetHints":{"allow":["GET"]}}],"collection":[{"href":"https:\/\/wavexia.com\/index.php?rest_route=\/wp\/v2\/product"}],"about":[{"href":"https:\/\/wavexia.com\/index.php?rest_route=\/wp\/v2\/types\/product"}],"replies":[{"embeddable":true,"href":"https:\/\/wavexia.com\/index.php?rest_route=%2Fwp%2Fv2%2Fcomments&post=4266"}],"wp:featuredmedia":[{"embeddable":true,"href":"https:\/\/wavexia.com\/index.php?rest_route=\/wp\/v2\/media\/4265"}],"wp:attachment":[{"href":"https:\/\/wavexia.com\/index.php?rest_route=%2Fwp%2Fv2%2Fmedia&parent=4266"}],"wp:term":[{"taxonomy":"pwb-brand","embeddable":true,"href":"https:\/\/wavexia.com\/index.php?rest_route=%2Fwp%2Fv2%2Fpwb-brand&post=4266"},{"taxonomy":"product_brand","embeddable":true,"href":"https:\/\/wavexia.com\/index.php?rest_route=%2Fwp%2Fv2%2Fproduct_brand&post=4266"},{"taxonomy":"product_cat","embeddable":true,"href":"https:\/\/wavexia.com\/index.php?rest_route=%2Fwp%2Fv2%2Fproduct_cat&post=4266"},{"taxonomy":"product_tag","embeddable":true,"href":"https:\/\/wavexia.com\/index.php?rest_route=%2Fwp%2Fv2%2Fproduct_tag&post=4266"}],"curies":[{"name":"wp","href":"https:\/\/api.w.org\/{rel}","templated":true}]}}