{"id":4262,"date":"2025-10-19T09:03:53","date_gmt":"2025-10-19T09:03:53","guid":{"rendered":"https:\/\/wavexia.com\/product\/beauty-of-joseon-ground-rice-and-honey-glow-mask-150ml\/"},"modified":"2026-03-10T07:31:00","modified_gmt":"2026-03-10T07:31:00","slug":"beauty-of-joseon-ground-rice-and-honey-glow-mask-150ml","status":"publish","type":"product","link":"https:\/\/wavexia.com\/?product=beauty-of-joseon-ground-rice-and-honey-glow-mask-150ml","title":{"rendered":"Beauty of Joseon \u2013 Ground Rice and Honey Glow Mask 150ml"},"content":{"rendered":"<h2>Description<\/h2>\n<p>Le Beauty of Joseon Ground Rice and Honey Glow Mask est un incontournable pour une peau \u00e9clatante et hydrat\u00e9e. Ce masque combine le pouvoir nourrissant du riz et du miel pour donner \u00e0 votre peau une belle lueur.<\/p>\n<p>Les particules de riz dans le masque aident \u00e0 exfolier en douceur les cellules mortes de la peau. Le miel hydrate et adoucit la peau. De plus, le miel a des propri\u00e9t\u00e9s anti-inflammatoires qui r\u00e9duisent l\u2019acn\u00e9 et les points noirs. Le r\u00e9sultat est une peau lisse et \u00e9clatante qui para\u00eet saine et jeune.<\/p>\n<p>La texture riche du masque se sent luxueuse sur la peau et ne laisse pas de sensation collante. Avec une utilisation r\u00e9guli\u00e8re de ce masque, vous remarquerez que votre peau devient plus lumineuse et plus uniforme, avec un \u00e9clat naturel qui dure toute la journ\u00e9e.<\/p>\n<p><strong>Ce masque:<\/strong><\/p>\n<ul>\n<li>donne \u00e0 la peau une belle lueur naturelle<\/li>\n<li>les particules de riz aident \u00e0 \u00e9liminer les cellules mortes de la peau<\/li>\n<li>masque tout-en-un<\/li>\n<li>le miel apaise la peau et traite les points noirs et l\u2019acn\u00e9<\/li>\n<li>la combinaison de riz et de miel nourrit et nettoie profond\u00e9ment la peau<\/li>\n<li>se sent luxueux sur la peau sans sensation collante<\/li>\n<li>convient \u00e0 tous les types de peau<\/li>\n<li>sans parfum<\/li>\n<li>sans cruaut\u00e9<\/li>\n<\/ul>\n<p><strong>Comment utiliser:<\/strong><\/p>\n<ul>\n<li>Apr\u00e8s le nettoyage, appliquez uniform\u00e9ment sur un visage sec.<\/li>\n<li>Laissez le masque agir pendant 15-20 minutes.<\/li>\n<li>Rincez doucement \u00e0 l\u2019eau ti\u00e8de.<\/li>\n<\/ul>\n<p><strong>Conseil!:<\/strong>&nbsp;Apr\u00e8s avoir utilis\u00e9 le masque, suivez avec le \u2018Glow Replenishing Rice Milk\u2019 pour hydrater votre peau, am\u00e9liorer la texture de la peau et prendre soin des pores.<\/p>\n<p><strong>Ingr\u00e9dients:<br \/><\/strong>Water, Kaolin, Honey, Glycerin, Propanediol, Dipropylene Glycol, Oryza Sativa (Rice) Hull Powder, Isononyl Isononanoate, 1,2-Hexanediol, Cetyl Alcohol, Caprylic\/Capric Triglyceride, Polyglyceryl-3 Methylglucose Distearate, Glyceryl Stearate, Butylene Glycol, Oryza Sativa (Rice) Bran, Oryza Sativa (Rice) Lees Extract, Oryza Sativa (Rice) Extract, Honey Extract, Bentonite, Palmitic Acid, Stearic Acid, Behenyl Alcohol, Cellulose, Zea Mays (Corn) Starch, Xanthan Gum, Hydroxyacetophenone, Potassium Cetyl Phosphate, Ethylhexylglycerin, Polyacrylate-13, Hydrogenated Polyisobutene, Sodium Phytate, Polyglyceryl-10 Laurate, Ethylhexyl Palmitate, Sorbitan Isostearate, Menthyl Lactate<\/p>\n","protected":false},"excerpt":{"rendered":"<p>Description Le Beauty of Joseon Ground Rice and Honey Glow Mask est un incontournable pour une peau \u00e9clatante et hydrat\u00e9e. Ce masque combine le pouvoir nourrissant du riz et du miel pour donner \u00e0 votre peau une belle lueur. Les particules de riz dans le masque aident \u00e0 exfolier en douceur les cellules mortes de [&hellip;]<\/p>\n","protected":false},"featured_media":4261,"comment_status":"open","ping_status":"closed","template":"","meta":{"content-type":"","_uag_custom_page_level_css":""},"pwb-brand":[],"product_brand":[],"product_cat":[354,327,343,334,323],"product_tag":[],"class_list":{"0":"post-4262","1":"product","2":"type-product","3":"status-publish","4":"has-post-thumbnail","6":"product_cat-beauty-of-joseon","7":"product_cat-hmizat","8":"product_cat-masque","9":"product_cat-produits-coreens","10":"product_cat-skincare","12":"first","13":"instock","14":"sale","15":"shipping-taxable","16":"purchasable","17":"product-type-simple"},"aioseo_notices":[],"uagb_featured_image_src":{"full":["https:\/\/wavexia.com\/wp-content\/uploads\/2025\/10\/Product-page-sizes_1ad01d2c-1f28-4021-96d6-113293cc200e.webp",800,800,false],"thumbnail":["https:\/\/wavexia.com\/wp-content\/uploads\/2025\/10\/Product-page-sizes_1ad01d2c-1f28-4021-96d6-113293cc200e-150x150.webp",150,150,true],"medium":["https:\/\/wavexia.com\/wp-content\/uploads\/2025\/10\/Product-page-sizes_1ad01d2c-1f28-4021-96d6-113293cc200e-300x300.webp",300,300,true],"medium_large":["https:\/\/wavexia.com\/wp-content\/uploads\/2025\/10\/Product-page-sizes_1ad01d2c-1f28-4021-96d6-113293cc200e-768x768.webp",768,768,true],"large":["https:\/\/wavexia.com\/wp-content\/uploads\/2025\/10\/Product-page-sizes_1ad01d2c-1f28-4021-96d6-113293cc200e.webp",800,800,false],"1536x1536":["https:\/\/wavexia.com\/wp-content\/uploads\/2025\/10\/Product-page-sizes_1ad01d2c-1f28-4021-96d6-113293cc200e.webp",800,800,false],"2048x2048":["https:\/\/wavexia.com\/wp-content\/uploads\/2025\/10\/Product-page-sizes_1ad01d2c-1f28-4021-96d6-113293cc200e.webp",800,800,false],"woocommerce_archive_thumbnail":["https:\/\/wavexia.com\/wp-content\/uploads\/2025\/10\/Product-page-sizes_1ad01d2c-1f28-4021-96d6-113293cc200e-300x300.webp",300,300,true],"woocommerce_thumbnail":["https:\/\/wavexia.com\/wp-content\/uploads\/2025\/10\/Product-page-sizes_1ad01d2c-1f28-4021-96d6-113293cc200e-300x300.webp",300,300,true],"woocommerce_single":["https:\/\/wavexia.com\/wp-content\/uploads\/2025\/10\/Product-page-sizes_1ad01d2c-1f28-4021-96d6-113293cc200e-600x600.webp",600,600,true],"woocommerce_gallery_thumbnail":["https:\/\/wavexia.com\/wp-content\/uploads\/2025\/10\/Product-page-sizes_1ad01d2c-1f28-4021-96d6-113293cc200e-100x100.webp",100,100,true]},"uagb_author_info":{"display_name":"zineddine.ayoub98@gmail.com","author_link":"https:\/\/wavexia.com\/?author=0"},"uagb_comment_info":0,"uagb_excerpt":"Description Le Beauty of Joseon Ground Rice and Honey Glow Mask est un incontournable pour une peau \u00e9clatante et hydrat\u00e9e. Ce masque combine le pouvoir nourrissant du riz et du miel pour donner \u00e0 votre peau une belle lueur. Les particules de riz dans le masque aident \u00e0 exfolier en douceur les cellules mortes de&hellip;","brands":[],"_links":{"self":[{"href":"https:\/\/wavexia.com\/index.php?rest_route=\/wp\/v2\/product\/4262","targetHints":{"allow":["GET"]}}],"collection":[{"href":"https:\/\/wavexia.com\/index.php?rest_route=\/wp\/v2\/product"}],"about":[{"href":"https:\/\/wavexia.com\/index.php?rest_route=\/wp\/v2\/types\/product"}],"replies":[{"embeddable":true,"href":"https:\/\/wavexia.com\/index.php?rest_route=%2Fwp%2Fv2%2Fcomments&post=4262"}],"wp:featuredmedia":[{"embeddable":true,"href":"https:\/\/wavexia.com\/index.php?rest_route=\/wp\/v2\/media\/4261"}],"wp:attachment":[{"href":"https:\/\/wavexia.com\/index.php?rest_route=%2Fwp%2Fv2%2Fmedia&parent=4262"}],"wp:term":[{"taxonomy":"pwb-brand","embeddable":true,"href":"https:\/\/wavexia.com\/index.php?rest_route=%2Fwp%2Fv2%2Fpwb-brand&post=4262"},{"taxonomy":"product_brand","embeddable":true,"href":"https:\/\/wavexia.com\/index.php?rest_route=%2Fwp%2Fv2%2Fproduct_brand&post=4262"},{"taxonomy":"product_cat","embeddable":true,"href":"https:\/\/wavexia.com\/index.php?rest_route=%2Fwp%2Fv2%2Fproduct_cat&post=4262"},{"taxonomy":"product_tag","embeddable":true,"href":"https:\/\/wavexia.com\/index.php?rest_route=%2Fwp%2Fv2%2Fproduct_tag&post=4262"}],"curies":[{"name":"wp","href":"https:\/\/api.w.org\/{rel}","templated":true}]}}