{"id":4258,"date":"2025-10-19T09:03:51","date_gmt":"2025-10-19T09:03:51","guid":{"rendered":"https:\/\/wavexia.com\/product\/beauty-of-joseon-red-bean-water-gel-100ml\/"},"modified":"2026-03-10T07:31:00","modified_gmt":"2026-03-10T07:31:00","slug":"beauty-of-joseon-red-bean-water-gel-100ml","status":"publish","type":"product","link":"https:\/\/wavexia.com\/?product=beauty-of-joseon-red-bean-water-gel-100ml","title":{"rendered":"Beauty of Joseon \u2013 Red Bean Water Gel 100ml"},"content":{"rendered":"<h2>Description<\/h2>\n<div class=\"woocommerce-tabs wc-tabs-wrapper\">\n<div id=\"tab-description\" class=\"woocommerce-Tabs-panel woocommerce-Tabs-panel--description panel entry-content wc-tab\" role=\"tabpanel\" aria-labelledby=\"tab-title-description\" style=\"display: none;\">\n<p>The Beauty of Joseon Red Bean Water Gel est un gel hydratant clarifiant et nourrissant pour les peaux grasses et impures.<\/p>\n<p>Si votre peau n\u2019est pas suffisamment hydrat\u00e9e, elle s\u00e9cr\u00e9tera plus de s\u00e9bum que la normale. Cela garantit que votre peau produira plus d\u2019exc\u00e8s de s\u00e9bum, ce qui vous rendra plus susceptible d\u2019avoir des impuret\u00e9s. Le gel aqueux a \u00e9t\u00e9 d\u00e9velopp\u00e9 pour ce probl\u00e8me. Il a une texture gel l\u00e9g\u00e8re qui ne se sent pas grasse et lourde sur la peau.<\/p>\n<p>Le gel contient de l\u2019humidit\u00e9 et de l\u2019extrait de haricot rouge qui agissent ensemble pour reconstituer l\u2019hydratation de la peau, ce qui r\u00e9duira visiblement l\u2019exc\u00e8s de s\u00e9bum et d\u2019huile ! Le r\u00e9sultat est une peau hydrat\u00e9e qui se sent \u00e0 nouveau merveilleusement fra\u00eeche !<\/p>\n<p>Cette cr\u00e8me est exempte de parab\u00e8nes, de sulfates et d\u2019allerg\u00e8nes.<\/p>\n<p><strong>Cette cr\u00e8me hydratante :<\/strong><\/p>\n<ul>\n<li>convient aux peaux grasses et impures<\/li>\n<li>reconstitue l\u2019hydratation de la peau<\/li>\n<li>contient le bean de lecture<\/li>\n<li>prot\u00e8ge et renforce la peau<\/li>\n<li>teint frais et \u00e9clatant<\/li>\n<li>r\u00e9duire l\u2019exc\u00e8s d\u2019huile et de s\u00e9bum<\/li>\n<li>structure g\u00e9lifi\u00e9e<\/li>\n<li>sans parab\u00e8nes, sulfates et allerg\u00e8nes<\/li>\n<li>sans parfum<\/li>\n<li>sans cruaut\u00e9<\/li>\n<li>v\u00e9g\u00e9talien<\/li>\n<\/ul>\n<p><strong>Comment utiliser:<\/strong><\/p>\n<ul>\n<li>Appliquez la cr\u00e8me hydratante sur une peau nettoy\u00e9e matin et soir.<\/li>\n<li>Massez la cr\u00e8me hydratante du bout des doigts jusqu\u2019\u00e0 ce que tout le produit soit absorb\u00e9.<\/li>\n<\/ul>\n<p><strong>Ingr\u00e9dients:<\/strong><br \/>Phaseolus angularis seed extract (441,000 ppm), water, butylene glycol, glycerin, 1,2-hexanediol, methyl trimethicone, acrylates\/c10-30 alkyl acrylate crosspolymer, tromethamine, glyceryl glucoside, c12-14 alketh-12, maltodextrin, ammonium acryloyldimethyltaurate \/vp copolymer, dimethicone\/vinyl dimethicone crosspolymer, dimethicone crosspolymer, ethylhexylglycerin, betaine, panthenol, allantoin, dipotassium glycyrrhizate, polyquaternium-51, xanthan gum, disodium edta, glyceryl acrylate\/acrylic acid copolymer, dioscorea japonica sodium root extract , beta-glucan, hydrolyzed corn starch, citric acid, sucrose, caprylyl glycol, helianthus annuus (sunflower) seed oil, tocopherol, cyanocobalamin, glycine, serine, glutamic acid, magnesium ascorbyl phosphate, aspartic acid, leucine, acetyl hexapeptide-8, alanine, lysine, arginine, tyrosine, phenylalanine, proline, threonine, valine, isoleucine, histidine, cysteine, methionine, sh-oligopeptide-1, sh-oligopeptide-2, sh-polypepti the-1<\/p>\n<\/div>\n<section class=\"related products\">\n<h2><\/h2>\n<\/section>\n<\/div>\n","protected":false},"excerpt":{"rendered":"<p>Description The Beauty of Joseon Red Bean Water Gel est un gel hydratant clarifiant et nourrissant pour les peaux grasses et impures. Si votre peau n\u2019est pas suffisamment hydrat\u00e9e, elle s\u00e9cr\u00e9tera plus de s\u00e9bum que la normale. Cela garantit que votre peau produira plus d\u2019exc\u00e8s de s\u00e9bum, ce qui vous rendra plus susceptible d\u2019avoir des [&hellip;]<\/p>\n","protected":false},"featured_media":4257,"comment_status":"open","ping_status":"closed","template":"","meta":{"content-type":"","_uag_custom_page_level_css":""},"pwb-brand":[],"product_brand":[],"product_cat":[354,324,327,334],"product_tag":[],"class_list":{"0":"post-4258","1":"product","2":"type-product","3":"status-publish","4":"has-post-thumbnail","6":"product_cat-beauty-of-joseon","7":"product_cat-creme","8":"product_cat-hmizat","9":"product_cat-produits-coreens","11":"first","12":"instock","13":"sale","14":"shipping-taxable","15":"purchasable","16":"product-type-simple"},"aioseo_notices":[],"uagb_featured_image_src":{"full":["https:\/\/wavexia.com\/wp-content\/uploads\/2025\/10\/800_189fdb00-9335-47b1-8222-224098e3392d.webp",800,800,false],"thumbnail":["https:\/\/wavexia.com\/wp-content\/uploads\/2025\/10\/800_189fdb00-9335-47b1-8222-224098e3392d-150x150.webp",150,150,true],"medium":["https:\/\/wavexia.com\/wp-content\/uploads\/2025\/10\/800_189fdb00-9335-47b1-8222-224098e3392d-300x300.webp",300,300,true],"medium_large":["https:\/\/wavexia.com\/wp-content\/uploads\/2025\/10\/800_189fdb00-9335-47b1-8222-224098e3392d-768x768.webp",768,768,true],"large":["https:\/\/wavexia.com\/wp-content\/uploads\/2025\/10\/800_189fdb00-9335-47b1-8222-224098e3392d.webp",800,800,false],"1536x1536":["https:\/\/wavexia.com\/wp-content\/uploads\/2025\/10\/800_189fdb00-9335-47b1-8222-224098e3392d.webp",800,800,false],"2048x2048":["https:\/\/wavexia.com\/wp-content\/uploads\/2025\/10\/800_189fdb00-9335-47b1-8222-224098e3392d.webp",800,800,false],"woocommerce_archive_thumbnail":["https:\/\/wavexia.com\/wp-content\/uploads\/2025\/10\/800_189fdb00-9335-47b1-8222-224098e3392d-300x300.webp",300,300,true],"woocommerce_thumbnail":["https:\/\/wavexia.com\/wp-content\/uploads\/2025\/10\/800_189fdb00-9335-47b1-8222-224098e3392d-300x300.webp",300,300,true],"woocommerce_single":["https:\/\/wavexia.com\/wp-content\/uploads\/2025\/10\/800_189fdb00-9335-47b1-8222-224098e3392d-600x600.webp",600,600,true],"woocommerce_gallery_thumbnail":["https:\/\/wavexia.com\/wp-content\/uploads\/2025\/10\/800_189fdb00-9335-47b1-8222-224098e3392d-100x100.webp",100,100,true]},"uagb_author_info":{"display_name":"zineddine.ayoub98@gmail.com","author_link":"https:\/\/wavexia.com\/?author=0"},"uagb_comment_info":0,"uagb_excerpt":"Description The Beauty of Joseon Red Bean Water Gel est un gel hydratant clarifiant et nourrissant pour les peaux grasses et impures. Si votre peau n\u2019est pas suffisamment hydrat\u00e9e, elle s\u00e9cr\u00e9tera plus de s\u00e9bum que la normale. Cela garantit que votre peau produira plus d\u2019exc\u00e8s de s\u00e9bum, ce qui vous rendra plus susceptible d\u2019avoir des&hellip;","brands":[],"_links":{"self":[{"href":"https:\/\/wavexia.com\/index.php?rest_route=\/wp\/v2\/product\/4258","targetHints":{"allow":["GET"]}}],"collection":[{"href":"https:\/\/wavexia.com\/index.php?rest_route=\/wp\/v2\/product"}],"about":[{"href":"https:\/\/wavexia.com\/index.php?rest_route=\/wp\/v2\/types\/product"}],"replies":[{"embeddable":true,"href":"https:\/\/wavexia.com\/index.php?rest_route=%2Fwp%2Fv2%2Fcomments&post=4258"}],"wp:featuredmedia":[{"embeddable":true,"href":"https:\/\/wavexia.com\/index.php?rest_route=\/wp\/v2\/media\/4257"}],"wp:attachment":[{"href":"https:\/\/wavexia.com\/index.php?rest_route=%2Fwp%2Fv2%2Fmedia&parent=4258"}],"wp:term":[{"taxonomy":"pwb-brand","embeddable":true,"href":"https:\/\/wavexia.com\/index.php?rest_route=%2Fwp%2Fv2%2Fpwb-brand&post=4258"},{"taxonomy":"product_brand","embeddable":true,"href":"https:\/\/wavexia.com\/index.php?rest_route=%2Fwp%2Fv2%2Fproduct_brand&post=4258"},{"taxonomy":"product_cat","embeddable":true,"href":"https:\/\/wavexia.com\/index.php?rest_route=%2Fwp%2Fv2%2Fproduct_cat&post=4258"},{"taxonomy":"product_tag","embeddable":true,"href":"https:\/\/wavexia.com\/index.php?rest_route=%2Fwp%2Fv2%2Fproduct_tag&post=4258"}],"curies":[{"name":"wp","href":"https:\/\/api.w.org\/{rel}","templated":true}]}}