{"id":4254,"date":"2025-10-19T09:03:48","date_gmt":"2025-10-19T09:03:48","guid":{"rendered":"https:\/\/wavexia.com\/product\/anua-nano-retinol-03-niacin-renewing-serum-30ml\/"},"modified":"2026-03-10T07:31:00","modified_gmt":"2026-03-10T07:31:00","slug":"anua-nano-retinol-03-niacin-renewing-serum-30ml","status":"publish","type":"product","link":"https:\/\/wavexia.com\/?product=anua-nano-retinol-03-niacin-renewing-serum-30ml","title":{"rendered":"Anua \u2013 Nano Retinol 0,3% + Niacin Renewing Serum 30ml"},"content":{"rendered":"<h2>Description<\/h2>\n<p>D\u00e9couvrez le Anua Nano Retinol 0.3% + Niacin Renewing Serum, un s\u00e9rum puissant con\u00e7u pour rajeunir et renouveler votre peau. Avec une combinaison unique de 0,3% de r\u00e9tinol et 5% de niacinamide, ce s\u00e9rum offre une approche efficace \u00e0 divers probl\u00e8mes de peau !<\/p>\n<p>Ce s\u00e9rum est con\u00e7u pour r\u00e9duire les rides et ridules, laissant votre peau plus lisse et plus jeune. Il am\u00e9liore \u00e9galement l\u2019\u00e9lasticit\u00e9 de la peau, la rendant plus ferme et plus r\u00e9sistante. De plus, il contribue \u00e0 unifier le teint, vous offrant ainsi un teint \u00e9clatant et uniforme !<\/p>\n<p>Le s\u00e9rum Anua affine visiblement les pores, r\u00e9sultant en une structure cutan\u00e9e plus lisse et plus serr\u00e9e. L\u2019ajout d\u2019extrait d\u2019arbre \u00e0 th\u00e9 apaise la peau et soulage l\u2019inflammation, r\u00e9duisant ainsi les rougeurs et les irritations.<\/p>\n<p>Ajoutez le s\u00e9rum r\u00e9g\u00e9n\u00e9rant Anua Nano Retinol 0,3 % + Niacine \u00e0 votre routine quotidienne de soins de la peau pour une transformation compl\u00e8te de la peau. Profitez d\u2019un \u00e9clat sain et d\u2019une apparence jeune gr\u00e2ce \u00e0 ce s\u00e9rum avanc\u00e9 qui nourrit et renouvelle votre peau !<\/p>\n<p><strong>Ce s\u00e9rum :<\/strong><\/p>\n<ul>\n<li>s\u00e9rum puissant pour le rajeunissement de la peau<\/li>\n<li>contient 0,3% de r\u00e9tinol et 5% de niacinamide<\/li>\n<li>r\u00e9duit les rides et ridules<\/li>\n<li>am\u00e9liorer l\u2019\u00e9lasticit\u00e9 de la peau<\/li>\n<li>unifie le teint pour un teint \u00e9clatant<\/li>\n<li>affine visiblement les pores<\/li>\n<li>apaise et soulage l\u2019inflammation<\/li>\n<li>sans cruaut\u00e9<\/li>\n<\/ul>\n<p><strong>Comment utiliser:<\/strong><\/p>\n<ul>\n<li>A utiliser uniquement avant de s\u2019endormir.<\/li>\n<li>Appliquer quelques gouttes sur une peau s\u00e8che et nettoy\u00e9e.<\/li>\n<li>Massez bien le s\u00e9rum et laissez-le absorber compl\u00e8tement. \u00c9vitez les paupi\u00e8res.<\/li>\n<li>Continuez ensuite avec une cr\u00e8me hydratante.<\/li>\n<li>Utilisez seulement 1 \u00e0 3 fois par semaine jusqu\u2019\u00e0 ce que votre peau s\u2019habitue au s\u00e9rum. D\u00e8s que votre peau r\u00e9agit bien, vous pouvez commencer \u00e0 utiliser le s\u00e9rum une fois par jour.<\/li>\n<\/ul>\n<p><strong>Ingr\u00e9dients:<br \/><\/strong>Water, Glycereth-26, Niacinamide, Malus Domestica Fruit Extract, Glycerin, 1,2-hexanediol, Caprylic\/capric Triglyceride, Castanea Crenata Shell Extract, Glyceryl Citrate\/lactate\/linoleate\/oleate, Diospyros Kaki Leaf Extract, Coptis Japonica Root Extract, Potentilla Anserina Extract, Avena Sativa Kernel Extract, Cynara Scolymus Leaf Extract, Portulaca Oleracea Extract, Melaleuca Alternifolia Extract, Ficus Carica Fruit Extract, Centella Asiatica Extract, Camellia Sinensis Leaf Extract, Artemisia Capillaris Flower Extract, Arnica Montana Flower Extract, Houttuynia Cordata Extract, Melia Azadirachta Leaf Extract, Lavandula Angustifolia Flower Extract, Chamomilla Recutita Flower\/leaf Extract, Borago Officinalis Extract, Centaurea Cyanus Flower Extract, Hydrogenated Lecithin, Camellia Sinensis Leaf Water, Centaurea Cyanus Flower Water, Sodium Hyaluronate, Melaleuca Alternifolia Leaf Oil, Carapa Guaianensis Seed Oil, Hippophae Rhamnoides Fruit Oil, Tocopherol, Propanediol, Cetyl Ethylhexanoate, Ammonium Acryloyldimethyltaurate\/vp Copolymer, Pentaerythrityl Tetraditbutyl Hydroxyhydrocinnamate, Polyacrylate Crosspolymer-6, Methylpropanediol, Butylene Glycol, Polysorbate 20, Retinol, Ceramide, Pentylene Glycol, Carbomer, Trometh amine, Dipotassium Glycyrrhizate , Ethylhexylglycerin, Adenosine, Disodium Edta, Polyquaternium-51, Beta-glucan, Squalane, Panthenol, Hydrolyzed Pea<\/p>\n","protected":false},"excerpt":{"rendered":"<p>Description D\u00e9couvrez le Anua Nano Retinol 0.3% + Niacin Renewing Serum, un s\u00e9rum puissant con\u00e7u pour rajeunir et renouveler votre peau. Avec une combinaison unique de 0,3% de r\u00e9tinol et 5% de niacinamide, ce s\u00e9rum offre une approche efficace \u00e0 divers probl\u00e8mes de peau ! Ce s\u00e9rum est con\u00e7u pour r\u00e9duire les rides et ridules, [&hellip;]<\/p>\n","protected":false},"featured_media":4253,"comment_status":"open","ping_status":"closed","template":"","meta":{"content-type":"","_uag_custom_page_level_css":""},"pwb-brand":[],"product_brand":[],"product_cat":[357,344,334,338,323],"product_tag":[],"class_list":{"0":"post-4254","1":"product","2":"type-product","3":"status-publish","4":"has-post-thumbnail","6":"product_cat-anti-age-rides","7":"product_cat-anua","8":"product_cat-produits-coreens","9":"product_cat-serum-ampoule","10":"product_cat-skincare","12":"first","13":"instock","14":"sale","15":"shipping-taxable","16":"purchasable","17":"product-type-simple"},"aioseo_notices":[],"uagb_featured_image_src":{"full":["https:\/\/wavexia.com\/wp-content\/uploads\/2025\/10\/Product-page-sizes_63a1bd35-e98d-4255-96de-b61672d84b2c.webp",800,800,false],"thumbnail":["https:\/\/wavexia.com\/wp-content\/uploads\/2025\/10\/Product-page-sizes_63a1bd35-e98d-4255-96de-b61672d84b2c-150x150.webp",150,150,true],"medium":["https:\/\/wavexia.com\/wp-content\/uploads\/2025\/10\/Product-page-sizes_63a1bd35-e98d-4255-96de-b61672d84b2c-300x300.webp",300,300,true],"medium_large":["https:\/\/wavexia.com\/wp-content\/uploads\/2025\/10\/Product-page-sizes_63a1bd35-e98d-4255-96de-b61672d84b2c-768x768.webp",768,768,true],"large":["https:\/\/wavexia.com\/wp-content\/uploads\/2025\/10\/Product-page-sizes_63a1bd35-e98d-4255-96de-b61672d84b2c.webp",800,800,false],"1536x1536":["https:\/\/wavexia.com\/wp-content\/uploads\/2025\/10\/Product-page-sizes_63a1bd35-e98d-4255-96de-b61672d84b2c.webp",800,800,false],"2048x2048":["https:\/\/wavexia.com\/wp-content\/uploads\/2025\/10\/Product-page-sizes_63a1bd35-e98d-4255-96de-b61672d84b2c.webp",800,800,false],"woocommerce_archive_thumbnail":["https:\/\/wavexia.com\/wp-content\/uploads\/2025\/10\/Product-page-sizes_63a1bd35-e98d-4255-96de-b61672d84b2c-300x300.webp",300,300,true],"woocommerce_thumbnail":["https:\/\/wavexia.com\/wp-content\/uploads\/2025\/10\/Product-page-sizes_63a1bd35-e98d-4255-96de-b61672d84b2c-300x300.webp",300,300,true],"woocommerce_single":["https:\/\/wavexia.com\/wp-content\/uploads\/2025\/10\/Product-page-sizes_63a1bd35-e98d-4255-96de-b61672d84b2c-600x600.webp",600,600,true],"woocommerce_gallery_thumbnail":["https:\/\/wavexia.com\/wp-content\/uploads\/2025\/10\/Product-page-sizes_63a1bd35-e98d-4255-96de-b61672d84b2c-100x100.webp",100,100,true]},"uagb_author_info":{"display_name":"zineddine.ayoub98@gmail.com","author_link":"https:\/\/wavexia.com\/?author=0"},"uagb_comment_info":0,"uagb_excerpt":"Description D\u00e9couvrez le Anua Nano Retinol 0.3% + Niacin Renewing Serum, un s\u00e9rum puissant con\u00e7u pour rajeunir et renouveler votre peau. Avec une combinaison unique de 0,3% de r\u00e9tinol et 5% de niacinamide, ce s\u00e9rum offre une approche efficace \u00e0 divers probl\u00e8mes de peau ! Ce s\u00e9rum est con\u00e7u pour r\u00e9duire les rides et ridules,&hellip;","brands":[],"_links":{"self":[{"href":"https:\/\/wavexia.com\/index.php?rest_route=\/wp\/v2\/product\/4254","targetHints":{"allow":["GET"]}}],"collection":[{"href":"https:\/\/wavexia.com\/index.php?rest_route=\/wp\/v2\/product"}],"about":[{"href":"https:\/\/wavexia.com\/index.php?rest_route=\/wp\/v2\/types\/product"}],"replies":[{"embeddable":true,"href":"https:\/\/wavexia.com\/index.php?rest_route=%2Fwp%2Fv2%2Fcomments&post=4254"}],"wp:featuredmedia":[{"embeddable":true,"href":"https:\/\/wavexia.com\/index.php?rest_route=\/wp\/v2\/media\/4253"}],"wp:attachment":[{"href":"https:\/\/wavexia.com\/index.php?rest_route=%2Fwp%2Fv2%2Fmedia&parent=4254"}],"wp:term":[{"taxonomy":"pwb-brand","embeddable":true,"href":"https:\/\/wavexia.com\/index.php?rest_route=%2Fwp%2Fv2%2Fpwb-brand&post=4254"},{"taxonomy":"product_brand","embeddable":true,"href":"https:\/\/wavexia.com\/index.php?rest_route=%2Fwp%2Fv2%2Fproduct_brand&post=4254"},{"taxonomy":"product_cat","embeddable":true,"href":"https:\/\/wavexia.com\/index.php?rest_route=%2Fwp%2Fv2%2Fproduct_cat&post=4254"},{"taxonomy":"product_tag","embeddable":true,"href":"https:\/\/wavexia.com\/index.php?rest_route=%2Fwp%2Fv2%2Fproduct_tag&post=4254"}],"curies":[{"name":"wp","href":"https:\/\/api.w.org\/{rel}","templated":true}]}}