{"id":4243,"date":"2025-10-19T09:03:43","date_gmt":"2025-10-19T09:03:43","guid":{"rendered":"https:\/\/wavexia.com\/product\/anua-creme-enrichie-en-niacine-peach-77-50ml\/"},"modified":"2026-03-10T07:31:00","modified_gmt":"2026-03-10T07:31:00","slug":"anua-creme-enrichie-en-niacine-peach-77-50ml","status":"publish","type":"product","link":"https:\/\/wavexia.com\/?product=anua-creme-enrichie-en-niacine-peach-77-50ml","title":{"rendered":"Anua \u2013 Cr\u00e8me enrichie en niacine Peach 77 50ml"},"content":{"rendered":"<h2>Description<\/h2>\n<p>La cr\u00e8me enrichie en niacine Anua Peach 77 est une cr\u00e8me hydratante enrichie \u00e0 77 % d\u2019extrait de fruit Prunus Persica (p\u00eache) et aide \u00e0 redonner \u00e0 votre peau un aspect p\u00eache et ros\u00e9e. Cette cr\u00e8me contient \u00e9galement des c\u00e9ramides, du collag\u00e8ne, du panth\u00e9nol et des prot\u00e9ines qui revitalisent et hydratent la peau s\u00e8che.<\/p>\n<p>Gr\u00e2ce \u00e0 sa texture gel type pudding, la cr\u00e8me p\u00e9n\u00e8tre rapidement sans laisser de sensation collante. De plus, cette cr\u00e8me a \u00e9t\u00e9 test\u00e9e pour les irritations cutan\u00e9es et convient \u00e0 tous les types de peau.<\/p>\n<p><strong>Cette cr\u00e8me hydratante :<\/strong><\/p>\n<ul>\n<li>contient 77% d\u2019extrait de fruit Prunus Persica<\/li>\n<li>revitalise et hydrate la peau<\/li>\n<li>enrichi en c\u00e9ramide, collag\u00e8ne, panth\u00e9nol et prot\u00e9ines<\/li>\n<li>texture gel semblable \u00e0 celle d\u2019un pudding<\/li>\n<li>absorption rapide sans effet collant<\/li>\n<li>convient \u00e0 tous les types de peau<\/li>\n<li>test\u00e9 pour les irritations cutan\u00e9es<\/li>\n<li>sans cruaut\u00e9<\/li>\n<\/ul>\n<p><strong>Comment utiliser&nbsp;:<\/strong><\/p>\n<ul>\n<li>Appliquez une petite quantit\u00e9 sur votre visage comme derni\u00e8re \u00e9tape de votre routine de soins de la peau.<\/li>\n<li>Pour une hydratation suppl\u00e9mentaire, appliquez une couche g\u00e9n\u00e9reuse et laissez agir toute la nuit comme un sac de couchage.<\/li>\n<\/ul>\n","protected":false},"excerpt":{"rendered":"<p>Description La cr\u00e8me enrichie en niacine Anua Peach 77 est une cr\u00e8me hydratante enrichie \u00e0 77 % d\u2019extrait de fruit Prunus Persica (p\u00eache) et aide \u00e0 redonner \u00e0 votre peau un aspect p\u00eache et ros\u00e9e. Cette cr\u00e8me contient \u00e9galement des c\u00e9ramides, du collag\u00e8ne, du panth\u00e9nol et des prot\u00e9ines qui revitalisent et hydratent la peau s\u00e8che. [&hellip;]<\/p>\n","protected":false},"featured_media":4242,"comment_status":"open","ping_status":"closed","template":"","meta":{"content-type":"","_uag_custom_page_level_css":""},"pwb-brand":[],"product_brand":[],"product_cat":[344,324,334,323],"product_tag":[],"class_list":{"0":"post-4243","1":"product","2":"type-product","3":"status-publish","4":"has-post-thumbnail","6":"product_cat-anua","7":"product_cat-creme","8":"product_cat-produits-coreens","9":"product_cat-skincare","11":"first","12":"instock","13":"sale","14":"shipping-taxable","15":"purchasable","16":"product-type-simple"},"aioseo_notices":[],"uagb_featured_image_src":{"full":["https:\/\/wavexia.com\/wp-content\/uploads\/2025\/10\/Product-page-sizes_472db901-8051-4128-87d3-18f262e79cae.webp",800,800,false],"thumbnail":["https:\/\/wavexia.com\/wp-content\/uploads\/2025\/10\/Product-page-sizes_472db901-8051-4128-87d3-18f262e79cae-150x150.webp",150,150,true],"medium":["https:\/\/wavexia.com\/wp-content\/uploads\/2025\/10\/Product-page-sizes_472db901-8051-4128-87d3-18f262e79cae-300x300.webp",300,300,true],"medium_large":["https:\/\/wavexia.com\/wp-content\/uploads\/2025\/10\/Product-page-sizes_472db901-8051-4128-87d3-18f262e79cae-768x768.webp",768,768,true],"large":["https:\/\/wavexia.com\/wp-content\/uploads\/2025\/10\/Product-page-sizes_472db901-8051-4128-87d3-18f262e79cae.webp",800,800,false],"1536x1536":["https:\/\/wavexia.com\/wp-content\/uploads\/2025\/10\/Product-page-sizes_472db901-8051-4128-87d3-18f262e79cae.webp",800,800,false],"2048x2048":["https:\/\/wavexia.com\/wp-content\/uploads\/2025\/10\/Product-page-sizes_472db901-8051-4128-87d3-18f262e79cae.webp",800,800,false],"woocommerce_archive_thumbnail":["https:\/\/wavexia.com\/wp-content\/uploads\/2025\/10\/Product-page-sizes_472db901-8051-4128-87d3-18f262e79cae-300x300.webp",300,300,true],"woocommerce_thumbnail":["https:\/\/wavexia.com\/wp-content\/uploads\/2025\/10\/Product-page-sizes_472db901-8051-4128-87d3-18f262e79cae-300x300.webp",300,300,true],"woocommerce_single":["https:\/\/wavexia.com\/wp-content\/uploads\/2025\/10\/Product-page-sizes_472db901-8051-4128-87d3-18f262e79cae-600x600.webp",600,600,true],"woocommerce_gallery_thumbnail":["https:\/\/wavexia.com\/wp-content\/uploads\/2025\/10\/Product-page-sizes_472db901-8051-4128-87d3-18f262e79cae-100x100.webp",100,100,true]},"uagb_author_info":{"display_name":"zineddine.ayoub98@gmail.com","author_link":"https:\/\/wavexia.com\/?author=0"},"uagb_comment_info":0,"uagb_excerpt":"Description La cr\u00e8me enrichie en niacine Anua Peach 77 est une cr\u00e8me hydratante enrichie \u00e0 77 % d\u2019extrait de fruit Prunus Persica (p\u00eache) et aide \u00e0 redonner \u00e0 votre peau un aspect p\u00eache et ros\u00e9e. Cette cr\u00e8me contient \u00e9galement des c\u00e9ramides, du collag\u00e8ne, du panth\u00e9nol et des prot\u00e9ines qui revitalisent et hydratent la peau s\u00e8che.&hellip;","brands":[],"_links":{"self":[{"href":"https:\/\/wavexia.com\/index.php?rest_route=\/wp\/v2\/product\/4243","targetHints":{"allow":["GET"]}}],"collection":[{"href":"https:\/\/wavexia.com\/index.php?rest_route=\/wp\/v2\/product"}],"about":[{"href":"https:\/\/wavexia.com\/index.php?rest_route=\/wp\/v2\/types\/product"}],"replies":[{"embeddable":true,"href":"https:\/\/wavexia.com\/index.php?rest_route=%2Fwp%2Fv2%2Fcomments&post=4243"}],"wp:featuredmedia":[{"embeddable":true,"href":"https:\/\/wavexia.com\/index.php?rest_route=\/wp\/v2\/media\/4242"}],"wp:attachment":[{"href":"https:\/\/wavexia.com\/index.php?rest_route=%2Fwp%2Fv2%2Fmedia&parent=4243"}],"wp:term":[{"taxonomy":"pwb-brand","embeddable":true,"href":"https:\/\/wavexia.com\/index.php?rest_route=%2Fwp%2Fv2%2Fpwb-brand&post=4243"},{"taxonomy":"product_brand","embeddable":true,"href":"https:\/\/wavexia.com\/index.php?rest_route=%2Fwp%2Fv2%2Fproduct_brand&post=4243"},{"taxonomy":"product_cat","embeddable":true,"href":"https:\/\/wavexia.com\/index.php?rest_route=%2Fwp%2Fv2%2Fproduct_cat&post=4243"},{"taxonomy":"product_tag","embeddable":true,"href":"https:\/\/wavexia.com\/index.php?rest_route=%2Fwp%2Fv2%2Fproduct_tag&post=4243"}],"curies":[{"name":"wp","href":"https:\/\/api.w.org\/{rel}","templated":true}]}}