{"id":4232,"date":"2025-10-19T09:03:34","date_gmt":"2025-10-19T09:03:34","guid":{"rendered":"https:\/\/wavexia.com\/product\/anua-heartleaf-pore-clay-pack-100ml\/"},"modified":"2026-03-10T07:31:00","modified_gmt":"2026-03-10T07:31:00","slug":"anua-heartleaf-pore-clay-pack-100ml","status":"publish","type":"product","link":"https:\/\/wavexia.com\/?product=anua-heartleaf-pore-clay-pack-100ml","title":{"rendered":"Anua Heartleaf Pore Clay Pack 100ml"},"content":{"rendered":"<h2>Description<\/h2>\n<p>Ce masque \u00e0 l\u2019argile contenant de la bentonite et du kaolin d\u00e9sincruste les pores et exfolie la peau en douceur pour un fini lisse. L\u2019ajout d\u2019extraits de feuilles de c\u0153ur et de cica \u00e0 la formule offre des effets anti-inflammatoires. Le panth\u00e9nol, l\u2019acide hyaluronique et les NP de c\u00e9ramides pr\u00e9sents dans le m\u00e9lange am\u00e9liorent l\u2019hydratation de la peau.<\/p>\n<ul>\n<li>Un masque d\u2019argile doux pour le soin des pores, formul\u00e9 \u00e0 base de bentonite et de kaolin, pour un nettoyage et une exfoliation en profondeur, une r\u00e9duction de l\u2019acn\u00e9, une absorption de l\u2019exc\u00e8s de s\u00e9bum et un affinement des pores.<\/li>\n<li>Enrichi en extrait de Houttuynia Cordata et en querc\u00e9tine, il offre des effets antioxydants et anti-inflammatoires, tout en r\u00e9duisant les rougeurs et en restaurant la barri\u00e8re cutan\u00e9e.<\/li>\n<li>Contient \u00e9galement de l\u2019acide hyaluronique, du collag\u00e8ne soluble et de la prot\u00e9ase pour faciliter l\u2019adoucissement de la k\u00e9ratine et offrir des effets repulpants et raffermissants.<\/li>\n<li>Une texture cr\u00e9meuse au parfum rafra\u00eechissant d\u2019eucalyptus.<\/li>\n<li><strong>Utilisation :<\/strong>\n<ol>\n<li><strong>Nettoyage :<\/strong>&nbsp;Commencez par nettoyer votre visage soigneusement pour \u00e9liminer la salet\u00e9 et l\u2019huile.<\/li>\n<li><strong>Application :<\/strong>&nbsp;Appliquez une quantit\u00e9 appropri\u00e9e du masque d\u2019argile uniform\u00e9ment sur le visage, mais \u00e9vitez la zone autour des yeux et de la bouche.<\/li>\n<li><strong>Temps d\u2019action :<\/strong>&nbsp;Laissez le masque agir sur la peau pendant 3-5 minutes. Cela donne suffisamment de temps pour que les ingr\u00e9dients p\u00e9n\u00e8trent et agissent efficacement.<\/li>\n<li><strong>Rin\u00e7age :<\/strong>&nbsp;Rincez le masque \u00e0 l\u2019eau ti\u00e8de. Utilisez des mouvements doux pour masser d\u00e9licatement la peau tout en rin\u00e7ant.<\/li>\n<li><strong>Soins post-rin\u00e7age :<\/strong>&nbsp;Apr\u00e8s avoir rinc\u00e9 le masque, continuez avec votre routine habituelle de soins de la peau, tels que le toner, le s\u00e9rum et la cr\u00e8me hydratante pour retenir l\u2019hydratation et les nutriments.<\/li>\n<\/ol>\n<\/li>\n<\/ul>\n","protected":false},"excerpt":{"rendered":"<p>Description Ce masque \u00e0 l\u2019argile contenant de la bentonite et du kaolin d\u00e9sincruste les pores et exfolie la peau en douceur pour un fini lisse. L\u2019ajout d\u2019extraits de feuilles de c\u0153ur et de cica \u00e0 la formule offre des effets anti-inflammatoires. Le panth\u00e9nol, l\u2019acide hyaluronique et les NP de c\u00e9ramides pr\u00e9sents dans le m\u00e9lange am\u00e9liorent [&hellip;]<\/p>\n","protected":false},"featured_media":4231,"comment_status":"open","ping_status":"closed","template":"","meta":{"content-type":"","_uag_custom_page_level_css":""},"pwb-brand":[],"product_brand":[],"product_cat":[344,343,334],"product_tag":[],"class_list":{"0":"post-4232","1":"product","2":"type-product","3":"status-publish","4":"has-post-thumbnail","6":"product_cat-anua","7":"product_cat-masque","8":"product_cat-produits-coreens","10":"first","11":"instock","12":"sale","13":"shipping-taxable","14":"purchasable","15":"product-type-simple"},"aioseo_notices":[],"uagb_featured_image_src":{"full":["https:\/\/wavexia.com\/wp-content\/uploads\/2025\/10\/anua-heartleaf-pore-clay-pack-100ml-1000x1000-1-14083.jpg",1000,1000,false],"thumbnail":["https:\/\/wavexia.com\/wp-content\/uploads\/2025\/10\/anua-heartleaf-pore-clay-pack-100ml-1000x1000-1-14083-150x150.jpg",150,150,true],"medium":["https:\/\/wavexia.com\/wp-content\/uploads\/2025\/10\/anua-heartleaf-pore-clay-pack-100ml-1000x1000-1-14083-300x300.jpg",300,300,true],"medium_large":["https:\/\/wavexia.com\/wp-content\/uploads\/2025\/10\/anua-heartleaf-pore-clay-pack-100ml-1000x1000-1-14083-768x768.jpg",768,768,true],"large":["https:\/\/wavexia.com\/wp-content\/uploads\/2025\/10\/anua-heartleaf-pore-clay-pack-100ml-1000x1000-1-14083.jpg",1000,1000,false],"1536x1536":["https:\/\/wavexia.com\/wp-content\/uploads\/2025\/10\/anua-heartleaf-pore-clay-pack-100ml-1000x1000-1-14083.jpg",1000,1000,false],"2048x2048":["https:\/\/wavexia.com\/wp-content\/uploads\/2025\/10\/anua-heartleaf-pore-clay-pack-100ml-1000x1000-1-14083.jpg",1000,1000,false],"woocommerce_archive_thumbnail":["https:\/\/wavexia.com\/wp-content\/uploads\/2025\/10\/anua-heartleaf-pore-clay-pack-100ml-1000x1000-1-14083-300x300.jpg",300,300,true],"woocommerce_thumbnail":["https:\/\/wavexia.com\/wp-content\/uploads\/2025\/10\/anua-heartleaf-pore-clay-pack-100ml-1000x1000-1-14083-300x300.jpg",300,300,true],"woocommerce_single":["https:\/\/wavexia.com\/wp-content\/uploads\/2025\/10\/anua-heartleaf-pore-clay-pack-100ml-1000x1000-1-14083-600x600.jpg",600,600,true],"woocommerce_gallery_thumbnail":["https:\/\/wavexia.com\/wp-content\/uploads\/2025\/10\/anua-heartleaf-pore-clay-pack-100ml-1000x1000-1-14083-100x100.jpg",100,100,true]},"uagb_author_info":{"display_name":"zineddine.ayoub98@gmail.com","author_link":"https:\/\/wavexia.com\/?author=0"},"uagb_comment_info":0,"uagb_excerpt":"Description Ce masque \u00e0 l\u2019argile contenant de la bentonite et du kaolin d\u00e9sincruste les pores et exfolie la peau en douceur pour un fini lisse. L\u2019ajout d\u2019extraits de feuilles de c\u0153ur et de cica \u00e0 la formule offre des effets anti-inflammatoires. Le panth\u00e9nol, l\u2019acide hyaluronique et les NP de c\u00e9ramides pr\u00e9sents dans le m\u00e9lange am\u00e9liorent&hellip;","brands":[],"_links":{"self":[{"href":"https:\/\/wavexia.com\/index.php?rest_route=\/wp\/v2\/product\/4232","targetHints":{"allow":["GET"]}}],"collection":[{"href":"https:\/\/wavexia.com\/index.php?rest_route=\/wp\/v2\/product"}],"about":[{"href":"https:\/\/wavexia.com\/index.php?rest_route=\/wp\/v2\/types\/product"}],"replies":[{"embeddable":true,"href":"https:\/\/wavexia.com\/index.php?rest_route=%2Fwp%2Fv2%2Fcomments&post=4232"}],"wp:featuredmedia":[{"embeddable":true,"href":"https:\/\/wavexia.com\/index.php?rest_route=\/wp\/v2\/media\/4231"}],"wp:attachment":[{"href":"https:\/\/wavexia.com\/index.php?rest_route=%2Fwp%2Fv2%2Fmedia&parent=4232"}],"wp:term":[{"taxonomy":"pwb-brand","embeddable":true,"href":"https:\/\/wavexia.com\/index.php?rest_route=%2Fwp%2Fv2%2Fpwb-brand&post=4232"},{"taxonomy":"product_brand","embeddable":true,"href":"https:\/\/wavexia.com\/index.php?rest_route=%2Fwp%2Fv2%2Fproduct_brand&post=4232"},{"taxonomy":"product_cat","embeddable":true,"href":"https:\/\/wavexia.com\/index.php?rest_route=%2Fwp%2Fv2%2Fproduct_cat&post=4232"},{"taxonomy":"product_tag","embeddable":true,"href":"https:\/\/wavexia.com\/index.php?rest_route=%2Fwp%2Fv2%2Fproduct_tag&post=4232"}],"curies":[{"name":"wp","href":"https:\/\/api.w.org\/{rel}","templated":true}]}}