{"id":4225,"date":"2025-10-19T09:03:27","date_gmt":"2025-10-19T09:03:27","guid":{"rendered":"https:\/\/wavexia.com\/product\/rituals-the-ritual-of-ayurveda-coffret-xs\/"},"modified":"2026-03-10T07:31:00","modified_gmt":"2026-03-10T07:31:00","slug":"rituals-the-ritual-of-ayurveda-coffret-xs","status":"publish","type":"product","link":"https:\/\/wavexia.com\/?product=rituals-the-ritual-of-ayurveda-coffret-xs","title":{"rendered":"RITUALS \u2013 The Ritual Of AYURVEDA \u2013 coffret XS"},"content":{"rendered":"<h2>Description<\/h2>\n<p>C\u2019est un cadeau id\u00e9al pour vous-m\u00eame ou vos proches, combinant 3 des best-sellers de la marque :<\/p>\n<p>\u2013 Une mousse de douche (50ml) : La technologie unique de la mousse de douche assure un nettoyage doux comme de la soie et une peau parfaitement soign\u00e9e et apais\u00e9e<\/p>\n<p>\u2013 Une cr\u00e8me pour le corps (70ml) : La formule velout\u00e9e et riche en antioxydants, nourrit intens\u00e9ment la peau et lui permet de gagner en fermet\u00e9.<\/p>\n<p>\u2013 Un gommage pour le corps (125gr) : Ce gommage \u00e0 base d\u2019huile \u00e9limine en douceur les cellules mortes de la peau et a un effet activant sur le renouvellement cellulaire quotidien de la peau<\/p>\n<p>R\u00e9tablissez l\u2019\u00e9quilibre du corps et de l\u2019esprit avec des produits \u00e0 base de rose indienne et d\u2019huile d\u2019amande douce.<\/p>\n<p>Atteignez l\u2019harmonie int\u00e9rieure avec ces produits adoucissants et aromatiques \u00e0 base d\u2019huile de rose indienne et d\u2019amande douce.<\/p>\n","protected":false},"excerpt":{"rendered":"<p>Description C\u2019est un cadeau id\u00e9al pour vous-m\u00eame ou vos proches, combinant 3 des best-sellers de la marque : \u2013 Une mousse de douche (50ml) : La technologie unique de la mousse de douche assure un nettoyage doux comme de la soie et une peau parfaitement soign\u00e9e et apais\u00e9e \u2013 Une cr\u00e8me pour le corps (70ml) [&hellip;]<\/p>\n","protected":false},"featured_media":4224,"comment_status":"open","ping_status":"closed","template":"","meta":{"content-type":"","_uag_custom_page_level_css":""},"pwb-brand":[],"product_brand":[],"product_cat":[322,331,332],"product_tag":[],"class_list":{"0":"post-4225","1":"product","2":"type-product","3":"status-publish","4":"has-post-thumbnail","6":"product_cat-corps-bain","7":"product_cat-idees-cadeaux","8":"product_cat-rituals","10":"first","11":"instock","12":"sale","13":"shipping-taxable","14":"purchasable","15":"product-type-simple"},"aioseo_notices":[],"uagb_featured_image_src":{"full":["https:\/\/wavexia.com\/wp-content\/uploads\/2025\/10\/8719134185232.webp",495,743,false],"thumbnail":["https:\/\/wavexia.com\/wp-content\/uploads\/2025\/10\/8719134185232-150x150.webp",150,150,true],"medium":["https:\/\/wavexia.com\/wp-content\/uploads\/2025\/10\/8719134185232-200x300.webp",200,300,true],"medium_large":["https:\/\/wavexia.com\/wp-content\/uploads\/2025\/10\/8719134185232.webp",495,743,false],"large":["https:\/\/wavexia.com\/wp-content\/uploads\/2025\/10\/8719134185232.webp",495,743,false],"1536x1536":["https:\/\/wavexia.com\/wp-content\/uploads\/2025\/10\/8719134185232.webp",495,743,false],"2048x2048":["https:\/\/wavexia.com\/wp-content\/uploads\/2025\/10\/8719134185232.webp",495,743,false],"woocommerce_archive_thumbnail":["https:\/\/wavexia.com\/wp-content\/uploads\/2025\/10\/8719134185232-300x450.webp",300,450,true],"woocommerce_thumbnail":["https:\/\/wavexia.com\/wp-content\/uploads\/2025\/10\/8719134185232-300x300.webp",300,300,true],"woocommerce_single":["https:\/\/wavexia.com\/wp-content\/uploads\/2025\/10\/8719134185232.webp",495,743,false],"woocommerce_gallery_thumbnail":["https:\/\/wavexia.com\/wp-content\/uploads\/2025\/10\/8719134185232-100x100.webp",100,100,true]},"uagb_author_info":{"display_name":"zineddine.ayoub98@gmail.com","author_link":"https:\/\/wavexia.com\/?author=0"},"uagb_comment_info":0,"uagb_excerpt":"Description C\u2019est un cadeau id\u00e9al pour vous-m\u00eame ou vos proches, combinant 3 des best-sellers de la marque : \u2013 Une mousse de douche (50ml) : La technologie unique de la mousse de douche assure un nettoyage doux comme de la soie et une peau parfaitement soign\u00e9e et apais\u00e9e \u2013 Une cr\u00e8me pour le corps (70ml)&hellip;","brands":[],"_links":{"self":[{"href":"https:\/\/wavexia.com\/index.php?rest_route=\/wp\/v2\/product\/4225","targetHints":{"allow":["GET"]}}],"collection":[{"href":"https:\/\/wavexia.com\/index.php?rest_route=\/wp\/v2\/product"}],"about":[{"href":"https:\/\/wavexia.com\/index.php?rest_route=\/wp\/v2\/types\/product"}],"replies":[{"embeddable":true,"href":"https:\/\/wavexia.com\/index.php?rest_route=%2Fwp%2Fv2%2Fcomments&post=4225"}],"wp:featuredmedia":[{"embeddable":true,"href":"https:\/\/wavexia.com\/index.php?rest_route=\/wp\/v2\/media\/4224"}],"wp:attachment":[{"href":"https:\/\/wavexia.com\/index.php?rest_route=%2Fwp%2Fv2%2Fmedia&parent=4225"}],"wp:term":[{"taxonomy":"pwb-brand","embeddable":true,"href":"https:\/\/wavexia.com\/index.php?rest_route=%2Fwp%2Fv2%2Fpwb-brand&post=4225"},{"taxonomy":"product_brand","embeddable":true,"href":"https:\/\/wavexia.com\/index.php?rest_route=%2Fwp%2Fv2%2Fproduct_brand&post=4225"},{"taxonomy":"product_cat","embeddable":true,"href":"https:\/\/wavexia.com\/index.php?rest_route=%2Fwp%2Fv2%2Fproduct_cat&post=4225"},{"taxonomy":"product_tag","embeddable":true,"href":"https:\/\/wavexia.com\/index.php?rest_route=%2Fwp%2Fv2%2Fproduct_tag&post=4225"}],"curies":[{"name":"wp","href":"https:\/\/api.w.org\/{rel}","templated":true}]}}