{"id":4214,"date":"2025-10-19T09:03:16","date_gmt":"2025-10-19T09:03:16","guid":{"rendered":"https:\/\/wavexia.com\/product\/tonymoly-pandas-dream-white-hand-cream-30g\/"},"modified":"2026-03-10T07:31:00","modified_gmt":"2026-03-10T07:31:00","slug":"tonymoly-pandas-dream-white-hand-cream-30g","status":"publish","type":"product","link":"https:\/\/wavexia.com\/?product=tonymoly-pandas-dream-white-hand-cream-30g","title":{"rendered":"Tonymoly Panda\u2019s Dream White Hand Cream 30g"},"content":{"rendered":"<h2>Description<\/h2>\n<p><span style=\"color: #000000;\">M\u00eame les mains les plus rugueuses seront douces et soyeuses avec cette&nbsp;<b>cr\u00e8me pour les mains<\/b>&nbsp;de r\u00eave !<\/span><\/p>\n<p><span style=\"color: #000000;\"><b>Formul\u00e9e avec du miel de Manuka et de la s\u00e8ve de bambou<\/b>, cette cr\u00e8me pour les mains offre une transformation 1, 2 pour une hydratation intense tandis que les ingr\u00e9dients r\u00e9parateurs de la peau \u00e9claircissent et unifient le teint.<\/span><\/p>\n<p><span style=\"color: #000000;\">Ne vous laissez pas berner par l\u2019emballage mignon : la cr\u00e8me pour les mains est&nbsp;<b>intens\u00e9ment hydratante et regorge d\u2019ingr\u00e9dients riches en nutriments<\/b>&nbsp;qui offrent des avantages anti-\u00e2ge pour garder la peau jeune et soign\u00e9e.<\/span><\/p>\n<h5>les avantages:<\/h5>\n<ul class=\"p-summary__list\">\n<li>Convient \u00e0 tous les types de peau<\/li>\n<li>Action hydratante<\/li>\n<li>R\u00e9duit la pigmentation<\/li>\n<li>Au miel et \u00e0 l\u2019extrait de bambou<\/li>\n<\/ul>\n<h5>mode d\u2019emploi:<\/h5>\n<p>-Appliquer la quantit\u00e9 appropri\u00e9e sur les mains et masser pour une absorption rapide.<\/p>\n<h5>les ingr\u00e9dients:<\/h5>\n<p>Eau Butyrospermum Parkii (Karit\u00e9) Beurre Glyc\u00e9rine C\u00e9tyl \u00c9thylhexanoate C\u00e9t\u00e9aryl Alcool butyl\u00e8ne glycol Niacinamide St\u00e9arate de glyc\u00e9ryle Polysorbate 60 PEG\/PPG-17\/6 Copolym\u00e8re Cyclopentasiloxane Polyd\u00e9c\u00e8ne hydrog\u00e9n\u00e9 Cire d\u2019abeille Cyclohexasiloxane Acide palmitique Acide st\u00e9arique Gomme xanthane Dim\u00e9thicone PEG-100 St\u00e9arate Parfum Ph\u00e9noxy\u00e9thanol Ac\u00e9tate de tocoph\u00e9role Polyacrylate-13 Chlorph\u00e9n\u00e9sine Polyisobut\u00e8ne \u00c9thylhexylglyc\u00e9rine Sorbitan St\u00e9arate de Caprylyl Glycol Extrait de miel Phyllostachis Bambusoides Jus Isost\u00e9arate de sorbitan Polysorbate 20 Alcool EDTA disodique Acide polyglutamique Acide citrique<\/p>\n<p>&nbsp;<\/p>\n","protected":false},"excerpt":{"rendered":"<p>Description M\u00eame les mains les plus rugueuses seront douces et soyeuses avec cette&nbsp;cr\u00e8me pour les mains&nbsp;de r\u00eave ! Formul\u00e9e avec du miel de Manuka et de la s\u00e8ve de bambou, cette cr\u00e8me pour les mains offre une transformation 1, 2 pour une hydratation intense tandis que les ingr\u00e9dients r\u00e9parateurs de la peau \u00e9claircissent et unifient [&hellip;]<\/p>\n","protected":false},"featured_media":4213,"comment_status":"open","ping_status":"closed","template":"","meta":{"content-type":"","_uag_custom_page_level_css":""},"pwb-brand":[],"product_brand":[],"product_cat":[322,324,328,334,431],"product_tag":[],"class_list":{"0":"post-4214","1":"product","2":"type-product","3":"status-publish","4":"has-post-thumbnail","6":"product_cat-corps-bain","7":"product_cat-creme","8":"product_cat-nouveautes","9":"product_cat-produits-coreens","10":"product_cat-tonymoly","12":"first","13":"instock","14":"sale","15":"shipping-taxable","16":"purchasable","17":"product-type-simple"},"aioseo_notices":[],"uagb_featured_image_src":{"full":["https:\/\/wavexia.com\/wp-content\/uploads\/2025\/10\/617qqj1TWtL._UF10001000_QL80_.jpg",1000,1000,false],"thumbnail":["https:\/\/wavexia.com\/wp-content\/uploads\/2025\/10\/617qqj1TWtL._UF10001000_QL80_-150x150.jpg",150,150,true],"medium":["https:\/\/wavexia.com\/wp-content\/uploads\/2025\/10\/617qqj1TWtL._UF10001000_QL80_-300x300.jpg",300,300,true],"medium_large":["https:\/\/wavexia.com\/wp-content\/uploads\/2025\/10\/617qqj1TWtL._UF10001000_QL80_-768x768.jpg",768,768,true],"large":["https:\/\/wavexia.com\/wp-content\/uploads\/2025\/10\/617qqj1TWtL._UF10001000_QL80_.jpg",1000,1000,false],"1536x1536":["https:\/\/wavexia.com\/wp-content\/uploads\/2025\/10\/617qqj1TWtL._UF10001000_QL80_.jpg",1000,1000,false],"2048x2048":["https:\/\/wavexia.com\/wp-content\/uploads\/2025\/10\/617qqj1TWtL._UF10001000_QL80_.jpg",1000,1000,false],"woocommerce_archive_thumbnail":["https:\/\/wavexia.com\/wp-content\/uploads\/2025\/10\/617qqj1TWtL._UF10001000_QL80_-300x300.jpg",300,300,true],"woocommerce_thumbnail":["https:\/\/wavexia.com\/wp-content\/uploads\/2025\/10\/617qqj1TWtL._UF10001000_QL80_-300x300.jpg",300,300,true],"woocommerce_single":["https:\/\/wavexia.com\/wp-content\/uploads\/2025\/10\/617qqj1TWtL._UF10001000_QL80_-600x600.jpg",600,600,true],"woocommerce_gallery_thumbnail":["https:\/\/wavexia.com\/wp-content\/uploads\/2025\/10\/617qqj1TWtL._UF10001000_QL80_-100x100.jpg",100,100,true]},"uagb_author_info":{"display_name":"zineddine.ayoub98@gmail.com","author_link":"https:\/\/wavexia.com\/?author=0"},"uagb_comment_info":0,"uagb_excerpt":"Description M\u00eame les mains les plus rugueuses seront douces et soyeuses avec cette&nbsp;cr\u00e8me pour les mains&nbsp;de r\u00eave ! Formul\u00e9e avec du miel de Manuka et de la s\u00e8ve de bambou, cette cr\u00e8me pour les mains offre une transformation 1, 2 pour une hydratation intense tandis que les ingr\u00e9dients r\u00e9parateurs de la peau \u00e9claircissent et unifient&hellip;","brands":[],"_links":{"self":[{"href":"https:\/\/wavexia.com\/index.php?rest_route=\/wp\/v2\/product\/4214","targetHints":{"allow":["GET"]}}],"collection":[{"href":"https:\/\/wavexia.com\/index.php?rest_route=\/wp\/v2\/product"}],"about":[{"href":"https:\/\/wavexia.com\/index.php?rest_route=\/wp\/v2\/types\/product"}],"replies":[{"embeddable":true,"href":"https:\/\/wavexia.com\/index.php?rest_route=%2Fwp%2Fv2%2Fcomments&post=4214"}],"wp:featuredmedia":[{"embeddable":true,"href":"https:\/\/wavexia.com\/index.php?rest_route=\/wp\/v2\/media\/4213"}],"wp:attachment":[{"href":"https:\/\/wavexia.com\/index.php?rest_route=%2Fwp%2Fv2%2Fmedia&parent=4214"}],"wp:term":[{"taxonomy":"pwb-brand","embeddable":true,"href":"https:\/\/wavexia.com\/index.php?rest_route=%2Fwp%2Fv2%2Fpwb-brand&post=4214"},{"taxonomy":"product_brand","embeddable":true,"href":"https:\/\/wavexia.com\/index.php?rest_route=%2Fwp%2Fv2%2Fproduct_brand&post=4214"},{"taxonomy":"product_cat","embeddable":true,"href":"https:\/\/wavexia.com\/index.php?rest_route=%2Fwp%2Fv2%2Fproduct_cat&post=4214"},{"taxonomy":"product_tag","embeddable":true,"href":"https:\/\/wavexia.com\/index.php?rest_route=%2Fwp%2Fv2%2Fproduct_tag&post=4214"}],"curies":[{"name":"wp","href":"https:\/\/api.w.org\/{rel}","templated":true}]}}