{"id":4210,"date":"2025-10-19T09:03:12","date_gmt":"2025-10-19T09:03:12","guid":{"rendered":"https:\/\/wavexia.com\/product\/dr-althea-gentle-pore-vegan-cleansing-oil-150ml\/"},"modified":"2026-03-10T07:31:00","modified_gmt":"2026-03-10T07:31:00","slug":"dr-althea-gentle-pore-vegan-cleansing-oil-150ml","status":"publish","type":"product","link":"https:\/\/wavexia.com\/?product=dr-althea-gentle-pore-vegan-cleansing-oil-150ml","title":{"rendered":"Dr. Althea Gentle Pore Vegan Cleansing Oil 150ml"},"content":{"rendered":"<h2>Description<\/h2>\n<p>L\u2019huile d\u00e9maquillante v\u00e9g\u00e9talienne Dr. Althea Gentle Pore est une huile d\u00e9maquillante l\u00e9g\u00e8re et v\u00e9g\u00e9talienne qui procure un nettoyage rafra\u00eechissant et en profondeur de la peau. Cette huile fait fondre sans effort le maquillage longue dur\u00e9e et les blocages dans les pores. Gr\u00e2ce \u00e0 la double action des propri\u00e9t\u00e9s lipophiles et hydrophiles, cette huile nettoyante procure un nettoyage en profondeur qui hydrate la peau sans laisser de sensation grasse ou lourde.<\/p>\n<p>La couleur bleut\u00e9e frappante de l\u2019huile provient d\u2019ingr\u00e9dients naturels, sans l\u2019utilisation de colorants artificiels. De plus, cette huile ne contient pas d\u2019huiles min\u00e9rales, qui peuvent obstruer les pores, et elle \u00e9vite les tensioactifs r\u00e9guliers qui peuvent dess\u00e9cher la peau.<\/p>\n<p><strong>Cette huile d\u00e9maquillante :<\/strong><\/p>\n<ul>\n<li>huile nettoyante l\u00e9g\u00e8re pour un nettoyage en profondeur et rafra\u00eechissant<\/li>\n<li>d\u00e9maquill\u00e9<\/li>\n<li>Formule hydratante sans sensation grasse<\/li>\n<li>sans huiles min\u00e9rales<\/li>\n<li>v\u00e9g\u00e9talien<\/li>\n<li>sans cruaut\u00e9<\/li>\n<\/ul>\n<p><strong>Mode d\u2019emploi&nbsp;;<\/strong><\/p>\n<ul>\n<li>Appliquer sur les mains s\u00e8ches et masser doucement sur la peau.<\/li>\n<li>Ajoutez une petite quantit\u00e9 d\u2019eau jusqu\u2019\u00e0 ce qu\u2019elle devienne d\u2019un blanc laiteux.<\/li>\n<li>Rincez abondamment \u00e0 l\u2019eau ti\u00e8de.<\/li>\n<\/ul>\n<p><strong>Ingr\u00e9dients :<br \/><\/strong>Palmitate d\u2019\u00e9thylhexyle, Myristate d\u2019isopropyle, Triisost\u00e9arate de glyc\u00e9ryle Peg-20, Triglyc\u00e9ride caprylique\/caprique, \u00c9thylhexanoate de c\u00e9tyle, Huile de graines de Carthamus Tinctorius (carthame), Eau, Huile de feuille de Rosmarinus Officinalis (romarin), Extrait de feuille de Melia Azadirachta, Extrait de fleur de Melia Azadirachta, Huile d\u2019\u00e9corce de Citrus Aurantium Dulcis (orange), Extrait de fruit de ccinia Indica, Extrait de fruit de Solanum Melongena (aubergine), Extrait de fleur d\u2019Aloe Barbadensis, Poudre d\u2019ambre, Curcuma Longa (Curcuma) Extrait de racine, extrait de feuille d\u2019Ocimum sanctum, extrait de Corallina Officinalis, huile de graines de Simmondsia Chinensis (jojoba), huile de graines de Moringa Oleifera, huile de graines de Plukenetia Volubilis, extrait de Houttuynia Cordata, huile de feuille d\u2019eucalyptus globulus, extrait de graines de Vigna radiata, extrait de feuille d\u2019eucalyptus globulus, ac\u00e9tate de tocoph\u00e9ryle, palmitate d\u2019isopropyle, glyc\u00e9rine, butyl\u00e8ne glycol, c\u00e9ramide Np, 1,2-hexanediol, \u00e9thylhexylglyc\u00e9rine, limon\u00e8ne.<\/p>\n","protected":false},"excerpt":{"rendered":"<p>Description L\u2019huile d\u00e9maquillante v\u00e9g\u00e9talienne Dr. Althea Gentle Pore est une huile d\u00e9maquillante l\u00e9g\u00e8re et v\u00e9g\u00e9talienne qui procure un nettoyage rafra\u00eechissant et en profondeur de la peau. Cette huile fait fondre sans effort le maquillage longue dur\u00e9e et les blocages dans les pores. Gr\u00e2ce \u00e0 la double action des propri\u00e9t\u00e9s lipophiles et hydrophiles, cette huile nettoyante [&hellip;]<\/p>\n","protected":false},"featured_media":4209,"comment_status":"open","ping_status":"closed","template":"","meta":{"content-type":"","_uag_custom_page_level_css":""},"pwb-brand":[],"product_brand":[],"product_cat":[366,327,367,328,334],"product_tag":[],"class_list":{"0":"post-4210","1":"product","2":"type-product","3":"status-publish","4":"has-post-thumbnail","6":"product_cat-dr-althea","7":"product_cat-hmizat","8":"product_cat-huile-baume-nettoyante","9":"product_cat-nouveautes","10":"product_cat-produits-coreens","12":"first","13":"instock","14":"sale","15":"shipping-taxable","16":"purchasable","17":"product-type-simple"},"aioseo_notices":[],"uagb_featured_image_src":{"full":["https:\/\/wavexia.com\/wp-content\/uploads\/2025\/10\/cze_il_Dr-Althea-Gentle-Pore-Vegan-Cleansing-Oil-Odlicovaci-olej-150-ml-23929.webp",500,500,false],"thumbnail":["https:\/\/wavexia.com\/wp-content\/uploads\/2025\/10\/cze_il_Dr-Althea-Gentle-Pore-Vegan-Cleansing-Oil-Odlicovaci-olej-150-ml-23929-150x150.webp",150,150,true],"medium":["https:\/\/wavexia.com\/wp-content\/uploads\/2025\/10\/cze_il_Dr-Althea-Gentle-Pore-Vegan-Cleansing-Oil-Odlicovaci-olej-150-ml-23929-300x300.webp",300,300,true],"medium_large":["https:\/\/wavexia.com\/wp-content\/uploads\/2025\/10\/cze_il_Dr-Althea-Gentle-Pore-Vegan-Cleansing-Oil-Odlicovaci-olej-150-ml-23929.webp",500,500,false],"large":["https:\/\/wavexia.com\/wp-content\/uploads\/2025\/10\/cze_il_Dr-Althea-Gentle-Pore-Vegan-Cleansing-Oil-Odlicovaci-olej-150-ml-23929.webp",500,500,false],"1536x1536":["https:\/\/wavexia.com\/wp-content\/uploads\/2025\/10\/cze_il_Dr-Althea-Gentle-Pore-Vegan-Cleansing-Oil-Odlicovaci-olej-150-ml-23929.webp",500,500,false],"2048x2048":["https:\/\/wavexia.com\/wp-content\/uploads\/2025\/10\/cze_il_Dr-Althea-Gentle-Pore-Vegan-Cleansing-Oil-Odlicovaci-olej-150-ml-23929.webp",500,500,false],"woocommerce_archive_thumbnail":["https:\/\/wavexia.com\/wp-content\/uploads\/2025\/10\/cze_il_Dr-Althea-Gentle-Pore-Vegan-Cleansing-Oil-Odlicovaci-olej-150-ml-23929-300x300.webp",300,300,true],"woocommerce_thumbnail":["https:\/\/wavexia.com\/wp-content\/uploads\/2025\/10\/cze_il_Dr-Althea-Gentle-Pore-Vegan-Cleansing-Oil-Odlicovaci-olej-150-ml-23929-300x300.webp",300,300,true],"woocommerce_single":["https:\/\/wavexia.com\/wp-content\/uploads\/2025\/10\/cze_il_Dr-Althea-Gentle-Pore-Vegan-Cleansing-Oil-Odlicovaci-olej-150-ml-23929.webp",500,500,false],"woocommerce_gallery_thumbnail":["https:\/\/wavexia.com\/wp-content\/uploads\/2025\/10\/cze_il_Dr-Althea-Gentle-Pore-Vegan-Cleansing-Oil-Odlicovaci-olej-150-ml-23929-100x100.webp",100,100,true]},"uagb_author_info":{"display_name":"zineddine.ayoub98@gmail.com","author_link":"https:\/\/wavexia.com\/?author=0"},"uagb_comment_info":0,"uagb_excerpt":"Description L\u2019huile d\u00e9maquillante v\u00e9g\u00e9talienne Dr. Althea Gentle Pore est une huile d\u00e9maquillante l\u00e9g\u00e8re et v\u00e9g\u00e9talienne qui procure un nettoyage rafra\u00eechissant et en profondeur de la peau. Cette huile fait fondre sans effort le maquillage longue dur\u00e9e et les blocages dans les pores. Gr\u00e2ce \u00e0 la double action des propri\u00e9t\u00e9s lipophiles et hydrophiles, cette huile nettoyante&hellip;","brands":[],"_links":{"self":[{"href":"https:\/\/wavexia.com\/index.php?rest_route=\/wp\/v2\/product\/4210","targetHints":{"allow":["GET"]}}],"collection":[{"href":"https:\/\/wavexia.com\/index.php?rest_route=\/wp\/v2\/product"}],"about":[{"href":"https:\/\/wavexia.com\/index.php?rest_route=\/wp\/v2\/types\/product"}],"replies":[{"embeddable":true,"href":"https:\/\/wavexia.com\/index.php?rest_route=%2Fwp%2Fv2%2Fcomments&post=4210"}],"wp:featuredmedia":[{"embeddable":true,"href":"https:\/\/wavexia.com\/index.php?rest_route=\/wp\/v2\/media\/4209"}],"wp:attachment":[{"href":"https:\/\/wavexia.com\/index.php?rest_route=%2Fwp%2Fv2%2Fmedia&parent=4210"}],"wp:term":[{"taxonomy":"pwb-brand","embeddable":true,"href":"https:\/\/wavexia.com\/index.php?rest_route=%2Fwp%2Fv2%2Fpwb-brand&post=4210"},{"taxonomy":"product_brand","embeddable":true,"href":"https:\/\/wavexia.com\/index.php?rest_route=%2Fwp%2Fv2%2Fproduct_brand&post=4210"},{"taxonomy":"product_cat","embeddable":true,"href":"https:\/\/wavexia.com\/index.php?rest_route=%2Fwp%2Fv2%2Fproduct_cat&post=4210"},{"taxonomy":"product_tag","embeddable":true,"href":"https:\/\/wavexia.com\/index.php?rest_route=%2Fwp%2Fv2%2Fproduct_tag&post=4210"}],"curies":[{"name":"wp","href":"https:\/\/api.w.org\/{rel}","templated":true}]}}