{"id":4194,"date":"2025-10-19T09:03:02","date_gmt":"2025-10-19T09:03:02","guid":{"rendered":"https:\/\/wavexia.com\/product\/k-secret-seoul-1988-serum-retinal-liposome-2-black-ginseng\/"},"modified":"2026-03-10T07:31:00","modified_gmt":"2026-03-10T07:31:00","slug":"k-secret-seoul-1988-serum-retinal-liposome-2-black-ginseng","status":"publish","type":"product","link":"https:\/\/wavexia.com\/?product=k-secret-seoul-1988-serum-retinal-liposome-2-black-ginseng","title":{"rendered":"K-SECRET SEOUL 1988 SERUM : RETINAL LIPOSOME 2% + BLACK GINSENG"},"content":{"rendered":"<h2>Description<\/h2>\n<p>Parfait pour les peaux matures, ce s\u00e9rum aide \u00e0 r\u00e9duire les signes de l\u2019\u00e2ge et \u00e0 am\u00e9liorer l\u2019\u00e9lasticit\u00e9 de la peau. Le s\u00e9rum anti-\u00e2ge est enrichi de 2% de liposomes r\u00e9tiniens pour lutter contre les rides et la pigmentation<\/p>\n<p><strong>Principales caract\u00e9ristiques&nbsp;:<\/strong><\/p>\n<ul>\n<li><strong>Favorise un teint jeune et \u00e9clatant :<\/strong>&nbsp;Associant des liposomes Rentinal et de l\u2019extrait de ginseng noir, ce s\u00e9rum aide \u00e0 maintenir l\u2019apparence jeune de la peau et \u00e0 obtenir un \u00e9clat sain.<\/li>\n<li><strong>Am\u00e9liore la texture de la peau :<\/strong>&nbsp;Sa formule aide \u00e0 uniformiser et \u00e0 am\u00e9liorer la texture de la peau, r\u00e9duisant l\u2019apparence des pores dilat\u00e9s et offrant une surface plus lisse.<\/li>\n<li><strong>Hydrate la peau :<\/strong>&nbsp;Le s\u00e9rum est con\u00e7u pour garder la peau hydrat\u00e9e, aidant \u00e0 maintenir un \u00e9quilibre hydrique optimal et \u00e0 r\u00e9duire l\u2019apparence de la peau d\u00e9shydrat\u00e9e.<\/li>\n<li><strong>R\u00e9duit les rides et ridules :<\/strong>&nbsp;Gr\u00e2ce au contenu en liposomes Rentinal, le s\u00e9rum aide \u00e0 r\u00e9duire l\u2019apparence des rides et ridules, contribuant \u00e0 l\u2019apparence g\u00e9n\u00e9rale d\u2019une peau plus lisse et plus jeune.<\/li>\n<li><strong>Prot\u00e8ge la peau contre les dommages oxydatifs :<\/strong>&nbsp;l\u2019extrait de ginseng noir offre des bienfaits antioxydants, prot\u00e9geant la peau contre le stress oxydatif caus\u00e9 par les facteurs environnementaux et les radicaux libres.<\/li>\n<\/ul>\n<p><strong>Principaux principes actifs :<\/strong><\/p>\n<ol>\n<li><strong>Liposomes r\u00e9tiniens (2%)<\/strong>&nbsp;: C\u2019est une forme stabilis\u00e9e et d\u00e9livr\u00e9e sous forme liposomale d\u2019acide r\u00e9tino\u00efque, \u00e9galement appel\u00e9 r\u00e9tinald\u00e9hyde. C\u2019est un ingr\u00e9dient d\u00e9riv\u00e9 de la vitamine A connu pour sa capacit\u00e9 \u00e0 stimuler la r\u00e9g\u00e9n\u00e9ration cellulaire, \u00e0 am\u00e9liorer la texture de la peau, \u00e0 r\u00e9duire l\u2019apparence des rides et \u00e0 unifier le teint.<\/li>\n<li><strong>Extrait de Ginseng Noir<\/strong>&nbsp;: Il est d\u00e9riv\u00e9 des racines du ginseng noir et est riche en antioxydants. Ce composant prot\u00e8ge la peau contre les dommages oxydatifs, aidant \u00e0 pr\u00e9venir le vieillissement pr\u00e9matur\u00e9 de la peau et \u00e0 maintenir sa sant\u00e9 et son \u00e9clat.<\/li>\n<\/ol>\n<h5 class=\"yikes-custom-woo-tab-title yikes-custom-woo-tab-title-utilisation\">Utilisation<\/h5>\n<p>1. Apr\u00e8s avoir nettoy\u00e9 et tonifi\u00e9, appliquez une petite quantit\u00e9 de la taille d\u2019un pois sur la peau pendant votre routine de soin de nuit.<\/p>\n<p>2. Massez doucement l\u2019ensemble du visage jusqu\u2019\u00e0 absorption compl\u00e8te, puis appliquez une cr\u00e8me hydratante pour une hydratation et une nutrition optimales de la peau.<\/p>\n<h5 class=\"yikes-custom-woo-tab-title yikes-custom-woo-tab-title-ingredients\">Ingr\u00e9dients<\/h5>\n<p>Extrait de racine de ginseng Panax, eau, glyc\u00e9rine, dipropyl\u00e8ne glycol, triglyc\u00e9ride caprylique\/caprique, 1,2-hexanediol, niacinamide, butyl\u00e8ne glycol, m\u00e9thylgluceth-20, dist\u00e9arate de polyglyc\u00e9ryl-3 m\u00e9thylglucose, l\u00e9cithine hydrog\u00e9n\u00e9e, st\u00e9arate de sorbitan, acryloyl-dim\u00e9thyltaurate d\u2019ammonium\/ Copolym\u00e8re VP, huile de graines de Macadamia Ternifolia, carbom\u00e8re, trom\u00e9thamine, b\u00e9ta\u00efne, tocoph\u00e9rol, \u00e9thylhexylglyc\u00e9rine, huile de graines d\u2019Helianthus Annuus (tournesol), ad\u00e9nosine, EDTA disodique, cholest\u00e9rol, ol\u00e9ate de polyglyc\u00e9ryl-10, st\u00e9rols de Brassica Campestris (colza), phytost\u00e9ryle\/b\u00e9h\u00e9nyl\/octyldod\u00e9cyle Glutamate de lauroyle, r\u00e9tinal, silice, st\u00e9arate d\u2019hydroxyde d\u2019aluminium\/magn\u00e9sium, phosphate de c\u00e9tyle de potassium, hydroxyhydrocinnamate de penta\u00e9rythrityle t\u00e9tra-di-T-butyle, extrait de racine d\u2019Arctium Lappa, extrait de racine de Cnidium Officinale, extrait de racine de Dioscorea Japonica, extrait de racine de Paeonia Suffruticosa, racine de Rehmannia Chinensis Extrait, acide 3-0-\u00e9thyl ascorbique, bakuchiol, SH-Oligopeptide-1, SH-Oligopeptide-2, SH-Polypeptide-1<\/p>\n","protected":false},"excerpt":{"rendered":"<p>Description Parfait pour les peaux matures, ce s\u00e9rum aide \u00e0 r\u00e9duire les signes de l\u2019\u00e2ge et \u00e0 am\u00e9liorer l\u2019\u00e9lasticit\u00e9 de la peau. Le s\u00e9rum anti-\u00e2ge est enrichi de 2% de liposomes r\u00e9tiniens pour lutter contre les rides et la pigmentation Principales caract\u00e9ristiques&nbsp;: Favorise un teint jeune et \u00e9clatant :&nbsp;Associant des liposomes Rentinal et de l\u2019extrait [&hellip;]<\/p>\n","protected":false},"featured_media":4193,"comment_status":"open","ping_status":"closed","template":"","meta":{"content-type":"","_uag_custom_page_level_css":""},"pwb-brand":[],"product_brand":[],"product_cat":[357,327,376,328,334],"product_tag":[],"class_list":{"0":"post-4194","1":"product","2":"type-product","3":"status-publish","4":"has-post-thumbnail","6":"product_cat-anti-age-rides","7":"product_cat-hmizat","8":"product_cat-k-secret","9":"product_cat-nouveautes","10":"product_cat-produits-coreens","12":"first","13":"instock","14":"sale","15":"shipping-taxable","16":"purchasable","17":"product-type-simple"},"aioseo_notices":[],"uagb_featured_image_src":{"full":["https:\/\/wavexia.com\/wp-content\/uploads\/2025\/10\/SEOUL1988SerumRetinalLiposome2_BlackGinseng.webp",900,900,false],"thumbnail":["https:\/\/wavexia.com\/wp-content\/uploads\/2025\/10\/SEOUL1988SerumRetinalLiposome2_BlackGinseng-150x150.webp",150,150,true],"medium":["https:\/\/wavexia.com\/wp-content\/uploads\/2025\/10\/SEOUL1988SerumRetinalLiposome2_BlackGinseng-300x300.webp",300,300,true],"medium_large":["https:\/\/wavexia.com\/wp-content\/uploads\/2025\/10\/SEOUL1988SerumRetinalLiposome2_BlackGinseng-768x768.webp",768,768,true],"large":["https:\/\/wavexia.com\/wp-content\/uploads\/2025\/10\/SEOUL1988SerumRetinalLiposome2_BlackGinseng.webp",900,900,false],"1536x1536":["https:\/\/wavexia.com\/wp-content\/uploads\/2025\/10\/SEOUL1988SerumRetinalLiposome2_BlackGinseng.webp",900,900,false],"2048x2048":["https:\/\/wavexia.com\/wp-content\/uploads\/2025\/10\/SEOUL1988SerumRetinalLiposome2_BlackGinseng.webp",900,900,false],"woocommerce_archive_thumbnail":["https:\/\/wavexia.com\/wp-content\/uploads\/2025\/10\/SEOUL1988SerumRetinalLiposome2_BlackGinseng-300x300.webp",300,300,true],"woocommerce_thumbnail":["https:\/\/wavexia.com\/wp-content\/uploads\/2025\/10\/SEOUL1988SerumRetinalLiposome2_BlackGinseng-300x300.webp",300,300,true],"woocommerce_single":["https:\/\/wavexia.com\/wp-content\/uploads\/2025\/10\/SEOUL1988SerumRetinalLiposome2_BlackGinseng-600x600.webp",600,600,true],"woocommerce_gallery_thumbnail":["https:\/\/wavexia.com\/wp-content\/uploads\/2025\/10\/SEOUL1988SerumRetinalLiposome2_BlackGinseng-100x100.webp",100,100,true]},"uagb_author_info":{"display_name":"zineddine.ayoub98@gmail.com","author_link":"https:\/\/wavexia.com\/?author=0"},"uagb_comment_info":0,"uagb_excerpt":"Description Parfait pour les peaux matures, ce s\u00e9rum aide \u00e0 r\u00e9duire les signes de l\u2019\u00e2ge et \u00e0 am\u00e9liorer l\u2019\u00e9lasticit\u00e9 de la peau. Le s\u00e9rum anti-\u00e2ge est enrichi de 2% de liposomes r\u00e9tiniens pour lutter contre les rides et la pigmentation Principales caract\u00e9ristiques&nbsp;: Favorise un teint jeune et \u00e9clatant :&nbsp;Associant des liposomes Rentinal et de l\u2019extrait&hellip;","brands":[],"_links":{"self":[{"href":"https:\/\/wavexia.com\/index.php?rest_route=\/wp\/v2\/product\/4194","targetHints":{"allow":["GET"]}}],"collection":[{"href":"https:\/\/wavexia.com\/index.php?rest_route=\/wp\/v2\/product"}],"about":[{"href":"https:\/\/wavexia.com\/index.php?rest_route=\/wp\/v2\/types\/product"}],"replies":[{"embeddable":true,"href":"https:\/\/wavexia.com\/index.php?rest_route=%2Fwp%2Fv2%2Fcomments&post=4194"}],"wp:featuredmedia":[{"embeddable":true,"href":"https:\/\/wavexia.com\/index.php?rest_route=\/wp\/v2\/media\/4193"}],"wp:attachment":[{"href":"https:\/\/wavexia.com\/index.php?rest_route=%2Fwp%2Fv2%2Fmedia&parent=4194"}],"wp:term":[{"taxonomy":"pwb-brand","embeddable":true,"href":"https:\/\/wavexia.com\/index.php?rest_route=%2Fwp%2Fv2%2Fpwb-brand&post=4194"},{"taxonomy":"product_brand","embeddable":true,"href":"https:\/\/wavexia.com\/index.php?rest_route=%2Fwp%2Fv2%2Fproduct_brand&post=4194"},{"taxonomy":"product_cat","embeddable":true,"href":"https:\/\/wavexia.com\/index.php?rest_route=%2Fwp%2Fv2%2Fproduct_cat&post=4194"},{"taxonomy":"product_tag","embeddable":true,"href":"https:\/\/wavexia.com\/index.php?rest_route=%2Fwp%2Fv2%2Fproduct_tag&post=4194"}],"curies":[{"name":"wp","href":"https:\/\/api.w.org\/{rel}","templated":true}]}}