{"id":4191,"date":"2025-10-19T09:02:59","date_gmt":"2025-10-19T09:02:59","guid":{"rendered":"https:\/\/wavexia.com\/product\/k_secret-seoul-1988-sun-pine-tree-ceramide-spf50-50ml\/"},"modified":"2026-03-10T07:31:00","modified_gmt":"2026-03-10T07:31:00","slug":"k_secret-seoul-1988-sun-pine-tree-ceramide-spf50-50ml","status":"publish","type":"product","link":"https:\/\/wavexia.com\/?product=k_secret-seoul-1988-sun-pine-tree-ceramide-spf50-50ml","title":{"rendered":"K_SECRET SEOUL 1988 Sun : Pine Tree + Ceramide SPF50 50ml"},"content":{"rendered":"<h2>Description<\/h2>\n<p>Le&nbsp;<strong data-start=\"3\" data-end=\"44\">SEOUL 1988 Sun : Pine Tree + Ceramide<\/strong> de KSECRET est une cr\u00e8me solaire SPF50+ PA++++ \u00e0 la texture ultra-l\u00e9g\u00e8re, id\u00e9ale pour les peaux sensibles. Enrichie en extrait de pin apaisant et en c\u00e9ramides renfor\u00e7ant la barri\u00e8re cutan\u00e9e, elle prot\u00e8ge efficacement des UV sans effet blanc.<\/p>\n<div id=\"CollapsibleAccordion-collapsible_row_6xQmDy-template--23406921613655__collapsible_content_kKB8Mk\" class=\"accordion__content rte\" role=\"region\" aria-labelledby=\"Summary-collapsible_row_6xQmDy-template--23406921613655__collapsible_content_kKB8Mk\">\n<div class=\"metafield-rich_text_field\">\n<p><strong>PROTECTION SOLAIRE HAUTE PERFORMANCE &amp; APAISEMENT INSTANTAN\u00c9<\/strong><br \/>Le&nbsp;<strong>SEOUL 1988 Sun<\/strong>&nbsp;de&nbsp;<strong>KSECRET<\/strong>&nbsp;est un \u00e9cran solaire&nbsp;<strong>SPF 50+ PA++++<\/strong>&nbsp;con\u00e7u pour offrir une&nbsp;<strong>protection maximale contre les rayons UV<\/strong>&nbsp;tout en prenant soin des peaux sensibles.<\/p>\n<p><strong>EXTRAIT DE PIN : APAISE &amp; D\u00c9STRESSE LA PEAU<\/strong><br \/>Formul\u00e9 avec&nbsp;<strong>l\u2019extrait d\u2019arbre \u00e0 pin<\/strong>, il aide \u00e0&nbsp;<strong>r\u00e9duire les rougeurs, les d\u00e9mangeaisons et l\u2019inflammation<\/strong>, tout en&nbsp;<strong>renfor\u00e7ant la barri\u00e8re cutan\u00e9e<\/strong>&nbsp;gr\u00e2ce \u00e0 la&nbsp;<strong>c\u00e9ramide<\/strong>&nbsp;int\u00e9gr\u00e9e.<\/p>\n<p><strong>PROTECTION SANS COMPROMIS<\/strong><br \/>Gr\u00e2ce \u00e0&nbsp;<strong>4 filtres chimiques photostables<\/strong>, ce solaire offre une&nbsp;<strong>protection puissante et durable contre les UVA et UVB<\/strong>,&nbsp;<strong>sans laisser de film blanc<\/strong>.<\/p>\n<p><strong>TEXTURE ULTRA-L\u00c9G\u00c8RE &amp; FINI LUMINEUX<\/strong><br \/>Sa texture fondante s\u2019absorbe imm\u00e9diatement, laissant un&nbsp;<strong>fini glowy et confortable<\/strong>, id\u00e9al en base de maquillage ou en usage quotidien.<\/p>\n<p><strong>1. Appliquer en derni\u00e8re \u00e9tape<\/strong>&nbsp;: Utilisez la cr\u00e8me solaire comme derni\u00e8re \u00e9tape de votre routine de soin, avant d\u2019appliquer votre maquillage si vous vous maquillez.<\/p>\n<p><strong>2. \u00c9taler uniform\u00e9ment<\/strong>&nbsp;: Appliquez la cr\u00e8me uniform\u00e9ment sur votre visage au moins 30 minutes avant de sortir.<\/p>\n<p><strong>3. Renouveler l\u2019application<\/strong>&nbsp;: Appliquez la cr\u00e8me solaire r\u00e9guli\u00e8rement, surtout si vous passez beaucoup de temps \u00e0 l\u2019ext\u00e9rieur.<\/p>\n<p><strong>4. Prot\u00e9ger tous les jours&nbsp;<\/strong>: Utilisez de la cr\u00e8me solaire quotidiennement, m\u00eame \u00e0 l\u2019int\u00e9rieur ou pendant les saisons hivernales.<\/p>\n<div>\n<h5 class=\"accordion__title inline-richtext h4\">Ingr\u00e9dients<\/h5>\n<div id=\"CollapsibleAccordion-collapsible_row_7NPxCH-template--23406921613655__collapsible_content_kKB8Mk\" class=\"accordion__content rte\" role=\"region\" aria-labelledby=\"Summary-collapsible_row_7NPxCH-template--23406921613655__collapsible_content_kKB8Mk\">\n<div class=\"metafield-rich_text_field\">\n<p>Eau, Propanediol, Adipate de Dibutyle, Benzoate d\u2019Hexyle d\u2019Hydroxybenzoyl Di\u00e9thylamino, Salicylate de Butyloctyle, Triazone d\u2019Ethylhexyle, Niacinamide, Methylene Bis-Benzotriazolyl Tetram\u00e9thyl-Butylph\u00e9nol, Polym\u00e9thylsilsesquioxane, Coco-Caprylate\/Caprate, M\u00e9thicone de Caprylyle, Triazone de Butamido Di\u00e9thylhexyle, Glyc\u00e9rine, Extrait de Bourgeon de Pin Sylvestre (10,009 ppm), Butyl\u00e8ne Glycol, 1,2-Hexanediol, Pentyl\u00e8ne Glycol, Extrait de Fleur\/Feuille\/Liane de Cardiospermum Halicacabum, Extrait de Racine d\u2019Hedychium Coronarium, Huile de Graine d\u2019Echium Plantagineum, Alcool B\u00e9henylique, Poly Acrylate Alcane C10-30, Polyglyceryl-3 Distearate de Methylglucose, Octyldod\u00e9canol, Glucoside de D\u00e9cyle, Trom\u00e9thamine, Carbom\u00e8re, Copolym\u00e8re d\u2019Acrylates\/Alcane C10-30 d\u2019Acrylate, Glutamate de St\u00e9aroyle de Sodium, Polyacrylate Copolym\u00e8re-6, Ethylhexylglyc\u00e9rine, Ad\u00e9nosine, Insaponifiables d\u2019Huile de Graine de Tournesol (Helianthus Annuus), Gomme Xanthane, Caprylate de Glyc\u00e9ryl, Tocoph\u00e9rol, C\u00e9ramide NP (100 ppm), Caprylyl Glycol, Nonapeptide-1, Hexapeptide-8 Ac\u00e9tyl\u00e9, Tripeptide de Cuivre-1, Tripeptide-1, T\u00e9trapeptide de Palmityle-7, Tripeptide de Palmityle-1, Pentapeptide de Palmityle-4, Hexapeptide-9.<\/p>\n<\/div>\n<\/div>\n<\/div>\n<\/div>\n<\/div>\n","protected":false},"excerpt":{"rendered":"<p>Description Le&nbsp;SEOUL 1988 Sun : Pine Tree + Ceramide de KSECRET est une cr\u00e8me solaire SPF50+ PA++++ \u00e0 la texture ultra-l\u00e9g\u00e8re, id\u00e9ale pour les peaux sensibles. Enrichie en extrait de pin apaisant et en c\u00e9ramides renfor\u00e7ant la barri\u00e8re cutan\u00e9e, elle prot\u00e8ge efficacement des UV sans effet blanc. PROTECTION SOLAIRE HAUTE PERFORMANCE &amp; APAISEMENT INSTANTAN\u00c9Le&nbsp;SEOUL 1988 [&hellip;]<\/p>\n","protected":false},"featured_media":4190,"comment_status":"open","ping_status":"closed","template":"","meta":{"content-type":"","_uag_custom_page_level_css":""},"pwb-brand":[],"product_brand":[],"product_cat":[327,376,378,328,334,340],"product_tag":[],"class_list":{"0":"post-4191","1":"product","2":"type-product","3":"status-publish","4":"has-post-thumbnail","6":"product_cat-hmizat","7":"product_cat-k-secret","8":"product_cat-mercredeals","9":"product_cat-nouveautes","10":"product_cat-produits-coreens","11":"product_cat-protection-solaire","13":"first","14":"instock","15":"sale","16":"shipping-taxable","17":"purchasable","18":"product-type-simple"},"aioseo_notices":[],"uagb_featured_image_src":{"full":["https:\/\/wavexia.com\/wp-content\/uploads\/2025\/10\/1988-sun-pine-tree-ceramide-RS-scaled.webp",2560,2560,false],"thumbnail":["https:\/\/wavexia.com\/wp-content\/uploads\/2025\/10\/1988-sun-pine-tree-ceramide-RS-150x150.webp",150,150,true],"medium":["https:\/\/wavexia.com\/wp-content\/uploads\/2025\/10\/1988-sun-pine-tree-ceramide-RS-300x300.webp",300,300,true],"medium_large":["https:\/\/wavexia.com\/wp-content\/uploads\/2025\/10\/1988-sun-pine-tree-ceramide-RS-768x768.webp",768,768,true],"large":["https:\/\/wavexia.com\/wp-content\/uploads\/2025\/10\/1988-sun-pine-tree-ceramide-RS-1024x1024.webp",1024,1024,true],"1536x1536":["https:\/\/wavexia.com\/wp-content\/uploads\/2025\/10\/1988-sun-pine-tree-ceramide-RS-1536x1536.webp",1536,1536,true],"2048x2048":["https:\/\/wavexia.com\/wp-content\/uploads\/2025\/10\/1988-sun-pine-tree-ceramide-RS-2048x2048.webp",2048,2048,true],"woocommerce_archive_thumbnail":["https:\/\/wavexia.com\/wp-content\/uploads\/2025\/10\/1988-sun-pine-tree-ceramide-RS-300x300.webp",300,300,true],"woocommerce_thumbnail":["https:\/\/wavexia.com\/wp-content\/uploads\/2025\/10\/1988-sun-pine-tree-ceramide-RS-300x300.webp",300,300,true],"woocommerce_single":["https:\/\/wavexia.com\/wp-content\/uploads\/2025\/10\/1988-sun-pine-tree-ceramide-RS-600x600.webp",600,600,true],"woocommerce_gallery_thumbnail":["https:\/\/wavexia.com\/wp-content\/uploads\/2025\/10\/1988-sun-pine-tree-ceramide-RS-100x100.webp",100,100,true]},"uagb_author_info":{"display_name":"zineddine.ayoub98@gmail.com","author_link":"https:\/\/wavexia.com\/?author=0"},"uagb_comment_info":0,"uagb_excerpt":"Description Le&nbsp;SEOUL 1988 Sun : Pine Tree + Ceramide de KSECRET est une cr\u00e8me solaire SPF50+ PA++++ \u00e0 la texture ultra-l\u00e9g\u00e8re, id\u00e9ale pour les peaux sensibles. Enrichie en extrait de pin apaisant et en c\u00e9ramides renfor\u00e7ant la barri\u00e8re cutan\u00e9e, elle prot\u00e8ge efficacement des UV sans effet blanc. PROTECTION SOLAIRE HAUTE PERFORMANCE &amp; APAISEMENT INSTANTAN\u00c9Le&nbsp;SEOUL 1988&hellip;","brands":[],"_links":{"self":[{"href":"https:\/\/wavexia.com\/index.php?rest_route=\/wp\/v2\/product\/4191","targetHints":{"allow":["GET"]}}],"collection":[{"href":"https:\/\/wavexia.com\/index.php?rest_route=\/wp\/v2\/product"}],"about":[{"href":"https:\/\/wavexia.com\/index.php?rest_route=\/wp\/v2\/types\/product"}],"replies":[{"embeddable":true,"href":"https:\/\/wavexia.com\/index.php?rest_route=%2Fwp%2Fv2%2Fcomments&post=4191"}],"wp:featuredmedia":[{"embeddable":true,"href":"https:\/\/wavexia.com\/index.php?rest_route=\/wp\/v2\/media\/4190"}],"wp:attachment":[{"href":"https:\/\/wavexia.com\/index.php?rest_route=%2Fwp%2Fv2%2Fmedia&parent=4191"}],"wp:term":[{"taxonomy":"pwb-brand","embeddable":true,"href":"https:\/\/wavexia.com\/index.php?rest_route=%2Fwp%2Fv2%2Fpwb-brand&post=4191"},{"taxonomy":"product_brand","embeddable":true,"href":"https:\/\/wavexia.com\/index.php?rest_route=%2Fwp%2Fv2%2Fproduct_brand&post=4191"},{"taxonomy":"product_cat","embeddable":true,"href":"https:\/\/wavexia.com\/index.php?rest_route=%2Fwp%2Fv2%2Fproduct_cat&post=4191"},{"taxonomy":"product_tag","embeddable":true,"href":"https:\/\/wavexia.com\/index.php?rest_route=%2Fwp%2Fv2%2Fproduct_tag&post=4191"}],"curies":[{"name":"wp","href":"https:\/\/api.w.org\/{rel}","templated":true}]}}