{"id":4182,"date":"2025-10-19T09:02:48","date_gmt":"2025-10-19T09:02:48","guid":{"rendered":"https:\/\/wavexia.com\/product\/im-from-fig-foam-cleanser-150ml\/"},"modified":"2026-03-10T07:31:00","modified_gmt":"2026-03-10T07:31:00","slug":"im-from-fig-foam-cleanser-150ml","status":"publish","type":"product","link":"https:\/\/wavexia.com\/?product=im-from-fig-foam-cleanser-150ml","title":{"rendered":"I\u2019M FROM Fig Foam Cleanser 150ml"},"content":{"rendered":"<h2>Description<\/h2>\n<ul>\n<li>FIG-SOAP Complex, un nettoyant naturel de la nature : Les enzymes prot\u00e9olytiques de la figue Yeongam et les ingr\u00e9dients tensioactifs naturels du fruit des figues \u00e9liminent proprement le s\u00e9bum, les cellules mortes de la peau et les d\u00e9chets de la peau.<\/li>\n<li>Nettoyage alcalin faible pour \u00e9liminer le s\u00e9bum acide : La mousse riche et l\u00e9g\u00e8rement alcaline du nettoyant en mousse de porc nettoie en profondeur l\u2019exc\u00e8s de s\u00e9bum acide et ajuste le pH d\u2019une peau saine.<\/li>\n<li>M\u00eame les cellules mortes de la peau sont \u00e9limin\u00e9es avec de l\u2019enzyme de figue ! : Contient des enzymes prot\u00e9olytiques pr\u00e9sentes dans les figues pour dissoudre en douceur les cellules mortes et les impuret\u00e9s inutiles de la peau afin de cr\u00e9er une texture de peau lisse.<\/li>\n<li>Effacons-le compl\u00e8tement avec des bulles de cr\u00e8me collantes ! : Une mousse dense et abondante nettoie compl\u00e8tement les impuret\u00e9s, les r\u00e9sidus de maquillage et la cr\u00e8me solaire dans les pores.<\/li>\n<\/ul>\n<h5>mode d\u2019emploi:<\/h5>\n<p>Lorsque vous vous lavez le visage, pr\u00e9levez une quantit\u00e9 appropri\u00e9e, faites mousser suffisamment d\u2019eau, frottez doucement sur tout le visage comme si vous maviez et rincez abondamment \u00e0 l\u2019eau ti\u00e8de.<\/p>\n<h5>ingr\u00e9dients:<\/h5>\n<p>Eau, glyc\u00e9rine, acide palmitique, eau de fruit de Ficus Carica (figue), acide st\u00e9arique, acide laurique, acide myristique, hydroxyde de potassium, st\u00e9arate de glyc\u00e9ryle, st\u00e9arate de PEG-100, cire d\u2019abeille synth\u00e9tique, sodium, taurate de m\u00e9thyle de cocoyle, glycinate de cocoyle de potassium, polyquaternium-7, \u00e9thylhexanediol, cocamidopropyl b\u00e9ta\u00efne, 1,2-hexanediol, caprylate de glyc\u00e9ryle, PEG-14M, EDTA disodique, chlorure de sodium, hydroxy\u00e9thylcellulose, butyl\u00e8ne glycol, extrait de fruit de Ficus Carica (figue), benzoate de sodium, fruit de Sapindus Mukorossi Extrait, Ficine, Polysorbate 60, Phosphate disodique, Phosphate de sodium, Parfum.<\/p>\n","protected":false},"excerpt":{"rendered":"<p>Description FIG-SOAP Complex, un nettoyant naturel de la nature : Les enzymes prot\u00e9olytiques de la figue Yeongam et les ingr\u00e9dients tensioactifs naturels du fruit des figues \u00e9liminent proprement le s\u00e9bum, les cellules mortes de la peau et les d\u00e9chets de la peau. Nettoyage alcalin faible pour \u00e9liminer le s\u00e9bum acide : La mousse riche et [&hellip;]<\/p>\n","protected":false},"featured_media":4181,"comment_status":"open","ping_status":"closed","template":"","meta":{"content-type":"","_uag_custom_page_level_css":""},"pwb-brand":[],"product_brand":[],"product_cat":[381,336,328,334],"product_tag":[],"class_list":{"0":"post-4182","1":"product","2":"type-product","3":"status-publish","4":"has-post-thumbnail","6":"product_cat-im-from","7":"product_cat-nettoyant","8":"product_cat-nouveautes","9":"product_cat-produits-coreens","11":"first","12":"instock","13":"sale","14":"shipping-taxable","15":"purchasable","16":"product-type-simple"},"aioseo_notices":[],"uagb_featured_image_src":{"full":["https:\/\/wavexia.com\/wp-content\/uploads\/2025\/10\/I_m_From_Fig_Foam_Cleanser_1200x1200.webp",1200,1200,false],"thumbnail":["https:\/\/wavexia.com\/wp-content\/uploads\/2025\/10\/I_m_From_Fig_Foam_Cleanser_1200x1200-150x150.webp",150,150,true],"medium":["https:\/\/wavexia.com\/wp-content\/uploads\/2025\/10\/I_m_From_Fig_Foam_Cleanser_1200x1200-300x300.webp",300,300,true],"medium_large":["https:\/\/wavexia.com\/wp-content\/uploads\/2025\/10\/I_m_From_Fig_Foam_Cleanser_1200x1200-768x768.webp",768,768,true],"large":["https:\/\/wavexia.com\/wp-content\/uploads\/2025\/10\/I_m_From_Fig_Foam_Cleanser_1200x1200-1024x1024.webp",1024,1024,true],"1536x1536":["https:\/\/wavexia.com\/wp-content\/uploads\/2025\/10\/I_m_From_Fig_Foam_Cleanser_1200x1200.webp",1200,1200,false],"2048x2048":["https:\/\/wavexia.com\/wp-content\/uploads\/2025\/10\/I_m_From_Fig_Foam_Cleanser_1200x1200.webp",1200,1200,false],"woocommerce_archive_thumbnail":["https:\/\/wavexia.com\/wp-content\/uploads\/2025\/10\/I_m_From_Fig_Foam_Cleanser_1200x1200-300x300.webp",300,300,true],"woocommerce_thumbnail":["https:\/\/wavexia.com\/wp-content\/uploads\/2025\/10\/I_m_From_Fig_Foam_Cleanser_1200x1200-300x300.webp",300,300,true],"woocommerce_single":["https:\/\/wavexia.com\/wp-content\/uploads\/2025\/10\/I_m_From_Fig_Foam_Cleanser_1200x1200-600x600.webp",600,600,true],"woocommerce_gallery_thumbnail":["https:\/\/wavexia.com\/wp-content\/uploads\/2025\/10\/I_m_From_Fig_Foam_Cleanser_1200x1200-100x100.webp",100,100,true]},"uagb_author_info":{"display_name":"zineddine.ayoub98@gmail.com","author_link":"https:\/\/wavexia.com\/?author=0"},"uagb_comment_info":0,"uagb_excerpt":"Description FIG-SOAP Complex, un nettoyant naturel de la nature : Les enzymes prot\u00e9olytiques de la figue Yeongam et les ingr\u00e9dients tensioactifs naturels du fruit des figues \u00e9liminent proprement le s\u00e9bum, les cellules mortes de la peau et les d\u00e9chets de la peau. Nettoyage alcalin faible pour \u00e9liminer le s\u00e9bum acide : La mousse riche et&hellip;","brands":[],"_links":{"self":[{"href":"https:\/\/wavexia.com\/index.php?rest_route=\/wp\/v2\/product\/4182","targetHints":{"allow":["GET"]}}],"collection":[{"href":"https:\/\/wavexia.com\/index.php?rest_route=\/wp\/v2\/product"}],"about":[{"href":"https:\/\/wavexia.com\/index.php?rest_route=\/wp\/v2\/types\/product"}],"replies":[{"embeddable":true,"href":"https:\/\/wavexia.com\/index.php?rest_route=%2Fwp%2Fv2%2Fcomments&post=4182"}],"wp:featuredmedia":[{"embeddable":true,"href":"https:\/\/wavexia.com\/index.php?rest_route=\/wp\/v2\/media\/4181"}],"wp:attachment":[{"href":"https:\/\/wavexia.com\/index.php?rest_route=%2Fwp%2Fv2%2Fmedia&parent=4182"}],"wp:term":[{"taxonomy":"pwb-brand","embeddable":true,"href":"https:\/\/wavexia.com\/index.php?rest_route=%2Fwp%2Fv2%2Fpwb-brand&post=4182"},{"taxonomy":"product_brand","embeddable":true,"href":"https:\/\/wavexia.com\/index.php?rest_route=%2Fwp%2Fv2%2Fproduct_brand&post=4182"},{"taxonomy":"product_cat","embeddable":true,"href":"https:\/\/wavexia.com\/index.php?rest_route=%2Fwp%2Fv2%2Fproduct_cat&post=4182"},{"taxonomy":"product_tag","embeddable":true,"href":"https:\/\/wavexia.com\/index.php?rest_route=%2Fwp%2Fv2%2Fproduct_tag&post=4182"}],"curies":[{"name":"wp","href":"https:\/\/api.w.org\/{rel}","templated":true}]}}