{"id":4172,"date":"2025-10-19T09:02:41","date_gmt":"2025-10-19T09:02:41","guid":{"rendered":"https:\/\/wavexia.com\/product\/dr-althea-natural-radiance-essence-30ml\/"},"modified":"2026-03-10T07:31:00","modified_gmt":"2026-03-10T07:31:00","slug":"dr-althea-natural-radiance-essence-30ml","status":"publish","type":"product","link":"https:\/\/wavexia.com\/?product=dr-althea-natural-radiance-essence-30ml","title":{"rendered":"Dr. Althea Natural Radiance Essence 30ml"},"content":{"rendered":"<h2>Description<\/h2>\n<p>L\u2019essence \u00c9clat Naturel Dr. Althea est une essence de type ampoule qui illumine et revitalise les peaux ternes. Formul\u00e9e avec 85 % d\u2019extrait de prune de Kakadu (qui contient 150 fois plus de vitamine C qu\u2019un citron !), cette essence agit pour uniformiser les taches brunes sur la peau et r\u00e9duire toute hyperpigmentation. Des c\u00e9ramides, de l\u2019acide hyaluronique et de la Centella Asiatica sont \u00e9galement inclus pour aider \u00e0 apaiser la peau.<\/p>\n<p><strong>Mode d\u2019emploi :<\/strong><\/p>\n<ul>\n<li>Apr\u00e8s le nettoyage et la tonification,<\/li>\n<li>Prenez une quantit\u00e9 appropri\u00e9e.<\/li>\n<li>Massez doucement sur la peau en suivant la texture de la peau.<\/li>\n<\/ul>\n<p><strong>Ingr\u00e9dients:<\/strong><\/p>\n<p><span>Eau, butyl\u00e8ne glycol, glyc\u00e9rine, 1,2-hexanediol, extrait de fruit de Terminalia Ferdinandiana, niacinamide, benzylglycol, panth\u00e9nol, acryloyldim\u00e9thyltaurate d\u2019ammonium\/copolym\u00e8re VP, \u00e9thylhexylglyc\u00e9rine, propanediol, hyaluronate de sodium, polyglyc\u00e9ryl-10 laurerate, carbom\u00e8re, arginine, glycyrrhizate dipotassique, lysat de ferment de lactocoque, lysat de ferment de lactobacille, lysat de ferment de bifida, EDTA disodique, huile d\u2019\u00e9corce de Citrus Grandis (pamplemousse), copolym\u00e8re d\u2019acrylate de glyc\u00e9ryle\/acide acrylique, squalane, hydrolys\u00e9 Glycosaminoglycanes, polym\u00e8re crois\u00e9 d\u2019hyaluronate de sodium, glutathion, acide hyaluronique hydrolys\u00e9, hyaluronate d\u2019hydroxypropyltrimonium, acide hyaluronique, hyaluronate ac\u00e9tyl\u00e9 de sodium, limon\u00e8ne<\/span><\/p>\n","protected":false},"excerpt":{"rendered":"<p>Description L\u2019essence \u00c9clat Naturel Dr. Althea est une essence de type ampoule qui illumine et revitalise les peaux ternes. Formul\u00e9e avec 85 % d\u2019extrait de prune de Kakadu (qui contient 150 fois plus de vitamine C qu\u2019un citron !), cette essence agit pour uniformiser les taches brunes sur la peau et r\u00e9duire toute hyperpigmentation. Des [&hellip;]<\/p>\n","protected":false},"featured_media":4171,"comment_status":"open","ping_status":"closed","template":"","meta":{"content-type":"","_uag_custom_page_level_css":""},"pwb-brand":[],"product_brand":[],"product_cat":[366,371,327,334,338],"product_tag":[],"class_list":{"0":"post-4172","1":"product","2":"type-product","3":"status-publish","4":"has-post-thumbnail","6":"product_cat-dr-althea","7":"product_cat-essence","8":"product_cat-hmizat","9":"product_cat-produits-coreens","10":"product_cat-serum-ampoule","12":"first","13":"instock","14":"sale","15":"shipping-taxable","16":"purchasable","17":"product-type-simple"},"aioseo_notices":[],"uagb_featured_image_src":{"full":["https:\/\/wavexia.com\/wp-content\/uploads\/2025\/10\/Product-page-sizes_b9eb8183-c50b-469e-b0b9-e391712e5859_grande.webp",600,600,false],"thumbnail":["https:\/\/wavexia.com\/wp-content\/uploads\/2025\/10\/Product-page-sizes_b9eb8183-c50b-469e-b0b9-e391712e5859_grande-150x150.webp",150,150,true],"medium":["https:\/\/wavexia.com\/wp-content\/uploads\/2025\/10\/Product-page-sizes_b9eb8183-c50b-469e-b0b9-e391712e5859_grande-300x300.webp",300,300,true],"medium_large":["https:\/\/wavexia.com\/wp-content\/uploads\/2025\/10\/Product-page-sizes_b9eb8183-c50b-469e-b0b9-e391712e5859_grande.webp",600,600,false],"large":["https:\/\/wavexia.com\/wp-content\/uploads\/2025\/10\/Product-page-sizes_b9eb8183-c50b-469e-b0b9-e391712e5859_grande.webp",600,600,false],"1536x1536":["https:\/\/wavexia.com\/wp-content\/uploads\/2025\/10\/Product-page-sizes_b9eb8183-c50b-469e-b0b9-e391712e5859_grande.webp",600,600,false],"2048x2048":["https:\/\/wavexia.com\/wp-content\/uploads\/2025\/10\/Product-page-sizes_b9eb8183-c50b-469e-b0b9-e391712e5859_grande.webp",600,600,false],"woocommerce_archive_thumbnail":["https:\/\/wavexia.com\/wp-content\/uploads\/2025\/10\/Product-page-sizes_b9eb8183-c50b-469e-b0b9-e391712e5859_grande-300x300.webp",300,300,true],"woocommerce_thumbnail":["https:\/\/wavexia.com\/wp-content\/uploads\/2025\/10\/Product-page-sizes_b9eb8183-c50b-469e-b0b9-e391712e5859_grande-300x300.webp",300,300,true],"woocommerce_single":["https:\/\/wavexia.com\/wp-content\/uploads\/2025\/10\/Product-page-sizes_b9eb8183-c50b-469e-b0b9-e391712e5859_grande.webp",600,600,false],"woocommerce_gallery_thumbnail":["https:\/\/wavexia.com\/wp-content\/uploads\/2025\/10\/Product-page-sizes_b9eb8183-c50b-469e-b0b9-e391712e5859_grande-100x100.webp",100,100,true]},"uagb_author_info":{"display_name":"zineddine.ayoub98@gmail.com","author_link":"https:\/\/wavexia.com\/?author=0"},"uagb_comment_info":0,"uagb_excerpt":"Description L\u2019essence \u00c9clat Naturel Dr. Althea est une essence de type ampoule qui illumine et revitalise les peaux ternes. Formul\u00e9e avec 85 % d\u2019extrait de prune de Kakadu (qui contient 150 fois plus de vitamine C qu\u2019un citron !), cette essence agit pour uniformiser les taches brunes sur la peau et r\u00e9duire toute hyperpigmentation. Des&hellip;","brands":[],"_links":{"self":[{"href":"https:\/\/wavexia.com\/index.php?rest_route=\/wp\/v2\/product\/4172","targetHints":{"allow":["GET"]}}],"collection":[{"href":"https:\/\/wavexia.com\/index.php?rest_route=\/wp\/v2\/product"}],"about":[{"href":"https:\/\/wavexia.com\/index.php?rest_route=\/wp\/v2\/types\/product"}],"replies":[{"embeddable":true,"href":"https:\/\/wavexia.com\/index.php?rest_route=%2Fwp%2Fv2%2Fcomments&post=4172"}],"wp:featuredmedia":[{"embeddable":true,"href":"https:\/\/wavexia.com\/index.php?rest_route=\/wp\/v2\/media\/4171"}],"wp:attachment":[{"href":"https:\/\/wavexia.com\/index.php?rest_route=%2Fwp%2Fv2%2Fmedia&parent=4172"}],"wp:term":[{"taxonomy":"pwb-brand","embeddable":true,"href":"https:\/\/wavexia.com\/index.php?rest_route=%2Fwp%2Fv2%2Fpwb-brand&post=4172"},{"taxonomy":"product_brand","embeddable":true,"href":"https:\/\/wavexia.com\/index.php?rest_route=%2Fwp%2Fv2%2Fproduct_brand&post=4172"},{"taxonomy":"product_cat","embeddable":true,"href":"https:\/\/wavexia.com\/index.php?rest_route=%2Fwp%2Fv2%2Fproduct_cat&post=4172"},{"taxonomy":"product_tag","embeddable":true,"href":"https:\/\/wavexia.com\/index.php?rest_route=%2Fwp%2Fv2%2Fproduct_tag&post=4172"}],"curies":[{"name":"wp","href":"https:\/\/api.w.org\/{rel}","templated":true}]}}